{"id":48,"date":"2016-11-15T03:29:59","date_gmt":"2016-11-15T03:29:59","guid":{"rendered":"http:\/\/blog.espol.edu.ec\/jicornej\/?page_id=48"},"modified":"2016-11-15T03:35:00","modified_gmt":"2016-11-15T03:35:00","slug":"the-beatles","status":"publish","type":"page","link":"https:\/\/blog.espol.edu.ec\/jicornej\/the-beatles\/","title":{"rendered":"The beatles."},"content":{"rendered":"<p>Como todo el mundo sabe, la historia de The Beatles\u00a0comienza en Liverpool, una ciudad portuaria e industrial del centro de Londres, con un intenso tr\u00e1fico mar\u00edtimo hacia los puertos estadounidenses y europeos.<br \/>\nJohn Lennon\u00a0y Richard Starkey (Ringo Starr) nacieron en 1940, Paul McCartney en 1942 y George Harrison en 1943. La vida de todos ellos fue la de chicos de barrio de clase media baja. La infancia m\u00e1s turbulenta fue la de Lennon, cuyo padre abandon\u00f3 a su madre quien, a su vez, muri\u00f3 atropellada por un polic\u00eda borracho. Por el contrario el papel opuesto lo tuvo McCartney, que naci\u00f3 en una familia m\u00e1s \"normal\" en la que recibi\u00f3 sus primeras nociones de m\u00fasica.<\/p>\n<p><img decoding=\"async\" class=\"imagen\" title=\"the beatles hisoria corta\" src=\"https:\/\/ugc.kn3.net\/i\/origin\/http:\/\/www.lukor.com\/musica\/recursos\/artistas-beatles_jovenes.jpg\" alt=\"the beatles hisoria corta\" border=\"0\" \/><\/p>\n<p>Los inicios de The Beatles arrancan desde las primeras fiestas estudiantiles y actuaciones en salones parroquiales y ceremonias familiares con distintas formaciones y nombres como The Quarrymen. El grupo se profesionaliza cuando embarcan hacia Hamburgo John, Paul y George (los tres con guitarras) m\u00e1s Stuart Stuclife al bajo y Pete Best a la bater\u00eda. Es en Hamburgo donde realmente se pule el grupo en noches interminables tocando a todo volumen en bares de mala muerte.<\/p>\n<div class=\"teads-inread\"><\/div>\n<p>De vuelta a Liverpool (en Hamburgo se dejaron a Stuclife) comienzan a tocar regularmente en The cavern un pub de baile con m\u00fasica en vivo a diario. Este pub, hoy demolido, es el verdadero punto de arranque de la leyenda. En una de estas actuaciones son vistos por Brian Epstein, un comerciante que dirig\u00eda una tienda de discos, quien les consigue una sesi\u00f3n con George Martin, un productor de la EMI dedicado a buscar nuevos talentos. En las audiciones, Martin decidi\u00f3 que no le gustaba c\u00f3mo tocaba Pete Best y el resto del grupo decidi\u00f3 darle esquinazo con tal de grabar el disco y metieron a Ringo Starr. En septiembre de 1962 se graba Love me do que obtiene un aceptable \u00e9xito y llega al Top20 de singles, lo que les abre el camino para iniciar una exitosa gira nacional. Ya en 1963, Please, please me llega al n\u00famero uno en Inglaterra y la fama de The Beatles empieza a crecer desmesuradamente.<\/p>\n<p>A mediados de 1963 sale su primer LP Please, please me que tiene un \u00e9xito arrollador y a partir de aqu\u00ed inician una carreara imparable de \u00e9xitos. Con la gira por los Estados Unidos, su fama ya se hace mundial y alcanzan el m\u00e1ximo reconocimiento cuando la reina de Inglaterra les nombra caballeros del Imperio (entre las protestas de otras viejas glorias) y cuando son elegidos para inaugurar con All you need is love el primer canal internacional de televisi\u00f3n.<\/p>\n<p><img decoding=\"async\" class=\"imagen\" title=\"beatles\" src=\"https:\/\/ugc.kn3.net\/i\/origin\/http:\/\/www.lukor.com\/musica\/recursos\/artistas-beatles_logo.gif\" alt=\"beatles\" border=\"0\" \/><\/p>\n<p>Sin embargo, agotados por las giras, las presentaciones, las intervenciones p\u00fablicas, los homenajes, etc., The Beatles abandonan los conciertos en vivo a partir de 1966 (sus canciones tambi\u00e9n se hab\u00edan hecho demasiado comlejas para ser interpretadas en directo) y se dedican a hacer discos.<\/p>\n<p>A partir de 1968, las relaciones entre Lennon y McCartney empiezan a tensarse. No creo que se deba s\u00f3lo a la aparici\u00f3n de Yoko Ono o a las pretensiones empresariales de McCartney y su entorno; seguramente ser\u00eda todo eso y muchas m\u00e1s cosas y, fundamentalmente, al hecho de que adem\u00e1s de ser unos genios, tendr\u00edan que haber sido unas personas perfectas para aguantarse quince a\u00f1os sin pelearse, siendo tan distintos como eran. Desde 1969, el grupo deja de existir como tal. Se graba la pel\u00edcula\/documental Let it be y mientras se realiza el proceso de producci\u00f3n y montaje del LP y de la pel\u00edcula, graban un \u00faltimo disco, Abbey road en el que recogen sus \u00faltimas canciones, temas inacabados y una especie de mix de restos. Esto es lo \u00faltimo que hacen. Cuando salen el disco y la pel\u00edcula Let it be en 1970, el gupo ya no existe.<\/p>\n<p>El grupo, por otra parte, nunca se volvi\u00f3 a reunir ni lo volver\u00e1 a hacer por la tr\u00e1gica muerte de John Lennon, asesinado en 1980 en Nueva York. La tecnolog\u00eda ha hecho posible que todav\u00eda se publiquen temas in\u00e9ditos con la voz de Lennon y otros experimentos pero, claro, ya no es lo mismo.<\/p>\n<form id=\"vozme_form_bc7f9e537dad72b5ae0d4c175de643ff\" method=\"post\" name=\"vozme_form_bc7f9e537dad72b5ae0d4c175de643ff\" target=\"bc7f9e537dad72b5ae0d4c175de643ff\" action=\"http:\/\/vozme.com\/text2voice.php\"><input name=\"text\" type=\"hidden\" value=\"The beatles.. Como todo el mundo sabe, la historia de The Beatles\u00a0comienza en Liverpool, una ciudad portuaria e industrial del centro de Londres, con un intenso tr\u00e1fico mar\u00edtimo hacia los puertos estadounidenses y europeos.\nJohn Lennon\u00a0y Richard Starkey (Ringo Starr) nacieron en 1940, Paul McCartney en 1942 y George Harrison en 1943. La vida de todos ellos fue la de chicos de barrio de clase media baja. La infancia m\u00e1s turbulenta fue la de Lennon, cuyo padre abandon\u00f3 a su madre quien, a su vez, muri\u00f3 atropellada por un polic\u00eda borracho. Por el contrario el papel opuesto lo tuvo McCartney, que naci\u00f3 en una familia m\u00e1s &quot;normal&quot; en la que recibi\u00f3 sus primeras nociones de m\u00fasica.\n\nLos inicios de The Beatles arrancan desde las primeras fiestas estudiantiles y actuaciones en salones parroquiales y ceremonias familiares con distintas formaciones y nombres como The Quarrymen. El grupo se profesionaliza cuando embarcan hacia Hamburgo John, Paul y George (los tres con guitarras) m\u00e1s Stuart Stuclife al bajo y Pete Best a la bater\u00eda. Es en Hamburgo donde realmente se pule el grupo en noches interminables tocando a todo volumen en bares de mala muerte.\n\nDe vuelta a Liverpool (en Hamburgo se dejaron a Stuclife) comienzan a tocar regularmente en The cavern un pub de baile con m\u00fasica en vivo a diario. Este pub, hoy demolido, es el verdadero punto de arranque de la leyenda. En una de estas actuaciones son vistos por Brian Epstein, un comerciante que dirig\u00eda una tienda de discos, quien les consigue una sesi\u00f3n con George Martin, un productor de la EMI dedicado a buscar nuevos talentos. En las audiciones, Martin decidi\u00f3 que no le gustaba c\u00f3mo tocaba Pete Best y el resto del grupo decidi\u00f3 darle esquinazo con tal de grabar el disco y metieron a Ringo Starr. En septiembre de 1962 se graba Love me do que obtiene un aceptable \u00e9xito y llega al Top20 de singles, lo que les abre el camino para iniciar una exitosa gira nacional. Ya en 1963, Please, please me llega al n\u00famero uno en Inglaterra y la fama de The Beatles empieza a crecer desmesuradamente.\nA mediados de 1963 sale su primer LP Please, please me que tiene un \u00e9xito arrollador y a partir de aqu\u00ed inician una carreara imparable de \u00e9xitos. Con la gira por los Estados Unidos, su fama ya se hace mundial y alcanzan el m\u00e1ximo reconocimiento cuando la reina de Inglaterra les nombra caballeros del Imperio (entre las protestas de otras viejas glorias) y cuando son elegidos para inaugurar con All you need is love el primer canal internacional de televisi\u00f3n.\n\nSin embargo, agotados por las giras, las presentaciones, las intervenciones p\u00fablicas, los homenajes, etc., The Beatles abandonan los conciertos en vivo a partir de 1966 (sus canciones tambi\u00e9n se hab\u00edan hecho demasiado comlejas para ser interpretadas en directo) y se dedican a hacer discos.\nA partir de 1968, las relaciones entre Lennon y McCartney empiezan a tensarse. No creo que se deba s\u00f3lo a la aparici\u00f3n de Yoko Ono o a las pretensiones empresariales de McCartney y su entorno; seguramente ser\u00eda todo eso y muchas m\u00e1s cosas y, fundamentalmente, al hecho de que adem\u00e1s de ser unos genios, tendr\u00edan que haber sido unas personas perfectas para aguantarse quince a\u00f1os sin pelearse, siendo tan distintos como eran. Desde 1969, el grupo deja de existir como tal. Se graba la pel\u00edcula\/documental Let it be y mientras se realiza el proceso de producci\u00f3n y montaje del LP y de la pel\u00edcula, graban un \u00faltimo disco, Abbey road en el que recogen sus \u00faltimas canciones, temas inacabados y una especie de mix de restos. Esto es lo \u00faltimo que hacen. Cuando salen el disco y la pel\u00edcula Let it be en 1970, el gupo ya no existe.\nEl grupo, por otra parte, nunca se volvi\u00f3 a reunir ni lo volver\u00e1 a hacer por la tr\u00e1gica muerte de John Lennon, asesinado en 1980 en Nueva York. La tecnolog\u00eda ha hecho posible que todav\u00eda se publiquen temas in\u00e9ditos con la voz de Lennon y otros experimentos pero, claro, ya no es lo mismo.\n\" \/><input name=\"lang\" type=\"hidden\" value=\"es\" \/><input name=\"gn\" type=\"hidden\" value=\"fm\" \/><input type=\"hidden\" id=\"interface\" name=\"interface\" value=\"full\" \/>\n\t\t\t<div style=\"margin-left:40%;\">\n\t\t\t\n\t\t\t\t<input style=\"float:left;\" type=\"image\" width=\"40\" height=\"40\" src=\"http:\/\/blog.espol.edu.ec\/jicornej\/wp-content\/plugins\/vozme\/img\/megaphone40x40w.gif\" alt=\"Escucha este post\" onclick=\"window.open('', 'bc7f9e537dad72b5ae0d4c175de643ff', 'width=600,height=370,scrollbars=yes,location=yes,menubar=yes,resizable=yes,status=yes,toolbar=yes');\">\n\t\t\t\t<div style=\"margin-left:48px; text-align:left;\"><a style=\"font-size:12px;\" href=\"javascript:void(0);\" onclick=\"window.open('', 'bc7f9e537dad72b5ae0d4c175de643ff', 'width=600,height=370,scrollbars=yes,location=yes,menubar=yes,resizable=yes,status=yes,toolbar=yes'); document.getElementById('vozme_form_bc7f9e537dad72b5ae0d4c175de643ff').submit();\">Escucha<br\/>este post<\/a><\/div>\n\t\t\t<\/div><\/form>","protected":false},"excerpt":{"rendered":"<p>Como todo el mundo sabe, la historia de The Beatles\u00a0comienza en Liverpool, una ciudad portuaria e industrial del centro de Londres, con un intenso tr\u00e1fico mar\u00edtimo hacia los puertos estadounidenses y europeos. John Lennon\u00a0y Richard Starkey (Ringo Starr) nacieron en &hellip; <a href=\"https:\/\/blog.espol.edu.ec\/jicornej\/the-beatles\/\">Sigue leyendo <span class=\"meta-nav\">&rarr;<\/span><\/a><\/p>\n","protected":false},"author":10716,"featured_media":0,"parent":0,"menu_order":0,"comment_status":"closed","ping_status":"closed","template":"","meta":{"footnotes":""},"class_list":["post-48","page","type-page","status-publish","hentry"],"_links":{"self":[{"href":"https:\/\/blog.espol.edu.ec\/jicornej\/wp-json\/wp\/v2\/pages\/48","targetHints":{"allow":["GET"]}}],"collection":[{"href":"https:\/\/blog.espol.edu.ec\/jicornej\/wp-json\/wp\/v2\/pages"}],"about":[{"href":"https:\/\/blog.espol.edu.ec\/jicornej\/wp-json\/wp\/v2\/types\/page"}],"author":[{"embeddable":true,"href":"https:\/\/blog.espol.edu.ec\/jicornej\/wp-json\/wp\/v2\/users\/10716"}],"replies":[{"embeddable":true,"href":"https:\/\/blog.espol.edu.ec\/jicornej\/wp-json\/wp\/v2\/comments?post=48"}],"version-history":[{"count":1,"href":"https:\/\/blog.espol.edu.ec\/jicornej\/wp-json\/wp\/v2\/pages\/48\/revisions"}],"predecessor-version":[{"id":71,"href":"https:\/\/blog.espol.edu.ec\/jicornej\/wp-json\/wp\/v2\/pages\/48\/revisions\/71"}],"wp:attachment":[{"href":"https:\/\/blog.espol.edu.ec\/jicornej\/wp-json\/wp\/v2\/media?parent=48"}],"curies":[{"name":"wp","href":"https:\/\/api.w.org\/{rel}","templated":true}]}}