{"id":72,"date":"2016-11-15T04:15:33","date_gmt":"2016-11-15T04:15:33","guid":{"rendered":"http:\/\/blog.espol.edu.ec\/jicornej\/?page_id=72"},"modified":"2016-11-15T15:59:27","modified_gmt":"2016-11-15T20:59:27","slug":"queen","status":"publish","type":"page","link":"https:\/\/blog.espol.edu.ec\/jicornej\/queen\/","title":{"rendered":"Queen."},"content":{"rendered":"<p class=\"biog\">Banda de rock brit\u00e1nica formada por Freddie Mercury (voz), Brian May (guitarra), Roger Taylor (bater\u00eda) y John Deacon (bajo). El grupo goz\u00f3 de gran fama a finales de los setenta y durante toda la d\u00e9cada de los ochenta, y sus discos fueron superventas incluso despu\u00e9s del fallecimiento en 1991 de Freddie Mercury, v\u00edctima del SIDA.<\/p>\n<p class=\"biog\">Sus or\u00edgenes se remontan al inicio de los sesenta, cuando el joven guitarrista Brian Harold May (nacido en 1947) comenz\u00f3 a tocar en un grupo semiprofesional llamado 1984. Brian, experto conocedor de varios instrumentos de cuerda, dise\u00f1aba incluso sus propias guitarras, conocidas posteriormente como el modelo May.<\/p>\n<p class=\"piefotos\" align=\"right\"><img loading=\"lazy\" decoding=\"async\" src=\"http:\/\/www.biografiasyvidas.com\/biografia\/q\/fotos\/queen.jpg\" width=\"340\" height=\"313\" \/><br \/>\nQueen<\/p>\n<p class=\"biog\">Brian May pas\u00f3 despu\u00e9s a formar parte de otra banda<i>,<\/i> llamada Smile, con la que edit\u00f3 un single. Inesperadamente, Tim Stafell, el cantante de la banda, abandon\u00f3 el grupo; para buscar su sustituto, los miembros de Smile decidieron hacer una prueba al cantante de Sour Milk Sea, que no era otro que Freddie Mercury, y fue r\u00e1pidamente admitido.<\/p>\n<p class=\"biog\">Por aquel entonces Freddie Mercury ya estaba acostumbrado a aparecer en p\u00fablico y sobre el escenario con vestimentas llamativas y atrevidas. Freddie contaba con una prodigiosa voz y sobrados conocimientos de piano. A esto se uni\u00f3 una base r\u00edtmica firmada por John Richard Deacon (nacido en 1951) al bajo y la bater\u00eda de Roger Meadows Taylor (nacido en 1949).<\/p>\n<p class=\"biog\">El grupo comenz\u00f3 a grabar maquetas y la compa\u00f1\u00eda discogr\u00e1fica EMI, despu\u00e9s de verlos actuar en el Marquee de Londres, se interes\u00f3 por ellos. Ya en 1973, Queen se encerr\u00f3 por primera vez en los Trident Studios de Londres para grabar, bajo la supervisi\u00f3n de Roy Thomas Baker en los controles, su primer trabajo, <i>Queen I<\/i>, demostraci\u00f3n de un rock agresivo, con el sonido que en adelante caracterizar\u00eda a la banda. Le sigui\u00f3, a principios de 1974, <i>Queen II<\/i>, en plena evoluci\u00f3n y b\u00fasqueda de madurez.<\/p>\n<p class=\"biog\"><i>A Sheer heart attack<\/i>, de 1974, fue para muchos un \u00e1lbum de transici\u00f3n. Inclu\u00eda temas como <i>Brighton rock<\/i> o <i>Now I\u00b4m here<\/i>. El siguiente, <i>A night at the opera<\/i>, ser\u00eda el disco que llevar\u00eda al estrellato a Queen. En 1975, el single de lanzamiento <i>Bohemian Rhapsody<\/i> fue un \u00e9xito mundial. La diferencia m\u00e1s notable respecto a trabajos anteriores radica en la intervenci\u00f3n de todos los integrantes del grupo en la composici\u00f3n de los temas que integran el \u00e1lbum, que anteriormente estaba en manos de May y Mercury.<\/p>\n<p class=\"biog\">Al a\u00f1o siguiente editaron otro elep\u00e9 que fue la continuaci\u00f3n del \u00e9xito anterior: <i>A day at the races<\/i>. En <i>News of the World<\/i> (1977), en cambio, se aprecian nuevos elementos; la capacidad compositora de cada uno de los componentes lleg\u00f3 a su punto \u00e1lgido en canciones como <i>We are the champions<\/i>, que ser\u00eda en adelante un tema imprescindible en todos los conciertos de la banda.<\/p>\n<p>&nbsp;<\/p>\n<p class=\"biog\">El \u00e1lbum <i>Jazz<\/i> (1978) vino a iniciar una \u00e9poca de transici\u00f3n en la que las giras vinieron a salvar el grupo de lo que parec\u00eda una crisis creativa. En 1979 se edit\u00f3 el directo llamado <i>Live killers<\/i>. La marcha de Roy Thomas Baker de los controles contribuy\u00f3 en 1980 a que prosiguiese la evoluci\u00f3n del grupo, tal como se evidencia en <i>The game<\/i> (1980). Ese mismo a\u00f1o Queen tuvo su primera experiencia en el cine, componiendo la banda sonora de <i>Flash Gordon<\/i> de Dino de Laurentis.<\/p>\n<p class=\"biog\">Tras el recopilatorio de 1981, se edit\u00f3 <i>Hot space<\/i>, en el que compartieron el tema Under Pressure con David Bowie; el \u00e1lbum fue criticado por sus m\u00e1s ac\u00e9rrimos seguidores. Tres a\u00f1os m\u00e1s tarde, en 1984, se edit\u00f3 <i>The works<\/i>, el disco que devolver\u00eda al grupo la popularidad perdida. El \u00e9xito comercial volvi\u00f3 de la mano del elep\u00e9 <i>A kind of magic<\/i>, que contiene el c\u00e9lebre tema <i>Who wants to live forever<\/i>. El \u00e1lbum se utiliz\u00f3 en las bandas sonoras de las pel\u00edculas <i>Iron Eagle<\/i> y <i>Los inmortales<\/i>. Despu\u00e9s de una macrogira saldr\u00eda el directo <i>Live Magic<\/i>, y el grupo decidi\u00f3 tomarse un respiro.<\/p>\n<p class=\"biog\">En 1989 se lanz\u00f3 <i>The miracle<\/i>. El \u00faltimo elep\u00e9 en estudio editado con anterioridad al fallecimiento de Mercury llev\u00f3 el t\u00edtulo de <i>Innuendo<\/i>. Tras la muerte de Freddie, Brian May comenz\u00f3 a editar en solitario, y en noviembre de 1995 se public\u00f3 su \u00e1lbum <i>Made in Heaven<\/i>, grabado en los estudios de Montreaux, en cuyas proximidades resid\u00eda el l\u00edder del grupo en sus momentos de descanso.<\/p>\n<p class=\"biog\">En 2002, May y Taylor proyectaron la puesta en marcha del musical <i>We will rock you<\/i>, un espect\u00e1culo para trasladar a los escenarios de medio mundo los temas m\u00e1s populares del grupo. Por otro lado, May anunci\u00f3 en diciembre de 2004 que la banda se embarcar\u00eda durante 2005 en una gira mundial en la que el lugar de Mercury ser\u00eda ocupado por Paul Rodgers, el que fuera cantante de Bad Company (antes se hab\u00edan barajado otros nombres, como George Michael).<\/p>\n<form id=\"vozme_form_e05d4539fa173c39b7cce1d5b64c2c46\" method=\"post\" name=\"vozme_form_e05d4539fa173c39b7cce1d5b64c2c46\" target=\"e05d4539fa173c39b7cce1d5b64c2c46\" action=\"http:\/\/vozme.com\/text2voice.php\"><input name=\"text\" type=\"hidden\" value=\"Queen.. Banda de rock brit\u00e1nica formada por Freddie Mercury (voz), Brian May (guitarra), Roger Taylor (bater\u00eda) y John Deacon (bajo). El grupo goz\u00f3 de gran fama a finales de los setenta y durante toda la d\u00e9cada de los ochenta, y sus discos fueron superventas incluso despu\u00e9s del fallecimiento en 1991 de Freddie Mercury, v\u00edctima del SIDA.\nSus or\u00edgenes se remontan al inicio de los sesenta, cuando el joven guitarrista Brian Harold May (nacido en 1947) comenz\u00f3 a tocar en un grupo semiprofesional llamado 1984. Brian, experto conocedor de varios instrumentos de cuerda, dise\u00f1aba incluso sus propias guitarras, conocidas posteriormente como el modelo May.\n\nQueen\nBrian May pas\u00f3 despu\u00e9s a formar parte de otra banda, llamada Smile, con la que edit\u00f3 un single. Inesperadamente, Tim Stafell, el cantante de la banda, abandon\u00f3 el grupo; para buscar su sustituto, los miembros de Smile decidieron hacer una prueba al cantante de Sour Milk Sea, que no era otro que Freddie Mercury, y fue r\u00e1pidamente admitido.\nPor aquel entonces Freddie Mercury ya estaba acostumbrado a aparecer en p\u00fablico y sobre el escenario con vestimentas llamativas y atrevidas. Freddie contaba con una prodigiosa voz y sobrados conocimientos de piano. A esto se uni\u00f3 una base r\u00edtmica firmada por John Richard Deacon (nacido en 1951) al bajo y la bater\u00eda de Roger Meadows Taylor (nacido en 1949).\nEl grupo comenz\u00f3 a grabar maquetas y la compa\u00f1\u00eda discogr\u00e1fica EMI, despu\u00e9s de verlos actuar en el Marquee de Londres, se interes\u00f3 por ellos. Ya en 1973, Queen se encerr\u00f3 por primera vez en los Trident Studios de Londres para grabar, bajo la supervisi\u00f3n de Roy Thomas Baker en los controles, su primer trabajo, Queen I, demostraci\u00f3n de un rock agresivo, con el sonido que en adelante caracterizar\u00eda a la banda. Le sigui\u00f3, a principios de 1974, Queen II, en plena evoluci\u00f3n y b\u00fasqueda de madurez.\nA Sheer heart attack, de 1974, fue para muchos un \u00e1lbum de transici\u00f3n. Inclu\u00eda temas como Brighton rock o Now I\u00b4m here. El siguiente, A night at the opera, ser\u00eda el disco que llevar\u00eda al estrellato a Queen. En 1975, el single de lanzamiento Bohemian Rhapsody fue un \u00e9xito mundial. La diferencia m\u00e1s notable respecto a trabajos anteriores radica en la intervenci\u00f3n de todos los integrantes del grupo en la composici\u00f3n de los temas que integran el \u00e1lbum, que anteriormente estaba en manos de May y Mercury.\nAl a\u00f1o siguiente editaron otro elep\u00e9 que fue la continuaci\u00f3n del \u00e9xito anterior: A day at the races. En News of the World (1977), en cambio, se aprecian nuevos elementos; la capacidad compositora de cada uno de los componentes lleg\u00f3 a su punto \u00e1lgido en canciones como We are the champions, que ser\u00eda en adelante un tema imprescindible en todos los conciertos de la banda.\n&nbsp;\nEl \u00e1lbum Jazz (1978) vino a iniciar una \u00e9poca de transici\u00f3n en la que las giras vinieron a salvar el grupo de lo que parec\u00eda una crisis creativa. En 1979 se edit\u00f3 el directo llamado Live killers. La marcha de Roy Thomas Baker de los controles contribuy\u00f3 en 1980 a que prosiguiese la evoluci\u00f3n del grupo, tal como se evidencia en The game (1980). Ese mismo a\u00f1o Queen tuvo su primera experiencia en el cine, componiendo la banda sonora de Flash Gordon de Dino de Laurentis.\nTras el recopilatorio de 1981, se edit\u00f3 Hot space, en el que compartieron el tema Under Pressure con David Bowie; el \u00e1lbum fue criticado por sus m\u00e1s ac\u00e9rrimos seguidores. Tres a\u00f1os m\u00e1s tarde, en 1984, se edit\u00f3 The works, el disco que devolver\u00eda al grupo la popularidad perdida. El \u00e9xito comercial volvi\u00f3 de la mano del elep\u00e9 A kind of magic, que contiene el c\u00e9lebre tema Who wants to live forever. El \u00e1lbum se utiliz\u00f3 en las bandas sonoras de las pel\u00edculas Iron Eagle y Los inmortales. Despu\u00e9s de una macrogira saldr\u00eda el directo Live Magic, y el grupo decidi\u00f3 tomarse un respiro.\nEn 1989 se lanz\u00f3 The miracle. El \u00faltimo elep\u00e9 en estudio editado con anterioridad al fallecimiento de Mercury llev\u00f3 el t\u00edtulo de Innuendo. Tras la muerte de Freddie, Brian May comenz\u00f3 a editar en solitario, y en noviembre de 1995 se public\u00f3 su \u00e1lbum Made in Heaven, grabado en los estudios de Montreaux, en cuyas proximidades resid\u00eda el l\u00edder del grupo en sus momentos de descanso.\nEn 2002, May y Taylor proyectaron la puesta en marcha del musical We will rock you, un espect\u00e1culo para trasladar a los escenarios de medio mundo los temas m\u00e1s populares del grupo. Por otro lado, May anunci\u00f3 en diciembre de 2004 que la banda se embarcar\u00eda durante 2005 en una gira mundial en la que el lugar de Mercury ser\u00eda ocupado por Paul Rodgers, el que fuera cantante de Bad Company (antes se hab\u00edan barajado otros nombres, como George Michael).\n\" \/><input name=\"lang\" type=\"hidden\" value=\"es\" \/><input name=\"gn\" type=\"hidden\" value=\"fm\" \/><input type=\"hidden\" id=\"interface\" name=\"interface\" value=\"full\" \/>\n\t\t\t<div style=\"margin-left:40%;\">\n\t\t\t\n\t\t\t\t<input style=\"float:left;\" type=\"image\" width=\"40\" height=\"40\" src=\"http:\/\/blog.espol.edu.ec\/jicornej\/wp-content\/plugins\/vozme\/img\/megaphone40x40w.gif\" alt=\"Escucha este post\" onclick=\"window.open('', 'e05d4539fa173c39b7cce1d5b64c2c46', 'width=600,height=370,scrollbars=yes,location=yes,menubar=yes,resizable=yes,status=yes,toolbar=yes');\">\n\t\t\t\t<div style=\"margin-left:48px; text-align:left;\"><a style=\"font-size:12px;\" href=\"javascript:void(0);\" onclick=\"window.open('', 'e05d4539fa173c39b7cce1d5b64c2c46', 'width=600,height=370,scrollbars=yes,location=yes,menubar=yes,resizable=yes,status=yes,toolbar=yes'); document.getElementById('vozme_form_e05d4539fa173c39b7cce1d5b64c2c46').submit();\">Escucha<br\/>este post<\/a><\/div>\n\t\t\t<\/div><\/form>","protected":false},"excerpt":{"rendered":"<p>Banda de rock brit\u00e1nica formada por Freddie Mercury (voz), Brian May (guitarra), Roger Taylor (bater\u00eda) y John Deacon (bajo). El grupo goz\u00f3 de gran fama a finales de los setenta y durante toda la d\u00e9cada de los ochenta, y sus &hellip; <a href=\"https:\/\/blog.espol.edu.ec\/jicornej\/queen\/\">Sigue leyendo <span class=\"meta-nav\">&rarr;<\/span><\/a><\/p>\n","protected":false},"author":10716,"featured_media":0,"parent":0,"menu_order":0,"comment_status":"closed","ping_status":"closed","template":"","meta":{"footnotes":""},"class_list":["post-72","page","type-page","status-publish","hentry"],"_links":{"self":[{"href":"https:\/\/blog.espol.edu.ec\/jicornej\/wp-json\/wp\/v2\/pages\/72","targetHints":{"allow":["GET"]}}],"collection":[{"href":"https:\/\/blog.espol.edu.ec\/jicornej\/wp-json\/wp\/v2\/pages"}],"about":[{"href":"https:\/\/blog.espol.edu.ec\/jicornej\/wp-json\/wp\/v2\/types\/page"}],"author":[{"embeddable":true,"href":"https:\/\/blog.espol.edu.ec\/jicornej\/wp-json\/wp\/v2\/users\/10716"}],"replies":[{"embeddable":true,"href":"https:\/\/blog.espol.edu.ec\/jicornej\/wp-json\/wp\/v2\/comments?post=72"}],"version-history":[{"count":2,"href":"https:\/\/blog.espol.edu.ec\/jicornej\/wp-json\/wp\/v2\/pages\/72\/revisions"}],"predecessor-version":[{"id":102,"href":"https:\/\/blog.espol.edu.ec\/jicornej\/wp-json\/wp\/v2\/pages\/72\/revisions\/102"}],"wp:attachment":[{"href":"https:\/\/blog.espol.edu.ec\/jicornej\/wp-json\/wp\/v2\/media?parent=72"}],"curies":[{"name":"wp","href":"https:\/\/api.w.org\/{rel}","templated":true}]}}