{"id":86,"date":"2016-11-15T04:17:58","date_gmt":"2016-11-15T04:17:58","guid":{"rendered":"http:\/\/blog.espol.edu.ec\/jicornej\/?page_id=86"},"modified":"2016-11-15T16:00:21","modified_gmt":"2016-11-15T21:00:21","slug":"system-of-a-down","status":"publish","type":"page","link":"https:\/\/blog.espol.edu.ec\/jicornej\/system-of-a-down\/","title":{"rendered":"System of a down."},"content":{"rendered":"<div class=\"col-lg-8 col-24 col-sm-11 bio-image\">\n<div class=\"results\">\n<div class=\"artist artist-top\">\n<div class=\"image\">\n<div class=\"options options-compact\"><\/div>\n<\/div>\n<\/div>\n<\/div>\n<\/div>\n<div class=\"biografia-texto\">\n<p>Participantes de la escena underground de Los Angeles, Daron Malakian (guitarras) y Serj Tankian (voces) se encontraron durante 1993 en unas salas de ensayo, cuando a\u00fan militaban en diferentes agrupaciones. Pronto la energ\u00eda en com\u00fan que ambos prodigaban fue una se\u00f1al que se pod\u00eda hacer algo en conjunto, marcando el nacimiento de una banda llamada Soil, en la que luego se integrar\u00eda Shavo Odadjian (bajo) y John Dolmayan en bater\u00eda. Ocho o nueve canciones m\u00e1s tarde, Soil ya se hab\u00eda conseguido un par de shows para mostrar lo que eran las ra\u00edces sembradas en este proyecto llamado System Of a Down, y para 1995 hab\u00eda un nuevo cap\u00edtulo en la historia de estos prometedores m\u00fasicos que hab\u00edan probado tener una rigurosa \u00e9tica de trabajo y un sonido duro y pesado que sonaba absolutamente contempor\u00e1neo. El nombre System Of A Down lleg\u00f3 inspirado por una poes\u00eda de Daron, el guitarrista, que se llamaba Victims Of A Down. Acto seguido la banda pens\u00f3 que la palabra System era m\u00e1s fuerte y ten\u00eda m\u00e1s connotaci\u00f3n colectiva, tal como la palabra Society.<\/p>\n<p>Serj es un artista graduado en la universidad en artes visuales y musicales, definitivamente el que a trav\u00e9s de la fiereza de su entrega sobre el escenario captura la mayor atenci\u00f3n de la banda. Shavo, un declarado fan\u00e1tico de Kiss trabajaba en un banco, mientras que Daron, otro de fuerte presencia esc\u00e9nica, era una especie de neurocirujano y John vend\u00eda comics y animaciones japonesas. En parte sus influencias musicales son tan diversas como las cosas que hac\u00edan antes de conformar la banda. Daron y Shavo trajeron lo m\u00e1s predecible del sonido moderno conocido como aggro metal, pero en conjunto las ra\u00edces de la m\u00fasica de su etnia, la armenia, empezaron a aflorar, m\u00e1s unas dosis de rap, lo g\u00f3tico y oscuro, el evidente toque jazzero, la crudeza del puro rock a la Van Halen, m\u00e1s la del filo power punk pol\u00edticamente activista de Dead Kennedys.<\/p>\n<p>En System Of A Down se dio una cosa parecida a la de Rage Against The Machine, donde su herencia m\u00faltiple en lo cultural, social y pol\u00edtico cre\u00f3 una vibra que es lo que tan bien define a la banda. Incluso antes de que fuese publicado el disco debut del grupo, v\u00eda American Recordings, la gente entendida en el \u00e1rea californiana y tambi\u00e9n la prensa internacional comentaba de un inminente debut de una banda que terminar\u00eda siendo una de las m\u00e1s notables del per\u00edodo '98-'99.<br \/>\nEn uno de esos intensos shows de fines de 1997, en particular uno en el Viper Room en Hollywood, un ejecutivo de Maverick Records (Guy Oseary) contact\u00f3 al connotado productor Rick Rubin para que viese a System Of A Down en vivo. Rubin qued\u00f3 impresionado, tanto como la banda misma, quienes no pod\u00edan creer que uno de sus productores favoritos en cl\u00e1sicos discos de rap de los '80 para Beastie Boys y Public Enemy, se hubiese fijado en ellos y viese un potencial que ten\u00eda que ser grabado lo antes posible.<\/p>\n<div><\/div>\n<p>A fines del '97 ya hab\u00edan fichado con la compa\u00f1\u00eda y muy luego estaban de gira con sus colegas de sello, Slayer, m\u00e1s la posibilidad \u00fanica de participar en el Ozzfest 1998. Para su \u00e1lbum debut, hom\u00f3nimo, se alinearon en la producci\u00f3n Rick Rubin y Sylvia Massey (Tool) y para la mezcla estuvo el vocalista de Barkmarket, David Sardi. En un ambiente muy distendido, las voces fueron grabadas en la casa de Rubin y la atm\u00f3sfera adecuada fue responsabilidad de Sylvia. Y con muy pocos maquillajes de post producci\u00f3n, a\u00fan considerando lo complejo de las estructuras r\u00edtmicas de sus temas, el grupo hizo con grandes asociados, un \u00e1lbum tal como el que ten\u00edan en la cabeza.<br \/>\nCon una din\u00e1mica musical de excepci\u00f3n, explosiva, feroz y volatil, para 1999 System Of A Down ya se proyectaba para ser un s\u00faper ventas. Y es raro que tan s\u00f3lo en un debut se muestre tanto, una sorpresiva diversidad que m\u00e1s all\u00e1 de estilos es atrayente. Y la parte de sus letras, con Serj asumiendo su responsabilidad sobre lo que la banda declara como su filosof\u00eda. 'PLUCK' es un gatillo revolucionario acerca de la injusticia del genocidio armenio, 'Soil' habla del suicidio, 'Darts' de sus creencias religiosas poco tradicionales y 'War' de la guerra santa. Si a eso le sumamos los discursos de Serj sobre el escenario, tan provocativos como el control mental, las armas ocupadas secretamente por la CIA y los servicios de inteligencia comunista en el mundo occidental, tenemos un nuevo orden del sistema.<\/p>\n<p>En el a\u00f1o 2000, ya siendo certificado disco de platino, tuvo la oportunidad de alinearse como el grupo nuevo de la masiva gira Summer Sanitarium Tour con Metallica y Korn, siendo aparte el grupo que m\u00e1s llam\u00f3 la atenci\u00f3n dentro del segundo tributo a Black Sabbath, \"Nativity in Black 2\", haciendo una original recreaci\u00f3n del cl\u00e1sico 'Snowblind', que refleja otra de las visiones de vida de System Of A Down, una abierta postura antidrogas. Serj Tankian se involucr\u00f3 hace poco como una de las voces invitadas en el tributo al malogrado vocalista Lynn Strait del grupo Snot, \"Strait Up\" publicado en el 2000. Luego en el 2001, junto al productor Rick Rubin, lanzaron \"Toxicity\", su m\u00e1s reciente producci\u00f3n.<img decoding=\"async\" title=\"System of A Down\" src=\"http:\/\/www.buenamusica.com\/media\/fotos\/cantantes\/biografia\/system-of-a-down.jpg\" alt=\"System of A Down\" width=\"100%\" \/><\/p>\n<\/div>\n<form id=\"vozme_form_9b353764dd121007878514541e59427c\" method=\"post\" name=\"vozme_form_9b353764dd121007878514541e59427c\" target=\"9b353764dd121007878514541e59427c\" action=\"http:\/\/vozme.com\/text2voice.php\"><input name=\"text\" type=\"hidden\" value=\"System of a down.. \n\n\n\n\n\n\n\n\n\nParticipantes de la escena underground de Los Angeles, Daron Malakian (guitarras) y Serj Tankian (voces) se encontraron durante 1993 en unas salas de ensayo, cuando a\u00fan militaban en diferentes agrupaciones. Pronto la energ\u00eda en com\u00fan que ambos prodigaban fue una se\u00f1al que se pod\u00eda hacer algo en conjunto, marcando el nacimiento de una banda llamada Soil, en la que luego se integrar\u00eda Shavo Odadjian (bajo) y John Dolmayan en bater\u00eda. Ocho o nueve canciones m\u00e1s tarde, Soil ya se hab\u00eda conseguido un par de shows para mostrar lo que eran las ra\u00edces sembradas en este proyecto llamado System Of a Down, y para 1995 hab\u00eda un nuevo cap\u00edtulo en la historia de estos prometedores m\u00fasicos que hab\u00edan probado tener una rigurosa \u00e9tica de trabajo y un sonido duro y pesado que sonaba absolutamente contempor\u00e1neo. El nombre System Of A Down lleg\u00f3 inspirado por una poes\u00eda de Daron, el guitarrista, que se llamaba Victims Of A Down. Acto seguido la banda pens\u00f3 que la palabra System era m\u00e1s fuerte y ten\u00eda m\u00e1s connotaci\u00f3n colectiva, tal como la palabra Society.\nSerj es un artista graduado en la universidad en artes visuales y musicales, definitivamente el que a trav\u00e9s de la fiereza de su entrega sobre el escenario captura la mayor atenci\u00f3n de la banda. Shavo, un declarado fan\u00e1tico de Kiss trabajaba en un banco, mientras que Daron, otro de fuerte presencia esc\u00e9nica, era una especie de neurocirujano y John vend\u00eda comics y animaciones japonesas. En parte sus influencias musicales son tan diversas como las cosas que hac\u00edan antes de conformar la banda. Daron y Shavo trajeron lo m\u00e1s predecible del sonido moderno conocido como aggro metal, pero en conjunto las ra\u00edces de la m\u00fasica de su etnia, la armenia, empezaron a aflorar, m\u00e1s unas dosis de rap, lo g\u00f3tico y oscuro, el evidente toque jazzero, la crudeza del puro rock a la Van Halen, m\u00e1s la del filo power punk pol\u00edticamente activista de Dead Kennedys.\nEn System Of A Down se dio una cosa parecida a la de Rage Against The Machine, donde su herencia m\u00faltiple en lo cultural, social y pol\u00edtico cre\u00f3 una vibra que es lo que tan bien define a la banda. Incluso antes de que fuese publicado el disco debut del grupo, v\u00eda American Recordings, la gente entendida en el \u00e1rea californiana y tambi\u00e9n la prensa internacional comentaba de un inminente debut de una banda que terminar\u00eda siendo una de las m\u00e1s notables del per\u00edodo &quot;98-&quot;99.\nEn uno de esos intensos shows de fines de 1997, en particular uno en el Viper Room en Hollywood, un ejecutivo de Maverick Records (Guy Oseary) contact\u00f3 al connotado productor Rick Rubin para que viese a System Of A Down en vivo. Rubin qued\u00f3 impresionado, tanto como la banda misma, quienes no pod\u00edan creer que uno de sus productores favoritos en cl\u00e1sicos discos de rap de los &quot;80 para Beastie Boys y Public Enemy, se hubiese fijado en ellos y viese un potencial que ten\u00eda que ser grabado lo antes posible.\n\nA fines del &quot;97 ya hab\u00edan fichado con la compa\u00f1\u00eda y muy luego estaban de gira con sus colegas de sello, Slayer, m\u00e1s la posibilidad \u00fanica de participar en el Ozzfest 1998. Para su \u00e1lbum debut, hom\u00f3nimo, se alinearon en la producci\u00f3n Rick Rubin y Sylvia Massey (Tool) y para la mezcla estuvo el vocalista de Barkmarket, David Sardi. En un ambiente muy distendido, las voces fueron grabadas en la casa de Rubin y la atm\u00f3sfera adecuada fue responsabilidad de Sylvia. Y con muy pocos maquillajes de post producci\u00f3n, a\u00fan considerando lo complejo de las estructuras r\u00edtmicas de sus temas, el grupo hizo con grandes asociados, un \u00e1lbum tal como el que ten\u00edan en la cabeza.\nCon una din\u00e1mica musical de excepci\u00f3n, explosiva, feroz y volatil, para 1999 System Of A Down ya se proyectaba para ser un s\u00faper ventas. Y es raro que tan s\u00f3lo en un debut se muestre tanto, una sorpresiva diversidad que m\u00e1s all\u00e1 de estilos es atrayente. Y la parte de sus letras, con Serj asumiendo su responsabilidad sobre lo que la banda declara como su filosof\u00eda. &quot;PLUCK&quot; es un gatillo revolucionario acerca de la injusticia del genocidio armenio, &quot;Soil&quot; habla del suicidio, &quot;Darts&quot; de sus creencias religiosas poco tradicionales y &quot;War&quot; de la guerra santa. Si a eso le sumamos los discursos de Serj sobre el escenario, tan provocativos como el control mental, las armas ocupadas secretamente por la CIA y los servicios de inteligencia comunista en el mundo occidental, tenemos un nuevo orden del sistema.\nEn el a\u00f1o 2000, ya siendo certificado disco de platino, tuvo la oportunidad de alinearse como el grupo nuevo de la masiva gira Summer Sanitarium Tour con Metallica y Korn, siendo aparte el grupo que m\u00e1s llam\u00f3 la atenci\u00f3n dentro del segundo tributo a Black Sabbath, &quot;Nativity in Black 2&quot;, haciendo una original recreaci\u00f3n del cl\u00e1sico &quot;Snowblind&quot;, que refleja otra de las visiones de vida de System Of A Down, una abierta postura antidrogas. Serj Tankian se involucr\u00f3 hace poco como una de las voces invitadas en el tributo al malogrado vocalista Lynn Strait del grupo Snot, &quot;Strait Up&quot; publicado en el 2000. Luego en el 2001, junto al productor Rick Rubin, lanzaron &quot;Toxicity&quot;, su m\u00e1s reciente producci\u00f3n.\n\n\" \/><input name=\"lang\" type=\"hidden\" value=\"es\" \/><input name=\"gn\" type=\"hidden\" value=\"fm\" \/><input type=\"hidden\" id=\"interface\" name=\"interface\" value=\"full\" \/>\n\t\t\t<div style=\"margin-left:40%;\">\n\t\t\t\n\t\t\t\t<input style=\"float:left;\" type=\"image\" width=\"40\" height=\"40\" src=\"http:\/\/blog.espol.edu.ec\/jicornej\/wp-content\/plugins\/vozme\/img\/megaphone40x40w.gif\" alt=\"Escucha este post\" onclick=\"window.open('', '9b353764dd121007878514541e59427c', 'width=600,height=370,scrollbars=yes,location=yes,menubar=yes,resizable=yes,status=yes,toolbar=yes');\">\n\t\t\t\t<div style=\"margin-left:48px; text-align:left;\"><a style=\"font-size:12px;\" href=\"javascript:void(0);\" onclick=\"window.open('', '9b353764dd121007878514541e59427c', 'width=600,height=370,scrollbars=yes,location=yes,menubar=yes,resizable=yes,status=yes,toolbar=yes'); document.getElementById('vozme_form_9b353764dd121007878514541e59427c').submit();\">Escucha<br\/>este post<\/a><\/div>\n\t\t\t<\/div><\/form>","protected":false},"excerpt":{"rendered":"<p>Participantes de la escena underground de Los Angeles, Daron Malakian (guitarras) y Serj Tankian (voces) se encontraron durante 1993 en unas salas de ensayo, cuando a\u00fan militaban en diferentes agrupaciones. Pronto la energ\u00eda en com\u00fan que ambos prodigaban fue una &hellip; <a href=\"https:\/\/blog.espol.edu.ec\/jicornej\/system-of-a-down\/\">Sigue leyendo <span class=\"meta-nav\">&rarr;<\/span><\/a><\/p>\n","protected":false},"author":10716,"featured_media":0,"parent":0,"menu_order":0,"comment_status":"closed","ping_status":"closed","template":"","meta":{"footnotes":""},"class_list":["post-86","page","type-page","status-publish","hentry"],"_links":{"self":[{"href":"https:\/\/blog.espol.edu.ec\/jicornej\/wp-json\/wp\/v2\/pages\/86","targetHints":{"allow":["GET"]}}],"collection":[{"href":"https:\/\/blog.espol.edu.ec\/jicornej\/wp-json\/wp\/v2\/pages"}],"about":[{"href":"https:\/\/blog.espol.edu.ec\/jicornej\/wp-json\/wp\/v2\/types\/page"}],"author":[{"embeddable":true,"href":"https:\/\/blog.espol.edu.ec\/jicornej\/wp-json\/wp\/v2\/users\/10716"}],"replies":[{"embeddable":true,"href":"https:\/\/blog.espol.edu.ec\/jicornej\/wp-json\/wp\/v2\/comments?post=86"}],"version-history":[{"count":2,"href":"https:\/\/blog.espol.edu.ec\/jicornej\/wp-json\/wp\/v2\/pages\/86\/revisions"}],"predecessor-version":[{"id":103,"href":"https:\/\/blog.espol.edu.ec\/jicornej\/wp-json\/wp\/v2\/pages\/86\/revisions\/103"}],"wp:attachment":[{"href":"https:\/\/blog.espol.edu.ec\/jicornej\/wp-json\/wp\/v2\/media?parent=86"}],"curies":[{"name":"wp","href":"https:\/\/api.w.org\/{rel}","templated":true}]}}