{"id":70,"date":"2015-06-02T02:10:46","date_gmt":"2015-06-02T02:10:46","guid":{"rendered":"http:\/\/blog.espol.edu.ec\/jimralva\/?page_id=70"},"modified":"2015-06-02T02:10:46","modified_gmt":"2015-06-02T02:10:46","slug":"rima-liii","status":"publish","type":"page","link":"https:\/\/blog.espol.edu.ec\/jimralva\/rima-liii\/","title":{"rendered":"RIMA LIII"},"content":{"rendered":"<p style=\"text-align: center\">Volver\u00e1n las oscuras golondrinas<br \/>\nen tu balc\u00f3n sus nidos a colgar,<br \/>\ny otra vez con el ala a sus cristales<br \/>\njugando llamar\u00e1n.<\/p>\n<p style=\"text-align: center\">\u00a0 Pero aquellas que el\u00a0 vuelo refrenaban<br \/>\ntu hermosura y mi dicha a contemplar,<br \/>\naquellas que aprendieron nuestros nombres...<br \/>\n\u00a1esas... no volver\u00e1n!<\/p>\n<p style=\"text-align: center\">\u00a0 Volver\u00e1n las tupidas madreselvas<br \/>\nde tu jard\u00edn las tapias a escalar,<br \/>\ny otra vez a la tarde a\u00fan m\u00e1s hermosas<br \/>\nsus flores se abrir\u00e1n.<\/p>\n<p style=\"text-align: center\">\u00a0 Pero aquellas, cuajadas de roc\u00edo<br \/>\ncuyas gotas mir\u00e1bamos temblar<br \/>\ny caer como l\u00e1grimas del d\u00eda...<br \/>\n\u00a1esas... no volver\u00e1n!<\/p>\n<p style=\"text-align: center\">\u00a0 Volver\u00e1n del amor en tus o\u00eddos<br \/>\nlas palabras ardientes a sonar;<br \/>\ntu coraz\u00f3n de su profundo sue\u00f1o<br \/>\ntal vez despertar\u00e1.<\/p>\n<p style=\"text-align: center\">\u00a0 Pero mudo y absorto y de rodillas<br \/>\ncomo se adora a Dios ante su altar,<br \/>\ncomo yo te he querido...; deseng\u00e1\u00f1ate,<br \/>\n\u00a1as\u00ed... no te querr\u00e1n!<\/p>\n<p style=\"text-align: center\">(Gustavo Adolfo B\u00e9cquer)<\/p>\n","protected":false},"excerpt":{"rendered":"<p>Volver\u00e1n las oscuras golondrinas en tu balc\u00f3n sus nidos a colgar, y otra vez con el ala a sus cristales jugando llamar\u00e1n. \u00a0 Pero aquellas que el\u00a0 vuelo refrenaban tu hermosura y mi dicha a contemplar, aquellas que aprendieron nuestros nombres... \u00a1esas... no volver\u00e1n! \u00a0 Volver\u00e1n las tupidas madreselvas de tu jard\u00edn las tapias a [&hellip;]<\/p>\n","protected":false},"author":9644,"featured_media":0,"parent":0,"menu_order":0,"comment_status":"open","ping_status":"open","template":"","meta":{"footnotes":""},"class_list":["post-70","page","type-page","status-publish","hentry"],"_links":{"self":[{"href":"https:\/\/blog.espol.edu.ec\/jimralva\/wp-json\/wp\/v2\/pages\/70","targetHints":{"allow":["GET"]}}],"collection":[{"href":"https:\/\/blog.espol.edu.ec\/jimralva\/wp-json\/wp\/v2\/pages"}],"about":[{"href":"https:\/\/blog.espol.edu.ec\/jimralva\/wp-json\/wp\/v2\/types\/page"}],"author":[{"embeddable":true,"href":"https:\/\/blog.espol.edu.ec\/jimralva\/wp-json\/wp\/v2\/users\/9644"}],"replies":[{"embeddable":true,"href":"https:\/\/blog.espol.edu.ec\/jimralva\/wp-json\/wp\/v2\/comments?post=70"}],"version-history":[{"count":1,"href":"https:\/\/blog.espol.edu.ec\/jimralva\/wp-json\/wp\/v2\/pages\/70\/revisions"}],"predecessor-version":[{"id":71,"href":"https:\/\/blog.espol.edu.ec\/jimralva\/wp-json\/wp\/v2\/pages\/70\/revisions\/71"}],"wp:attachment":[{"href":"https:\/\/blog.espol.edu.ec\/jimralva\/wp-json\/wp\/v2\/media?parent=70"}],"curies":[{"name":"wp","href":"https:\/\/api.w.org\/{rel}","templated":true}]}}