{"id":74,"date":"2015-06-02T02:13:08","date_gmt":"2015-06-02T02:13:08","guid":{"rendered":"http:\/\/blog.espol.edu.ec\/jimralva\/?page_id=74"},"modified":"2015-06-09T07:59:20","modified_gmt":"2015-06-09T07:59:20","slug":"accionpoetica","status":"publish","type":"page","link":"https:\/\/blog.espol.edu.ec\/jimralva\/accionpoetica\/","title":{"rendered":"#Acci\u00f3nPo\u00e9tica"},"content":{"rendered":"<p>Acci\u00f3n Po\u00e9tica es un movimiento iniciado en 1996 y que redefine la poes\u00eda urbana como tal.<\/p>\n<p>El contenido de las frases son generalmente pensamientos de amor y frases optimistas, citas de poetas, escritores, m\u00fasicos\u2026 Firmadas con el sello y formato de Acci\u00f3n Po\u00e9tica.<\/p>\n<p>Tiene quince a\u00f1os de existencia, Acci\u00f3n Po\u00e9tica est\u00e1 hoy presente en M\u00e9xico, Argentina, Lima, Per\u00fa, Venezuela, Espa\u00f1a, y otros pa\u00edses de habla hispana.<\/p>\n<p><a href=\"http:\/\/blog.espol.edu.ec\/jimralva\/files\/2015\/06\/11297738_444069129085816_874025238_n.jpg\"><img loading=\"lazy\" decoding=\"async\" class=\"aligncenter wp-image-75 size-full\" src=\"http:\/\/blog.espol.edu.ec\/jimralva\/files\/2015\/06\/11297738_444069129085816_874025238_n.jpg\" alt=\"11297738_444069129085816_874025238_n\" width=\"236\" height=\"419\" srcset=\"https:\/\/blog.espol.edu.ec\/jimralva\/files\/2015\/06\/11297738_444069129085816_874025238_n.jpg 236w, https:\/\/blog.espol.edu.ec\/jimralva\/files\/2015\/06\/11297738_444069129085816_874025238_n-169x300.jpg 169w\" sizes=\"auto, (max-width: 236px) 100vw, 236px\" \/><\/a><\/p>\n","protected":false},"excerpt":{"rendered":"<p>Acci\u00f3n Po\u00e9tica es un movimiento iniciado en 1996 y que redefine la poes\u00eda urbana como tal. El contenido de las frases son generalmente pensamientos de amor y frases optimistas, citas de poetas, escritores, m\u00fasicos\u2026 Firmadas con el sello y formato de Acci\u00f3n Po\u00e9tica. Tiene quince a\u00f1os de existencia, Acci\u00f3n Po\u00e9tica est\u00e1 hoy presente en M\u00e9xico, [&hellip;]<\/p>\n","protected":false},"author":9644,"featured_media":0,"parent":0,"menu_order":0,"comment_status":"open","ping_status":"open","template":"","meta":{"footnotes":""},"class_list":["post-74","page","type-page","status-publish","hentry"],"_links":{"self":[{"href":"https:\/\/blog.espol.edu.ec\/jimralva\/wp-json\/wp\/v2\/pages\/74","targetHints":{"allow":["GET"]}}],"collection":[{"href":"https:\/\/blog.espol.edu.ec\/jimralva\/wp-json\/wp\/v2\/pages"}],"about":[{"href":"https:\/\/blog.espol.edu.ec\/jimralva\/wp-json\/wp\/v2\/types\/page"}],"author":[{"embeddable":true,"href":"https:\/\/blog.espol.edu.ec\/jimralva\/wp-json\/wp\/v2\/users\/9644"}],"replies":[{"embeddable":true,"href":"https:\/\/blog.espol.edu.ec\/jimralva\/wp-json\/wp\/v2\/comments?post=74"}],"version-history":[{"count":2,"href":"https:\/\/blog.espol.edu.ec\/jimralva\/wp-json\/wp\/v2\/pages\/74\/revisions"}],"predecessor-version":[{"id":113,"href":"https:\/\/blog.espol.edu.ec\/jimralva\/wp-json\/wp\/v2\/pages\/74\/revisions\/113"}],"wp:attachment":[{"href":"https:\/\/blog.espol.edu.ec\/jimralva\/wp-json\/wp\/v2\/media?parent=74"}],"curies":[{"name":"wp","href":"https:\/\/api.w.org\/{rel}","templated":true}]}}