{"id":112,"date":"2014-11-07T01:51:05","date_gmt":"2014-11-07T01:51:05","guid":{"rendered":"http:\/\/blog.espol.edu.ec\/jinfante\/?page_id=112"},"modified":"2014-11-07T03:18:51","modified_gmt":"2014-11-07T03:18:51","slug":"deportes-extremos-en-el-ecuador","status":"publish","type":"page","link":"https:\/\/blog.espol.edu.ec\/jinfante\/deportes-extremos-en-el-ecuador\/","title":{"rendered":"Deportes extremos en el Ecuador"},"content":{"rendered":"<p>Los deportes extremos no son muy f\u00e1ciles de practicar, aun que se vean muy sencillos no es as\u00ed. Las personas que practican este tipo de deportes deben tener los nervios bien controlados y sangre fr\u00eda para realizarlos. Los deportes extremos sin duda alguna son practicados con el fin de desafiar las alturas y velocidades extremas, a lo cual por su denominaci\u00f3n es un deporte arriesgado. Ecuador no es la excepci\u00f3n donde se practica este tipo de deportes extremos, Ecuador tienes muchos lugares donde se los puede practicar, r\u00edos, monta\u00f1as, acantilados, y otros lugares ideales que los turistas pueden practicar estos deportes extremos.<\/p>\n<p><a href=\"http:\/\/blog.espol.edu.ec\/jinfante\/files\/2014\/11\/DEPORTE-DE-AVENTURA-1.jpg\"><img loading=\"lazy\" decoding=\"async\" src=\"http:\/\/blog.espol.edu.ec\/jinfante\/files\/2014\/11\/DEPORTE-DE-AVENTURA-1.jpg\" alt=\"DEPORTE-DE-AVENTURA-1\" width=\"425\" height=\"269\" class=\"aligncenter size-full wp-image-114\" srcset=\"https:\/\/blog.espol.edu.ec\/jinfante\/files\/2014\/11\/DEPORTE-DE-AVENTURA-1.jpg 425w, https:\/\/blog.espol.edu.ec\/jinfante\/files\/2014\/11\/DEPORTE-DE-AVENTURA-1-300x189.jpg 300w\" sizes=\"auto, (max-width: 425px) 100vw, 425px\" \/><\/a><\/p>\n<p><strong>Los deportes extremos mas practicados en el Ecuador son:<\/strong><\/p>\n<p>\u2022\tBungee<br \/>\n\u2022\tSwing o p\u00e9ndulo<br \/>\n\u2022\tEscalada libre y sus variantes (pared, roca, hielo)<br \/>\n\u2022\tCanyoning<br \/>\n\u2022\trafting<br \/>\n\u2022\tKayak<br \/>\n\u2022\tCanopy<br \/>\n\u2022\tAlas delta<br \/>\n\u2022\tParapente<br \/>\n\u2022\tParamotor<br \/>\n\u2022\tCarrera de autos<br \/>\n\u2022\tBMX<br \/>\n\u2022\tCiclismo de monta\u00f1a<br \/>\n\u2022\tMonta\u00f1ismo<br \/>\n\u2022\tBuceo<br \/>\n\u2022\tSurf<br \/>\n\u2022\tParacaidismo<br \/>\n\u2022\tLongboarding<\/p>\n<p><strong><\/p>\n","protected":false},"excerpt":{"rendered":"<p>Los deportes extremos no son muy f\u00e1ciles de practicar, aun que se vean muy sencillos no es as\u00ed. Las personas que practican este tipo de deportes deben tener los nervios bien controlados y sangre fr\u00eda para realizarlos. Los deportes extremos sin duda alguna son practicados con el fin de desafiar las alturas y velocidades extremas, &hellip; <\/p>\n<p><a class=\"more-link btn\" href=\"https:\/\/blog.espol.edu.ec\/jinfante\/deportes-extremos-en-el-ecuador\/\">Seguir leyendo<\/a><\/p>\n","protected":false},"author":9288,"featured_media":0,"parent":0,"menu_order":0,"comment_status":"open","ping_status":"open","template":"","meta":{"footnotes":""},"class_list":["post-112","page","type-page","status-publish","hentry","nodate","item-wrap"],"_links":{"self":[{"href":"https:\/\/blog.espol.edu.ec\/jinfante\/wp-json\/wp\/v2\/pages\/112","targetHints":{"allow":["GET"]}}],"collection":[{"href":"https:\/\/blog.espol.edu.ec\/jinfante\/wp-json\/wp\/v2\/pages"}],"about":[{"href":"https:\/\/blog.espol.edu.ec\/jinfante\/wp-json\/wp\/v2\/types\/page"}],"author":[{"embeddable":true,"href":"https:\/\/blog.espol.edu.ec\/jinfante\/wp-json\/wp\/v2\/users\/9288"}],"replies":[{"embeddable":true,"href":"https:\/\/blog.espol.edu.ec\/jinfante\/wp-json\/wp\/v2\/comments?post=112"}],"version-history":[{"count":6,"href":"https:\/\/blog.espol.edu.ec\/jinfante\/wp-json\/wp\/v2\/pages\/112\/revisions"}],"predecessor-version":[{"id":132,"href":"https:\/\/blog.espol.edu.ec\/jinfante\/wp-json\/wp\/v2\/pages\/112\/revisions\/132"}],"wp:attachment":[{"href":"https:\/\/blog.espol.edu.ec\/jinfante\/wp-json\/wp\/v2\/media?parent=112"}],"curies":[{"name":"wp","href":"https:\/\/api.w.org\/{rel}","templated":true}]}}