{"id":252,"date":"2014-11-09T22:51:09","date_gmt":"2014-11-09T22:51:09","guid":{"rendered":"http:\/\/blog.espol.edu.ec\/jinfante\/?page_id=252"},"modified":"2014-11-09T22:51:09","modified_gmt":"2014-11-09T22:51:09","slug":"deportes-aereos","status":"publish","type":"page","link":"https:\/\/blog.espol.edu.ec\/jinfante\/deportes-aereos\/","title":{"rendered":"Deportes a\u00e9reos"},"content":{"rendered":"<p style=\"text-align: center\"><strong>Bungee jumping<\/strong><\/p>\n<p>El puentismo en sustituci\u00f3n de la forma h\u00edbrida puenting, proveniente del sustantivo en espa\u00f1ol puente m\u00e1s el sufijo en ingl\u00e9s -ing; tambi\u00e9n conocido en ingl\u00e9s como bungee jumping o bungy jumping) es una actividad en la cual una persona se lanza desde una altura, generalmente cientos de metros, con uno de los puntos de la cuerda el\u00e1stica atada a su cuerpo o tobillo, y el otro extremo sujetado al punto de partida del salto. Cuando la persona salta, la cuerda se extender\u00e1 para contrarrestar la inercia provocada por la aceleraci\u00f3n de la gravedad en la fase de la ca\u00edda, entonces el sujeto ascender\u00e1 y descender\u00e1 hasta que la energ\u00eda inicial del salto desaparezca.<\/p>\n<p><a href=\"http:\/\/blog.espol.edu.ec\/jinfante\/files\/2014\/11\/Bungee-Jumping-Victoria-Falls.jpg\"><img loading=\"lazy\" decoding=\"async\" class=\"aligncenter size-full wp-image-254\" src=\"http:\/\/blog.espol.edu.ec\/jinfante\/files\/2014\/11\/Bungee-Jumping-Victoria-Falls.jpg\" alt=\"Bungee-Jumping-Victoria-Falls\" width=\"640\" height=\"427\" srcset=\"https:\/\/blog.espol.edu.ec\/jinfante\/files\/2014\/11\/Bungee-Jumping-Victoria-Falls.jpg 640w, https:\/\/blog.espol.edu.ec\/jinfante\/files\/2014\/11\/Bungee-Jumping-Victoria-Falls-300x200.jpg 300w\" sizes=\"auto, (max-width: 640px) 100vw, 640px\" \/><\/a><\/p>\n<p>En Ecuador los lugares donde se puede realizar estos saltos son:<br \/>\n<strong>\u2022 Ba\u00f1os de agua Santa sobre el rio Blanco y rio San Francisco<br \/>\n\u2022 Puente de la Gonzalez Su\u00e1rez en Quito, entre Tumbaco y Puembo, en un puente alto de 100 mts. sobre el r\u00edo Chiche<br \/>\n<\/strong><\/p>\n<p>&nbsp;<\/p>\n<div class=\"embed-container\"><iframe loading=\"lazy\" width=\"750\" height=\"422\" src=\"https:\/\/www.youtube.com\/embed\/8XPArqJNXWU?feature=oembed\" frameborder=\"0\" allow=\"autoplay; encrypted-media\" allowfullscreen><\/iframe><\/div>\n<p>&nbsp;<\/p>\n<p style=\"text-align: center\"><strong>Swing o p\u00e9ndulo<\/strong><\/p>\n<p>Aqu\u00ed tambi\u00e9n hay vuelo y a m\u00e1s de 100 kil\u00f3metros por hora de velocidad. Consiste en una especie de hamaca donde se recuestan los deportistas. Una cuerda sostiene a 50 metros de altura a m\u00e1ximo 3 personas. Y como los trapecistas, desde una plataforma, se lanzan disparados por los aires. Es algo as\u00ed como el barco pirata. Caes, subes y bajas. Movimiento pendular que se repite hasta que no hay m\u00e1s velocidad. Es la experiencia m\u00e1s cercana a volar.<\/p>\n<p><a href=\"http:\/\/blog.espol.edu.ec\/jinfante\/files\/2014\/11\/bungeee.png\"><img loading=\"lazy\" decoding=\"async\" class=\"aligncenter size-full wp-image-253\" src=\"http:\/\/blog.espol.edu.ec\/jinfante\/files\/2014\/11\/bungeee.png\" alt=\"bungeee\" width=\"600\" height=\"495\" srcset=\"https:\/\/blog.espol.edu.ec\/jinfante\/files\/2014\/11\/bungeee.png 600w, https:\/\/blog.espol.edu.ec\/jinfante\/files\/2014\/11\/bungeee-300x247.png 300w\" sizes=\"auto, (max-width: 600px) 100vw, 600px\" \/><\/a><\/p>\n<p>Lugares a realizar PUENTING<\/p>\n<p><strong>\u2022 Ba\u00f1os de agua Santa sobre el rio Blanco y rio San Francisco<br \/>\n\u2022 Puente de la Gonzalez Su\u00e1rez en Quito, entre Tumbaco y Puembo, en un puente alto de 100 mts. sobre el r\u00edo Chiche<br \/>\n<\/strong><\/p>\n<p><strong>\u00a0<\/strong><\/p>\n<p style=\"text-align: center\"><strong>Ala delta<\/strong><\/p>\n<p>El ala delta es un planeador semidirigido que, gracias a su poco peso y a sus caracter\u00edsticas de vuelo, permite alzar el vuelo y aterrizar de pie, desde un mont\u00edculo, Es una disciplina deportiva que se ha llegado a considerar af\u00edn con el vuelo a vela, el pilotaje se hace desplazando el peso del piloto, que va dentro de un arn\u00e9s y colgado al centro del ala. La habilidad del piloto utilizando las corrientes t\u00e9rmicas permite llegar a recorrer grandes distancias.<\/p>\n<p><a href=\"http:\/\/blog.espol.edu.ec\/jinfante\/files\/2014\/11\/AlaDelta_1.jpg\"><img loading=\"lazy\" decoding=\"async\" class=\"aligncenter size-full wp-image-255\" src=\"http:\/\/blog.espol.edu.ec\/jinfante\/files\/2014\/11\/AlaDelta_1.jpg\" alt=\"AlaDelta_1\" width=\"1358\" height=\"740\" srcset=\"https:\/\/blog.espol.edu.ec\/jinfante\/files\/2014\/11\/AlaDelta_1.jpg 1358w, https:\/\/blog.espol.edu.ec\/jinfante\/files\/2014\/11\/AlaDelta_1-300x163.jpg 300w, https:\/\/blog.espol.edu.ec\/jinfante\/files\/2014\/11\/AlaDelta_1-1024x557.jpg 1024w\" sizes=\"auto, (max-width: 1358px) 100vw, 1358px\" \/><\/a><\/p>\n<p>Los mejores lugares a realizar son:<\/p>\n<p><strong>\u2022 Quito - La loma de Puengasi \/ Faldas del Guagua Pichincha<br \/>\n\u2022 Ibarra \u2013 sector de Yahuarcocha<br \/>\n\u2022 Cuenca \u2013 Turi<br \/>\n\u2022 Tungurahua \u2013 Miton<br \/>\n\u2022 Pelileo<br \/>\n\u2022 Crucita<br \/>\n\u2022 Canoa<br \/>\n\u2022 Manta<br \/>\n\u2022 Monta\u00f1ita<br \/>\n\u2022 Guayaquil<br \/>\n\u2022 La Troncal<\/strong><\/p>\n<div class=\"embed-container\"><iframe loading=\"lazy\" width=\"750\" height=\"422\" src=\"https:\/\/www.youtube.com\/embed\/3AdIEAlsx4w?feature=oembed\" frameborder=\"0\" allow=\"autoplay; encrypted-media\" allowfullscreen><\/iframe><\/div>\n<p style=\"text-align: center\"><strong>Parapente<\/strong><\/p>\n<p>. El peso de todo el equipo, suele rondar los 25-30 kg aunque hay equipos para monta\u00f1a con una masa aproximada de unos 8 kg . El piloto y ocasionalmente el pasajero de parapente estar\u00e1n equipados con el equipo de seguridad obligatorio, cascos y paraca\u00eddas de emergencia y con diversos instrumentos electr\u00f3nicos: vari\u00f3metro.<\/p>\n<p><a href=\"http:\/\/blog.espol.edu.ec\/jinfante\/files\/2014\/11\/parapente-bip_volant_17_500k_0.jpg\"><img loading=\"lazy\" decoding=\"async\" class=\"alignleft size-medium wp-image-217\" src=\"http:\/\/blog.espol.edu.ec\/jinfante\/files\/2014\/11\/parapente-bip_volant_17_500k_0-300x225.jpg\" alt=\"parapente bip_volant_17_500k_0\" width=\"300\" height=\"225\" srcset=\"https:\/\/blog.espol.edu.ec\/jinfante\/files\/2014\/11\/parapente-bip_volant_17_500k_0-300x225.jpg 300w, https:\/\/blog.espol.edu.ec\/jinfante\/files\/2014\/11\/parapente-bip_volant_17_500k_0-1024x768.jpg 1024w, https:\/\/blog.espol.edu.ec\/jinfante\/files\/2014\/11\/parapente-bip_volant_17_500k_0.jpg 1920w\" sizes=\"auto, (max-width: 300px) 100vw, 300px\" \/><\/a><\/p>\n<p>Al ser un ala flexible de entre 22 y 31m\u00b2, la turbulencia y sobre todo la cizalladura pueden producir plegadas deformando el perfil alar, perdiendo as\u00ed parte de su capacidad de sustentaci\u00f3n y entrando en distintas configuraciones de vuelo: plegadas asim\u00e9tricas o frontales, autorrotaci\u00f3n, barrena, etc. Si la incidencia se produce a una altura suficiente, normalmente se podr\u00e1 volver a la configuraci\u00f3n natural de vuelo, pero si no es as\u00ed, se tiene como \u00faltimo recurso hacer uso de un paraca\u00eddas muy b\u00e1sico para un caso de emergencia que rara vez se presenta.<\/p>\n<p>Los mejores lugares a realizar son:<\/p>\n<p><strong>\u2022 Quito - La loma de Puengasi \/ Faldas del Guagua Pichincha<br \/>\n\u2022 Ibarra \u2013 sector de Yahuarcocha<br \/>\n\u2022 Cuenca \u2013 Turi<br \/>\n\u2022 Tungurahua \u2013 Miton<br \/>\n\u2022 Pelileo<br \/>\n\u2022 Crucita<br \/>\n\u2022 Canoa<br \/>\n\u2022 Manta<br \/>\n\u2022 Monta\u00f1ita<br \/>\n\u2022 Guayaquil<br \/>\n\u2022 La Troncal<\/strong><\/p>\n<div class=\"embed-container\"><iframe loading=\"lazy\" width=\"750\" height=\"422\" src=\"https:\/\/www.youtube.com\/embed\/fiId8QVvCP4?feature=oembed\" frameborder=\"0\" allow=\"autoplay; encrypted-media\" allowfullscreen><\/iframe><\/div>\n<p style=\"text-align: center\"><strong>Paracaidismo<\/strong><\/p>\n<p>El paracaidismo es la t\u00e9cnica de lanzamiento de seres humanos u objetos desde cierta altura usando un paraca\u00eddas para amortiguar el impacto, que puede realizarse desde cualquier aeronave como avi\u00f3n, helic\u00f3ptero o globo aerost\u00e1tico, u objetos fijos como cerros, edificios, puentes y antenas.<\/p>\n<p style=\"text-align: left\">En algunos casos el paraca\u00eddas es abierto inmediatamente al salir de la aeronave u objeto fijo y en otros casos se realiza una ca\u00edda libre controlada antes de realizar la apertura manual o asistida dependiendo del caso.<\/p>\n<p><a href=\"http:\/\/blog.espol.edu.ec\/jinfante\/files\/2014\/11\/Foto_PARACAIDISMO__4_.jpg\"><img loading=\"lazy\" decoding=\"async\" class=\"alignleft size-medium wp-image-258\" src=\"http:\/\/blog.espol.edu.ec\/jinfante\/files\/2014\/11\/Foto_PARACAIDISMO__4_-300x200.jpg\" alt=\"Foto_PARACAIDISMO__4_\" width=\"300\" height=\"200\" srcset=\"https:\/\/blog.espol.edu.ec\/jinfante\/files\/2014\/11\/Foto_PARACAIDISMO__4_-300x200.jpg 300w, https:\/\/blog.espol.edu.ec\/jinfante\/files\/2014\/11\/Foto_PARACAIDISMO__4_-1024x682.jpg 1024w\" sizes=\"auto, (max-width: 300px) 100vw, 300px\" \/><\/a><\/p>\n<p style=\"text-align: left\"><strong>Lo necesario para saltar<\/strong>:<br \/>\n\u2022 Doble paraca\u00eddas: uno principal y uno de reserva. Disponen de varios dispositivos de apertura.<br \/>\n\u2022 Sistema de apertura cronobarom\u00e9trico: hace que el paraca\u00eddas se abra por s\u00ed solo a determinada altura, aunque el saltador no acciones el dispositivo. As\u00ed se garantiza el 100% de las aperturas y se evita el posible error humano.<br \/>\n\u2022 Alt\u00edmetro: puede ser visual o ac\u00fastico. \u00c9ste ultimo va acoplado en el casco y avisa de la altitud mediante un pitido, por lo que es m\u00e1s c\u00f3modo.<br \/>\n\u2022 Casco.<br \/>\n\u2022 Gafas.<br \/>\n\u2022 Guantes.<br \/>\n\u2022 Mono de salto con arn\u00e9s de sujeci\u00f3n.<\/p>\n<p>En Ecuador existen varios clubes que ofrecen la oportunidad de poder lanzarse en paraca\u00eddas, como:<\/p>\n<ul>\n<li><strong>Club aerodepotivo del Ecuador en el Aer\u00f3dromo Cerro Azul en el Km. 20 V\u00eda a la Costa<\/strong><\/li>\n<li><strong>Instituto de salto libre de Ecuador en Quito<\/strong><br \/>\n<strong> Club Escuela de Paracaidismo Azul Xtremo Ecuador en Salinas Sta. Elena.<\/strong><\/li>\n<\/ul>\n<div class=\"embed-container\"><iframe loading=\"lazy\" width=\"750\" height=\"422\" src=\"https:\/\/www.youtube.com\/embed\/dzGDvgYxLs4?feature=oembed\" frameborder=\"0\" allow=\"autoplay; encrypted-media\" allowfullscreen><\/iframe><\/div>\n<p>&nbsp;<\/p>\n<p style=\"text-align: center\"><strong>Canopy<\/strong><\/p>\n<p>El canopy es un deporte extremo que consiste en el desplazamiento pendiendo de cables que est\u00e1n trazados en bosques entre las ramas de \u00e1rboles. El nombre viene del dosel arb\u00f3reo, ya que muchos de estos cables se instalan atravesando los bosques. En el desarrollo ecotur\u00edstico de Kolem Jaa en Tapijulapa, Tabasco se localiza la segunda tirolesa m\u00e1s larga de Latinoam\u00e9rica. Cuenta con un total de 20 cables que atraviesan la regi\u00f3n boscosa de la reserva natural.<\/p>\n<p><a href=\"http:\/\/blog.espol.edu.ec\/jinfante\/files\/2014\/11\/lightbox01.jpg\"><img loading=\"lazy\" decoding=\"async\" src=\"http:\/\/blog.espol.edu.ec\/jinfante\/files\/2014\/11\/lightbox01-300x209.jpg\" alt=\"lightbox01\" width=\"300\" height=\"209\" class=\"alignright size-medium wp-image-260\" srcset=\"https:\/\/blog.espol.edu.ec\/jinfante\/files\/2014\/11\/lightbox01-300x209.jpg 300w, https:\/\/blog.espol.edu.ec\/jinfante\/files\/2014\/11\/lightbox01.jpg 736w\" sizes=\"auto, (max-width: 300px) 100vw, 300px\" \/><\/a><\/p>\n<p>Equipo necesario:<br \/>\n\u2022\tCascos.<br \/>\n\u2022\tGuantes.<br \/>\n\u2022\tPoleas.<br \/>\n\u2022\tArneses.<br \/>\n\u2022\tMosquetones.<\/p>\n<p><strong>Canopy en Ecuador<\/strong><br \/>\nEl canopy en el Ecuador, es un deporte recientemente practicado, pero ha ido ganando muchos adeptos, por lo que al momento varios lugares le ofrecer\u00e1n la oportunidad de vivir una experiencia ecol\u00f3gica diferente.<\/p>\n<p>Lugares como:<br \/>\n<strong>\u2022\tMindo<br \/>\n\u2022\tChachimbiro,<br \/>\n\u2022\tMonta\u00f1ita<br \/>\n\u2022\tEl parque Nay\u00f3n Xtreme Valley(Quito)<br \/>\n\u2022\tRicuarte(Cuenca)<br \/>\n\u2022\tCiudad de Ba\u00f1os, le dan la oportunidad de realizar canopy seguro, en medio de un espectacular entorno.<\/strong><\/p>\n<div class=\"embed-container\"><iframe loading=\"lazy\" width=\"750\" height=\"563\" src=\"https:\/\/www.youtube.com\/embed\/TCLRHDMpo18?feature=oembed\" frameborder=\"0\" allow=\"autoplay; encrypted-media\" allowfullscreen><\/iframe><\/div>\n","protected":false},"excerpt":{"rendered":"<p>Bungee jumping El puentismo en sustituci\u00f3n de la forma h\u00edbrida puenting, proveniente del sustantivo en espa\u00f1ol puente m\u00e1s el sufijo en ingl\u00e9s -ing; tambi\u00e9n conocido en ingl\u00e9s como bungee jumping o bungy jumping) es una actividad en la cual una persona se lanza desde una altura, generalmente cientos de metros, con uno de los puntos &hellip; <\/p>\n<p><a class=\"more-link btn\" href=\"https:\/\/blog.espol.edu.ec\/jinfante\/deportes-aereos\/\">Seguir leyendo<\/a><\/p>\n","protected":false},"author":9288,"featured_media":0,"parent":0,"menu_order":0,"comment_status":"open","ping_status":"open","template":"","meta":{"footnotes":""},"class_list":["post-252","page","type-page","status-publish","hentry","nodate","item-wrap"],"_links":{"self":[{"href":"https:\/\/blog.espol.edu.ec\/jinfante\/wp-json\/wp\/v2\/pages\/252","targetHints":{"allow":["GET"]}}],"collection":[{"href":"https:\/\/blog.espol.edu.ec\/jinfante\/wp-json\/wp\/v2\/pages"}],"about":[{"href":"https:\/\/blog.espol.edu.ec\/jinfante\/wp-json\/wp\/v2\/types\/page"}],"author":[{"embeddable":true,"href":"https:\/\/blog.espol.edu.ec\/jinfante\/wp-json\/wp\/v2\/users\/9288"}],"replies":[{"embeddable":true,"href":"https:\/\/blog.espol.edu.ec\/jinfante\/wp-json\/wp\/v2\/comments?post=252"}],"version-history":[{"count":5,"href":"https:\/\/blog.espol.edu.ec\/jinfante\/wp-json\/wp\/v2\/pages\/252\/revisions"}],"predecessor-version":[{"id":262,"href":"https:\/\/blog.espol.edu.ec\/jinfante\/wp-json\/wp\/v2\/pages\/252\/revisions\/262"}],"wp:attachment":[{"href":"https:\/\/blog.espol.edu.ec\/jinfante\/wp-json\/wp\/v2\/media?parent=252"}],"curies":[{"name":"wp","href":"https:\/\/api.w.org\/{rel}","templated":true}]}}