{"id":272,"date":"2014-11-10T00:13:25","date_gmt":"2014-11-10T00:13:25","guid":{"rendered":"http:\/\/blog.espol.edu.ec\/jinfante\/?page_id=272"},"modified":"2014-11-10T01:14:53","modified_gmt":"2014-11-10T01:14:53","slug":"top-ten","status":"publish","type":"page","link":"https:\/\/blog.espol.edu.ec\/jinfante\/top-ten\/","title":{"rendered":"TOP TEN"},"content":{"rendered":"<p>Seg\u00fan mi criterio este es mi TOP TEN de los deportes extremos m\u00e1s arriesgados, empezando en el puesto n\u00famero uno con el de mayor tasa de mortalidad.<\/p>\n<p><strong>Escalada libre<\/strong><\/p>\n<div class=\"embed-container\"><iframe loading=\"lazy\" width=\"750\" height=\"563\" src=\"https:\/\/www.youtube.com\/embed\/_XFoshCBbi8?feature=oembed\" frameborder=\"0\" allow=\"autoplay; encrypted-media\" allowfullscreen><\/iframe><\/div>\n<p><strong>Carrera de autos<\/strong><\/p>\n<div class=\"embed-container\"><iframe loading=\"lazy\" width=\"750\" height=\"563\" src=\"https:\/\/www.youtube.com\/embed\/GMxXHY1f8Xk?feature=oembed\" frameborder=\"0\" allow=\"autoplay; encrypted-media\" allowfullscreen><\/iframe><\/div>\n<p><strong>Caida libre<\/strong><\/p>\n<div class=\"embed-container\"><iframe loading=\"lazy\" width=\"750\" height=\"422\" src=\"https:\/\/www.youtube.com\/embed\/c9613bTfDjI?feature=oembed\" frameborder=\"0\" allow=\"autoplay; encrypted-media\" allowfullscreen><\/iframe><\/div>\n<p><strong>Bungee jumping<\/strong><\/p>\n<div class=\"embed-container\"><iframe loading=\"lazy\" width=\"750\" height=\"422\" src=\"https:\/\/www.youtube.com\/embed\/jM4He9lnTK0?feature=oembed\" frameborder=\"0\" allow=\"autoplay; encrypted-media\" allowfullscreen><\/iframe><\/div>\n<p><strong>Canopy<\/strong><\/p>\n<div class=\"embed-container\"><iframe loading=\"lazy\" width=\"750\" height=\"422\" src=\"https:\/\/www.youtube.com\/embed\/KIksO_-g_y8?feature=oembed\" frameborder=\"0\" allow=\"autoplay; encrypted-media\" allowfullscreen><\/iframe><\/div>\n<p><strong>Parapente<\/strong><\/p>\n<div class=\"embed-container\"><iframe loading=\"lazy\" width=\"750\" height=\"422\" src=\"https:\/\/www.youtube.com\/embed\/pyGyBthk2s4?feature=oembed\" frameborder=\"0\" allow=\"autoplay; encrypted-media\" allowfullscreen><\/iframe><\/div>\n<p><strong>Ala Delta<\/strong><\/p>\n<div class=\"embed-container\"><iframe loading=\"lazy\" width=\"750\" height=\"422\" src=\"https:\/\/www.youtube.com\/embed\/aglD6WN2HFQ?feature=oembed\" frameborder=\"0\" allow=\"autoplay; encrypted-media\" allowfullscreen><\/iframe><\/div>\n<p><strong>Rafting<\/strong><\/p>\n<div class=\"embed-container\"><iframe loading=\"lazy\" width=\"750\" height=\"422\" src=\"https:\/\/www.youtube.com\/embed\/NI-TZyAxJU0?feature=oembed\" frameborder=\"0\" allow=\"autoplay; encrypted-media\" allowfullscreen><\/iframe><\/div>\n<p><strong>Kayak<\/strong><\/p>\n<div class=\"embed-container\"><iframe loading=\"lazy\" width=\"750\" height=\"422\" src=\"https:\/\/www.youtube.com\/embed\/9QvNSIURj-c?feature=oembed\" frameborder=\"0\" allow=\"autoplay; encrypted-media\" allowfullscreen><\/iframe><\/div>\n<p><strong>Canyoning<\/strong><\/p>\n<div class=\"embed-container\"><iframe loading=\"lazy\" width=\"750\" height=\"422\" src=\"https:\/\/www.youtube.com\/embed\/vcd_a3hzzho?feature=oembed\" frameborder=\"0\" allow=\"autoplay; encrypted-media\" allowfullscreen><\/iframe><\/div>\n","protected":false},"excerpt":{"rendered":"<p>Seg\u00fan mi criterio este es mi TOP TEN de los deportes extremos m\u00e1s arriesgados, empezando en el puesto n\u00famero uno con el de mayor tasa de mortalidad. Escalada libre Carrera de autos Caida libre Bungee jumping Canopy Parapente Ala Delta Rafting Kayak Canyoning<\/p>\n","protected":false},"author":9288,"featured_media":0,"parent":0,"menu_order":0,"comment_status":"open","ping_status":"open","template":"","meta":{"footnotes":""},"class_list":["post-272","page","type-page","status-publish","hentry","nodate","item-wrap"],"_links":{"self":[{"href":"https:\/\/blog.espol.edu.ec\/jinfante\/wp-json\/wp\/v2\/pages\/272","targetHints":{"allow":["GET"]}}],"collection":[{"href":"https:\/\/blog.espol.edu.ec\/jinfante\/wp-json\/wp\/v2\/pages"}],"about":[{"href":"https:\/\/blog.espol.edu.ec\/jinfante\/wp-json\/wp\/v2\/types\/page"}],"author":[{"embeddable":true,"href":"https:\/\/blog.espol.edu.ec\/jinfante\/wp-json\/wp\/v2\/users\/9288"}],"replies":[{"embeddable":true,"href":"https:\/\/blog.espol.edu.ec\/jinfante\/wp-json\/wp\/v2\/comments?post=272"}],"version-history":[{"count":5,"href":"https:\/\/blog.espol.edu.ec\/jinfante\/wp-json\/wp\/v2\/pages\/272\/revisions"}],"predecessor-version":[{"id":279,"href":"https:\/\/blog.espol.edu.ec\/jinfante\/wp-json\/wp\/v2\/pages\/272\/revisions\/279"}],"wp:attachment":[{"href":"https:\/\/blog.espol.edu.ec\/jinfante\/wp-json\/wp\/v2\/media?parent=272"}],"curies":[{"name":"wp","href":"https:\/\/api.w.org\/{rel}","templated":true}]}}