{"id":2,"date":"2009-10-24T21:47:36","date_gmt":"2009-10-25T02:47:36","guid":{"rendered":""},"modified":"2009-10-24T22:54:27","modified_gmt":"2009-10-25T03:54:27","slug":"about","status":"publish","type":"page","link":"https:\/\/blog.espol.edu.ec\/jisandoy\/about\/","title":{"rendered":"Ivan Sandoya"},"content":{"rendered":"<p>Optar\u00e9 por describirme de forma b\u00e1sica \ud83d\ude42 soy estudiante de la carrera Ingenier\u00eda en Ciencias Computacionales de la Espol. Me interesa demasiado la capacidad que cada uno de nosotros tenemos para emprender innovando nuevos servicios a la sociedad.<\/p>\n<p><img loading=\"lazy\" decoding=\"async\" class=\"alignleft size-medium wp-image-10\" src=\"http:\/\/blog.espol.edu.ec\/jisandoy\/files\/2009\/10\/gaby009-225x300.jpg\" alt=\"gaby009\" width=\"225\" height=\"300\" srcset=\"https:\/\/blog.espol.edu.ec\/jisandoy\/files\/2009\/10\/gaby009-225x300.jpg 225w, https:\/\/blog.espol.edu.ec\/jisandoy\/files\/2009\/10\/gaby009-768x1024.jpg 768w, https:\/\/blog.espol.edu.ec\/jisandoy\/files\/2009\/10\/gaby009.jpg 1200w\" sizes=\"auto, (max-width: 225px) 100vw, 225px\" \/><\/p>\n<p>Algo m\u00e1s personal que puedo compartirles es que soy muy creyente en Dios, asisto a una agrupaci\u00f3n del Opus Dei y la filosof\u00eda que practicamos es de Santificarnos por medio del trabajo: esto implica hacer un trabajo de manera eficiente y eficaz.<\/p>\n<p>Me pueden tambi\u00e9n contactar en mi sitio de Facebook: \u00a0<a href=\"http:\/\/facebook.com\/ivan.sandoya\">www.facebook.com\/ivan.sandoya<\/a><\/p>\n","protected":false},"excerpt":{"rendered":"<p>Optar\u00e9 por describirme de forma b\u00e1sica \ud83d\ude42 soy estudiante de la carrera Ingenier\u00eda en Ciencias Computacionales de la Espol. Me interesa demasiado la capacidad que cada uno de nosotros tenemos para emprender innovando nuevos servicios a la sociedad. Algo m\u00e1s personal que puedo compartirles es que soy muy creyente en Dios, asisto a una agrupaci\u00f3n [&hellip;]<\/p>\n","protected":false},"author":3211,"featured_media":0,"parent":0,"menu_order":0,"comment_status":"open","ping_status":"open","template":"","meta":{"_monsterinsights_skip_tracking":false,"_monsterinsights_sitenote_active":false,"_monsterinsights_sitenote_note":"","_monsterinsights_sitenote_category":0,"footnotes":""},"class_list":["post-2","page","type-page","status-publish","hentry"],"_links":{"self":[{"href":"https:\/\/blog.espol.edu.ec\/jisandoy\/wp-json\/wp\/v2\/pages\/2","targetHints":{"allow":["GET"]}}],"collection":[{"href":"https:\/\/blog.espol.edu.ec\/jisandoy\/wp-json\/wp\/v2\/pages"}],"about":[{"href":"https:\/\/blog.espol.edu.ec\/jisandoy\/wp-json\/wp\/v2\/types\/page"}],"author":[{"embeddable":true,"href":"https:\/\/blog.espol.edu.ec\/jisandoy\/wp-json\/wp\/v2\/users\/3211"}],"replies":[{"embeddable":true,"href":"https:\/\/blog.espol.edu.ec\/jisandoy\/wp-json\/wp\/v2\/comments?post=2"}],"version-history":[{"count":6,"href":"https:\/\/blog.espol.edu.ec\/jisandoy\/wp-json\/wp\/v2\/pages\/2\/revisions"}],"predecessor-version":[{"id":11,"href":"https:\/\/blog.espol.edu.ec\/jisandoy\/wp-json\/wp\/v2\/pages\/2\/revisions\/11"}],"wp:attachment":[{"href":"https:\/\/blog.espol.edu.ec\/jisandoy\/wp-json\/wp\/v2\/media?parent=2"}],"curies":[{"name":"wp","href":"https:\/\/api.w.org\/{rel}","templated":true}]}}