{"id":13,"date":"2015-11-13T07:06:44","date_gmt":"2015-11-13T07:06:44","guid":{"rendered":"http:\/\/blog.espol.edu.ec\/jjcapelo\/?page_id=13"},"modified":"2015-11-13T07:43:07","modified_gmt":"2015-11-13T07:43:07","slug":"the-walking-dead","status":"publish","type":"page","link":"https:\/\/blog.espol.edu.ec\/jjcapelo\/the-walking-dead\/","title":{"rendered":"The Walking Dead"},"content":{"rendered":"<p>Comenz\u00f3 la sexta temporada del mas grande fen\u00f3meno televisivo de la d\u00e9cada<\/p>\n<p><a href=\"http:\/\/blog.espol.edu.ec\/jjcapelo\/files\/2015\/11\/twd1.jpg\"><img loading=\"lazy\" decoding=\"async\" class=\"alignnone size-medium wp-image-14\" src=\"http:\/\/blog.espol.edu.ec\/jjcapelo\/files\/2015\/11\/twd1-300x224.jpg\" alt=\"twd1\" width=\"300\" height=\"224\" srcset=\"https:\/\/blog.espol.edu.ec\/jjcapelo\/files\/2015\/11\/twd1-300x224.jpg 300w, https:\/\/blog.espol.edu.ec\/jjcapelo\/files\/2015\/11\/twd1-1024x766.jpg 1024w\" sizes=\"auto, (max-width: 300px) 100vw, 300px\" \/><\/a><\/p>\n<p>sigue\u00a0la sexta temporada en el siguiente link:<\/p>\n<p><a href=\"http:\/\/www.verseriesynovelas.tv\/2015\/10\/the-walking-dead-temporada-6.html\" target=\"_blank\">The Walking Dead 6ta temporada<\/a><\/p>\n<p>algunas curiosidades de la serie:<\/p>\n<p><a href=\"https:\/\/www.youtube.com\/watch?v=g6bHgmCqfHY\" target=\"_blank\">20 CURIOSIDADES DE THE WALKING DEAD<\/a><\/p>\n<p>Mira lo que dicen de la serie:<\/p>\n<p><a href=\"http:\/\/www.taringa.net\/posts\/tv-peliculas-series\/18889355\/TWD-Scott-Gimple-la-temporada-6-es-la-mas-grande-de-todas.html\" target=\"_blank\">TWD: Scott Gimple \"la temporada 6 es la m\u00e1s grande de todas\"<\/a><\/p>\n","protected":false},"excerpt":{"rendered":"<p>Comenz\u00f3 la sexta temporada del mas grande fen\u00f3meno televisivo de la d\u00e9cada sigue\u00a0la sexta temporada en el siguiente link: The Walking Dead 6ta temporada algunas curiosidades de la serie: 20 CURIOSIDADES DE THE WALKING DEAD Mira lo que dicen de la serie: TWD: Scott Gimple \"la temporada 6 es la m\u00e1s grande de todas\"<\/p>\n","protected":false},"author":9956,"featured_media":0,"parent":0,"menu_order":0,"comment_status":"closed","ping_status":"closed","template":"","meta":{"footnotes":""},"class_list":["post-13","page","type-page","status-publish","hentry"],"_links":{"self":[{"href":"https:\/\/blog.espol.edu.ec\/jjcapelo\/wp-json\/wp\/v2\/pages\/13","targetHints":{"allow":["GET"]}}],"collection":[{"href":"https:\/\/blog.espol.edu.ec\/jjcapelo\/wp-json\/wp\/v2\/pages"}],"about":[{"href":"https:\/\/blog.espol.edu.ec\/jjcapelo\/wp-json\/wp\/v2\/types\/page"}],"author":[{"embeddable":true,"href":"https:\/\/blog.espol.edu.ec\/jjcapelo\/wp-json\/wp\/v2\/users\/9956"}],"replies":[{"embeddable":true,"href":"https:\/\/blog.espol.edu.ec\/jjcapelo\/wp-json\/wp\/v2\/comments?post=13"}],"version-history":[{"count":6,"href":"https:\/\/blog.espol.edu.ec\/jjcapelo\/wp-json\/wp\/v2\/pages\/13\/revisions"}],"predecessor-version":[{"id":35,"href":"https:\/\/blog.espol.edu.ec\/jjcapelo\/wp-json\/wp\/v2\/pages\/13\/revisions\/35"}],"wp:attachment":[{"href":"https:\/\/blog.espol.edu.ec\/jjcapelo\/wp-json\/wp\/v2\/media?parent=13"}],"curies":[{"name":"wp","href":"https:\/\/api.w.org\/{rel}","templated":true}]}}