{"id":180,"date":"2022-06-18T14:50:51","date_gmt":"2022-06-18T19:50:51","guid":{"rendered":"http:\/\/blog.espol.edu.ec\/jjlainez\/?page_id=180"},"modified":"2022-06-22T07:41:15","modified_gmt":"2022-06-22T12:41:15","slug":"calculo-de-varias-variables","status":"publish","type":"page","link":"https:\/\/blog.espol.edu.ec\/jjlainez\/calculo-de-varias-variables\/","title":{"rendered":"C\u00e1lculo de Varias Variables"},"content":{"rendered":"<div id=\"pl-180\"  class=\"panel-layout\" ><div id=\"pg-180-0\"  class=\"panel-grid panel-no-style\" ><div id=\"pgc-180-0-0\"  class=\"panel-grid-cell\" ><div id=\"panel-180-0-0-0\" class=\"so-panel widget widget_sow-editor panel-first-child\" data-index=\"0\" ><div\n\t\t\t\n\t\t\tclass=\"so-widget-sow-editor so-widget-sow-editor-base\"\n\t\t\t\n\t\t><h3 class=\"widget-title\">Ecuaciones Param\u00e9tricas<\/h3>\n<div class=\"siteorigin-widget-tinymce textwidget\">\n\t<p>&nbsp;<\/p>\n<p>Cuando necesitamos representar una trayectoria de un robot m\u00f3vil\u00a0 , debemos usar las ecuaciones param\u00e9tricas. En las ecuaciones param\u00e9tricas\u00a0 los puntos de la funci\u00f3n est\u00e1n dados por los puntos (x ,y) en funci\u00f3n de una variable independiente, por ejemplo t , que representa al tiempo.<\/p>\n<p>Usando MATLAB o cualquier otra plataforma que grafique funciones param\u00e9tricas podemos graficar una<\/p>\n<p>circunferencia.<\/p>\n<p>Ejemplo: Codigo de MATLAB para graficar una circunferencia<\/p>\n<p>clearvars;<br \/>\nt=linspace(0,2*pi,100); % Definimos el rango<br \/>\nx=cos(t); % Ecuaci\u00f3n param\u00e9trica de x en funcio\u00f3n de t<br \/>\ny=sin(t); % Ecuaci\u00f3n param\u00e9trica de y en funcion de t<br \/>\nplot(x,y) ,axis equal; % Instrucci\u00f3n de graficar y mostrar los ejes en proporci\u00f3n 1:1<\/p>\n<pre><img loading=\"lazy\" decoding=\"async\" class=\"size-medium wp-image-205 aligncenter\" src=\"http:\/\/blog.espol.edu.ec\/jjlainez\/files\/2022\/06\/circunferencia1-286x300.png\" alt=\"\" width=\"286\" height=\"300\" srcset=\"https:\/\/blog.espol.edu.ec\/jjlainez\/files\/2022\/06\/circunferencia1-286x300.png 286w, https:\/\/blog.espol.edu.ec\/jjlainez\/files\/2022\/06\/circunferencia1-768x805.png 768w, https:\/\/blog.espol.edu.ec\/jjlainez\/files\/2022\/06\/circunferencia1.png 910w\" sizes=\"auto, (max-width: 286px) 100vw, 286px\" \/>\n\n<\/pre>\n<\/div>\n<\/div><\/div><div id=\"panel-180-0-0-1\" class=\"so-panel widget widget_sow-editor panel-last-child\" data-index=\"1\" ><div\n\t\t\t\n\t\t\tclass=\"so-widget-sow-editor so-widget-sow-editor-base\"\n\t\t\t\n\t\t>\n<div class=\"siteorigin-widget-tinymce textwidget\">\n\t<p><strong>Ejemplos de gr\u00e1ficos de ecuaciones param\u00e9tricas\u00a0<\/strong><\/p>\n<\/div>\n<\/div><\/div><\/div><\/div><div id=\"pg-180-1\"  class=\"panel-grid panel-no-style\" ><div id=\"pgc-180-1-0\"  class=\"panel-grid-cell panel-grid-cell-empty\" ><\/div><\/div><div id=\"pg-180-2\"  class=\"panel-grid panel-no-style\" ><div id=\"pgc-180-2-0\"  class=\"panel-grid-cell\" ><div id=\"panel-180-2-0-0\" class=\"so-panel widget widget_media_image panel-first-child panel-last-child\" data-index=\"2\" ><h3 class=\"widget-title\">F1<\/h3><img loading=\"lazy\" decoding=\"async\" width=\"300\" height=\"298\" src=\"https:\/\/blog.espol.edu.ec\/jjlainez\/files\/2022\/06\/FF2-300x298.png\" class=\"image wp-image-211  attachment-medium size-medium\" alt=\"\" style=\"max-width: 100%; height: auto;\" srcset=\"https:\/\/blog.espol.edu.ec\/jjlainez\/files\/2022\/06\/FF2-300x298.png 300w, https:\/\/blog.espol.edu.ec\/jjlainez\/files\/2022\/06\/FF2-150x150.png 150w, https:\/\/blog.espol.edu.ec\/jjlainez\/files\/2022\/06\/FF2.png 715w\" sizes=\"auto, (max-width: 300px) 100vw, 300px\" \/><\/div><\/div><div id=\"pgc-180-2-1\"  class=\"panel-grid-cell\" ><div id=\"panel-180-2-1-0\" class=\"so-panel widget widget_media_image panel-first-child panel-last-child\" data-index=\"3\" ><h3 class=\"widget-title\">F2<\/h3><img loading=\"lazy\" decoding=\"async\" width=\"300\" height=\"300\" src=\"https:\/\/blog.espol.edu.ec\/jjlainez\/files\/2022\/06\/FF3-300x300.png\" class=\"image wp-image-210  attachment-medium size-medium\" alt=\"\" style=\"max-width: 100%; height: auto;\" srcset=\"https:\/\/blog.espol.edu.ec\/jjlainez\/files\/2022\/06\/FF3-300x300.png 300w, https:\/\/blog.espol.edu.ec\/jjlainez\/files\/2022\/06\/FF3-150x150.png 150w, https:\/\/blog.espol.edu.ec\/jjlainez\/files\/2022\/06\/FF3.png 705w\" sizes=\"auto, (max-width: 300px) 100vw, 300px\" \/><\/div><\/div><div id=\"pgc-180-2-2\"  class=\"panel-grid-cell\" ><div id=\"panel-180-2-2-0\" class=\"so-panel widget widget_media_image panel-first-child panel-last-child\" data-index=\"4\" ><h3 class=\"widget-title\">F3<\/h3><div style=\"width: 304px\" class=\"wp-caption alignnone\"><img loading=\"lazy\" decoding=\"async\" width=\"294\" height=\"300\" src=\"https:\/\/blog.espol.edu.ec\/jjlainez\/files\/2022\/06\/F1-294x300.png\" class=\"image wp-image-212  attachment-medium size-medium\" alt=\"\" style=\"max-width: 100%; height: auto;\" srcset=\"https:\/\/blog.espol.edu.ec\/jjlainez\/files\/2022\/06\/F1-294x300.png 294w, https:\/\/blog.espol.edu.ec\/jjlainez\/files\/2022\/06\/F1.png 754w\" sizes=\"auto, (max-width: 294px) 100vw, 294px\" \/><p class=\"wp-caption-text\">F2<\/p><\/div><\/div><\/div><\/div><div id=\"pg-180-3\"  class=\"panel-grid panel-no-style\" ><div id=\"pgc-180-3-0\"  class=\"panel-grid-cell\" ><div id=\"panel-180-3-0-0\" class=\"so-panel widget widget_media_image panel-first-child panel-last-child\" data-index=\"5\" ><h3 class=\"widget-title\">F4<\/h3><img loading=\"lazy\" decoding=\"async\" width=\"286\" height=\"300\" src=\"https:\/\/blog.espol.edu.ec\/jjlainez\/files\/2022\/06\/circunferencia1-286x300.png\" class=\"image wp-image-205  attachment-medium size-medium\" alt=\"\" style=\"max-width: 100%; height: auto;\" srcset=\"https:\/\/blog.espol.edu.ec\/jjlainez\/files\/2022\/06\/circunferencia1-286x300.png 286w, https:\/\/blog.espol.edu.ec\/jjlainez\/files\/2022\/06\/circunferencia1-768x805.png 768w, https:\/\/blog.espol.edu.ec\/jjlainez\/files\/2022\/06\/circunferencia1.png 910w\" sizes=\"auto, (max-width: 286px) 100vw, 286px\" \/><\/div><\/div><div id=\"pgc-180-3-1\"  class=\"panel-grid-cell\" ><div id=\"panel-180-3-1-0\" class=\"so-panel widget widget_media_image panel-first-child panel-last-child\" data-index=\"6\" ><h3 class=\"widget-title\">F5<\/h3><div style=\"width: 310px\" class=\"wp-caption alignnone\"><img loading=\"lazy\" decoding=\"async\" width=\"300\" height=\"300\" src=\"https:\/\/blog.espol.edu.ec\/jjlainez\/files\/2022\/06\/FF6-300x300.png\" class=\"image wp-image-207  attachment-medium size-medium\" alt=\"\" style=\"max-width: 100%; height: auto;\" srcset=\"https:\/\/blog.espol.edu.ec\/jjlainez\/files\/2022\/06\/FF6-300x300.png 300w, https:\/\/blog.espol.edu.ec\/jjlainez\/files\/2022\/06\/FF6-150x150.png 150w, https:\/\/blog.espol.edu.ec\/jjlainez\/files\/2022\/06\/FF6.png 681w\" sizes=\"auto, (max-width: 300px) 100vw, 300px\" \/><p class=\"wp-caption-text\">F1<\/p><\/div><\/div><\/div><div id=\"pgc-180-3-2\"  class=\"panel-grid-cell\" ><div id=\"panel-180-3-2-0\" class=\"so-panel widget widget_media_image panel-first-child panel-last-child\" data-index=\"7\" ><h3 class=\"widget-title\">F6<\/h3><div style=\"width: 310px\" class=\"wp-caption alignnone\"><img loading=\"lazy\" decoding=\"async\" width=\"300\" height=\"300\" src=\"https:\/\/blog.espol.edu.ec\/jjlainez\/files\/2022\/06\/FF6-300x300.png\" class=\"image wp-image-207  attachment-medium size-medium\" alt=\"\" style=\"max-width: 100%; height: auto;\" srcset=\"https:\/\/blog.espol.edu.ec\/jjlainez\/files\/2022\/06\/FF6-300x300.png 300w, https:\/\/blog.espol.edu.ec\/jjlainez\/files\/2022\/06\/FF6-150x150.png 150w, https:\/\/blog.espol.edu.ec\/jjlainez\/files\/2022\/06\/FF6.png 681w\" sizes=\"auto, (max-width: 300px) 100vw, 300px\" \/><p class=\"wp-caption-text\">F1<\/p><\/div><\/div><\/div><\/div><div id=\"pg-180-4\"  class=\"panel-grid panel-no-style\" ><div id=\"pgc-180-4-0\"  class=\"panel-grid-cell\" ><div id=\"panel-180-4-0-0\" class=\"so-panel widget widget_media_image panel-first-child panel-last-child\" data-index=\"8\" ><h3 class=\"widget-title\">F7<\/h3><img loading=\"lazy\" decoding=\"async\" width=\"300\" height=\"300\" src=\"https:\/\/blog.espol.edu.ec\/jjlainez\/files\/2022\/06\/FF7-300x300.png\" class=\"image wp-image-219  attachment-medium size-medium\" alt=\"\" style=\"max-width: 100%; height: auto;\" srcset=\"https:\/\/blog.espol.edu.ec\/jjlainez\/files\/2022\/06\/FF7-300x300.png 300w, https:\/\/blog.espol.edu.ec\/jjlainez\/files\/2022\/06\/FF7-150x150.png 150w, https:\/\/blog.espol.edu.ec\/jjlainez\/files\/2022\/06\/FF7.png 629w\" sizes=\"auto, (max-width: 300px) 100vw, 300px\" \/><\/div><\/div><div id=\"pgc-180-4-1\"  class=\"panel-grid-cell\" ><div id=\"panel-180-4-1-0\" class=\"so-panel widget widget_media_image panel-first-child panel-last-child\" data-index=\"9\" ><h3 class=\"widget-title\">F8<\/h3><img loading=\"lazy\" decoding=\"async\" width=\"300\" height=\"293\" src=\"https:\/\/blog.espol.edu.ec\/jjlainez\/files\/2022\/06\/FF8-300x293.png\" class=\"image wp-image-220  attachment-medium size-medium\" alt=\"\" style=\"max-width: 100%; height: auto;\" srcset=\"https:\/\/blog.espol.edu.ec\/jjlainez\/files\/2022\/06\/FF8-300x293.png 300w, https:\/\/blog.espol.edu.ec\/jjlainez\/files\/2022\/06\/FF8.png 620w\" sizes=\"auto, (max-width: 300px) 100vw, 300px\" \/><\/div><\/div><div id=\"pgc-180-4-2\"  class=\"panel-grid-cell\" ><div id=\"panel-180-4-2-0\" class=\"so-panel widget widget_media_image panel-first-child panel-last-child\" data-index=\"10\" ><h3 class=\"widget-title\">F9<\/h3><img loading=\"lazy\" decoding=\"async\" width=\"300\" height=\"296\" src=\"https:\/\/blog.espol.edu.ec\/jjlainez\/files\/2022\/06\/ff10-300x296.png\" class=\"image wp-image-213  attachment-medium size-medium\" alt=\"\" style=\"max-width: 100%; height: auto;\" srcset=\"https:\/\/blog.espol.edu.ec\/jjlainez\/files\/2022\/06\/ff10-300x296.png 300w, https:\/\/blog.espol.edu.ec\/jjlainez\/files\/2022\/06\/ff10.png 626w\" sizes=\"auto, (max-width: 300px) 100vw, 300px\" \/><\/div><\/div><\/div><div id=\"pg-180-5\"  class=\"panel-grid panel-no-style\" ><div id=\"pgc-180-5-0\"  class=\"panel-grid-cell\" ><div id=\"panel-180-5-0-0\" class=\"so-panel widget widget_sow-editor panel-first-child panel-last-child\" data-index=\"11\" ><div\n\t\t\t\n\t\t\tclass=\"so-widget-sow-editor so-widget-sow-editor-base\"\n\t\t\t\n\t\t>\n<div class=\"siteorigin-widget-tinymce textwidget\">\n\t<p>&nbsp;<\/p>\n<p>Encontrar la Correspondencia de la funci\u00f3n param\u00e9trica con el Gr\u00e1fico del F1 al F9<\/p>\n<p>x = t ; y = -t<\/p>\n<p>x = t\u00a0\u00a0 ; y = t<\/p>\n<p>x = cos(t).\u00a0 ;\u00a0 y = sin(t)f<\/p>\n<p>x = -t ; y = t<\/p>\n<p>x = cos(t)\u00a0 ;\u00a0\u00a0 y= sin(2t)<\/p>\n<p>x = cos(t) + 1 ; y = sin(t)<\/p>\n<p>x = cos(t) + 1 ; y = sin(t) \u2013 3x=sen t+21 cos 5t+41 sen 13t \u00a0\u00a0\u00a0;\u00a0\u00a0 y=cos t+21 sen 5t+41 cos 13t<\/p>\n<p>x = cos(2t). ; y = sin(t)<\/p>\n<p>x=sen t - 21 cos 5t - 41 sen 13t \u00a0\u00a0\u00a0;\u00a0\u00a0 y=cos t+21 sen 5t+41 cos 13t<\/p>\n<\/div>\n<\/div><\/div><\/div><\/div><\/div>","protected":false},"excerpt":{"rendered":"<p>&nbsp; Cuando necesitamos representar una trayectoria de un robot m\u00f3vil\u00a0 , debemos usar las ecuaciones param\u00e9tricas. En las ecuaciones param\u00e9tricas\u00a0 los puntos de la funci\u00f3n est\u00e1n dados por los puntos (x ,y) en funci\u00f3n de una variable independiente, por ejemplo t , que representa al tiempo. Usando MATLAB o cualquier otra plataforma que grafique funciones [&hellip;]<\/p>\n","protected":false},"author":11236,"featured_media":0,"parent":0,"menu_order":0,"comment_status":"closed","ping_status":"closed","template":"","meta":{"footnotes":""},"class_list":["post-180","page","type-page","status-publish","hentry"],"_links":{"self":[{"href":"https:\/\/blog.espol.edu.ec\/jjlainez\/wp-json\/wp\/v2\/pages\/180","targetHints":{"allow":["GET"]}}],"collection":[{"href":"https:\/\/blog.espol.edu.ec\/jjlainez\/wp-json\/wp\/v2\/pages"}],"about":[{"href":"https:\/\/blog.espol.edu.ec\/jjlainez\/wp-json\/wp\/v2\/types\/page"}],"author":[{"embeddable":true,"href":"https:\/\/blog.espol.edu.ec\/jjlainez\/wp-json\/wp\/v2\/users\/11236"}],"replies":[{"embeddable":true,"href":"https:\/\/blog.espol.edu.ec\/jjlainez\/wp-json\/wp\/v2\/comments?post=180"}],"version-history":[{"count":12,"href":"https:\/\/blog.espol.edu.ec\/jjlainez\/wp-json\/wp\/v2\/pages\/180\/revisions"}],"predecessor-version":[{"id":227,"href":"https:\/\/blog.espol.edu.ec\/jjlainez\/wp-json\/wp\/v2\/pages\/180\/revisions\/227"}],"wp:attachment":[{"href":"https:\/\/blog.espol.edu.ec\/jjlainez\/wp-json\/wp\/v2\/media?parent=180"}],"curies":[{"name":"wp","href":"https:\/\/api.w.org\/{rel}","templated":true}]}}