{"id":185,"date":"2022-06-20T15:38:46","date_gmt":"2022-06-20T20:38:46","guid":{"rendered":"http:\/\/blog.espol.edu.ec\/jjlainez\/?page_id=185"},"modified":"2022-07-04T16:23:54","modified_gmt":"2022-07-04T21:23:54","slug":"actividades","status":"publish","type":"page","link":"https:\/\/blog.espol.edu.ec\/jjlainez\/actividades\/","title":{"rendered":"Actividades de Proyectos de Investigacion"},"content":{"rendered":"<div id=\"pl-185\"  class=\"panel-layout\" ><div id=\"pg-185-0\"  class=\"panel-grid panel-no-style\" ><div id=\"pgc-185-0-0\"  class=\"panel-grid-cell\" ><div id=\"panel-185-0-0-0\" class=\"so-panel widget widget_sow-editor panel-first-child panel-last-child\" data-index=\"0\" ><div\n\t\t\t\n\t\t\tclass=\"so-widget-sow-editor so-widget-sow-editor-base\"\n\t\t\t\n\t\t><h3 class=\"widget-title\">Modelado matem\u00e1tico para Temperatura de Confort <\/h3>\n<div class=\"siteorigin-widget-tinymce textwidget\">\n\t<div><span style=\"color: #ff0000\">Actividad Opcional 1 para Proyecto 1er Parcial<\/span><\/div>\n<div><\/div>\n<div><\/div>\n<div>El proyecto del primer parcial de Automatizaci\u00f3n Industrial es un trabajo individual a ser asignado en las pr\u00f3ximas semanas antes del examen .<\/div>\n<div>Hay una actividad para un proyecto de investigaci\u00f3n , que puede ser como nota de este proyecto :<\/div>\n<div>Consiste en la toma de Datos de Temperatura y de Par\u00e1metros el\u00e9ctricos en un local determinado en Guayaquil ubicado al norte.<\/div>\n<div>Las fechas son para Mi\u00e9rcoles 29 de Junio de 2022 y Viernes 1 de Julio de 2022 de 9:00 a 13:00 y 13:00 a 17 .<\/div>\n<div>Es decir se pueden configurar 2 grupos , cada grupo :<\/div>\n<div>Tendr\u00e1:<\/div>\n<div>1 lector de Par\u00e1metros El\u00e9ctricos<\/div>\n<div>1 digitador de Par\u00e1metros El\u00e9ctricos<\/div>\n<div>3 lectores de Temperatura<\/div>\n<div>1 digitador de Temperatura<\/div>\n<div><\/div>\n<div>Es decir podr\u00e1n participar 12 estudiantes ,es decir\u00a0\u00a04 por curso de automatizaci\u00f3n<\/div>\n<div><\/div>\n<div>Los alumnos interasados enviar CV a jjlainez@espol.edu.ec<\/div>\n<div><\/div>\n<div><\/div>\n<\/div>\n<\/div><\/div><\/div><\/div><div id=\"pg-185-1\"  class=\"panel-grid panel-no-style\" ><div id=\"pgc-185-1-0\"  class=\"panel-grid-cell\" ><div id=\"panel-185-1-0-0\" class=\"so-panel widget widget_sow-editor panel-first-child panel-last-child\" data-index=\"1\" ><div\n\t\t\t\n\t\t\tclass=\"so-widget-sow-editor so-widget-sow-editor-base\"\n\t\t\t\n\t\t>\n<div class=\"siteorigin-widget-tinymce textwidget\">\n\t<p><iframe loading=\"lazy\" title=\"Identificaci\u00f3n de un Sistema de Climatizaci\u00f3n con Matlab , Caso 1\" width=\"500\" height=\"281\" src=\"https:\/\/www.youtube.com\/embed\/FYtxS64Q4zo?feature=oembed\" frameborder=\"0\" allow=\"accelerometer; autoplay; clipboard-write; encrypted-media; gyroscope; picture-in-picture; web-share\" referrerpolicy=\"strict-origin-when-cross-origin\" allowfullscreen><\/iframe><\/p>\n<\/div>\n<\/div><\/div><\/div><\/div><div id=\"pg-185-2\"  class=\"panel-grid panel-no-style\" ><div id=\"pgc-185-2-0\"  class=\"panel-grid-cell\" ><div id=\"panel-185-2-0-0\" class=\"so-panel widget widget_sow-editor panel-first-child panel-last-child\" data-index=\"2\" ><div\n\t\t\t\n\t\t\tclass=\"so-widget-sow-editor so-widget-sow-editor-base\"\n\t\t\t\n\t\t><h3 class=\"widget-title\">Actividad 2 : Digitalizacion<\/h3>\n<div class=\"siteorigin-widget-tinymce textwidget\">\n\t<div><span style=\"color: #ff0000\">Actividad Opcional 2 para Proyecto 1er Parcial<\/span><\/div>\n<div><\/div>\n<div><\/div>\n<div>El proyecto del primer parcial de Automatizaci\u00f3n Industrial es un trabajo individual a ser asignado en las pr\u00f3ximas semanas antes del examen .<\/div>\n<div>Hay una actividad para un proyecto de investigaci\u00f3n , que puede ser como nota de este proyecto :<\/div>\n<div>Consiste en digitalizaci\u00f3n de Datos de Temperatura y de Par\u00e1metros el\u00e9ctricos en un local determinado en Guayaquil ubicado al norte.<\/div>\n<div>Las fechas son para Jueves 7 de Julio de 2022 y Viernes 8 de Julio de 2022 de 9:00 a 13:00<\/div>\n<div><\/div>\n<div>Recursos 4 estudiantes<\/div>\n<div><\/div>\n<div>2 digitadores por d\u00eda<\/div>\n<div><\/div>\n<div>Los alumnos interesados enviar CV a jjlainez@espol.edu.ec<\/div>\n<div><\/div>\n<\/div>\n<\/div><\/div><\/div><\/div><\/div>","protected":false},"excerpt":{"rendered":"<p>Actividad Opcional 1 para Proyecto 1er Parcial El proyecto del primer parcial de Automatizaci\u00f3n Industrial es un trabajo individual a ser asignado en las pr\u00f3ximas semanas antes del examen . Hay una actividad para un proyecto de investigaci\u00f3n , que puede ser como nota de este proyecto : Consiste en la toma de Datos de [&hellip;]<\/p>\n","protected":false},"author":11236,"featured_media":0,"parent":0,"menu_order":0,"comment_status":"closed","ping_status":"closed","template":"","meta":{"footnotes":""},"class_list":["post-185","page","type-page","status-publish","hentry"],"_links":{"self":[{"href":"https:\/\/blog.espol.edu.ec\/jjlainez\/wp-json\/wp\/v2\/pages\/185","targetHints":{"allow":["GET"]}}],"collection":[{"href":"https:\/\/blog.espol.edu.ec\/jjlainez\/wp-json\/wp\/v2\/pages"}],"about":[{"href":"https:\/\/blog.espol.edu.ec\/jjlainez\/wp-json\/wp\/v2\/types\/page"}],"author":[{"embeddable":true,"href":"https:\/\/blog.espol.edu.ec\/jjlainez\/wp-json\/wp\/v2\/users\/11236"}],"replies":[{"embeddable":true,"href":"https:\/\/blog.espol.edu.ec\/jjlainez\/wp-json\/wp\/v2\/comments?post=185"}],"version-history":[{"count":10,"href":"https:\/\/blog.espol.edu.ec\/jjlainez\/wp-json\/wp\/v2\/pages\/185\/revisions"}],"predecessor-version":[{"id":362,"href":"https:\/\/blog.espol.edu.ec\/jjlainez\/wp-json\/wp\/v2\/pages\/185\/revisions\/362"}],"wp:attachment":[{"href":"https:\/\/blog.espol.edu.ec\/jjlainez\/wp-json\/wp\/v2\/media?parent=185"}],"curies":[{"name":"wp","href":"https:\/\/api.w.org\/{rel}","templated":true}]}}