{"id":2,"date":"2022-03-07T21:08:09","date_gmt":"2022-03-07T20:08:09","guid":{"rendered":"http:\/\/blog.espol.edu.ec\/jjlainez\/?page_id=2"},"modified":"2025-04-08T23:07:58","modified_gmt":"2025-04-09T04:07:58","slug":"cv","status":"publish","type":"page","link":"https:\/\/blog.espol.edu.ec\/jjlainez\/","title":{"rendered":"Hoja de Vida"},"content":{"rendered":"<div id=\"pl-2\"  class=\"panel-layout\" ><div id=\"pg-2-0\"  class=\"panel-grid panel-no-style\" ><div id=\"pgc-2-0-0\"  class=\"panel-grid-cell\" ><div id=\"panel-2-0-0-0\" class=\"so-panel widget widget_media_image panel-first-child\" data-index=\"0\" ><img loading=\"lazy\" decoding=\"async\" width=\"215\" height=\"300\" src=\"https:\/\/blog.espol.edu.ec\/jjlainez\/files\/2023\/09\/fotojjlb2023-215x300.jpg\" class=\"image wp-image-622  attachment-medium size-medium\" alt=\"\" style=\"max-width: 100%; height: auto;\" srcset=\"https:\/\/blog.espol.edu.ec\/jjlainez\/files\/2023\/09\/fotojjlb2023-215x300.jpg 215w, https:\/\/blog.espol.edu.ec\/jjlainez\/files\/2023\/09\/fotojjlb2023-768x1072.jpg 768w, https:\/\/blog.espol.edu.ec\/jjlainez\/files\/2023\/09\/fotojjlb2023-734x1024.jpg 734w, https:\/\/blog.espol.edu.ec\/jjlainez\/files\/2023\/09\/fotojjlb2023.jpg 1242w\" sizes=\"auto, (max-width: 215px) 100vw, 215px\" \/><\/div><div id=\"panel-2-0-0-1\" class=\"so-panel widget widget_sow-social-media-buttons panel-last-child\" data-index=\"1\" ><div\n\t\t\t\n\t\t\tclass=\"so-widget-sow-social-media-buttons so-widget-sow-social-media-buttons-atom-b5f9ded7c705-2\"\n\t\t\t\n\t\t>\n<h3 class=\"widget-title\">Contacto :<\/h3>\n<div class=\"social-media-button-container\">\n\t\n\t\t<a \n\t\tclass=\"ow-button-hover sow-social-media-button-x-twitter-0 sow-social-media-button\" title=\"Ing. Juan Jos\u00e9 La\u00ednez, Msc en X Twitter\" aria-label=\"Ing. Juan Jos\u00e9 La\u00ednez, Msc en X Twitter\" target=\"_blank\" rel=\"noopener noreferrer\" href=\"https:\/\/twitter.com\/jjlainez\" \t\t>\n\t\t\t<span>\n\t\t\t\t\t\t\t\t<span class=\"sow-icon-fontawesome sow-fab\" data-sow-icon=\"&#xe61b;\"\n\t\t \n\t\taria-hidden=\"true\"><\/span>\t\t\t\t\t\t\t<\/span>\n\t\t<\/a>\n\t\n\t\t<a \n\t\tclass=\"ow-button-hover sow-social-media-button-instagram-0 sow-social-media-button\" title=\"Ing. Juan Jos\u00e9 La\u00ednez, Msc en Instagram\" aria-label=\"Ing. Juan Jos\u00e9 La\u00ednez, Msc en Instagram\" target=\"_blank\" rel=\"noopener noreferrer\" href=\"https:\/\/instagram.com\/jjlainezb\" \t\t>\n\t\t\t<span>\n\t\t\t\t\t\t\t\t<span class=\"sow-icon-fontawesome sow-fab\" data-sow-icon=\"&#xf16d;\"\n\t\t \n\t\taria-hidden=\"true\"><\/span>\t\t\t\t\t\t\t<\/span>\n\t\t<\/a>\n\t\n\t\t<a \n\t\tclass=\"ow-button-hover sow-social-media-button-youtube-0 sow-social-media-button\" title=\"Ing. Juan Jos\u00e9 La\u00ednez, Msc en Youtube\" aria-label=\"Ing. Juan Jos\u00e9 La\u00ednez, Msc en Youtube\" target=\"_blank\" rel=\"noopener noreferrer\" href=\"https:\/\/www.youtube.com\/channel\/UCGGg3vLKrZh_aHTeUOtKvgg\/videos\" \t\t>\n\t\t\t<span>\n\t\t\t\t\t\t\t\t<span class=\"sow-icon-fontawesome sow-fab\" data-sow-icon=\"&#xf167;\"\n\t\t \n\t\taria-hidden=\"true\"><\/span>\t\t\t\t\t\t\t<\/span>\n\t\t<\/a>\n\t\n\t\t<a \n\t\tclass=\"ow-button-hover sow-social-media-button-linkedin-0 sow-social-media-button\" title=\"Ing. Juan Jos\u00e9 La\u00ednez, Msc en Linkedin\" aria-label=\"Ing. Juan Jos\u00e9 La\u00ednez, Msc en Linkedin\" target=\"_blank\" rel=\"noopener noreferrer\" href=\"https:\/\/ec.linkedin.com\/in\/juan-jos\u00e9-la%C3%ADnez-a1836163\/en?trk=people-guest_people_search-card\" \t\t>\n\t\t\t<span>\n\t\t\t\t\t\t\t\t<span class=\"sow-icon-fontawesome sow-fab\" data-sow-icon=\"&#xf0e1;\"\n\t\t \n\t\taria-hidden=\"true\"><\/span>\t\t\t\t\t\t\t<\/span>\n\t\t<\/a>\n\t<\/div>\n<\/div><\/div><\/div><div id=\"pgc-2-0-1\"  class=\"panel-grid-cell\" ><div id=\"panel-2-0-1-0\" class=\"so-panel widget widget_sow-editor panel-first-child panel-last-child\" data-index=\"2\" ><div\n\t\t\t\n\t\t\tclass=\"so-widget-sow-editor so-widget-sow-editor-base\"\n\t\t\t\n\t\t>\n<div class=\"siteorigin-widget-tinymce textwidget\">\n\t<h2 style=\"text-align: left\"><strong>Ing. Juan Jos\u00e9 La\u00ednez Bola\u00f1os, Msc.<\/strong><\/h2>\n<p style=\"text-align: left\">email:\u00a0 jjlainez@espol.edu.ec<\/p>\n<h2 style=\"text-align: left\"><strong>Formaci\u00f3n Acad\u00e9mica :<\/strong><\/h2>\n<ul style=\"text-align: left\">\n<li>\n<h3><span style=\"color: #000000\"><strong>Ingeniero en Electricidad , con Especialidad Electr\u00f3nica , Graduado en la ESPOL , Guayaquil - Ecuador\u00a0<\/strong><\/span><\/h3>\n<\/li>\n<li>\n<h3><span style=\"color: #000000\"><strong>Magister en Teleinform\u00e1tica y Redes de Computadoras, Graduado en la UTE, Quito - Ecuador .<\/strong><\/span><\/h3>\n<\/li>\n<li>\n<h3><span style=\"color: #000000\"><strong>Doctorado en Ingenier\u00eda Electrica, Especializado en Automatizaci\u00f3n y Control , ESPOL, Actualmente Cursando<\/strong><\/span><\/h3>\n<\/li>\n<li>\n<h3><span style=\"color: #000000\"><strong>Diplomado en Administraci\u00f3n de Redes de Area Local, ESPOL, Guayaquil - Ecuador\u00a0<\/strong><\/span><\/h3>\n<\/li>\n<li>\n<h3><span style=\"color: #000000\"><strong>Analista Programador, CIS, Guayaquil - Ecuador\u00a0<\/strong><\/span><\/h3>\n<\/li>\n<\/ul>\n<div class=\"page\" style=\"text-align: left\" title=\"Page 1\">\n<div class=\"section\">\n<div class=\"layoutArea\">\n<h3 class=\"column\"><\/h3>\n<\/div>\n<\/div>\n<\/div>\n<p style=\"text-align: left\">\n<\/div>\n<\/div><\/div><\/div><\/div><div id=\"pg-2-1\"  class=\"panel-grid panel-no-style\" ><div id=\"pgc-2-1-0\"  class=\"panel-grid-cell\" ><div id=\"panel-2-1-0-0\" class=\"so-panel widget widget_sow-editor panel-first-child panel-last-child\" data-index=\"3\" ><div\n\t\t\t\n\t\t\tclass=\"so-widget-sow-editor so-widget-sow-editor-base\"\n\t\t\t\n\t\t>\n<div class=\"siteorigin-widget-tinymce textwidget\">\n\t<p><strong>Profesor Investigador Universitario.<\/strong><\/p>\n<div class=\"page\" title=\"Page 1\">\n<div class=\"section\">\n<div class=\"layoutArea\">\n<div class=\"column\">\n<ul>\n<li>Profesor de la Facultad de Ciencias Administrativas en la Carrera de\u00a0 Ingenier\u00eda en Sistemas Administrativos Computarizados de la Universidad de Guayaquil, C\u00e1tedras: Redes de Computadoras 1, Redes de Computadoras 2,2007-2008.<\/li>\n<li>Profesor de la Facultad de Ingenieria en Telecomunicaciones de la Universidad Ecotec, C\u00e1tedras: Transmisi\u00f3n de Datos, Redes de Computadoras, 2007-2008.<\/li>\n<li>Profesor de la Facultad de Ingenier\u00eda Industrial en la Carrera Ingenieria Industrial de la Universidad de Guayaquil, C\u00e1tedras : Electricidad, Electrot\u00e9cnia, Automatizaci\u00f3n Industrial, C\u00e1lculo Integral, C\u00e1lculo de Varias Variables, Ecuaciones Diferenciales\u00a0 ,2017-2024<\/li>\n<li>Profesor de la Facultad de Ingenier\u00eda Industrial en la Carrera Telem\u00e1tica de la Universidad de Guayaquil, C\u00e1tedras : Electr\u00f3nica 1, Electr\u00f3nica 2\u00a0 ,2020-2024<\/li>\n<li>Profesor de la Facultad de Ciencias Matem\u00e1ticas y F\u00edsica Carrera de Ingenieria en Ciencias de Datos e Inteligencia Artificial de la Universidad de Guayaquil, C\u00e1tedras : Aprendizaje Autom\u00e1tico, Procesamiento de Lenguaje Natural, Fundamentos de Computadoras y Sistemas Operativos\u00a0 ,2025<\/li>\n<li>Director de Investigacio\u0301n: \"APLICACIO\u0301N DE PROTOCOLOS DE BIO-SEGURIDAD PARA UN CONTROL EFICAZ DE LA PROPAGACIO\u0301N DE LA COVID-19, UTILIZANDO UNA APP PARA LOS DOCENTES Y ESTUDIANTES DE LA UNIVERSIDAD DE GUAYAQUIL.\u201d, APROBADO en la Convocatoria del Fondo Competitivo de Investigacio\u0301n por la Emergencia \u2013 COVID-19.\u00a0 <a href=\"http:\/\/blog.espol.edu.ec\/jjlainez\/appsalug\/\">www.appsalug.com<\/a><\/li>\n<\/ul>\n<\/div>\n<\/div>\n<\/div>\n<\/div>\n<\/div>\n<\/div><\/div><\/div><\/div><div id=\"pg-2-2\"  class=\"panel-grid panel-no-style\" ><div id=\"pgc-2-2-0\"  class=\"panel-grid-cell\" ><div id=\"panel-2-2-0-0\" class=\"so-panel widget widget_sow-editor panel-first-child panel-last-child\" data-index=\"4\" ><div\n\t\t\t\n\t\t\tclass=\"so-widget-sow-editor so-widget-sow-editor-base\"\n\t\t\t\n\t\t>\n<div class=\"siteorigin-widget-tinymce textwidget\">\n\t<p><strong>C\u00e1tedra :<\/strong><\/p>\n<p><a href=\"http:\/\/blog.espol.edu.ec\/jjlainez\/electronica-ii\/\">Electr\u00f3nica<\/a><\/p>\n<p><a href=\"http:\/\/blog.espol.edu.ec\/jjlainez\/electricidad\/\">Electricidad<\/a><\/p>\n<p><a href=\"http:\/\/blog.espol.edu.ec\/jjlainez\/electrotecnia\/\">Electrotecnia<\/a><\/p>\n<p><a href=\"http:\/\/blog.espol.edu.ec\/jjlainez\/automatizacion\/\">Automatizaci\u00f3n Industrial<\/a><\/p>\n<p><a href=\"http:\/\/blog.espol.edu.ec\/jjlainez\/ecuaciones-diferenciales\/\">Ecuaciones Diferenciales<\/a><\/p>\n<\/div>\n<\/div><\/div><\/div><div id=\"pgc-2-2-1\"  class=\"panel-grid-cell\" ><div id=\"panel-2-2-1-0\" class=\"so-panel widget widget_sow-editor panel-first-child panel-last-child\" data-index=\"5\" ><div\n\t\t\t\n\t\t\tclass=\"so-widget-sow-editor so-widget-sow-editor-base\"\n\t\t\t\n\t\t>\n<div class=\"siteorigin-widget-tinymce textwidget\">\n\t<p><strong>Art\u00edculos :<\/strong><\/p>\n<p>Series de Tiempo<\/p>\n<p>Automatizaci\u00f3n de Generador Electrico<\/p>\n<\/div>\n<\/div><\/div><\/div><\/div><div id=\"pg-2-3\"  class=\"panel-grid panel-no-style\" ><div id=\"pgc-2-3-0\"  class=\"panel-grid-cell\" ><div id=\"panel-2-3-0-0\" class=\"so-panel widget widget_sow-editor panel-first-child panel-last-child\" data-index=\"6\" ><div\n\t\t\t\n\t\t\tclass=\"so-widget-sow-editor so-widget-sow-editor-base\"\n\t\t\t\n\t\t>\n<div class=\"siteorigin-widget-tinymce textwidget\">\n\t<p><strong>Experiencia Profesional<\/strong><\/p>\n<p>CEO Teslacom S.A.\u00a0 <a href=\"http:\/\/www.teslacomsa.com\">www.teslacomsa.com<\/a><\/p>\n<p>Direcci\u00f3n en Desarrollo e Investigaci\u00f3n de IoT, varias aplicaciones Comerciales e Industriales <a href=\"http:\/\/www.tiesdi.com\">www.tiesdi.com<\/a><\/p>\n<p>Consultor en Ingenier\u00eda en Electricidad Telecomunicaciones Sistemas Inform\u00e1ticos y Automatizaci\u00f3n para el sector Industrial, Seguridad y Defensa.<\/p>\n<p>Participaci\u00f3n en Integraciones de Sistemas de Seguridad y Defensa, participaci\u00f3n en Ecuador ,U.K., Dinamarca, Mexico, Argentina<\/p>\n<div class=\"page\" title=\"Page 1\">\n<div class=\"section\">\n<div class=\"layoutArea\">\n<div class=\"column\">\n<ul>\n<li><\/li>\n<\/ul>\n<\/div>\n<\/div>\n<\/div>\n<\/div>\n<\/div>\n<\/div><\/div><\/div><\/div><div id=\"pg-2-4\"  class=\"panel-grid panel-no-style\" ><div id=\"pgc-2-4-0\"  class=\"panel-grid-cell\" ><div id=\"panel-2-4-0-0\" class=\"so-panel widget widget_sow-editor panel-first-child\" data-index=\"7\" ><div\n\t\t\t\n\t\t\tclass=\"so-widget-sow-editor so-widget-sow-editor-base\"\n\t\t\t\n\t\t>\n<div class=\"siteorigin-widget-tinymce textwidget\">\n\t<div class=\"page\" title=\"Page 2\">\n<div class=\"layoutArea\">\n<div class=\"column\">\n<p><strong>Direccio\u0301n Te\u0301cnica en proyectos de:<\/strong><\/p>\n<ul>\n<li>Sistema de Energi\u0301a Ele\u0301ctrica<\/li>\n<li>Networking<\/li>\n<li>Cableado Estructurado<\/li>\n<li>Centrales Telefo\u0301nicas Convencionales Pu\u0301blicas<\/li>\n<li>Centrales Telefo\u0301nicas Privadas Convencionales \/IP<\/li>\n<li>Sistemas de Telefoni\u0301a Celular<\/li>\n<li>Sistemas de Comunicaciones Inala\u0301mbricas<\/li>\n<li>Sistemas de CCTV<\/li>\n<li>Sistemas de SDI<\/li>\n<li>Sistemas de Control de Acceso<\/li>\n<li>Sistemas Electro-Opticos<\/li>\n<li>Sistemas de Radares<\/li>\n<\/ul>\n<p><strong>Proyectos m\u00e1s importantes :<\/strong><\/p>\n<div class=\"page\" title=\"Page 4\">\n<div class=\"layoutArea\">\n<div class=\"column\">\n<ul>\n<li>Participacio\u0301n en pruebas en fa\u0301brica, instalacio\u0301n y comisionamiento de un Sistema de Electro-O\u0301ptico para la Corbeta Los Rios de la Armada del Ecuador. Febrero 2017 a Febrero 2018. En Reino Unido y Ecuador.<\/li>\n<li>Participacio\u0301n en pruebas en fa\u0301brica, instalacio\u0301n y comisionamiento de un Sistema de Radar para la Corbeta Los Rios de la Armada del Ecuador. Arhus, Dinamarca Noviembre 2014 a Noviembre 2015.<\/li>\n<li>Direccio\u0301n de Contrato con la Muy Ilustre Municipalidad de Guayaquil para la Implementacio\u0301n de Sistema de Acceso Biome\u0301trico al T erminal de Transferencia de Vi\u0301veres. 2014<\/li>\n<li>Direccio\u0301n de Contrato de Mantenimiento Ele\u0301ctrico en Centro de Convenciones de Guayaquil (Transformadores, Generadores, T ableros de Fuerza y Control) desde 2008 hasta la actualidad.<\/li>\n<li>Direccio\u0301n de Contrato de Mantenimiento en Tableros de Fuerza y Control Ele\u0301ctrico de Motores para Bombas de Gases Especiales de Linde AGA desde 2008 hasta la actualidad.<\/li>\n<li>Direccio\u0301n Te\u0301cnica para el Montaje de Instalaciones Ele\u0301ctricas para la Planta de Grupo Editorial Norma, en Pifo, Quito , Marzo de 2014.<\/li>\n<li>Disen\u0303o e implementacio\u0301n de migracio\u0301n de Cableado de Cat5e a Cat6 en los Tramos 1,2y3delaFundacio\u0301n Metrovia de Guayaquil , Agosto 2013.<\/li>\n<li>\u00a0Disen\u0303o e implementacio\u0301n de Red de Fibra O\u0301ptica en el Terminal de Transferencia de Vi\u0301veres, Noviembre 2012.<\/li>\n<li>Disen\u0303o e Implementacio\u0301n de la Red de Voz Datos y Video en Cat. 6A de Hotel Andes Inn .Guayaquil- Ecuador, Febrero 2012<\/li>\n<li>Disen\u0303o e Implementacio\u0301n de la Red de Voz Datos y Video en Cat. 6 de CND (Centro Nacional de Digitalizacio\u0301n) Quito- Ecuador, Enero 2011- Enero 2012.<\/li>\n<li>Mantenimiento Red de Telecomunicaciones y Red ele\u0301ctrica del Centro de Convenciones de Guayaquil, 2010- hasta la actualidad.<\/li>\n<li>Mantenimiento Red de Telecomunicaciones de Voz Interdin- Diners Club, 2008- 2012<\/li>\n<li>Disen\u0303o e Implementacio\u0301n de la Red de Cableado Estructurado en Cat 7, en Leadcom del Ecuador, Guayaquil-Ecuador, Octubre 2009.<\/li>\n<li>Ana\u0301lisis de Interferencia en Red Celular para Ericcson, Guatemala, Julio 2009.<\/li>\n<\/ul>\n<\/div>\n<div class=\"column\"><\/div>\n<\/div>\n<\/div>\n<\/div>\n<\/div>\n<\/div>\n<\/div>\n<\/div><\/div><div id=\"panel-2-4-0-1\" class=\"so-panel widget widget_sow-editor panel-last-child\" data-index=\"8\" ><div\n\t\t\t\n\t\t\tclass=\"so-widget-sow-editor so-widget-sow-editor-base\"\n\t\t\t\n\t\t>\n<div class=\"siteorigin-widget-tinymce textwidget\">\n\t<\/div>\n<\/div><\/div><\/div><div id=\"pgc-2-4-1\"  class=\"panel-grid-cell\" ><div id=\"panel-2-4-1-0\" class=\"so-panel widget widget_sow-editor panel-first-child panel-last-child\" data-index=\"9\" ><div\n\t\t\t\n\t\t\tclass=\"so-widget-sow-editor so-widget-sow-editor-base\"\n\t\t\t\n\t\t>\n<div class=\"siteorigin-widget-tinymce textwidget\">\n\t<div class=\"page\" title=\"Page 2\">\n<div class=\"layoutArea\">\n<div class=\"column\">\n<p><strong>Cursos , Certificados, Conferencias y Convenciones:<\/strong><\/p>\n<ul>\n<li>Sistema Electro.O\u0301ptico, Chess Dynamics, Reino Unido, Inglaterra, Pymouth, Octubre 2017<\/li>\n<li>SecureFire 1000-3000 , Buenos Aires, Argentina , Julio de 2016<\/li>\n<li>Radar Terma Scanter 6002, Terma,<\/li>\n<li>Lystrup, Dinamarca , Noviembre de 2014<\/li>\n<li>Programacio\u0301n de PLC Control y Mando Industrial, CRIEEL, Guayaquil, Ecuador, Febrero 2014<\/li>\n<li>Participante de Convencio\u0301n Internacional NAB-Show ,y de la Capacitacio\u0301n TV sobre Internet Las Vegas, USA, Abril 2013<\/li>\n<li>Certificacio\u0301n de Disen\u0303o e Instalacio\u0301n de Cableado Estructurado, Abril 2013 , Siemon, Guayaquil Ecuador<\/li>\n<li>Plug and Play, Fundamentos de Cableado Estructurado , Agosto 2013, Siemon, Guayaquil Ecuador.<\/li>\n<li>Consolas de Mando y Control Barco, Me\u0301xico DF, Me\u0301xico, Julio de 2012<\/li>\n<li>Disen\u0303o de Sistemas Externos contra Descargas conforme la Norma NFC 17-102, Marzo 2010, Cirprotec, Guayaquil, Ecuador<\/li>\n<li>Centro Ecuatoriano Norteamericano, Aprobado todos los mo\u0301dulos de Ingles, 2012-2013<\/li>\n<li>Centro de Lenguas Extranjeras (CELEX-ESPOL), 1993-1998 Suficiencia en Ingle\u0301s Te\u0301cnico Guayaquil, Ecuador<\/li>\n<li>Curso de Mantenimiento, Ensamblaje y Reparacio\u0301n de computadoras (ESPOL-CENCYT), 1995 Guayaquil, Ecuador Certificado<\/li>\n<li>Seminario de Ana\u0301lisis y Disen\u0303o de Circuitos asistido por computadora usando Pspice bajo Windows (ESPOL-FIEC) ,1995 Guayaquil, Ecuador Certificado<\/li>\n<li>Seminario de Relaciones Interpersonales (ESPOL-ICHE), 1995 Guayaquil, Ecuador Certificado<\/li>\n<li>Seminario de Disen\u0303o de Circuitos Impresos asistido por computadora usando Software Tango (ESPOL- FIEC), 1996 Guayaquil, Ecuador. Certificado<\/li>\n<li>Seminario de Internet (ESPOL- FIEC), 1997 Guayaquil, Ecuador Certificado<\/li>\n<li>To\u0301pico de Graduacio\u0301n: Transmisio\u0301n de Datos (ESPOL- FIEC), 1997-1998. (Redes de Computadoras, Equipos utilizados para transmisiones de datos y mediciones, Protocolos: X25, Frame Relay, TCP\/IP, ATM) Guayaquil, Ecuador<\/li>\n<li>Instalacio\u0301n, Programacio\u0301n y Mantenimiento de Centrales Telefo\u0301nicas Key System Nitsuko (La Competencia S.A.), 1998 Quito, Ecuador<\/li>\n<li>Instalacio\u0301n, Programacio\u0301n y Mantenimiento de PBX NEC modelos NEAX 7400 ICS y NEAX 2400 SDS (La Competencia S.A.), 1998,Quito, Ecuador<\/li>\n<li>Instalacio\u0301n, Configuracio\u0301n y Mantenimiento de Telephony Office Linux. Correo de voz e Integracio\u0301n de PBX con Redes de computadoras LAN. (Esna Technologies Inc.), 1999 Quito, Ecuador<\/li>\n<li>Installation and Antennae Maintenance for Systems VSAT (Hughes Network System), 1999,Guayaquil, Ecuador Instalacio\u0301n, Programacio\u0301n y Mantenimiento de PBX de tecnologi\u0301a de Voz sobre IP NEC modelos NEAX 2000 IPS<\/li>\n<\/ul>\n<\/div>\n<\/div>\n<\/div>\n<\/div>\n<\/div><\/div><\/div><\/div><\/div>","protected":false},"excerpt":{"rendered":"<p>Ing. Juan Jos\u00e9 La\u00ednez Bola\u00f1os, Msc. email:\u00a0 jjlainez@espol.edu.ec Formaci\u00f3n Acad\u00e9mica : Ingeniero en Electricidad , con Especialidad Electr\u00f3nica , Graduado en la ESPOL , Guayaquil - Ecuador\u00a0 Magister en Teleinform\u00e1tica y Redes de Computadoras, Graduado en la UTE, Quito - Ecuador . Doctorado en Ingenier\u00eda Electrica, Especializado en Automatizaci\u00f3n y Control , ESPOL, Actualmente Cursando [&hellip;]<\/p>\n","protected":false},"author":11236,"featured_media":0,"parent":0,"menu_order":0,"comment_status":"closed","ping_status":"open","template":"","meta":{"footnotes":""},"class_list":["post-2","page","type-page","status-publish","hentry"],"_links":{"self":[{"href":"https:\/\/blog.espol.edu.ec\/jjlainez\/wp-json\/wp\/v2\/pages\/2","targetHints":{"allow":["GET"]}}],"collection":[{"href":"https:\/\/blog.espol.edu.ec\/jjlainez\/wp-json\/wp\/v2\/pages"}],"about":[{"href":"https:\/\/blog.espol.edu.ec\/jjlainez\/wp-json\/wp\/v2\/types\/page"}],"author":[{"embeddable":true,"href":"https:\/\/blog.espol.edu.ec\/jjlainez\/wp-json\/wp\/v2\/users\/11236"}],"replies":[{"embeddable":true,"href":"https:\/\/blog.espol.edu.ec\/jjlainez\/wp-json\/wp\/v2\/comments?post=2"}],"version-history":[{"count":54,"href":"https:\/\/blog.espol.edu.ec\/jjlainez\/wp-json\/wp\/v2\/pages\/2\/revisions"}],"predecessor-version":[{"id":633,"href":"https:\/\/blog.espol.edu.ec\/jjlainez\/wp-json\/wp\/v2\/pages\/2\/revisions\/633"}],"wp:attachment":[{"href":"https:\/\/blog.espol.edu.ec\/jjlainez\/wp-json\/wp\/v2\/media?parent=2"}],"curies":[{"name":"wp","href":"https:\/\/api.w.org\/{rel}","templated":true}]}}