{"id":232,"date":"2022-06-23T15:18:47","date_gmt":"2022-06-23T20:18:47","guid":{"rendered":"http:\/\/blog.espol.edu.ec\/jjlainez\/?page_id=232"},"modified":"2022-06-23T15:18:53","modified_gmt":"2022-06-23T20:18:53","slug":"matlab","status":"publish","type":"page","link":"https:\/\/blog.espol.edu.ec\/jjlainez\/matlab\/","title":{"rendered":"MATLAB"},"content":{"rendered":"<div id=\"pl-232\"  class=\"panel-layout\" ><div id=\"pg-232-0\"  class=\"panel-grid panel-no-style\" ><div id=\"pgc-232-0-0\"  class=\"panel-grid-cell\" ><div id=\"panel-232-0-0-0\" class=\"so-panel widget widget_sow-editor panel-first-child panel-last-child\" data-index=\"0\" ><div\n\t\t\t\n\t\t\tclass=\"so-widget-sow-editor so-widget-sow-editor-base\"\n\t\t\t\n\t\t>\n<div class=\"siteorigin-widget-tinymce textwidget\">\n\t<p><b>MATLAB<\/b>\u00a0es una plataforma de programaci\u00f3n y c\u00e1lculo num\u00e9rico utilizada por millones de ingenieros y cient\u00edficos\u00a0<b>para<\/b>\u00a0analizar datos, desarrollar algoritmos y crear modelos.<\/p>\n<p>&nbsp;<\/p>\n<p><iframe loading=\"lazy\" title=\"MATLAB ONLINE DESDE CERO\" width=\"500\" height=\"281\" src=\"https:\/\/www.youtube.com\/embed\/abbBxs5vpeU?feature=oembed\" frameborder=\"0\" allow=\"accelerometer; autoplay; clipboard-write; encrypted-media; gyroscope; picture-in-picture; web-share\" referrerpolicy=\"strict-origin-when-cross-origin\" allowfullscreen><\/iframe><\/p>\n<p>&nbsp;<\/p>\n<p>&nbsp;<\/p>\n<\/div>\n<\/div><\/div><\/div><\/div><div id=\"pg-232-1\"  class=\"panel-grid panel-no-style\" ><div id=\"pgc-232-1-0\"  class=\"panel-grid-cell\" ><div id=\"panel-232-1-0-0\" class=\"so-panel widget widget_media_image panel-first-child panel-last-child\" data-index=\"1\" ><img loading=\"lazy\" decoding=\"async\" width=\"300\" height=\"167\" src=\"https:\/\/blog.espol.edu.ec\/jjlainez\/files\/2022\/06\/matlab2entradas-300x167.png\" class=\"image wp-image-233  attachment-medium size-medium\" alt=\"\" style=\"max-width: 100%; height: auto;\" srcset=\"https:\/\/blog.espol.edu.ec\/jjlainez\/files\/2022\/06\/matlab2entradas-300x167.png 300w, https:\/\/blog.espol.edu.ec\/jjlainez\/files\/2022\/06\/matlab2entradas-768x427.png 768w, https:\/\/blog.espol.edu.ec\/jjlainez\/files\/2022\/06\/matlab2entradas-1024x569.png 1024w, https:\/\/blog.espol.edu.ec\/jjlainez\/files\/2022\/06\/matlab2entradas.png 1950w\" sizes=\"auto, (max-width: 300px) 100vw, 300px\" \/><\/div><\/div><\/div><div id=\"pg-232-2\"  class=\"panel-grid panel-no-style\" ><div id=\"pgc-232-2-0\"  class=\"panel-grid-cell\" ><div id=\"panel-232-2-0-0\" class=\"so-panel widget widget_sow-editor panel-first-child panel-last-child\" data-index=\"2\" ><div\n\t\t\t\n\t\t\tclass=\"so-widget-sow-editor so-widget-sow-editor-base\"\n\t\t\t\n\t\t>\n<div class=\"siteorigin-widget-tinymce textwidget\">\n\t<p>&nbsp;<\/p>\n<p><iframe loading=\"lazy\" title=\"Entrada Escal\u00f3n, Impulso y Rampa en MATLAB\" width=\"500\" height=\"281\" src=\"https:\/\/www.youtube.com\/embed\/jegRnErEyPs?feature=oembed\" frameborder=\"0\" allow=\"accelerometer; autoplay; clipboard-write; encrypted-media; gyroscope; picture-in-picture; web-share\" referrerpolicy=\"strict-origin-when-cross-origin\" allowfullscreen><\/iframe><\/p>\n<p>&nbsp;<\/p>\n<\/div>\n<\/div><\/div><\/div><\/div><\/div>","protected":false},"excerpt":{"rendered":"<p>MATLAB\u00a0es una plataforma de programaci\u00f3n y c\u00e1lculo num\u00e9rico utilizada por millones de ingenieros y cient\u00edficos\u00a0para\u00a0analizar datos, desarrollar algoritmos y crear modelos. &nbsp; https:\/\/youtu.be\/abbBxs5vpeU &nbsp; &nbsp;<\/p>\n","protected":false},"author":11236,"featured_media":0,"parent":0,"menu_order":0,"comment_status":"closed","ping_status":"closed","template":"","meta":{"footnotes":""},"class_list":["post-232","page","type-page","status-publish","hentry"],"_links":{"self":[{"href":"https:\/\/blog.espol.edu.ec\/jjlainez\/wp-json\/wp\/v2\/pages\/232","targetHints":{"allow":["GET"]}}],"collection":[{"href":"https:\/\/blog.espol.edu.ec\/jjlainez\/wp-json\/wp\/v2\/pages"}],"about":[{"href":"https:\/\/blog.espol.edu.ec\/jjlainez\/wp-json\/wp\/v2\/types\/page"}],"author":[{"embeddable":true,"href":"https:\/\/blog.espol.edu.ec\/jjlainez\/wp-json\/wp\/v2\/users\/11236"}],"replies":[{"embeddable":true,"href":"https:\/\/blog.espol.edu.ec\/jjlainez\/wp-json\/wp\/v2\/comments?post=232"}],"version-history":[{"count":1,"href":"https:\/\/blog.espol.edu.ec\/jjlainez\/wp-json\/wp\/v2\/pages\/232\/revisions"}],"predecessor-version":[{"id":235,"href":"https:\/\/blog.espol.edu.ec\/jjlainez\/wp-json\/wp\/v2\/pages\/232\/revisions\/235"}],"wp:attachment":[{"href":"https:\/\/blog.espol.edu.ec\/jjlainez\/wp-json\/wp\/v2\/media?parent=232"}],"curies":[{"name":"wp","href":"https:\/\/api.w.org\/{rel}","templated":true}]}}