{"id":318,"date":"2022-06-30T19:15:26","date_gmt":"2022-07-01T00:15:26","guid":{"rendered":"http:\/\/blog.espol.edu.ec\/jjlainez\/?page_id=318"},"modified":"2022-06-30T19:50:07","modified_gmt":"2022-07-01T00:50:07","slug":"a-i-u2-automatismos-electricos","status":"publish","type":"page","link":"https:\/\/blog.espol.edu.ec\/jjlainez\/a-i-u2-automatismos-electricos\/","title":{"rendered":"A.I.-U2- Automatismos El\u00e9ctricos"},"content":{"rendered":"<div id=\"pl-318\"  class=\"panel-layout\" ><div id=\"pg-318-0\"  class=\"panel-grid panel-no-style\" ><div id=\"pgc-318-0-0\"  class=\"panel-grid-cell panel-grid-cell-empty\" ><\/div><\/div><div id=\"pg-318-1\"  class=\"panel-grid panel-no-style\" ><div id=\"pgc-318-1-0\"  class=\"panel-grid-cell\" ><div id=\"panel-318-1-0-0\" class=\"so-panel widget widget_sow-editor panel-first-child panel-last-child\" data-index=\"0\" ><div\n\t\t\t\n\t\t\tclass=\"so-widget-sow-editor so-widget-sow-editor-base\"\n\t\t\t\n\t\t>\n<div class=\"siteorigin-widget-tinymce textwidget\">\n\t<p><strong>2.1 Actuadores El\u00e9ctricos<\/strong><\/p>\n<p>2.1.1 Motores DC<\/p>\n<p>2.1.2 Motores AC<\/p>\n<p>2.1.3 Servomotores<\/p>\n<p>2.1.4 Selecci\u00f3n de motores<\/p>\n<p>2.1.5 Reconocimiento y uso de los motores<\/p>\n<p><strong>2.2 Dispositivos de distribuci\u00f3n el\u00e9ctrica<\/strong><\/p>\n<p>2.2.1 Interruptores termomagn\u00e9tico<\/p>\n<p>2.2.2 Rel\u00e9s t\u00e9rmicos<\/p>\n<p>2.2..3 Interruptores diferenciales<\/p>\n<p>2.2.4 Contactores<\/p>\n<p>2.2.5 Bobina de mando<\/p>\n<p><a href=\"http:\/\/blog.espol.edu.ec\/jjlainez\/a-i-u2-2-6-arranque-automatico-de-motores\/\">2.2.6 Arranque autom\u00e1tico de motores<\/a><\/p>\n<p><strong>2.3 L\u00f3gica El\u00e9ctrica y Digital<\/strong><\/p>\n<p>2.3.1 Compuertas l\u00f3gicas<\/p>\n<p>2.3.2 Tabla de verdad<\/p>\n<p>2.3.3 T\u00e9cnicas de simplificaci\u00f3n<\/p>\n<p>2.3.4 Aplicaciones Industriales con l\u00f3gica el\u00e9ctrica y digital<\/p>\n<p>&nbsp;<\/p>\n<\/div>\n<\/div><\/div><\/div><div id=\"pgc-318-1-1\"  class=\"panel-grid-cell\" ><div id=\"panel-318-1-1-0\" class=\"so-panel widget widget_media_image panel-first-child panel-last-child\" data-index=\"1\" ><img loading=\"lazy\" decoding=\"async\" width=\"1024\" height=\"602\" src=\"https:\/\/blog.espol.edu.ec\/jjlainez\/files\/2022\/06\/AIfig1-1024x602.png\" class=\"image wp-image-329  attachment-large size-large\" alt=\"\" style=\"max-width: 100%; height: auto;\" srcset=\"https:\/\/blog.espol.edu.ec\/jjlainez\/files\/2022\/06\/AIfig1-1024x602.png 1024w, https:\/\/blog.espol.edu.ec\/jjlainez\/files\/2022\/06\/AIfig1-300x176.png 300w, https:\/\/blog.espol.edu.ec\/jjlainez\/files\/2022\/06\/AIfig1-768x451.png 768w, https:\/\/blog.espol.edu.ec\/jjlainez\/files\/2022\/06\/AIfig1.png 1712w\" sizes=\"auto, (max-width: 1024px) 100vw, 1024px\" \/><\/div><\/div><\/div><\/div>","protected":false},"excerpt":{"rendered":"<p>2.1 Actuadores El\u00e9ctricos 2.1.1 Motores DC 2.1.2 Motores AC 2.1.3 Servomotores 2.1.4 Selecci\u00f3n de motores 2.1.5 Reconocimiento y uso de los motores 2.2 Dispositivos de distribuci\u00f3n el\u00e9ctrica 2.2.1 Interruptores termomagn\u00e9tico 2.2.2 Rel\u00e9s t\u00e9rmicos 2.2..3 Interruptores diferenciales 2.2.4 Contactores 2.2.5 Bobina de mando 2.2.6 Arranque autom\u00e1tico de motores 2.3 L\u00f3gica El\u00e9ctrica y Digital 2.3.1 Compuertas l\u00f3gicas [&hellip;]<\/p>\n","protected":false},"author":11236,"featured_media":0,"parent":0,"menu_order":0,"comment_status":"closed","ping_status":"closed","template":"","meta":{"footnotes":""},"class_list":["post-318","page","type-page","status-publish","hentry"],"_links":{"self":[{"href":"https:\/\/blog.espol.edu.ec\/jjlainez\/wp-json\/wp\/v2\/pages\/318","targetHints":{"allow":["GET"]}}],"collection":[{"href":"https:\/\/blog.espol.edu.ec\/jjlainez\/wp-json\/wp\/v2\/pages"}],"about":[{"href":"https:\/\/blog.espol.edu.ec\/jjlainez\/wp-json\/wp\/v2\/types\/page"}],"author":[{"embeddable":true,"href":"https:\/\/blog.espol.edu.ec\/jjlainez\/wp-json\/wp\/v2\/users\/11236"}],"replies":[{"embeddable":true,"href":"https:\/\/blog.espol.edu.ec\/jjlainez\/wp-json\/wp\/v2\/comments?post=318"}],"version-history":[{"count":12,"href":"https:\/\/blog.espol.edu.ec\/jjlainez\/wp-json\/wp\/v2\/pages\/318\/revisions"}],"predecessor-version":[{"id":346,"href":"https:\/\/blog.espol.edu.ec\/jjlainez\/wp-json\/wp\/v2\/pages\/318\/revisions\/346"}],"wp:attachment":[{"href":"https:\/\/blog.espol.edu.ec\/jjlainez\/wp-json\/wp\/v2\/media?parent=318"}],"curies":[{"name":"wp","href":"https:\/\/api.w.org\/{rel}","templated":true}]}}