{"id":38,"date":"2022-03-12T21:38:58","date_gmt":"2022-03-12T20:38:58","guid":{"rendered":"http:\/\/blog.espol.edu.ec\/jjlainez\/?page_id=38"},"modified":"2022-03-17T02:12:31","modified_gmt":"2022-03-17T07:12:31","slug":"appsalug","status":"publish","type":"page","link":"https:\/\/blog.espol.edu.ec\/jjlainez\/appsalug\/","title":{"rendered":"AppSalug"},"content":{"rendered":"<div id=\"pl-38\"  class=\"panel-layout\" ><div id=\"pg-38-0\"  class=\"panel-grid panel-no-style\" ><div id=\"pgc-38-0-0\"  class=\"panel-grid-cell\" ><div id=\"panel-38-0-0-0\" class=\"so-panel widget widget_sow-editor panel-first-child panel-last-child\" data-index=\"0\" ><div class=\"panel-widget-style panel-widget-style-for-38-0-0-0\" ><div\n\t\t\t\n\t\t\tclass=\"so-widget-sow-editor so-widget-sow-editor-base\"\n\t\t\t\n\t\t>\n<div class=\"siteorigin-widget-tinymce textwidget\">\n\t<p>La App Salug, es un trabajo de investigaci\u00f3n para la contenci\u00f3n de la COVID-19 y fue creada para poder tener un estado real de porcentajes de s\u00edntomas de la poblaci\u00f3n estudiantil de la Facultad de Ingenier\u00eda Industrial de la Universidad de Guayaquil. Se realizaron preguntas como de s\u00edntomas y\/o condiciones de acuerdo al siguiente listado:<\/p>\n<p><span style=\"color: #0000ff\">1) Tiene Fiebre?<\/span><\/p>\n<p><span style=\"color: #0000ff\">2) Tiene Tos?<\/span><\/p>\n<p><span style=\"color: #0000ff\">3) Tiene Dificultad para respirar?<\/span><\/p>\n<p><span style=\"color: #0000ff\">4) Estuvo en contacto con persona contagiada de COVID-19?<\/span><\/p>\n<p><span style=\"color: #0000ff\">5) Tiene congesti\u00f3n nasal?<\/span><\/p>\n<p><span style=\"color: #0000ff\">6) Tiene dolor muscular?<\/span><\/p>\n<p><span style=\"color: #0000ff\">7) Tiene malestar general?<\/span><\/p>\n<p><span style=\"color: #0000ff\">8) Estuvo cerca de personas de la tercera o edad o en asilos?<\/span><\/p>\n<p><span style=\"color: #0000ff\">9) \u00bfTiene enfermedad cr\u00f3nica, Coraz\u00f3n, Pulm\u00f3n o Ri\u00f1\u00f3n?<\/span><\/p>\n<p><span style=\"color: #0000ff\">10) Tiene v\u00f3mito o diarrea?<\/span><\/p>\n<p><span style=\"color: #0000ff\">10) Perdi\u00f3 Gusto u Olfato?<\/span><\/p>\n<p><span style=\"color: #0000ff\">12) Lleva m\u00e1s de 20 d\u00edas con cualquiera de los s\u00edntomas?<\/span><\/p>\n<p>Las preguntas est\u00e1n disponibles pare la poblaci\u00f3n de la Facultad de Ingenier\u00eda Industrial , pueden acceder ingresando el numero de c\u00e9dula de cada estudiante en un servidor de una plataforma de IoT y tiene el mismo Listado de preguntas , las puede encontrar en el enlace:\u00a0<a href=\"https:\/\/tiesdi.com\/salug\/\">https:\/\/tiesdi.com\/salug\/<\/a><\/p>\n<p>Tambi\u00e9n como parte complementaria de la aplicaci\u00f3n se crearon redes sociales para la difusi\u00f3n de informaci\u00f3n , desde el 9 de Noviembre de 2020:<\/p>\n<p><span style=\"color: #0000ff\">Facebook<\/span> con mas 2.9 mil millones de usuarios a nivel mundial , <a href=\"https:\/\/www.facebook.com\/App-Salug-105913667999374\/\">https:\/\/www.facebook.com\/App-Salug-105913667999374\/<\/a><\/p>\n<p><span style=\"color: #0000ff\">Instagram<\/span> con mas 1.4 mil millones de usuarios a nivel mundial, <a href=\"https:\/\/www.instagram.com\/salug.2020\/\">https:\/\/www.instagram.com\/salug.2020\/<\/a><\/p>\n<p><span style=\"color: #0000ff\">Twitter<\/span> con mas de 436 millones de usuarios a nivel mundial ,\u00a0<a href=\"https:\/\/twitter.com\/SalUG20\">https:\/\/twitter.com\/SalUG20<\/a><\/p>\n<p>De los datos obtenidos por la App Salug, se realizaron varios procesamientos usando MATLAB :<\/p>\n<p>&nbsp;<\/p>\n<\/div>\n<\/div><\/div><\/div><\/div><\/div><div id=\"pg-38-1\"  class=\"panel-grid panel-no-style\" ><div id=\"pgc-38-1-0\"  class=\"panel-grid-cell\" ><div id=\"panel-38-1-0-0\" class=\"so-panel widget widget_media_image panel-first-child panel-last-child\" data-index=\"1\" ><div class=\"panel-widget-style panel-widget-style-for-38-1-0-0\" ><div style=\"width: 310px\" class=\"wp-caption alignnone\"><img loading=\"lazy\" decoding=\"async\" width=\"300\" height=\"230\" src=\"https:\/\/blog.espol.edu.ec\/jjlainez\/files\/2022\/03\/Picture1-300x230.png\" class=\"image wp-image-43  attachment-medium size-medium\" alt=\"\" style=\"max-width: 100%; height: auto;\" srcset=\"https:\/\/blog.espol.edu.ec\/jjlainez\/files\/2022\/03\/Picture1-300x230.png 300w, https:\/\/blog.espol.edu.ec\/jjlainez\/files\/2022\/03\/Picture1-768x589.png 768w, https:\/\/blog.espol.edu.ec\/jjlainez\/files\/2022\/03\/Picture1.png 936w\" sizes=\"auto, (max-width: 300px) 100vw, 300px\" \/><p class=\"wp-caption-text\">Figura 1. Casos Con Fiebre<\/p><\/div><\/div><\/div><\/div><div id=\"pgc-38-1-1\"  class=\"panel-grid-cell\" ><div id=\"panel-38-1-1-0\" class=\"so-panel widget widget_media_image panel-first-child panel-last-child\" data-index=\"2\" ><div style=\"width: 310px\" class=\"wp-caption alignnone\"><img loading=\"lazy\" decoding=\"async\" width=\"300\" height=\"228\" src=\"https:\/\/blog.espol.edu.ec\/jjlainez\/files\/2022\/03\/Picture2-300x228.png\" class=\"image wp-image-46  attachment-medium size-medium\" alt=\"\" style=\"max-width: 100%; height: auto;\" srcset=\"https:\/\/blog.espol.edu.ec\/jjlainez\/files\/2022\/03\/Picture2-300x228.png 300w, https:\/\/blog.espol.edu.ec\/jjlainez\/files\/2022\/03\/Picture2-768x583.png 768w, https:\/\/blog.espol.edu.ec\/jjlainez\/files\/2022\/03\/Picture2.png 936w\" sizes=\"auto, (max-width: 300px) 100vw, 300px\" \/><p class=\"wp-caption-text\">Figura 2. Casos con Tos<\/p><\/div><\/div><\/div><\/div><div id=\"pg-38-2\"  class=\"panel-grid panel-no-style\" ><div id=\"pgc-38-2-0\"  class=\"panel-grid-cell\" ><div id=\"panel-38-2-0-0\" class=\"so-panel widget widget_media_image panel-first-child panel-last-child\" data-index=\"3\" ><div style=\"width: 310px\" class=\"wp-caption alignnone\"><img loading=\"lazy\" decoding=\"async\" width=\"300\" height=\"228\" src=\"https:\/\/blog.espol.edu.ec\/jjlainez\/files\/2022\/03\/Picture3-300x228.png\" class=\"image wp-image-47  attachment-medium size-medium\" alt=\"\" style=\"max-width: 100%; height: auto;\" srcset=\"https:\/\/blog.espol.edu.ec\/jjlainez\/files\/2022\/03\/Picture3-300x228.png 300w, https:\/\/blog.espol.edu.ec\/jjlainez\/files\/2022\/03\/Picture3-768x583.png 768w, https:\/\/blog.espol.edu.ec\/jjlainez\/files\/2022\/03\/Picture3.png 936w\" sizes=\"auto, (max-width: 300px) 100vw, 300px\" \/><p class=\"wp-caption-text\">Figura 3. Casos de Dificultad de Respiraci\u00f3n<\/p><\/div><\/div><\/div><div id=\"pgc-38-2-1\"  class=\"panel-grid-cell\" ><div id=\"panel-38-2-1-0\" class=\"so-panel widget widget_media_image panel-first-child panel-last-child\" data-index=\"4\" ><div style=\"width: 310px\" class=\"wp-caption alignnone\"><img loading=\"lazy\" decoding=\"async\" width=\"300\" height=\"230\" src=\"https:\/\/blog.espol.edu.ec\/jjlainez\/files\/2022\/03\/Picture5-300x230.png\" class=\"image wp-image-48  attachment-medium size-medium\" alt=\"\" style=\"max-width: 100%; height: auto;\" srcset=\"https:\/\/blog.espol.edu.ec\/jjlainez\/files\/2022\/03\/Picture5-300x230.png 300w, https:\/\/blog.espol.edu.ec\/jjlainez\/files\/2022\/03\/Picture5-768x589.png 768w, https:\/\/blog.espol.edu.ec\/jjlainez\/files\/2022\/03\/Picture5.png 936w\" sizes=\"auto, (max-width: 300px) 100vw, 300px\" \/><p class=\"wp-caption-text\">Figura 1. Casos de Contactos con personas con COVID-19<\/p><\/div><\/div><\/div><\/div><div id=\"pg-38-3\"  class=\"panel-grid panel-no-style\" ><div id=\"pgc-38-3-0\"  class=\"panel-grid-cell\" ><\/div><div id=\"pgc-38-3-1\"  class=\"panel-grid-cell\" ><\/div><\/div><div id=\"pg-38-4\"  class=\"panel-grid panel-no-style\" ><div id=\"pgc-38-4-0\"  class=\"panel-grid-cell\" ><\/div><div id=\"pgc-38-4-1\"  class=\"panel-grid-cell\" ><\/div><\/div><div id=\"pg-38-5\"  class=\"panel-grid panel-no-style\" ><div id=\"pgc-38-5-0\"  class=\"panel-grid-cell\" ><\/div><div id=\"pgc-38-5-1\"  class=\"panel-grid-cell\" ><\/div><\/div><div id=\"pg-38-6\"  class=\"panel-grid panel-no-style\" ><div id=\"pgc-38-6-0\"  class=\"panel-grid-cell panel-grid-cell-mobile-last\" ><div id=\"panel-38-6-0-0\" class=\"so-panel widget widget_sow-google-map panel-first-child panel-last-child\" data-index=\"11\" ><div\n\t\t\t\n\t\t\tclass=\"so-widget-sow-google-map so-widget-sow-google-map-default-05ebfd8f3122-38\"\n\t\t\t\n\t\t>\n<div class=\"sow-google-map-canvas\"\n\tstyle=\"\"\n\tid=\"map-canvas-cfa85d59a4249aab3fa791d8bbc00dc6\"\n\tdata-options=\"{&quot;address&quot;:&quot;&quot;,&quot;zoom&quot;:12,&quot;mobileZoom&quot;:12,&quot;gestureHandling&quot;:&quot;greedy&quot;,&quot;disableUi&quot;:false,&quot;markerIcon&quot;:false,&quot;markersDraggable&quot;:false,&quot;markerAtCenter&quot;:true,&quot;markerInfoDisplay&quot;:&quot;click&quot;,&quot;markerInfoMultiple&quot;:true,&quot;markerPositions&quot;:false,&quot;mapName&quot;:false,&quot;mapStyles&quot;:false,&quot;directions&quot;:&quot;&quot;,&quot;apiKey&quot;:&quot;&quot;,&quot;breakpoint&quot;:&quot;780&quot;,&quot;id&quot;:&quot;69d312&quot;}\"\n\tdata-fallback-image=\"{&quot;img&quot;:&quot;&quot;}\"><\/div>\n<\/div><\/div><\/div><div id=\"pgc-38-6-1\"  class=\"panel-grid-cell panel-grid-cell-empty\" ><\/div><\/div><\/div>","protected":false},"excerpt":{"rendered":"<p>La App Salug, es un trabajo de investigaci\u00f3n para la contenci\u00f3n de la COVID-19 y fue creada para poder tener un estado real de porcentajes de s\u00edntomas de la poblaci\u00f3n estudiantil de la Facultad de Ingenier\u00eda Industrial de la Universidad de Guayaquil. Se realizaron preguntas como de s\u00edntomas y\/o condiciones de acuerdo al siguiente listado: [&hellip;]<\/p>\n","protected":false},"author":11236,"featured_media":0,"parent":0,"menu_order":0,"comment_status":"closed","ping_status":"closed","template":"","meta":{"footnotes":""},"class_list":["post-38","page","type-page","status-publish","hentry"],"_links":{"self":[{"href":"https:\/\/blog.espol.edu.ec\/jjlainez\/wp-json\/wp\/v2\/pages\/38","targetHints":{"allow":["GET"]}}],"collection":[{"href":"https:\/\/blog.espol.edu.ec\/jjlainez\/wp-json\/wp\/v2\/pages"}],"about":[{"href":"https:\/\/blog.espol.edu.ec\/jjlainez\/wp-json\/wp\/v2\/types\/page"}],"author":[{"embeddable":true,"href":"https:\/\/blog.espol.edu.ec\/jjlainez\/wp-json\/wp\/v2\/users\/11236"}],"replies":[{"embeddable":true,"href":"https:\/\/blog.espol.edu.ec\/jjlainez\/wp-json\/wp\/v2\/comments?post=38"}],"version-history":[{"count":32,"href":"https:\/\/blog.espol.edu.ec\/jjlainez\/wp-json\/wp\/v2\/pages\/38\/revisions"}],"predecessor-version":[{"id":68,"href":"https:\/\/blog.espol.edu.ec\/jjlainez\/wp-json\/wp\/v2\/pages\/38\/revisions\/68"}],"wp:attachment":[{"href":"https:\/\/blog.espol.edu.ec\/jjlainez\/wp-json\/wp\/v2\/media?parent=38"}],"curies":[{"name":"wp","href":"https:\/\/api.w.org\/{rel}","templated":true}]}}