{"id":573,"date":"2023-03-05T09:34:28","date_gmt":"2023-03-05T14:34:28","guid":{"rendered":"http:\/\/blog.espol.edu.ec\/jjlainez\/?page_id=573"},"modified":"2023-03-06T17:41:18","modified_gmt":"2023-03-06T22:41:18","slug":"electronica-ii","status":"publish","type":"page","link":"https:\/\/blog.espol.edu.ec\/jjlainez\/electronica-ii\/","title":{"rendered":"Electr\u00f3nica II"},"content":{"rendered":"<p style=\"font-weight: 400\"><strong>ELECTRONICA II<\/strong><\/p>\n<p style=\"font-weight: 400\"><strong>\u00a0<img loading=\"lazy\" decoding=\"async\" class=\"aligncenter size-full wp-image-578\" src=\"http:\/\/blog.espol.edu.ec\/jjlainez\/files\/2023\/03\/electronica-pic.png\" alt=\"\" width=\"464\" height=\"336\" srcset=\"https:\/\/blog.espol.edu.ec\/jjlainez\/files\/2023\/03\/electronica-pic.png 464w, https:\/\/blog.espol.edu.ec\/jjlainez\/files\/2023\/03\/electronica-pic-300x217.png 300w\" sizes=\"auto, (max-width: 464px) 100vw, 464px\" \/><\/strong><\/p>\n<p style=\"font-weight: 400\"><strong>\u00a0<\/strong><\/p>\n<p style=\"font-weight: 400\"><strong>1.Amplificadores Operacionales<\/strong><\/p>\n<p style=\"font-weight: 400\">1.1 Clasificaci\u00f3n de los tipos<\/p>\n<p style=\"font-weight: 400\">1.2 Circuito equivalente<\/p>\n<p style=\"font-weight: 400\">1.3 Circuitos m\u00e1s frecuentes<\/p>\n<p style=\"font-weight: 400\">1.4 Ganancia de etapas m\u00faltiples<\/p>\n<p style=\"font-weight: 400\">1.5 Filtros Activos<\/p>\n<p style=\"font-weight: 400\">Video de la Clase 1: <a href=\"https:\/\/www.youtube.com\/watch?v=qGYs0I1blVY\">https:\/\/www.youtube.com\/watch?v=qGYs0I1blVY<\/a><\/p>\n<p style=\"font-weight: 400\">Video de la Clase 2: <a href=\"https:\/\/www.youtube.com\/watch?v=hduhDdlhoEQ&amp;t=1506s\">https:\/\/www.youtube.com\/watch?v=hduhDdlhoEQ&amp;t=1506s<\/a><\/p>\n<p style=\"font-weight: 400\">Video de la Clase 3: <a href=\"https:\/\/www.youtube.com\/watch?v=KAcpecu9B1Y\">https:\/\/www.youtube.com\/watch?v=KAcpecu9B1Y<\/a><\/p>\n<p style=\"font-weight: 400\">Video de la Clase 4: <a href=\"https:\/\/www.youtube.com\/watch?v=yoie30_2q0o&amp;t=2772s\">https:\/\/www.youtube.com\/watch?v=yoie30_2q0o&amp;t=2772s<\/a><\/p>\n<p style=\"font-weight: 400\"><strong>2.<\/strong><strong>Osciladores y Otros Circuitos<\/strong><\/p>\n<p style=\"font-weight: 400\">2.1Osciladores<\/p>\n<p style=\"font-weight: 400\">2.2Temporizador 555<\/p>\n<p style=\"font-weight: 400\">Video de la Clase 5: <a href=\"https:\/\/www.youtube.com\/watch?v=2UTmA7lHmuI&amp;t=369s\">https:\/\/www.youtube.com\/watch?v=2UTmA7lHmuI&amp;t=369s<\/a><\/p>\n<p style=\"font-weight: 400\">Video de la Clase 6: <a href=\"https:\/\/www.youtube.com\/watch?v=MH5djoS7PPs&amp;t=836s\">https:\/\/www.youtube.com\/watch?v=MH5djoS7PPs&amp;t=836s<\/a><\/p>\n<p style=\"font-weight: 400\">Video de la Clase 7: <a href=\"https:\/\/www.youtube.com\/watch?v=ifnwqzSkSro&amp;t=1s\">https:\/\/www.youtube.com\/watch?v=ifnwqzSkSro&amp;t=1s<\/a><\/p>\n<p style=\"font-weight: 400\">Video de la Clase 8: <a href=\"https:\/\/www.youtube.com\/watch?v=mGAw6Hc9IzA&amp;t=14s\">https:\/\/www.youtube.com\/watch?v=mGAw6Hc9IzA&amp;t=14s<\/a><\/p>\n<p style=\"font-weight: 400\"><strong>3.<\/strong><strong>Electr\u00f3nica de Potencia<\/strong><\/p>\n<p style=\"font-weight: 400\">3.1 Introducci\u00f3n<\/p>\n<p style=\"font-weight: 400\">3.2 Circuitos R, L,C en DC<\/p>\n<p style=\"font-weight: 400\">3.3 Corriente Alterna<\/p>\n<p style=\"font-weight: 400\">3.4 Corriente trif\u00e1sica<\/p>\n<p style=\"font-weight: 400\">Video de la Clase 9: \u00a0\u00a0\u00a0<a href=\"https:\/\/www.youtube.com\/watch?v=mFbPdgUVq8g&amp;t=317s\"><strong>https:\/\/www.youtube.com\/watch?v=mFbPdgUVq8g&amp;t=317s<\/strong><\/a><\/p>\n<p style=\"font-weight: 400\">Video de la Clase 10:\u00a0 <a href=\"https:\/\/www.youtube.com\/watch?v=Q9d3DP_VYjE\"><strong>https:\/\/www.youtube.com\/watch?v=Q9d3DP_VYjE<\/strong><\/a><\/p>\n<p style=\"font-weight: 400\">Video de la Clase 11: <a href=\"https:\/\/www.youtube.com\/watch?v=0Zoc1bX4_sw\">https:\/\/www.youtube.com\/watch?v=0Zoc1bX4_sw<\/a><\/p>\n<p style=\"font-weight: 400\">Video de la Clase 12: <a href=\"https:\/\/www.youtube.com\/watch?v=StBIg-ZO0M4&amp;t=307s\">https:\/\/www.youtube.com\/watch?v=StBIg-ZO0M4&amp;t=307s<\/a><\/p>\n<p style=\"font-weight: 400\">Video de la Clase 13: <a href=\"https:\/\/www.youtube.com\/watch?v=JsMwGZdD6Qo\">https:\/\/www.youtube.com\/watch?v=JsMwGZdD6Qo<\/a><\/p>\n<p style=\"font-weight: 400\"><strong>4<\/strong><strong>.E<\/strong><strong>lementos de Potencia<\/strong><\/p>\n<p style=\"font-weight: 400\">4.1Dise\u00f1o de equipos de AC<\/p>\n<p style=\"font-weight: 400\">4.2Dispositivos de potencia<\/p>\n<p style=\"font-weight: 400\">4.3Diodo<\/p>\n<p style=\"font-weight: 400\">4.4Thiristor<\/p>\n<p style=\"font-weight: 400\">4.5Otros elementos<\/p>\n<p style=\"font-weight: 400\">4.6Convertidores<\/p>\n<p style=\"font-weight: 400\">4.7Rectificadores<\/p>\n<p style=\"font-weight: 400\">Video de la Clase 14:\u00a0 <a href=\"https:\/\/www.youtube.com\/watch?v=vhVmGK-6zro&amp;t=1528s\">https:\/\/www.youtube.com\/watch?v=vhVmGK-6zro&amp;t=1528s<\/a><\/p>\n<p style=\"font-weight: 400\">Video de la Clase 15: <a href=\"https:\/\/www.youtube.com\/watch?v=HEly9fls3hE&amp;t=3421s\">https:\/\/www.youtube.com\/watch?v=HEly9fls3hE&amp;t=3421s<\/a><\/p>\n<p style=\"font-weight: 400\">Video de la Clase 16:\u00a0 <a href=\"https:\/\/www.youtube.com\/watch?v=e_XUhmIP3UU&amp;t=1485s\">https:\/\/www.youtube.com\/watch?v=e_XUhmIP3UU&amp;t=1485s<\/a><strong>\u00a0<\/strong><\/p>\n<p style=\"font-weight: 400\"><strong>5.<\/strong><strong>Rectificadores con Diodos de Potencia y Tiristores<\/strong><\/p>\n<p style=\"font-weight: 400\">5.1Rectificadores con diodos<\/p>\n<p style=\"font-weight: 400\">5.2Tiristores<\/p>\n<p style=\"font-weight: 400\">5.3Rectificadores con TiristoresRectificadores controlado<\/p>\n<p style=\"font-weight: 400\">Video de la Clase 17:\u00a0 <a href=\"https:\/\/www.youtube.com\/watch?v=LwHJxTlUv5Q&amp;t=212s\">https:\/\/www.youtube.com\/watch?v=LwHJxTlUv5Q&amp;t=212s<\/a><\/p>\n<p style=\"font-weight: 400\"><strong>6.<\/strong><strong>Motores DC<\/strong><\/p>\n<p style=\"font-weight: 400\">6.1Principios de funcionamiento tipos de motores<\/p>\n<p style=\"font-weight: 400\">Video de la Clase 18:\u00a0 <a href=\"https:\/\/www.youtube.com\/watch?v=bDbk6PukegA&amp;t=2007s\">https:\/\/www.youtube.com\/watch?v=bDbk6PukegA&amp;t=2007s<\/a><\/p>\n<p style=\"font-weight: 400\">Video de la Clase 19:\u00a0 <a href=\"https:\/\/www.youtube.com\/watch?v=A0UniYG1c4Y\">https:\/\/www.youtube.com\/watch?v=A0UniYG1c4Y<\/a><\/p>\n<p style=\"font-weight: 400\"><strong>7.- Clases Pr\u00e1cticas , Laboratrios ,Mediciones y Ejemplos<\/strong><\/p>\n<p style=\"font-weight: 400\">Video de la Pr\u00e1ctica 1: <a href=\"https:\/\/www.youtube.com\/watch?v=DtQZmwt70lE&amp;t=121s\">https:\/\/www.youtube.com\/watch?v=DtQZmwt70lE&amp;t=121s<\/a><\/p>\n<p style=\"font-weight: 400\">Video de la Pr\u00e1ctica 2: <a href=\"https:\/\/www.youtube.com\/watch?v=P02JS-EFSZU&amp;t=1s\">https:\/\/www.youtube.com\/watch?v=P02JS-EFSZU&amp;t=1s<\/a><\/p>\n<p style=\"font-weight: 400\">Video de la Pr\u00e1ctica 3: <a href=\"https:\/\/www.youtube.com\/watch?v=NXG6u4hLlsE\">https:\/\/www.youtube.com\/watch?v=NXG6u4hLlsE<\/a><\/p>\n<p style=\"font-weight: 400\">Laboratorio de Capacitores:<\/p>\n<p style=\"font-weight: 400\">\u00a0<a href=\"https:\/\/www.youtube.com\/watch?v=42ofsfs2CZM\">https:\/\/www.youtube.com\/watch?v=42ofsfs2CZM<\/a><\/p>\n<p style=\"font-weight: 400\">Laboratorio de Medici\u00f3n de Factor de Potencia con Carga Resistiva:<\/p>\n<p style=\"font-weight: 400\"><a href=\"https:\/\/www.youtube.com\/watch?v=KuDKYAqaGJE\">https:\/\/www.youtube.com\/watch?v=KuDKYAqaGJE<\/a><\/p>\n<p style=\"font-weight: 400\">Laboratorio de Medici\u00f3n de Factor de Potencia con Carga Inductiva:<\/p>\n<p style=\"font-weight: 400\"><a href=\"https:\/\/www.youtube.com\/watch?v=tbtiuZbeeVc\">https:\/\/www.youtube.com\/watch?v=tbtiuZbeeVc<\/a><\/p>\n<p style=\"font-weight: 400\">Laboratorio de Medici\u00f3n de Voltaje Alterno con Osciloscopio:<\/p>\n<p style=\"font-weight: 400\"><a href=\"https:\/\/www.youtube.com\/watch?v=6BEhAwKiDs4&amp;t=6s\">https:\/\/www.youtube.com\/watch?v=6BEhAwKiDs4&amp;t=6s<\/a><\/p>\n<p style=\"font-weight: 400\">Simulaci\u00f3n en CadeSimu de un Circuito de Fuerza y Control de un Motor Trif\u00e1sico:<\/p>\n<p style=\"font-weight: 400\"><a href=\"https:\/\/www.youtube.com\/watch?v=fwxi0hux4LM&amp;t=60s\">https:\/\/www.youtube.com\/watch?v=fwxi0hux4LM&amp;t=60s<\/a><\/p>\n<p style=\"font-weight: 400\">\n","protected":false},"excerpt":{"rendered":"<p>ELECTRONICA II \u00a0 \u00a0 1.Amplificadores Operacionales 1.1 Clasificaci\u00f3n de los tipos 1.2 Circuito equivalente 1.3 Circuitos m\u00e1s frecuentes 1.4 Ganancia de etapas m\u00faltiples 1.5 Filtros Activos Video de la Clase 1: https:\/\/www.youtube.com\/watch?v=qGYs0I1blVY Video de la Clase 2: https:\/\/www.youtube.com\/watch?v=hduhDdlhoEQ&amp;t=1506s Video de la Clase 3: https:\/\/www.youtube.com\/watch?v=KAcpecu9B1Y Video de la Clase 4: https:\/\/www.youtube.com\/watch?v=yoie30_2q0o&amp;t=2772s 2.Osciladores y Otros Circuitos 2.1Osciladores [&hellip;]<\/p>\n","protected":false},"author":11236,"featured_media":0,"parent":0,"menu_order":0,"comment_status":"closed","ping_status":"closed","template":"","meta":{"footnotes":""},"class_list":["post-573","page","type-page","status-publish","hentry"],"_links":{"self":[{"href":"https:\/\/blog.espol.edu.ec\/jjlainez\/wp-json\/wp\/v2\/pages\/573","targetHints":{"allow":["GET"]}}],"collection":[{"href":"https:\/\/blog.espol.edu.ec\/jjlainez\/wp-json\/wp\/v2\/pages"}],"about":[{"href":"https:\/\/blog.espol.edu.ec\/jjlainez\/wp-json\/wp\/v2\/types\/page"}],"author":[{"embeddable":true,"href":"https:\/\/blog.espol.edu.ec\/jjlainez\/wp-json\/wp\/v2\/users\/11236"}],"replies":[{"embeddable":true,"href":"https:\/\/blog.espol.edu.ec\/jjlainez\/wp-json\/wp\/v2\/comments?post=573"}],"version-history":[{"count":6,"href":"https:\/\/blog.espol.edu.ec\/jjlainez\/wp-json\/wp\/v2\/pages\/573\/revisions"}],"predecessor-version":[{"id":581,"href":"https:\/\/blog.espol.edu.ec\/jjlainez\/wp-json\/wp\/v2\/pages\/573\/revisions\/581"}],"wp:attachment":[{"href":"https:\/\/blog.espol.edu.ec\/jjlainez\/wp-json\/wp\/v2\/media?parent=573"}],"curies":[{"name":"wp","href":"https:\/\/api.w.org\/{rel}","templated":true}]}}