{"id":30,"date":"2013-05-31T10:34:05","date_gmt":"2013-05-31T15:34:05","guid":{"rendered":"http:\/\/blog.espol.edu.ec\/jjmite\/?page_id=30"},"modified":"2013-05-31T11:15:00","modified_gmt":"2013-05-31T16:15:00","slug":"imagenes","status":"publish","type":"page","link":"https:\/\/blog.espol.edu.ec\/jjmite\/imagenes\/","title":{"rendered":"Archivos PPTX"},"content":{"rendered":"<p><strong><em>Este lo hice yo, recopile algunas imagenes ya un poco conocidas.<\/em><\/strong><\/strong><br \/>\n<iframe loading=\"lazy\" src=\"http:\/\/es.slideshare.net\/slideshow\/embed_code\/22254881\" width=\"427\" height=\"356\" frameborder=\"0\" allowfullscreen> <\/iframe> <\/p>\n<div style=\"margin-bottom:5px\"> <strong> <a href=\"http:\/\/es.slideshare.net\/jhowermt\/ilusiones-pticas-22254881\" title=\"Ilusiones \u00f3pticas\" target=\"_blank\">Ilusiones \u00f3pticas<\/a> <\/strong> from <strong><a href=\"http:\/\/es.slideshare.net\/jhowermt\" target=\"_blank\">Jhower Mite<\/a><\/strong> <\/div>\n<p><em><br \/>\n<strong>Encontre este archivo,se ve muy interesante.<br \/>\nDisfr\u00fatenlo.<\/strong><\/em><br \/>\n<iframe loading=\"lazy\" src=\"http:\/\/www.slideshare.net\/slideshow\/embed_code\/224421\" width=\"427\" height=\"356\" frameborder=\"0\" allowfullscreen> <\/iframe> <\/p>\n<div style=\"margin-bottom:5px\"> <strong> <a href=\"http:\/\/www.slideshare.net\/thiru.kalpa\/awesome-illusions\" title=\"Awesome Illusions\" target=\"_blank\">Awesome Illusions<\/a> <\/strong> from <strong><a href=\"http:\/\/www.slideshare.net\/thiru.kalpa\" target=\"_blank\">thiru.kalpa<\/a><\/strong> <\/div>\n<p><strong>Realidad Perceocion e Imagen<\/strong><strong><em><br \/>\n<iframe loading=\"lazy\" src=\"http:\/\/www.slideshare.net\/slideshow\/embed_code\/5679627\" width=\"427\" height=\"356\" frameborder=\"0\" allowfullscreen> <\/iframe> <\/p>\n<div style=\"margin-bottom:5px\"> <strong> <a href=\"http:\/\/www.slideshare.net\/Barranquita\/realidad-percepcin-e-imagen-5679627\" title=\"Realidad, percepci\u00f3n e imagen.\" target=\"_blank\">Realidad, percepci\u00f3n e imagen.<\/a> <\/strong> from <strong><a href=\"http:\/\/www.slideshare.net\/Barranquita\" target=\"_blank\">inma <\/a><\/strong> <\/div>\n<p><em>Ilusiones opticas<\/em><strong><br \/>\n<iframe loading=\"lazy\" src=\"http:\/\/www.slideshare.net\/slideshow\/embed_code\/11307562\" width=\"427\" height=\"356\" frameborder=\"0\" allowfullscreen> <\/iframe> <\/p>\n<div style=\"margin-bottom:5px\"> <strong> <a href=\"http:\/\/www.slideshare.net\/Marinale\/ilusiones-pticas-11307562\" title=\"Ilusiones \u00f3pticas\" target=\"_blank\">Ilusiones \u00f3pticas<\/a> <\/strong> from <strong><a href=\"http:\/\/www.slideshare.net\/Marinale\" target=\"_blank\">Marinale<\/a><\/strong> <\/div>\n","protected":false},"excerpt":{"rendered":"<p>Este lo hice yo, recopile algunas imagenes ya un poco conocidas. Ilusiones \u00f3pticas from Jhower Mite Encontre este archivo,se ve muy interesante. Disfr\u00fatenlo. Awesome Illusions from thiru.kalpa Realidad Perceocion e Imagen Realidad, percepci\u00f3n e imagen. from inma Ilusiones opticas Ilusiones \u00f3pticas from Marinale<\/p>\n","protected":false},"author":8600,"featured_media":0,"parent":0,"menu_order":0,"comment_status":"open","ping_status":"open","template":"","meta":{"footnotes":""},"class_list":["post-30","page","type-page","status-publish","hentry","nodate","item-wrap"],"_links":{"self":[{"href":"https:\/\/blog.espol.edu.ec\/jjmite\/wp-json\/wp\/v2\/pages\/30","targetHints":{"allow":["GET"]}}],"collection":[{"href":"https:\/\/blog.espol.edu.ec\/jjmite\/wp-json\/wp\/v2\/pages"}],"about":[{"href":"https:\/\/blog.espol.edu.ec\/jjmite\/wp-json\/wp\/v2\/types\/page"}],"author":[{"embeddable":true,"href":"https:\/\/blog.espol.edu.ec\/jjmite\/wp-json\/wp\/v2\/users\/8600"}],"replies":[{"embeddable":true,"href":"https:\/\/blog.espol.edu.ec\/jjmite\/wp-json\/wp\/v2\/comments?post=30"}],"version-history":[{"count":10,"href":"https:\/\/blog.espol.edu.ec\/jjmite\/wp-json\/wp\/v2\/pages\/30\/revisions"}],"predecessor-version":[{"id":41,"href":"https:\/\/blog.espol.edu.ec\/jjmite\/wp-json\/wp\/v2\/pages\/30\/revisions\/41"}],"wp:attachment":[{"href":"https:\/\/blog.espol.edu.ec\/jjmite\/wp-json\/wp\/v2\/media?parent=30"}],"curies":[{"name":"wp","href":"https:\/\/api.w.org\/{rel}","templated":true}]}}