{"id":54,"date":"2009-01-20T15:01:00","date_gmt":"2009-01-20T20:01:00","guid":{"rendered":"http:\/\/blog.espol.edu.ec\/jjrubio\/?page_id=54"},"modified":"2009-01-20T15:01:00","modified_gmt":"2009-01-20T20:01:00","slug":"heroes-la-serie","status":"publish","type":"page","link":"https:\/\/blog.espol.edu.ec\/jjrubio\/heroes-la-serie\/","title":{"rendered":"Heroes: La Serie"},"content":{"rendered":"<div id=\"attachment_51\" style=\"width: 310px\" class=\"wp-caption aligncenter\"><a href=\"http:\/\/blog.espol.edu.ec\/jjrubio\/files\/2009\/01\/heroes_casttitel_2_w573_h_m.jpg\"><img loading=\"lazy\" decoding=\"async\" aria-describedby=\"caption-attachment-51\" class=\"size-medium wp-image-51\" src=\"http:\/\/blog.espol.edu.ec\/jjrubio\/files\/2009\/01\/heroes_casttitel_2_w573_h_m-300x216.jpg\" alt=\"Actores de la serie &quot;Heroes&quot;\" width=\"300\" height=\"216\" \/><\/a><p id=\"caption-attachment-51\" class=\"wp-caption-text\">Actores de la serie &quot;Heroes&quot;<\/p><\/div>\n<p>\u00bfQue es \"Heroes\"? A estas alturas sobre decirlo, una de las series de m\u00e1s \u00e9xito de los \u00faltimos a\u00f1os, que se ha beneficiado en parte del boom que viven actualmente las adaptaciones cinematogr\u00e1ficas de comics de superh\u00e9roes, pero desde una vertiente diferente. Donde las pel\u00edculas adaptan personajes de comics conocidos desde hace d\u00e9cadas, la serie ha optado por crear nuevos personajes pero quit\u00e1ndoles aquello que m\u00e1s suele infantilizar a los h\u00e9roes de comics: los nombres rimbombantes y los trajes de colorines. Con esos dos conceptos fuera, los personajes de la serie tienen una madurez que es la que creo que ha calado en gran parte del p\u00fablico: son y se comportan como seres humanos que un d\u00eda se dan cuenta de que tienen unas habilidades especiales, sin necesidad de enfundarse en unas mallas de colores por ello.<\/p>\n<p>-_-_-_-_-_-_-_-_-_-_-_-_-_-_-_-_-_-_-_-_-_-_-_-_-_-_-_-_-_-_-_-_-_-_-_-_-_-_-_-_-_-_-_-_-_-_-_-_-_-_-_-_-_-_-_-_-_-<\/p>\n<p>H\u00e9roes es una serie de televisi\u00f3n de g\u00e9nero dram\u00e1tico, creada por Tim Kring, que se estren\u00f3 en la cadena estadounidense NBC el 25 de septiembre del 2006. Sigue la historia de varios individuos normales que, repentinamente, descubren que tienen habilidades especiales tales como telepat\u00eda, regeneraci\u00f3n espont\u00e1nea, vuelo y capacidad para cambiar el continuo espacio-tiempo. Tendr\u00e1n que aprender a convivir con sus poderes, a conocerlos y a dominarlos. La serie emula en gran parte el estilo y la recreaci\u00f3n empleadas en las historietas de superh\u00e9roes, que consisten en un conjunto de episodios que condensan historias cortas acerca de los h\u00e9roes y sus antagonistas, y que a su vez dan paso a una trama m\u00e1s larga y enigm\u00e1tica.<\/p>\n<p><object width=\"425\" height=\"344\"><param name=\"allowFullScreen\" value=\"true\" \/><param name=\"allowscriptaccess\" value=\"always\" \/><param name=\"src\" value=\"http:\/\/www.youtube.com\/v\/4tallf9-pkc&amp;hl=es&amp;fs=1\" \/><embed type=\"application\/x-shockwave-flash\" width=\"425\" height=\"344\" src=\"http:\/\/www.youtube.com\/v\/4tallf9-pkc&amp;hl=es&amp;fs=1\"><\/embed><\/object><\/p>\n<p>La primera temporada atrajo a un promedio de 14.3 millones de telespectadores en los Estados Unidos y recibi\u00f3 el mayor \u00edndice de audiencia para un estreno dram\u00e1tico de la NBC por primera vez en cinco a\u00f1os.En Chile alcanza los 10 puntos de rating, reuniendo a 1 mill\u00f3n de personas frente al televisor semanalmente en pantalla abierta[1] La primera temporada consisti\u00f3 en un total de 23 episodios; se encargaron 24 episodios [2] para la segunda temporada estrenada el 24 de septiembre del 2007,[3] pero la temporada fue recortada y solo se transmitieron 11 episodios[4] debido a la Huelga de guionistas en Hollywood.[5] [6] La Huelga tambi\u00e9n retraso la producci\u00f3n del spin-off Heroes: Origins, cuyo estreno estaba pautado para el mes de Abril y Mayo del 2008.[7] [8]<\/p>\n<p>La serie tiene un estilo de escritura similar a los c\u00f3mics estadounidenses, en los que varios arcos argumentales breves de unos pocos episodios van conformando una trama mayor. Los primeros cuatro episodios de la primera temporada fueron denominados \u00abgente ordinaria descubriendo habilidades extraordinarias\u00bb. Un hecho ocurrido al final del cuarto cap\u00edtulo dio inicio al siguiente arco llamado \u00abSalva a la animadora, salva al mundo\u00bb (Save the cheerleader, save the world), con una clara referencia al personaje de Claire Bennet, animadora deportiva de una escuela secundaria de Texas, con habilidades de regeneraci\u00f3n r\u00e1pida, y la visi\u00f3n apocal\u00edptica de Nueva York pintada por otro personaje, el artista Isaac M\u00e9ndez.<\/p>\n<p>A medida que el elenco descubre lentamente sus habilidades y la existencia de otros como ellos, sus caminos se van cruzando y comienzan a darse cuenta de que se necesitan para prevenir la cat\u00e1strofe. La premisa es que los personajes tienen un rol importante en salvar a la humanidad.<\/p>\n<p>Todo comienza cuando Peter Petrelli tiene visiones y sue\u00f1os en los que vuela. Todo ello est\u00e1 relacionado con su hermano Nathan Petrelli. Al preguntarle Peter sobre el significado de los sue\u00f1os, le hace sentir que todo es fantas\u00eda y que \u00e9l tiene cosas m\u00e1s importantes por las que preocuparse. Su preocupaci\u00f3n principal es ganar las pr\u00f3ximas elecciones para congresista.<\/p>\n<p><object width=\"425\" height=\"344\"><param name=\"allowFullScreen\" value=\"true\" \/><param name=\"allowscriptaccess\" value=\"always\" \/><param name=\"src\" value=\"http:\/\/www.youtube.com\/v\/Y289HnTc1zo&amp;hl=es&amp;fs=1\" \/><embed type=\"application\/x-shockwave-flash\" width=\"425\" height=\"344\" src=\"http:\/\/www.youtube.com\/v\/Y289HnTc1zo&amp;hl=es&amp;fs=1\"><\/embed><\/object><\/p>\n<p>Peter es enfermero y cuida al padre desahuciado de Simone Deveaux, una chica encargada de una Galer\u00eda de Arte que, durante los primeros cap\u00edtulos, es novia de Isaac Mendez, un pintor que tiene la habilidad de plasmar el futuro en sus lienzos. \u00c9ste siente que s\u00f3lo puede entrar en el trance que le hace pintar tales sucesos futuros bajo los efectos de las drogas- cosa que despu\u00e9s se demostrar\u00e1 innecesaria - y, al inicio, Simone piensa que por estar drogado, Issac s\u00f3lo asocia los sucesos con sus pinturas, pero pronto cambiar\u00e1 de parecer.<\/p>\n<p>Al mismo tiempo en Jap\u00f3n, un simple oficinista, Hiro Nakamura, descubre que puede romper la continuidad espacio-tiempo, teletransport\u00e1ndose hasta la ciudad de Nueva York en el futuro, justo antes de estallar una bomba nuclear que destruye la ciudad. Durante la primera temporada, la trama central de la serie se va centrando poco a poco en evitar que estalle dicha bomba en el coraz\u00f3n de la ciudad de Nueva York, hecho que tambi\u00e9n predijo Isaac Mendez en una de sus pinturas.<\/p>\n<p>En la segunda temporada, los H\u00e9roes deben evitar la propagaci\u00f3n de un terrible virus que destruira al 93% de la poblaci\u00f3n humana.<\/p>\n<p>El profesor Chandra Suresh, padre de Mohinder Suresh, descubre la existencia de estos individuos, como la siguiente etapa de la evoluci\u00f3n humana. En su libro \"Activando La Evoluci\u00f3n\", muestra el argumento l\u00f3gico de la trama, consistente en que los seres humanos, que, como otros organismos animales, evolucionamos constantemente, hemos llegado a un punto en que los retos del d\u00eda a d\u00eda nos hacen desarrollar estas habilidades, necesarias para la raza.<\/p>\n<p>Personajes  [editar]Art\u00edculo principal: Lista de personajes de H\u00e9roes<br \/>\nNombre Temporada (protagonista) Temporada (recurrente) Interpretado\/a por Resumen<br \/>\nClaire Bennet 1, 2 \u2014 Hayden Panettiere Es una animadora que anteriormente viv\u00eda en Odessa, Texas, y que ahora vive en Costa Verde, California. Tiene la capacidad de regenerarse celularmente. Es la hija adoptiva de Noah Bennet, y a su vez es la hija biol\u00f3gica de Nathan Petrelli y Meredith Gordon.<br \/>\nNoah Bennet 1, 2 \u2014 Jack Coleman Mejor conocido como el \"Sr. Bennet\" o el \"Hombre de los Lentes de Pasta\", en un principio trabajo para Primatech Paper, una empresa que actuaba como tapadera de La Compa\u00f1\u00eda, que se dedica a investigar a las personas con habilidades especiales para estudiarlos.<br \/>\nElle Bishop 2 \u2014 Kristen Bell Una chica de 24 a\u00f1os [9] que trabaja para La Compa\u00f1\u00eda. Su padre, Bob Bishop, es el actual jefe de la misma. Tiene el poder de manipular la electricidad.<br \/>\nMonica Dawson 2 \u2014 Dana Davis Una camarera del restaurante Burger Bonanza en New Orleans. Es la sobrina de D.L. Hawkins y la prima de Micah. Monica tiene la habilidad de recrear todo aquello que ve en la vida real o por televisi\u00f3n.<br \/>\nSimone Deveaux 1 \u2014 Tawny Cypress Una comerciante de pinturas y a su vez due\u00f1a de una galer\u00eda de arte, hija de Charles Deveaux, se relaciona sentimentalmente con Isaac Mendez y con Peter Petrelli.<br \/>\nD.L. Hawkins 1 2 Leonard Roberts Es un fugitivo que posee la habilidad de hacerse intangible, con lo cual puede traspasar objetos. Es el esposo de Niki y padre de Micah.<br \/>\nMaya Herrera 2 \u2014 Dania Ram\u00edrez Es una fugitiva proveniente de Am\u00e9rica Central cuyo poder es la virog\u00e9nesis. Consiste en que sus l\u00e1grimas desprenden veneno y son mortales para toda persona que est\u00e9 a su alrededor, excepto para su hermano Alejandro, que es el \u00fanico que puede detenerla.<br \/>\nAndo Masahashi 1,2 - James Kyson Lee Amigo y compa\u00f1ero de trabajo de Hiro Nakamura. Se convierte en su inseparable acompa\u00f1ante en la aventura de salvar al mundo, es valiente a pesar de no tener poderes.<br \/>\nIsaac Mendez 1 1 Santiago Cabrera Un artista que vive en Nueva York y tiene la habilidad de pintar im\u00e1genes del futuro en sus cuadros. Tambi\u00e9n escribe la historieta 9th Wonders! en la cual tambi\u00e9n pregona sucesos del futuro.<br \/>\nAdam Monroe\/Takezo Kensei 2 \u2014 David Anders Ingl\u00e9s que pele\u00f3 en el Jap\u00f3n Antiguo bajo el nombre de Takezo Kensei. Su poder reside en su sangre, que tiene poderes curativos, tanto para \u00e9l mismo como para las dem\u00e1s personas. Esto lo convierte en inmortal, por eso est\u00e1 vivo en la actualidad con mas de 400 a\u00f1os, bajo el nombre de Adam Monroe, el se encarg\u00f3 de unir a los 12 originales.<br \/>\nHiro Nakamura 1, 2 \u2014 Masi Oka Un oficinista japon\u00e9s de 24 a\u00f1os amante de los c\u00f3mics que, literalmente, hace que el tiempo se detenga, pueda teletransportarse y viajar por la continuidad espacio\/tiempo. Esta convencido de que es un h\u00e9roe, y de que el, junto con otras personas con habilidades est\u00e1n predestinados a salvar a el mundo.<br \/>\nMatt Parkman 1, 2 \u2014 Greg Grunberg Un ex-polic\u00eda de Los Angeles con la habilidad de escuchar los pensamientos de los dem\u00e1s. A medida que se desarrolla la trama descubre que puede controlar los pensamientos ajenos. Actualmente es detective de la polic\u00eda de Nueva York y es el guardi\u00e1n de Molly Walker.<br \/>\nNathan Petrelli 1, 2 \u2014 Adrian Pasdar Ex-candidato al Congreso de los Estados Unidos por el estado de Nueva York, es el hermano de Peter Petrelli y su habilidad es la de volar.<br \/>\nPeter Petrelli 1, 2 \u2014 Milo Ventimiglia Ex-enfermero de 26 a\u00f1os que absorbe los poderes de los dem\u00e1s cuando est\u00e1 cerca de ellos y luego de entrenarse con Claude Rains, aprende a usarlos aunque sus reales due\u00f1os est\u00e9n lejos de \u00e9l.<br \/>\nMicah Sanders 1, 2 \u2014 Noah Gray-Cabey Un ni\u00f1o prodigio que tiene poderes tecno-emp\u00e1ticos, es decir, puede manipular el funcionamiento de sistemas electr\u00f3nicos con la mente. Es el hijo de D.L y Niki.<br \/>\nNiki Sanders 1, 2 \u2014 Ali Larter Una ex-stripper de 33 a\u00f1os de Las Vegas, posee superfuerza y sufre de personalidad m\u00faltiple: una agresiva y letal llamada Jessica, y otra llamada Gina.<br \/>\nMohinder Suresh 1, 2 \u2014 Sendhil Ramamurthy Profesor de gen\u00e9tica nacido en la India, que viaja a Nueva York para investigar la muerte de su padre, Chandra. Su sangre es capaz de eliminar un virus conocido como virus Shanti, que s\u00f3lo afecta a gente con habilidades especiales.<br \/>\nSylar 1,2 1 Zachary Quinto Alias de Gabriel Gray, es un ex-relojero con la habilidad de saber \"c\u00f3mo funcionan las cosas\" (Aptitud intuitiva), se convierte en un asesino en serie que roba las habilidades de las dem\u00e1s personas con poderes al abrirles la cabeza por medio de la telequinesis, primera habilidad que rob\u00f3. El apodo de \"Sylar\" surge de la marca de un reloj que Gabriel estaba reparando.<\/p>\n<p><object width=\"425\" height=\"344\"><param name=\"allowFullScreen\" value=\"true\" \/><param name=\"allowscriptaccess\" value=\"always\" \/><param name=\"src\" value=\"http:\/\/www.youtube.com\/v\/ZLflOO2hcD4&amp;hl=es&amp;fs=1\" \/><embed type=\"application\/x-shockwave-flash\" width=\"425\" height=\"344\" src=\"http:\/\/www.youtube.com\/v\/ZLflOO2hcD4&amp;hl=es&amp;fs=1\"><\/embed><\/object><\/p>\n","protected":false},"excerpt":{"rendered":"<p>\u00bfQue es \"Heroes\"? A estas alturas sobre decirlo, una de las series de m\u00e1s \u00e9xito de los \u00faltimos a\u00f1os, que se ha beneficiado en parte del boom que viven actualmente las adaptaciones cinematogr\u00e1ficas de comics de superh\u00e9roes, pero desde una vertiente diferente. Donde las pel\u00edculas adaptan personajes de comics conocidos desde hace d\u00e9cadas, la serie [&hellip;]<\/p>\n","protected":false},"author":765,"featured_media":0,"parent":0,"menu_order":0,"comment_status":"open","ping_status":"open","template":"","meta":{"footnotes":""},"class_list":["post-54","page","type-page","status-publish","hentry"],"_links":{"self":[{"href":"https:\/\/blog.espol.edu.ec\/jjrubio\/wp-json\/wp\/v2\/pages\/54","targetHints":{"allow":["GET"]}}],"collection":[{"href":"https:\/\/blog.espol.edu.ec\/jjrubio\/wp-json\/wp\/v2\/pages"}],"about":[{"href":"https:\/\/blog.espol.edu.ec\/jjrubio\/wp-json\/wp\/v2\/types\/page"}],"author":[{"embeddable":true,"href":"https:\/\/blog.espol.edu.ec\/jjrubio\/wp-json\/wp\/v2\/users\/765"}],"replies":[{"embeddable":true,"href":"https:\/\/blog.espol.edu.ec\/jjrubio\/wp-json\/wp\/v2\/comments?post=54"}],"version-history":[{"count":2,"href":"https:\/\/blog.espol.edu.ec\/jjrubio\/wp-json\/wp\/v2\/pages\/54\/revisions"}],"predecessor-version":[{"id":57,"href":"https:\/\/blog.espol.edu.ec\/jjrubio\/wp-json\/wp\/v2\/pages\/54\/revisions\/57"}],"wp:attachment":[{"href":"https:\/\/blog.espol.edu.ec\/jjrubio\/wp-json\/wp\/v2\/media?parent=54"}],"curies":[{"name":"wp","href":"https:\/\/api.w.org\/{rel}","templated":true}]}}