{"id":113,"date":"2011-06-19T01:14:35","date_gmt":"2011-06-19T06:14:35","guid":{"rendered":"http:\/\/blog.espol.edu.ec\/jlmonar\/?page_id=113"},"modified":"2011-06-19T17:11:06","modified_gmt":"2011-06-19T22:11:06","slug":"anime-y-manga","status":"publish","type":"page","link":"https:\/\/blog.espol.edu.ec\/jlmonar\/anime-y-manga\/","title":{"rendered":"Anime y Manga"},"content":{"rendered":"<p style=\"text-align: justify\">Bienvenidos a esta secci\u00f3n la cual fue creada a fin de dar a conocer los mejores mangas y animes que existen en la actualidad y de los que fueron buenos en sus tiempos. Les ir\u00e9 publicando a medida que pase el tiempo recomendaciones con breves sinopsis y videos y muy pronto con enlaces de descarga para los cap\u00edtulos\u2026<\/p>\n<p style=\"text-align: justify\">Tal vez muchos ya conozcan los animes o mangas que les ponga pero hay quienes lo desconocen a quiz\u00e1s solo hayan o\u00eddo hablar de \u00e9l, ya dejando un lado esta breve introducci\u00f3n voy con el primer anime y manga y se trata de\u2026.<\/p>\n<p>\u00a0<\/p>\n<h1 style=\"text-align: center\"><span style=\"color: #ff6600\">NARUTO<\/span><\/h1>\n<h1 style=\"text-align: center\">\u00a0<img loading=\"lazy\" decoding=\"async\" class=\"aligncenter size-medium wp-image-114\" title=\"naruto_shippuden\" src=\"http:\/\/blog.espol.edu.ec\/jlmonar\/files\/2011\/06\/naruto_shippuden-300x225.jpg\" alt=\"\" width=\"424\" height=\"311\" \/><\/h1>\n<h1 style=\"text-align: center\">\u00a0<\/h1>\n<p style=\"text-align: justify\">En si este anime consta de dos temporadas, la primera es llamada simplemente Naruto con un total de 220 Cap\u00edtulos de anime, el cual es basado hasta el cap\u00edtulo 244 del manga el cual fue creado por Mamashi Kishimoto . La segunda temporada se llama Naruto Shippuden, hasta la fecha han salido 216 cap\u00edtulos y est\u00e1 basado\u00a0 a partir del manga 245 el cual ha avanzado hasta el numero 543.<\/p>\n<p style=\"text-align: justify\">Bueno, este manga\u00a0 y anime es ya muy conocido, pero para los que van a iniciar a ver este anime les dejo una breve sinopsis de cada temporada.<\/p>\n<p style=\"text-align: justify\"><strong><span style=\"color: #339966\">Sinopsis Naruto:\u00a0<\/span><\/strong>Esta historia trata de las aventuras del revoltoso Naruto Uzumaki, portador del zorro de las nueve colas el cual le fue le implantado por el cuarto hokage, y hablando del cuarto hokage, el sue\u00f1o de Naruto es convertirse en Hokage (m\u00e1xima autoridad de la Konoha) en el futuro, los motivos son simples, ser reconocido y dejar el rechazo que muchos le tienen debido a que es portador del Kyubi (El zorro de nueve colas). Todos sus compa\u00f1eros de la academia ninja desconocen de lo que porta Naruto en su interior, sin embargo es rechazado debido a que Naruto es un p\u00e9simo estudiante y es bromista. Naruto, junto a sus compa\u00f1eros de grupo conformado por Kakashi (El sensei), Sasuke y Sakura, se ver\u00e1n obligados a enfrentarse a varios combates y misiones a lo largo de la serie, los cuales les ayudar\u00e1 a superarse y ser m\u00e1s fuertes.<\/p>\n<p style=\"text-align: justify\"><strong><span style=\"color: #339966\">Sinopsis \u00a0Naruto Shippuden: <\/span><\/strong>Han pasado tres a\u00f1os desde que Naruto dejo La villa de la hoja para ir a entrenar con Jiraya, en su regreso les esperan enemigos mucho m\u00e1s poderosos, en especial la organizaci\u00f3n llamada Akatsuki quienes son los antagonistas en esta temporada y cuyo plan es de capturar a los portadores de los demonios de las colas (jinchurikis) tales como Naruto, Gaara y otros mas, son nueve en total.<\/p>\n<p style=\"text-align: justify\">Lo que hace a Naruto una serie grandiosa son las magnificas peleas que hay entre los personajes, si empiezas a ver la primera temporada quiz\u00e1s te parezca aburrida al principio, no desesperes!! Es luego cuando se pone buena la historia\u2026 Esta bien, es en \u00a0Naruto Shippuden donde la historia se pone intrigante y mucho m\u00e1s violenta dir\u00eda yo. Es cierto que puedes saltarte viendo la primera temporada y solo ver Naruto Shippuden, sin embargo es recomendable que empieces viendo la primera temporada para que vayas conociendo a los personajes y las t\u00e9cnicas que cada uno posee.<\/p>\n<p style=\"text-align: justify\">En la primera temporada la primera gran pelea que recuerdo es la de Gaara con Rock Lee, luego vienen otras que son m\u00e1s intensas, aunque en Naruto Shippuden las batallas son mucho pero mucho m\u00e1s intensas. \u00a0Y si no me creen vean los siguientes videos\u2026<\/p>\n<p style=\"text-align: center\">\u00a0<span style=\"text-decoration: underline\">Clip de Naruto primera temporada<\/span><\/p>\n<p style=\"text-align: center\"><iframe loading=\"lazy\" width=\"425\" height=\"349\" src=\"http:\/\/www.youtube.com\/embed\/RmR3d-BuREs\" frameborder=\"0\" allowfullscreen><\/iframe>\u00a0<\/p>\n<p style=\"text-align: center\">\u00a0<\/p>\n<p style=\"text-align: center\"><span style=\"text-decoration: underline\">Clip Naruto Shippuden<\/span><\/p>\n<p style=\"text-align: center\"><iframe loading=\"lazy\" width=\"425\" height=\"349\" src=\"http:\/\/www.youtube.com\/embed\/otGiTdOV0A0\" frameborder=\"0\" allowfullscreen><\/iframe>\u00a0<\/p>\n<p style=\"text-align: center\">\u00a0<\/p>\n<p style=\"text-align: justify\">Ah por cierto, si es que acaso empiezas a ver la primera temporada del anime te recomiendo que solo lo veas hasta el capitulo 135 \u00bfPor qu\u00e9?, porque es hasta este cap\u00edtulo en el cual esta basado sobre el manga, el resto de los cap\u00edtulos hasta el 220 son de relleno y no tienen nada que ver con la historia.<\/p>\n<p style=\"text-align: justify\">Muy pronto les pondr\u00e9 links para que descarguen los episodios de anime y manga\u2026<\/p>\n<p style=\"text-align: justify\">Gracias por\u00a0 leer esta secci\u00f3n, espera muy pronto mas recomendaciones de anime, tengo muchas m\u00e1s en mente que te podr\u00edan interesar, nos vemos en la pr\u00f3xima\u2026 xD<\/p>\n","protected":false},"excerpt":{"rendered":"<p>Bienvenidos a esta secci\u00f3n la cual fue creada a fin de dar a conocer los mejores mangas y animes que existen en la actualidad y de los que fueron buenos en sus tiempos. Les ir\u00e9 publicando a medida que pase el tiempo recomendaciones con breves sinopsis y videos y muy pronto con enlaces de descarga [&hellip;]<\/p>\n","protected":false},"author":3452,"featured_media":0,"parent":0,"menu_order":0,"comment_status":"open","ping_status":"open","template":"","meta":{"footnotes":""},"class_list":["post-113","page","type-page","status-publish","hentry"],"_links":{"self":[{"href":"https:\/\/blog.espol.edu.ec\/jlmonar\/wp-json\/wp\/v2\/pages\/113","targetHints":{"allow":["GET"]}}],"collection":[{"href":"https:\/\/blog.espol.edu.ec\/jlmonar\/wp-json\/wp\/v2\/pages"}],"about":[{"href":"https:\/\/blog.espol.edu.ec\/jlmonar\/wp-json\/wp\/v2\/types\/page"}],"author":[{"embeddable":true,"href":"https:\/\/blog.espol.edu.ec\/jlmonar\/wp-json\/wp\/v2\/users\/3452"}],"replies":[{"embeddable":true,"href":"https:\/\/blog.espol.edu.ec\/jlmonar\/wp-json\/wp\/v2\/comments?post=113"}],"version-history":[{"count":20,"href":"https:\/\/blog.espol.edu.ec\/jlmonar\/wp-json\/wp\/v2\/pages\/113\/revisions"}],"predecessor-version":[{"id":154,"href":"https:\/\/blog.espol.edu.ec\/jlmonar\/wp-json\/wp\/v2\/pages\/113\/revisions\/154"}],"wp:attachment":[{"href":"https:\/\/blog.espol.edu.ec\/jlmonar\/wp-json\/wp\/v2\/media?parent=113"}],"curies":[{"name":"wp","href":"https:\/\/api.w.org\/{rel}","templated":true}]}}