{"id":210,"date":"2010-09-14T18:37:13","date_gmt":"2010-09-14T18:37:13","guid":{"rendered":"http:\/\/blog.espol.edu.ec\/jlmora\/?page_id=210"},"modified":"2010-09-14T18:37:13","modified_gmt":"2010-09-14T18:37:13","slug":"liga-de-la-justicia-ilimitada","status":"publish","type":"page","link":"https:\/\/blog.espol.edu.ec\/jlmora\/liga-de-la-justicia-ilimitada\/","title":{"rendered":"Liga de la Justicia Ilimitada"},"content":{"rendered":"<p style=\"text-align: justify\"><a href=\"http:\/\/blog.espol.edu.ec\/jlmora\/files\/2010\/09\/lji1su43ro.jpg\"><img loading=\"lazy\" decoding=\"async\" class=\"alignleft size-full wp-image-212\" title=\"liga justicia1\" src=\"http:\/\/blog.espol.edu.ec\/jlmora\/files\/2010\/09\/lji1su43ro.jpg\" alt=\"\" width=\"195\" height=\"88\" \/><\/a>La Liga de la Justicia Ilimitada, a veces tambi\u00e9n conocida como JLU (por Justice League Unlimited) es una serie de televisi\u00f3n basada en la Liga de la Justicia producida y emitida por Cartoon Network. Interpretada por un amplio n\u00famero de superh\u00e9roes de la DC Comics, es una secuela de las series de la Liga de la Justicia. Se estren\u00f3 el 31 de julio de 2004 y fue finalizada con la emisi\u00f3n de su episodio final el 13 de mayo de 2<a href=\"http:\/\/blog.espol.edu.ec\/jlmora\/files\/2010\/09\/lji.jpg\"><\/a>006 en Estados Unidos.<\/p>\n<p>\u00a0<\/p>\n<h3>Historia<\/h3>\n<p style=\"text-align: justify\"><a href=\"http:\/\/blog.espol.edu.ec\/jlmora\/files\/2010\/09\/lji.jpg\"><img loading=\"lazy\" decoding=\"async\" class=\"size-medium wp-image-211 alignright\" title=\"lji\" src=\"http:\/\/blog.espol.edu.ec\/jlmora\/files\/2010\/09\/lji-300x195.jpg\" alt=\"\" width=\"243\" height=\"194\" \/><\/a>Las series son una continuaci\u00f3n de sus predecesoras, teniendo lugar poco despu\u00e9s de donde acaban las anteriores. A veces se la considera la misma serie que la original; la primera temporada de la Liga de la Justicia Ilimitada ser\u00eda la tercera y cuarta temporada de la Liga de la Justicia.<\/p>\n<p style=\"text-align: justify\">Est\u00e1 protagonizada por una Liga de la Justicia muy ampliada, en la que los personajes de las series originales se unen a un gran n\u00famero de superh\u00e9roes, al igual que varios superh\u00e9roes de DC que aparecieron como invitados en las dos temporadas de la Liga de la Justicia.<\/p>\n<p style=\"text-align: justify\">Tambi\u00e9n a diferencia de la Liga de la Justicia, la serie cuenta paralelamente la historia del conflicto entre la Liga de Justicia y la agencia secreta del gobierno conocida como Proyecto Cadmus. Este argumento se trat\u00f3 mucho en diversos sucesos que tuvieron lugar durante la segunda temporada de la Liga de la Justicia afectando al argumento de la mayor\u00eda de sus episodios. Se resolvi\u00f3 en un episodio de cuatro partes al final de la segunda temporada de Ilimitada.<\/p>\n<p>\u00a0<\/p>\n<h3>Personajes<\/h3>\n<p>A diferencia de la serie original, con 7 integrantes, en esta ocasi\u00f3n hay un ej\u00e9rcito completo de superh\u00e9roes en el sat\u00e9lite, y en cada historia los protagonistas son algunos de ellos. El listado completo de personajes principales es:<\/p>\n<p><strong><em>Miembros fundadores<\/em><\/strong><\/p>\n<p>Integran una suerte de \"C\u00edrculo Interno\" en la Liga. Tienen su propia sala, donde deciden ellos solos el curso a seguir de la Liga.<\/p>\n<p>\u2022 Batman (Bruce Wayne) con la voz de Kevin Conroy.<\/p>\n<p>\u2022 Superman (Clark Kent) con la voz de George Newbern.<\/p>\n<p>\u2022 Mujer Maravilla (Diana price) con la voz de Susan Eisenberg.<\/p>\n<p>\u2022 Flash (Wally West) con la voz de Michael Rosenbaum.<\/p>\n<p>\u2022 Linterna Verde (John Stewart) con la voz de Phil Lamarr.<\/p>\n<p>\u2022 J'onn J'onzz con la voz de Carl Lumbly.<\/p>\n<p>\u2022 Chica Halc\u00f3n (basada en la Mujer Halc\u00f3n Shayera Hol) con la voz de Maria Canals.<\/p>\n<p><strong><em>Lista de miembros<\/em><\/strong><\/p>\n<p>\u2022 Hal Jordan (DC Comics)<\/p>\n<p>\u2022 Kyle Ryner<\/p>\n<p>\u2022 Acero II<\/p>\n<p>\u2022 Amazo<\/p>\n<p>\u2022 Aquaman<\/p>\n<p>\u2022 \u00c1tomo puede encogerse a tama\u00f1o de un atomo pero no puede crecer mas que su tama\u00f1o real y es experto en nanotecnologia<\/p>\n<p>\u2022 Atom Smasher (DC Comics) puede crecer su cuerpo hasta 30 veces mas asi como su fuerza<\/p>\n<p>\u2022 Azteka experto en modificaciones moleculares<\/p>\n<p>\u2022 Big Barda<\/p>\n<p>\u2022 Booster Gold.- emite rayos de plasma y puede viajar en el tiempo<\/p>\n<p>\u2022 B'Wana Beast.- puede comunicarse con los animales<\/p>\n<p>\u2022 Canario Negro.- onda hipersonica x medio de un grito<\/p>\n<p>\u2022 Capit\u00e1n \u00c1tomo.- puede usar y manejar cualquier tipo de energia desde radioactiva hasta sol rojo<\/p>\n<p>\u2022 Capit\u00e1n Marvel<\/p>\n<p>\u2022 Cazadora avilidad para pelear y usa una ballesta como arma<\/p>\n<p>\u2022 El Creeper<\/p>\n<p>\u2022 Vengador Escarlata<\/p>\n<p>\u2022 Cyborg<\/p>\n<p>\u2022 Blue Devil<\/p>\n<p>\u2022 Dr. Destino<\/p>\n<p>\u2022 Doctora Light<\/p>\n<p>\u2022 Dr. Medianoche<\/p>\n<p>\u2022 Hombre El\u00e1stico<\/p>\n<p>\u2022 Etrigan<\/p>\n<p>\u2022 Flecha Verde (Oliver Queen)avilidad para pelear y usa un arco con diferentes tipos de flechas como explosivas y de energia<\/p>\n<p>\u2022 Speedy (Compa\u00f1ero de Flecha Verde) lo mismo que flecha verde<\/p>\n<p>\u2022 Fuego puede manejar el fuego y ella se vuelve de fuego algo curioso es q el fuego es de color verde<\/p>\n<p>\u2022 Gitana puede transpasar paredes<\/p>\n<p>\u2022 Halc\u00f3n y Palomauno es azul y el otro es rojo tienen abvilidad para pelar<\/p>\n<p>\u2022 Hombre Halc\u00f3ntanagariano con avilidades como la de chica halcon<\/p>\n<p>\u2022 Hielo compa\u00f1era de fuego y tiene avilidad con el hielo<\/p>\n<p>\u2022 Horario<\/p>\n<p>\u2022 Johnny Thunder<\/p>\n<p>\u2022 Metamorfo* Mr. Miraclepuede cambir su estructura molecular de solido a liquido o gaseoso<\/p>\n<p>\u2022 Mr. Terrific<\/p>\n<p>\u2022 N\u00e9mesis<\/p>\n<p>\u2022 Obsidian<\/p>\n<p>\u2022 Ori\u00f3n<\/p>\n<p>\u2022 Firestorm<\/p>\n<p>\u2022 Rocket Red<\/p>\n<p>\u2022 Sandman<\/p>\n<p>\u2022 Shining Knight<\/p>\n<p>\u2022 Sir Agustin<\/p>\n<p>\u2022 Starman II<\/p>\n<p>\u2022 Superchica (Kara En Zee)<\/p>\n<p>\u2022 Swamp Thing (solo se ve su espalda en el episodio 1)<\/p>\n<p>\u2022 The RayII<\/p>\n<p>\u2022 The Question<\/p>\n<p>\u2022 Tornado Rojo<\/p>\n<p>\u2022 Vigilante<\/p>\n<p>\u2022 Vixen<\/p>\n<p>\u2022 Waverider<\/p>\n<p>\u2022 Wildcat<\/p>\n<p>\u2022 Vibe<\/p>\n<p>\u2022 Zatanna<\/p>\n<p>\u2022 Stargirl<\/p>\n<p>\u2022 Stripesy<\/p>\n<p><strong><em>Miembros del Futuro Alterno<\/em><\/strong><\/p>\n<p>\u2022 Batman del Futuro<\/p>\n<p>\u2022 Static Shock<\/p>\n<p>\u2022 Halcon de Plata<\/p>\n<p>\u2022 Batman<\/p>\n<p><strong><em>Lista de Villanos y Enemigos<\/em><\/strong><\/p>\n<p>\u2022 Darkseid<\/p>\n<p>\u2022 Lex Luthor<\/p>\n<p>\u2022 Gorilla Grodd<\/p>\n<p>\u2022 Brainiac<\/p>\n<p>\u2022 Dr. Polaris<\/p>\n<p>\u2022 Escarcha<\/p>\n<p>\u2022 Bizarro<\/p>\n<p>\u2022 Giganta<\/p>\n<p>\u2022 Guason<\/p>\n<p>\u2022 Metallo<\/p>\n<p>\u2022 Juguetero<\/p>\n<p>\u2022 Vandal Savage<\/p>\n<p>\u2022 Solomon Grundy<\/p>\n<p>\u2022 Black Manta<\/p>\n<p>\u2022 Mongul<\/p>\n<p>\u2022 Sinestro<\/p>\n<p>\u2022 Cara de Barro<\/p>\n<p>\u2022 Cheetah<\/p>\n<p>\u2022 Zafiro<\/p>\n<p>\u2022 Copperhead<\/p>\n<p>\u2022 Kalibak<\/p>\n<p>\u2022 Abuela Bondad<\/p>\n<p>\u2022 Doomsday<\/p>\n<p>\u2022 Banda de la Escalera Real (DC Comics)<\/p>\n<p>\u2022 Captain Boomerang<\/p>\n<p>\u2022 Clock King<\/p>\n<p>\u2022 Plastique<\/p>\n<p style=\"text-align: center\"><object classid=\"clsid:d27cdb6e-ae6d-11cf-96b8-444553540000\" width=\"419\" height=\"341\"><param name=\"allowFullScreen\" value=\"true\" \/><param name=\"allowscriptaccess\" value=\"always\" \/><param name=\"src\" value=\"http:\/\/www.youtube.com\/v\/PW68bomzbns?fs=1&amp;hl=es_ES&amp;color1=0x006699&amp;color2=0x54abd6\" \/><param name=\"allowfullscreen\" value=\"true\" \/><embed type=\"application\/x-shockwave-flash\" width=\"419\" height=\"341\" src=\"http:\/\/www.youtube.com\/v\/PW68bomzbns?fs=1&amp;hl=es_ES&amp;color1=0x006699&amp;color2=0x54abd6\" allowfullscreen=\"true\" allowscriptaccess=\"always\">\u00a0<\/embed><\/object><\/p>\n<p style=\"text-align: center\"><object classid=\"clsid:d27cdb6e-ae6d-11cf-96b8-444553540000\" width=\"415\" height=\"343\"><param name=\"allowFullScreen\" value=\"true\" \/><param name=\"allowscriptaccess\" value=\"always\" \/><param name=\"src\" value=\"http:\/\/www.youtube.com\/v\/bgq3mwPTyYM?fs=1&amp;hl=es_ES&amp;color1=0x006699&amp;color2=0x54abd6\" \/><param name=\"allowfullscreen\" value=\"true\" \/><embed type=\"application\/x-shockwave-flash\" width=\"415\" height=\"343\" src=\"http:\/\/www.youtube.com\/v\/bgq3mwPTyYM?fs=1&amp;hl=es_ES&amp;color1=0x006699&amp;color2=0x54abd6\" allowfullscreen=\"true\" allowscriptaccess=\"always\"><\/embed><\/object><\/p>\n<p style=\"text-align: center\"><object classid=\"clsid:d27cdb6e-ae6d-11cf-96b8-444553540000\" width=\"425\" height=\"344\"><param name=\"allowFullScreen\" value=\"true\" \/><param name=\"allowscriptaccess\" value=\"always\" \/><param name=\"src\" value=\"http:\/\/www.youtube.com\/v\/zgR7gn5ukE0?fs=1&amp;hl=es_ES&amp;color1=0x006699&amp;color2=0x54abd6\" \/><param name=\"allowfullscreen\" value=\"true\" \/><embed type=\"application\/x-shockwave-flash\" width=\"425\" height=\"344\" src=\"http:\/\/www.youtube.com\/v\/zgR7gn5ukE0?fs=1&amp;hl=es_ES&amp;color1=0x006699&amp;color2=0x54abd6\" allowfullscreen=\"true\" allowscriptaccess=\"always\"><\/embed><\/object><\/p>\n<p style=\"text-align: center\"><object classid=\"clsid:d27cdb6e-ae6d-11cf-96b8-444553540000\" width=\"425\" height=\"344\"><param name=\"allowFullScreen\" value=\"true\" \/><param name=\"allowscriptaccess\" value=\"always\" \/><param name=\"src\" value=\"http:\/\/www.youtube.com\/v\/VgYwVvQVjZg?fs=1&amp;hl=es_ES&amp;color1=0x006699&amp;color2=0x54abd6\" \/><param name=\"allowfullscreen\" value=\"true\" \/><embed type=\"application\/x-shockwave-flash\" width=\"425\" height=\"344\" src=\"http:\/\/www.youtube.com\/v\/VgYwVvQVjZg?fs=1&amp;hl=es_ES&amp;color1=0x006699&amp;color2=0x54abd6\" allowfullscreen=\"true\" allowscriptaccess=\"always\"><\/embed><\/object><\/p>\n<p style=\"text-align: center\"><object classid=\"clsid:d27cdb6e-ae6d-11cf-96b8-444553540000\" width=\"422\" height=\"343\"><param name=\"allowFullScreen\" value=\"true\" \/><param name=\"allowscriptaccess\" value=\"always\" \/><param name=\"src\" value=\"http:\/\/www.youtube.com\/v\/rHRKkIz3fc4?fs=1&amp;hl=es_ES&amp;color1=0x006699&amp;color2=0x54abd6\" \/><param name=\"allowfullscreen\" value=\"true\" \/><embed type=\"application\/x-shockwave-flash\" width=\"422\" height=\"343\" src=\"http:\/\/www.youtube.com\/v\/rHRKkIz3fc4?fs=1&amp;hl=es_ES&amp;color1=0x006699&amp;color2=0x54abd6\" allowfullscreen=\"true\" allowscriptaccess=\"always\"><\/embed><\/object><\/p>\n<p style=\"text-align: center\"><object classid=\"clsid:d27cdb6e-ae6d-11cf-96b8-444553540000\" width=\"418\" height=\"343\"><param name=\"allowFullScreen\" value=\"true\" \/><param name=\"allowscriptaccess\" value=\"always\" \/><param name=\"src\" value=\"http:\/\/www.youtube.com\/v\/TOFFLrq8axg?fs=1&amp;hl=es_ES&amp;color1=0x006699&amp;color2=0x54abd6\" \/><param name=\"allowfullscreen\" value=\"true\" \/><embed type=\"application\/x-shockwave-flash\" width=\"418\" height=\"343\" src=\"http:\/\/www.youtube.com\/v\/TOFFLrq8axg?fs=1&amp;hl=es_ES&amp;color1=0x006699&amp;color2=0x54abd6\" allowfullscreen=\"true\" allowscriptaccess=\"always\"><\/embed><\/object><\/p>\n<p style=\"text-align: center\"><object classid=\"clsid:d27cdb6e-ae6d-11cf-96b8-444553540000\" width=\"414\" height=\"343\"><param name=\"allowFullScreen\" value=\"true\" \/><param name=\"allowscriptaccess\" value=\"always\" \/><param name=\"src\" value=\"http:\/\/www.youtube.com\/v\/u8RgWnHBHgo?fs=1&amp;hl=es_ES&amp;color1=0x006699&amp;color2=0x54abd6\" \/><param name=\"allowfullscreen\" value=\"true\" \/><embed type=\"application\/x-shockwave-flash\" width=\"414\" height=\"343\" src=\"http:\/\/www.youtube.com\/v\/u8RgWnHBHgo?fs=1&amp;hl=es_ES&amp;color1=0x006699&amp;color2=0x54abd6\" allowfullscreen=\"true\" allowscriptaccess=\"always\"><\/embed><\/object><\/p>\n<p style=\"text-align: center\"><object classid=\"clsid:d27cdb6e-ae6d-11cf-96b8-444553540000\" width=\"417\" height=\"344\"><param name=\"allowFullScreen\" value=\"true\" \/><param name=\"allowscriptaccess\" value=\"always\" \/><param name=\"src\" value=\"http:\/\/www.youtube.com\/v\/-xkfYgGETXg?fs=1&amp;hl=es_ES&amp;color1=0x006699&amp;color2=0x54abd6\" \/><param name=\"allowfullscreen\" value=\"true\" \/><embed type=\"application\/x-shockwave-flash\" width=\"417\" height=\"344\" src=\"http:\/\/www.youtube.com\/v\/-xkfYgGETXg?fs=1&amp;hl=es_ES&amp;color1=0x006699&amp;color2=0x54abd6\" allowfullscreen=\"true\" allowscriptaccess=\"always\"><\/embed><\/object><\/p>\n","protected":false},"excerpt":{"rendered":"<p>La Liga de la Justicia Ilimitada, a veces tambi\u00e9n conocida como JLU (por Justice League Unlimited) es una serie de televisi\u00f3n basada en la Liga de la Justicia producida y emitida por Cartoon Network. Interpretada por un amplio n\u00famero de superh\u00e9roes de la DC Comics, es una secuela de las series de la Liga de [&hellip;]<\/p>\n","protected":false},"author":4802,"featured_media":0,"parent":0,"menu_order":0,"comment_status":"open","ping_status":"open","template":"","meta":{"_monsterinsights_skip_tracking":false,"_monsterinsights_sitenote_active":false,"_monsterinsights_sitenote_note":"","_monsterinsights_sitenote_category":0,"footnotes":""},"class_list":["post-210","page","type-page","status-publish","hentry"],"aioseo_notices":[],"_links":{"self":[{"href":"https:\/\/blog.espol.edu.ec\/jlmora\/wp-json\/wp\/v2\/pages\/210","targetHints":{"allow":["GET"]}}],"collection":[{"href":"https:\/\/blog.espol.edu.ec\/jlmora\/wp-json\/wp\/v2\/pages"}],"about":[{"href":"https:\/\/blog.espol.edu.ec\/jlmora\/wp-json\/wp\/v2\/types\/page"}],"author":[{"embeddable":true,"href":"https:\/\/blog.espol.edu.ec\/jlmora\/wp-json\/wp\/v2\/users\/4802"}],"replies":[{"embeddable":true,"href":"https:\/\/blog.espol.edu.ec\/jlmora\/wp-json\/wp\/v2\/comments?post=210"}],"version-history":[{"count":8,"href":"https:\/\/blog.espol.edu.ec\/jlmora\/wp-json\/wp\/v2\/pages\/210\/revisions"}],"predecessor-version":[{"id":220,"href":"https:\/\/blog.espol.edu.ec\/jlmora\/wp-json\/wp\/v2\/pages\/210\/revisions\/220"}],"wp:attachment":[{"href":"https:\/\/blog.espol.edu.ec\/jlmora\/wp-json\/wp\/v2\/media?parent=210"}],"curies":[{"name":"wp","href":"https:\/\/api.w.org\/{rel}","templated":true}]}}