{"id":30,"date":"2010-09-01T18:06:10","date_gmt":"2010-09-01T18:06:10","guid":{"rendered":"http:\/\/blog.espol.edu.ec\/jlmora\/?page_id=30"},"modified":"2010-09-03T16:53:28","modified_gmt":"2010-09-03T16:53:28","slug":"p-x-n-d-x","status":"publish","type":"page","link":"https:\/\/blog.espol.edu.ec\/jlmora\/p-x-n-d-x\/","title":{"rendered":"P X N D X"},"content":{"rendered":"<p>Panda (tambi\u00e9n escrito como PXNDX) es una banda mexicana de Rock alternativo, originaria de Monterrey, Nuevo Le\u00f3n, formada en 1996, aunque no se consolid\u00f3 hasta 1997.<\/p>\n<p style=\"text-align: justify\">Su g\u00e9nero ha sido diverso pasando por el pop punk en sus dos primeros discos Arroz con leche,[4] y La revancha del pr\u00edncipe charro,[5] haciendo cambios en su tercer disco, Para ti con desprecio, en el cual sigue la evoluci\u00f3n de la banda con letras pol\u00edticas y m\u00e1s dram\u00e1ticas que las que se vieron en los discos anteriores. Los cambios emocionales en las canciones de los \u00faltimos \u00e1lbumes derivaron en temas como la tristeza y decepci\u00f3n de s\u00ed mismos, esto sumado al esc\u00e1ndalo bien conocido de \"los plagios de Panda\", aumentaron considerablemente la cantidad de los llamados \"anti Pandas\".[cita requerida]<\/p>\n<p><span style=\"text-decoration: underline\"><strong>Miembros<\/strong><\/span><\/p>\n<ol>\n<li>\u2022 Jos\u00e9 Madero - Voz, Guitarra (1996 - presente)<\/li>\n<li>\u2022 Ricardo Trevi\u00f1o - Bajo y Coros (1996 - presente)<\/li>\n<li>\u2022 Jorge V\u00e1zquez - Bater\u00eda y Coros (1997 - presente)<\/li>\n<li>\u2022 Arturo Arredondo - Guitarra (2005 - presente)<\/li>\n<\/ol>\n<p><span style=\"text-decoration: underline\"><strong>Miembros anteriores<\/strong><\/span><\/p>\n<ol>\n<li>\u2022 Jorge Garza - Guitarra y 2\u00aa Voz (1996 - 2004)<\/li>\n<li>\u2022 David Castillo - Bater\u00eda (1996)<\/li>\n<\/ol>\n<p><span style=\"text-decoration: underline\"><strong>Otros miembros ( aunque estos no son estables o formales )<\/strong><\/span><\/p>\n<ol>\n<li>\u2022 Marcelo Trevi\u00f1o - Teclado y Coros (2005 - Presente) (en presentaciones en vivo)<\/li>\n<li>\u2022 Fernando Salinas - Guitarra ocacional y m\u00e1nager (2005 - Presente) (en presentaciones en vivo)<\/li>\n<\/ol>\n<p><span style=\"text-decoration: underline\"><strong>Discograf\u00eda<\/strong><\/span><\/p>\n<p style=\"padding-left: 30px\"><strong>1. Demos<\/strong><\/p>\n<p style=\"padding-left: 60px\">o Demo 1997 (1997)<\/p>\n<p style=\"padding-left: 30px\"><strong>2. De estudio<\/strong><\/p>\n<p style=\"padding-left: 60px\">o Arroz con leche (2000)<\/p>\n<p style=\"padding-left: 60px\">o La revancha del pr\u00edncipe charro (2002)<\/p>\n<p style=\"padding-left: 60px\">o Para ti con desprecio (2005)<\/p>\n<p style=\"padding-left: 60px\">o Amantes Sunt Amentes (2006)<\/p>\n<p style=\"padding-left: 60px\">o Poetics (2009)<\/p>\n<p style=\"padding-left: 30px\"><strong>3. \u00c1lbumes en vivo<\/strong><\/p>\n<p style=\"padding-left: 60px\">o Sinfon\u00eda soledad (2007)<\/p>\n<p style=\"padding-left: 30px\"><strong>4. \u00c1lbumes compilatorios<\/strong><\/p>\n<p style=\"padding-left: 60px\">o 2000 - 2004 (2008)<\/p>\n<p style=\"padding-left: 60px\">o 2005 - 2008 (2008)<\/p>\n<p style=\"text-align: center\"><object classid=\"clsid:d27cdb6e-ae6d-11cf-96b8-444553540000\" width=\"560\" height=\"340\"><param name=\"allowFullScreen\" value=\"true\" \/><param name=\"allowscriptaccess\" value=\"always\" \/><param name=\"src\" value=\"http:\/\/www.youtube.com\/v\/4-3frqKD5z0?fs=1&amp;hl=es_ES&amp;color1=0x006699&amp;color2=0x54abd6\" \/><param name=\"allowfullscreen\" value=\"true\" \/><embed type=\"application\/x-shockwave-flash\" width=\"560\" height=\"340\" src=\"http:\/\/www.youtube.com\/v\/4-3frqKD5z0?fs=1&amp;hl=es_ES&amp;color1=0x006699&amp;color2=0x54abd6\" allowfullscreen=\"true\" allowscriptaccess=\"always\">\u00a0<\/embed><\/object><\/p>\n<p style=\"text-align: center\"><object classid=\"clsid:d27cdb6e-ae6d-11cf-96b8-444553540000\" width=\"554\" height=\"350\"><param name=\"allowFullScreen\" value=\"true\" \/><param name=\"allowscriptaccess\" value=\"always\" \/><param name=\"src\" value=\"http:\/\/www.youtube.com\/v\/THjzqE3c4hQ?fs=1&amp;hl=es_ES&amp;color1=0x006699&amp;color2=0x54abd6\" \/><param name=\"allowfullscreen\" value=\"true\" \/><embed type=\"application\/x-shockwave-flash\" width=\"554\" height=\"350\" src=\"http:\/\/www.youtube.com\/v\/THjzqE3c4hQ?fs=1&amp;hl=es_ES&amp;color1=0x006699&amp;color2=0x54abd6\" allowfullscreen=\"true\" allowscriptaccess=\"always\">\u00a0<\/embed><\/object><\/p>\n<p style=\"text-align: center\"><object classid=\"clsid:d27cdb6e-ae6d-11cf-96b8-444553540000\" width=\"561\" height=\"346\"><param name=\"allowFullScreen\" value=\"true\" \/><param name=\"allowscriptaccess\" value=\"always\" \/><param name=\"src\" value=\"http:\/\/www.youtube.com\/v\/4CFY-_oxt0o?fs=1&amp;hl=es_ES&amp;color1=0x006699&amp;color2=0x54abd6\" \/><param name=\"allowfullscreen\" value=\"true\" \/><embed type=\"application\/x-shockwave-flash\" width=\"561\" height=\"346\" src=\"http:\/\/www.youtube.com\/v\/4CFY-_oxt0o?fs=1&amp;hl=es_ES&amp;color1=0x006699&amp;color2=0x54abd6\" allowfullscreen=\"true\" allowscriptaccess=\"always\">\u00a0<\/embed><\/object><\/p>\n<p style=\"text-align: center\"><object classid=\"clsid:d27cdb6e-ae6d-11cf-96b8-444553540000\" width=\"555\" height=\"346\"><param name=\"allowFullScreen\" value=\"true\" \/><param name=\"allowscriptaccess\" value=\"always\" \/><param name=\"src\" value=\"http:\/\/www.youtube.com\/v\/85BIXMxST3w?fs=1&amp;hl=es_ES&amp;color1=0x006699&amp;color2=0x54abd6\" \/><param name=\"allowfullscreen\" value=\"true\" \/><embed type=\"application\/x-shockwave-flash\" width=\"555\" height=\"346\" src=\"http:\/\/www.youtube.com\/v\/85BIXMxST3w?fs=1&amp;hl=es_ES&amp;color1=0x006699&amp;color2=0x54abd6\" allowfullscreen=\"true\" allowscriptaccess=\"always\"><\/embed><\/object><\/p>\n<p style=\"text-align: center\"><object classid=\"clsid:d27cdb6e-ae6d-11cf-96b8-444553540000\" width=\"550\" height=\"338\"><param name=\"allowFullScreen\" value=\"true\" \/><param name=\"allowscriptaccess\" value=\"always\" \/><param name=\"src\" value=\"http:\/\/www.youtube.com\/v\/CF72RkHcKqs?fs=1&amp;hl=en_US&amp;color1=0x006699&amp;color2=0x54abd6\" \/><param name=\"allowfullscreen\" value=\"true\" \/><embed type=\"application\/x-shockwave-flash\" width=\"550\" height=\"338\" src=\"http:\/\/www.youtube.com\/v\/CF72RkHcKqs?fs=1&amp;hl=en_US&amp;color1=0x006699&amp;color2=0x54abd6\" allowfullscreen=\"true\" allowscriptaccess=\"always\"><\/embed><\/object><\/p>\n<p style=\"text-align: center\"><object classid=\"clsid:d27cdb6e-ae6d-11cf-96b8-444553540000\" width=\"544\" height=\"331\"><param name=\"allowFullScreen\" value=\"true\" \/><param name=\"allowscriptaccess\" value=\"always\" \/><param name=\"src\" value=\"http:\/\/www.youtube.com\/v\/uX1s-tpDvwY?fs=1&amp;hl=en_US&amp;color1=0x006699&amp;color2=0x54abd6\" \/><param name=\"allowfullscreen\" value=\"true\" \/><embed type=\"application\/x-shockwave-flash\" width=\"544\" height=\"331\" src=\"http:\/\/www.youtube.com\/v\/uX1s-tpDvwY?fs=1&amp;hl=en_US&amp;color1=0x006699&amp;color2=0x54abd6\" allowfullscreen=\"true\" allowscriptaccess=\"always\"><\/embed><\/object><\/p>\n<p style=\"text-align: center\"><object classid=\"clsid:d27cdb6e-ae6d-11cf-96b8-444553540000\" width=\"545\" height=\"343\"><param name=\"allowFullScreen\" value=\"true\" \/><param name=\"allowscriptaccess\" value=\"always\" \/><param name=\"src\" value=\"http:\/\/www.youtube.com\/v\/gzwLzpviB6M?fs=1&amp;hl=es_ES&amp;color1=0x006699&amp;color2=0x54abd6\" \/><param name=\"allowfullscreen\" value=\"true\" \/><embed type=\"application\/x-shockwave-flash\" width=\"545\" height=\"343\" src=\"http:\/\/www.youtube.com\/v\/gzwLzpviB6M?fs=1&amp;hl=es_ES&amp;color1=0x006699&amp;color2=0x54abd6\" allowfullscreen=\"true\" allowscriptaccess=\"always\"><\/embed><\/object><\/p>\n<p style=\"text-align: center\"><object classid=\"clsid:d27cdb6e-ae6d-11cf-96b8-444553540000\" width=\"548\" height=\"333\"><param name=\"allowFullScreen\" value=\"true\" \/><param name=\"allowscriptaccess\" value=\"always\" \/><param name=\"src\" value=\"http:\/\/www.youtube.com\/v\/lTKwvsMCgyY?fs=1&amp;hl=es_ES&amp;color1=0x006699&amp;color2=0x54abd6\" \/><param name=\"allowfullscreen\" value=\"true\" \/><embed type=\"application\/x-shockwave-flash\" width=\"548\" height=\"333\" src=\"http:\/\/www.youtube.com\/v\/lTKwvsMCgyY?fs=1&amp;hl=es_ES&amp;color1=0x006699&amp;color2=0x54abd6\" allowfullscreen=\"true\" allowscriptaccess=\"always\"><\/embed><\/object><\/p>\n<p style=\"text-align: center\"><object classid=\"clsid:d27cdb6e-ae6d-11cf-96b8-444553540000\" width=\"552\" height=\"344\"><param name=\"allowFullScreen\" value=\"true\" \/><param name=\"allowscriptaccess\" value=\"always\" \/><param name=\"src\" value=\"http:\/\/www.youtube.com\/v\/2jjiTENMFs8?fs=1&amp;hl=es_ES&amp;color1=0x006699&amp;color2=0x54abd6\" \/><param name=\"allowfullscreen\" value=\"true\" \/><embed type=\"application\/x-shockwave-flash\" width=\"552\" height=\"344\" src=\"http:\/\/www.youtube.com\/v\/2jjiTENMFs8?fs=1&amp;hl=es_ES&amp;color1=0x006699&amp;color2=0x54abd6\" allowfullscreen=\"true\" allowscriptaccess=\"always\"><\/embed><\/object><\/p>\n<p style=\"text-align: center\"><object classid=\"clsid:d27cdb6e-ae6d-11cf-96b8-444553540000\" width=\"552\" height=\"320\"><param name=\"allowFullScreen\" value=\"true\" \/><param name=\"allowscriptaccess\" value=\"always\" \/><param name=\"src\" value=\"http:\/\/www.youtube.com\/v\/i_vYCOyfN4I?fs=1&amp;hl=es_ES&amp;color1=0x006699&amp;color2=0x54abd6\" \/><param name=\"allowfullscreen\" value=\"true\" \/><embed type=\"application\/x-shockwave-flash\" width=\"552\" height=\"320\" src=\"http:\/\/www.youtube.com\/v\/i_vYCOyfN4I?fs=1&amp;hl=es_ES&amp;color1=0x006699&amp;color2=0x54abd6\" allowfullscreen=\"true\" allowscriptaccess=\"always\"><\/embed><\/object><\/p>\n<p style=\"text-align: center\"><object classid=\"clsid:d27cdb6e-ae6d-11cf-96b8-444553540000\" width=\"560\" height=\"340\"><param name=\"allowFullScreen\" value=\"true\" \/><param name=\"allowscriptaccess\" value=\"always\" \/><param name=\"src\" value=\"http:\/\/www.youtube.com\/v\/LTVcPSLwTnw?fs=1&amp;hl=es_ES&amp;color1=0x006699&amp;color2=0x54abd6\" \/><param name=\"allowfullscreen\" value=\"true\" \/><embed type=\"application\/x-shockwave-flash\" width=\"560\" height=\"340\" src=\"http:\/\/www.youtube.com\/v\/LTVcPSLwTnw?fs=1&amp;hl=es_ES&amp;color1=0x006699&amp;color2=0x54abd6\" allowfullscreen=\"true\" allowscriptaccess=\"always\"><\/embed><\/object><\/p>\n<p style=\"text-align: center\"><object classid=\"clsid:d27cdb6e-ae6d-11cf-96b8-444553540000\" width=\"566\" height=\"321\"><param name=\"allowFullScreen\" value=\"true\" \/><param name=\"allowscriptaccess\" value=\"always\" \/><param name=\"src\" value=\"http:\/\/www.youtube.com\/v\/wTriG7nx-Uo?fs=1&amp;hl=es_ES&amp;color1=0x006699&amp;color2=0x54abd6\" \/><param name=\"allowfullscreen\" value=\"true\" \/><embed type=\"application\/x-shockwave-flash\" width=\"566\" height=\"321\" src=\"http:\/\/www.youtube.com\/v\/wTriG7nx-Uo?fs=1&amp;hl=es_ES&amp;color1=0x006699&amp;color2=0x54abd6\" allowfullscreen=\"true\" allowscriptaccess=\"always\"><\/embed><\/object><\/p>\n<p style=\"text-align: center\"><object classid=\"clsid:d27cdb6e-ae6d-11cf-96b8-444553540000\" width=\"568\" height=\"340\"><param name=\"allowFullScreen\" value=\"true\" \/><param name=\"allowscriptaccess\" value=\"always\" \/><param name=\"src\" value=\"http:\/\/www.youtube.com\/v\/OXWPZvRYYxw?fs=1&amp;hl=es_ES&amp;color1=0x006699&amp;color2=0x54abd6\" \/><param name=\"allowfullscreen\" value=\"true\" \/><embed type=\"application\/x-shockwave-flash\" width=\"568\" height=\"340\" src=\"http:\/\/www.youtube.com\/v\/OXWPZvRYYxw?fs=1&amp;hl=es_ES&amp;color1=0x006699&amp;color2=0x54abd6\" allowfullscreen=\"true\" allowscriptaccess=\"always\"><\/embed><\/object><\/p>\n<p style=\"text-align: center\"><object classid=\"clsid:d27cdb6e-ae6d-11cf-96b8-444553540000\" width=\"569\" height=\"342\"><param name=\"allowFullScreen\" value=\"true\" \/><param name=\"allowscriptaccess\" value=\"always\" \/><param name=\"src\" value=\"http:\/\/www.youtube.com\/v\/-aFS3eegSXs?fs=1&amp;hl=es_ES&amp;color1=0x006699&amp;color2=0x54abd6\" \/><param name=\"allowfullscreen\" value=\"true\" \/><embed type=\"application\/x-shockwave-flash\" width=\"569\" height=\"342\" src=\"http:\/\/www.youtube.com\/v\/-aFS3eegSXs?fs=1&amp;hl=es_ES&amp;color1=0x006699&amp;color2=0x54abd6\" allowfullscreen=\"true\" allowscriptaccess=\"always\"><\/embed><\/object><\/p>\n<p style=\"text-align: center\"><object classid=\"clsid:d27cdb6e-ae6d-11cf-96b8-444553540000\" width=\"572\" height=\"349\"><param name=\"allowFullScreen\" value=\"true\" \/><param name=\"allowscriptaccess\" value=\"always\" \/><param name=\"src\" value=\"http:\/\/www.youtube.com\/v\/qsbLGoJNwco?fs=1&amp;hl=es_ES&amp;color1=0x006699&amp;color2=0x54abd6\" \/><param name=\"allowfullscreen\" value=\"true\" \/><embed type=\"application\/x-shockwave-flash\" width=\"572\" height=\"349\" src=\"http:\/\/www.youtube.com\/v\/qsbLGoJNwco?fs=1&amp;hl=es_ES&amp;color1=0x006699&amp;color2=0x54abd6\" allowfullscreen=\"true\" allowscriptaccess=\"always\"><\/embed><\/object><\/p>\n","protected":false},"excerpt":{"rendered":"<p>Panda (tambi\u00e9n escrito como PXNDX) es una banda mexicana de Rock alternativo, originaria de Monterrey, Nuevo Le\u00f3n, formada en 1996, aunque no se consolid\u00f3 hasta 1997. Su g\u00e9nero ha sido diverso pasando por el pop punk en sus dos primeros discos Arroz con leche,[4] y La revancha del pr\u00edncipe charro,[5] haciendo cambios en su tercer [&hellip;]<\/p>\n","protected":false},"author":4802,"featured_media":0,"parent":0,"menu_order":1,"comment_status":"open","ping_status":"open","template":"","meta":{"_monsterinsights_skip_tracking":false,"_monsterinsights_sitenote_active":false,"_monsterinsights_sitenote_note":"","_monsterinsights_sitenote_category":0,"footnotes":""},"class_list":["post-30","page","type-page","status-publish","hentry"],"aioseo_notices":[],"_links":{"self":[{"href":"https:\/\/blog.espol.edu.ec\/jlmora\/wp-json\/wp\/v2\/pages\/30","targetHints":{"allow":["GET"]}}],"collection":[{"href":"https:\/\/blog.espol.edu.ec\/jlmora\/wp-json\/wp\/v2\/pages"}],"about":[{"href":"https:\/\/blog.espol.edu.ec\/jlmora\/wp-json\/wp\/v2\/types\/page"}],"author":[{"embeddable":true,"href":"https:\/\/blog.espol.edu.ec\/jlmora\/wp-json\/wp\/v2\/users\/4802"}],"replies":[{"embeddable":true,"href":"https:\/\/blog.espol.edu.ec\/jlmora\/wp-json\/wp\/v2\/comments?post=30"}],"version-history":[{"count":14,"href":"https:\/\/blog.espol.edu.ec\/jlmora\/wp-json\/wp\/v2\/pages\/30\/revisions"}],"predecessor-version":[{"id":35,"href":"https:\/\/blog.espol.edu.ec\/jlmora\/wp-json\/wp\/v2\/pages\/30\/revisions\/35"}],"wp:attachment":[{"href":"https:\/\/blog.espol.edu.ec\/jlmora\/wp-json\/wp\/v2\/media?parent=30"}],"curies":[{"name":"wp","href":"https:\/\/api.w.org\/{rel}","templated":true}]}}