{"id":70,"date":"2010-09-03T14:08:50","date_gmt":"2010-09-03T14:08:50","guid":{"rendered":"http:\/\/blog.espol.edu.ec\/jlmora\/?page_id=70"},"modified":"2010-09-03T14:09:56","modified_gmt":"2010-09-03T14:09:56","slug":"naruto","status":"publish","type":"page","link":"https:\/\/blog.espol.edu.ec\/jlmora\/naruto\/","title":{"rendered":"N A R U T O"},"content":{"rendered":"<p style=\"text-align: justify\"><a href=\"http:\/\/blog.espol.edu.ec\/jlmora\/files\/2010\/09\/1.jpeg\"><img loading=\"lazy\" decoding=\"async\" class=\"alignleft size-full wp-image-38\" title=\"1\" src=\"http:\/\/blog.espol.edu.ec\/jlmora\/files\/2010\/09\/1.jpeg\" alt=\"\" width=\"115\" height=\"150\" \/><\/a>Naruto es una serie de manga creada por Masashi Kishimoto y adaptada al anime por Hayato Date, que narra la historia de un ninja adolescente hiperactivo, impredecible y ruidoso llamado Naruto Uzumaki, quien aspira a convertirse afanosamente en Hokage, el m\u00e1ximo grado ninja en su aldea, con el prop\u00f3sito de ser reconocido como alguien importante dentro de la misma. La serie est\u00e1 basada en una one shot que Kishimoto realiz\u00f3 en agosto de 1997 para la revista Akamaru Jump. A partir de 1999 Naruto es publicado por la editorial Sh\u016beisha en la edici\u00f3n japonesa Sh\u014dnen Jump, siendo recopilado desde entonces en 50 vol\u00famenes. El \u00e9xito del manga hizo que su trama fuera adaptada en un anime producido por los estudios Pierrot y distribuido por Aniplex, el cual fue transmitido por el canal de televisi\u00f3n terrestre TV Tokyo el 3 de octubre de 2002. La primera temporada dur\u00f3 220 episodios, mientras que la continuaci\u00f3n Naruto: Shipp\u016bden inici\u00f3 sus emisiones el 15 de febrero de 2007. Adem\u00e1s, Estudios Pierrot ha producido seis pel\u00edculas junto a varias animaciones originales en v\u00eddeo basadas en Naruto.<\/p>\n<p style=\"text-align: justify\">\n<p style=\"text-align: justify\">Fuente: http:\/\/es.wikipedia.org\/wiki\/Naruto<\/p>\n<p style=\"text-align: center\"><object classid=\"clsid:d27cdb6e-ae6d-11cf-96b8-444553540000\" width=\"570\" height=\"348\"><param name=\"allowFullScreen\" value=\"true\" \/><param name=\"allowscriptaccess\" value=\"always\" \/><param name=\"src\" value=\"http:\/\/www.youtube.com\/v\/9L_q7aVcmU0?fs=1&amp;hl=en_US&amp;color1=0x006699&amp;color2=0x54abd6\" \/><param name=\"allowfullscreen\" value=\"true\" \/><embed type=\"application\/x-shockwave-flash\" width=\"570\" height=\"348\" src=\"http:\/\/www.youtube.com\/v\/9L_q7aVcmU0?fs=1&amp;hl=en_US&amp;color1=0x006699&amp;color2=0x54abd6\" allowfullscreen=\"true\" allowscriptaccess=\"always\"><\/embed><\/object><\/p>\n<p style=\"text-align: center\"><object classid=\"clsid:d27cdb6e-ae6d-11cf-96b8-444553540000\" width=\"565\" height=\"329\"><param name=\"allowFullScreen\" value=\"true\" \/><param name=\"allowscriptaccess\" value=\"always\" \/><param name=\"src\" value=\"http:\/\/www.youtube.com\/v\/K-tvb3ssM1k?fs=1&amp;hl=en_US&amp;color1=0x006699&amp;color2=0x54abd6\" \/><param name=\"allowfullscreen\" value=\"true\" \/><embed type=\"application\/x-shockwave-flash\" width=\"565\" height=\"329\" src=\"http:\/\/www.youtube.com\/v\/K-tvb3ssM1k?fs=1&amp;hl=en_US&amp;color1=0x006699&amp;color2=0x54abd6\" allowfullscreen=\"true\" allowscriptaccess=\"always\"><\/embed><\/object><\/p>\n<p style=\"text-align: center\"><object classid=\"clsid:d27cdb6e-ae6d-11cf-96b8-444553540000\" width=\"565\" height=\"325\"><param name=\"allowFullScreen\" value=\"true\" \/><param name=\"allowscriptaccess\" value=\"always\" \/><param name=\"src\" value=\"http:\/\/www.youtube.com\/v\/qUDLL6YvkKc?fs=1&amp;hl=en_US&amp;color1=0x006699&amp;color2=0x54abd6\" \/><param name=\"allowfullscreen\" value=\"true\" \/><embed type=\"application\/x-shockwave-flash\" width=\"565\" height=\"325\" src=\"http:\/\/www.youtube.com\/v\/qUDLL6YvkKc?fs=1&amp;hl=en_US&amp;color1=0x006699&amp;color2=0x54abd6\" allowfullscreen=\"true\" allowscriptaccess=\"always\"><\/embed><\/object><\/p>\n","protected":false},"excerpt":{"rendered":"<p>Naruto es una serie de manga creada por Masashi Kishimoto y adaptada al anime por Hayato Date, que narra la historia de un ninja adolescente hiperactivo, impredecible y ruidoso llamado Naruto Uzumaki, quien aspira a convertirse afanosamente en Hokage, el m\u00e1ximo grado ninja en su aldea, con el prop\u00f3sito de ser reconocido como alguien importante [&hellip;]<\/p>\n","protected":false},"author":4802,"featured_media":0,"parent":0,"menu_order":0,"comment_status":"open","ping_status":"open","template":"","meta":{"_monsterinsights_skip_tracking":false,"_monsterinsights_sitenote_active":false,"_monsterinsights_sitenote_note":"","_monsterinsights_sitenote_category":0,"footnotes":""},"class_list":["post-70","page","type-page","status-publish","hentry"],"aioseo_notices":[],"_links":{"self":[{"href":"https:\/\/blog.espol.edu.ec\/jlmora\/wp-json\/wp\/v2\/pages\/70","targetHints":{"allow":["GET"]}}],"collection":[{"href":"https:\/\/blog.espol.edu.ec\/jlmora\/wp-json\/wp\/v2\/pages"}],"about":[{"href":"https:\/\/blog.espol.edu.ec\/jlmora\/wp-json\/wp\/v2\/types\/page"}],"author":[{"embeddable":true,"href":"https:\/\/blog.espol.edu.ec\/jlmora\/wp-json\/wp\/v2\/users\/4802"}],"replies":[{"embeddable":true,"href":"https:\/\/blog.espol.edu.ec\/jlmora\/wp-json\/wp\/v2\/comments?post=70"}],"version-history":[{"count":2,"href":"https:\/\/blog.espol.edu.ec\/jlmora\/wp-json\/wp\/v2\/pages\/70\/revisions"}],"predecessor-version":[{"id":72,"href":"https:\/\/blog.espol.edu.ec\/jlmora\/wp-json\/wp\/v2\/pages\/70\/revisions\/72"}],"wp:attachment":[{"href":"https:\/\/blog.espol.edu.ec\/jlmora\/wp-json\/wp\/v2\/media?parent=70"}],"curies":[{"name":"wp","href":"https:\/\/api.w.org\/{rel}","templated":true}]}}