{"id":122,"date":"2009-11-23T13:48:41","date_gmt":"2009-11-23T18:48:41","guid":{"rendered":"http:\/\/blog.espol.edu.ec\/jlortega\/?page_id=122"},"modified":"2009-11-23T17:05:33","modified_gmt":"2009-11-23T22:05:33","slug":"fase-de-terreno","status":"publish","type":"page","link":"https:\/\/blog.espol.edu.ec\/jlortega\/fase-de-terreno\/","title":{"rendered":"Fase de Terreno"},"content":{"rendered":"<div id=\"attachment_125\" style=\"width: 222px\" class=\"wp-caption aligncenter\"><img loading=\"lazy\" decoding=\"async\" aria-describedby=\"caption-attachment-125\" class=\"size-medium wp-image-125\" src=\"http:\/\/blog.espol.edu.ec\/jlortega\/files\/2009\/11\/uee-fae-nc2ba3-taura_00242-212x300.jpg\" alt=\"Con mi viejo\" width=\"212\" height=\"300\" srcset=\"https:\/\/blog.espol.edu.ec\/jlortega\/files\/2009\/11\/uee-fae-nc2ba3-taura_00242-212x300.jpg 212w, https:\/\/blog.espol.edu.ec\/jlortega\/files\/2009\/11\/uee-fae-nc2ba3-taura_00242-725x1024.jpg 725w, https:\/\/blog.espol.edu.ec\/jlortega\/files\/2009\/11\/uee-fae-nc2ba3-taura_00242.jpg 1504w\" sizes=\"auto, (max-width: 212px) 100vw, 212px\" \/><p id=\"caption-attachment-125\" class=\"wp-caption-text\">Con mi viejo<\/p><\/div>\n<p><em>La fase de terreno es la aplicaci\u00f3n de todo lo aprendido en los tres a\u00f1os que recibimos <a title=\"Liceo FAE\" href=\"http:\/\/liceoaeronautico.edu.ec\/index.php?option=com_content&amp;task=view&amp;id=27&amp;Itemid=49\" target=\"_blank\">intrucci\u00f3n milita<\/a>r, es lo \u00faltimo que pasamos antes de graduarnos como subtenientes de reserva de la Rep\u00fablica del Ecuador, una dolorosa pero excelente experiencia.<\/em><em> En esta foto estoy con mi padre antes de formarnos para dar el parte de novedades al rector.<\/em><\/p>\n<div id=\"attachment_126\" style=\"width: 387px\" class=\"wp-caption aligncenter\"><img loading=\"lazy\" decoding=\"async\" aria-describedby=\"caption-attachment-126\" class=\"size-full wp-image-126\" src=\"http:\/\/blog.espol.edu.ec\/jlortega\/files\/2009\/11\/uee-fae-nc2ba3-taura_0025.jpg\" alt=\"Parte de novedades.\" width=\"377\" height=\"268\" srcset=\"https:\/\/blog.espol.edu.ec\/jlortega\/files\/2009\/11\/uee-fae-nc2ba3-taura_0025-300x214.jpg 300w, https:\/\/blog.espol.edu.ec\/jlortega\/files\/2009\/11\/uee-fae-nc2ba3-taura_0025-1024x732.jpg 1024w\" sizes=\"auto, (max-width: 377px) 100vw, 377px\" \/><p id=\"caption-attachment-126\" class=\"wp-caption-text\">Parte de novedades.<\/p><\/div>\n<p><em>El parte de novedades se trata de exponer alguna inquietud antes de partir, verificar si todo esta bien, tambien contabilizan personal y equipo<\/em>.<\/p>\n<div id=\"attachment_128\" style=\"width: 351px\" class=\"wp-caption aligncenter\"><img loading=\"lazy\" decoding=\"async\" aria-describedby=\"caption-attachment-128\" class=\"size-full wp-image-128\" src=\"http:\/\/blog.espol.edu.ec\/jlortega\/files\/2009\/11\/uee-fae-nc2ba3-taura_0026.jpg\" alt=\"Primer d\u00eda.\" width=\"341\" height=\"324\" \/><p id=\"caption-attachment-128\" class=\"wp-caption-text\">Primer d\u00eda.<\/p><\/div>\n<p><em>Cuando llegamos al cerro de Bucay nos toco llevar desde el pie del cerro hasta casi la cumbre del cerro.. fue un d\u00eda totalmente agotador, fue muy complicado adaptarse a la situaci\u00f3n. En la foto dice que fu\u00e9 en 2003 pero en realidad fue en el 2007, lo que pas\u00f3 fu\u00e9 que el fot\u00f3grafo no program\u00f3 la camara.<\/em><\/p>\n<div id=\"attachment_134\" style=\"width: 375px\" class=\"wp-caption aligncenter\"><img loading=\"lazy\" decoding=\"async\" aria-describedby=\"caption-attachment-134\" class=\"size-full wp-image-134\" src=\"http:\/\/blog.espol.edu.ec\/jlortega\/files\/2009\/11\/uee-fae-nc2ba3-taura_0027.jpg\" alt=\"uee-fae-nc2ba3-taura_0027\" width=\"365\" height=\"258\" \/><p id=\"caption-attachment-134\" class=\"wp-caption-text\">Vista panor\u00e1mica del lugar<\/p><\/div>\n<p><em>Aqu\u00ed nos est\u00e1 dando una charla el capit\u00e1n Cristian Moreno, hermano del verdugo.. al mayor que es el jefe de instrucci\u00f3n militar lo apodamos \"familiar\" y a \u00e9ste \"econ\u00f3mico\".. ja ja.. mientras el \"familiar nos hac\u00eda pedazos la moral, el \"econ\u00f3mico \" nos la sub\u00eda.<\/em><\/p>\n<div id=\"attachment_137\" style=\"width: 370px\" class=\"wp-caption aligncenter\"><img loading=\"lazy\" decoding=\"async\" aria-describedby=\"caption-attachment-137\" class=\"size-medium wp-image-137\" src=\"http:\/\/blog.espol.edu.ec\/jlortega\/files\/2009\/11\/uee-fae-nc2ba3-taura_0028.jpg\" alt=\"Primer descanso.\" width=\"360\" height=\"255\" srcset=\"https:\/\/blog.espol.edu.ec\/jlortega\/files\/2009\/11\/uee-fae-nc2ba3-taura_0028.jpg 2092w, https:\/\/blog.espol.edu.ec\/jlortega\/files\/2009\/11\/uee-fae-nc2ba3-taura_0028-300x213.jpg 300w, https:\/\/blog.espol.edu.ec\/jlortega\/files\/2009\/11\/uee-fae-nc2ba3-taura_0028-1024x728.jpg 1024w\" sizes=\"auto, (max-width: 360px) 100vw, 360px\" \/><p id=\"caption-attachment-137\" class=\"wp-caption-text\">Por fin descansamos..!<\/p><\/div>\n<p><em>Despu\u00e9s de limpiar todo el terreno para nuestra estad\u00eda de casi una semana, por fin descansamos un poco.. fue duro resistir tanto, para recargar energ\u00edas nos dieron una cola <a title=\"Pepsi\" href=\"http:\/\/www.pepsimundo.com\/latam2\/\" target=\"_blank\">pepsi<\/a> caliente por el sol y un pan duro, tanto era el cansancio que nos parecio exquisito todo.<\/em><\/p>\n<div id=\"attachment_139\" style=\"width: 399px\" class=\"wp-caption aligncenter\"><img loading=\"lazy\" decoding=\"async\" aria-describedby=\"caption-attachment-139\" class=\"size-full wp-image-139\" src=\"http:\/\/blog.espol.edu.ec\/jlortega\/files\/2009\/11\/uee-fae-nc2ba3-taura_0029.jpg\" alt=\"A cenar se ha dicho..!\" width=\"389\" height=\"274\" srcset=\"https:\/\/blog.espol.edu.ec\/jlortega\/files\/2009\/11\/uee-fae-nc2ba3-taura_0029.jpg 2116w, https:\/\/blog.espol.edu.ec\/jlortega\/files\/2009\/11\/uee-fae-nc2ba3-taura_0029-300x211.jpg 300w, https:\/\/blog.espol.edu.ec\/jlortega\/files\/2009\/11\/uee-fae-nc2ba3-taura_0029-1024x722.jpg 1024w\" sizes=\"auto, (max-width: 389px) 100vw, 389px\" \/><p id=\"caption-attachment-139\" class=\"wp-caption-text\">A cenar se ha dicho..!<\/p><\/div>\n<p><em>Cuando cay\u00f3 la noche bajamos a comer despu\u00e9s de estar todo el d\u00eda por la altura.. todos ten\u00edamos mucha hambre y por ende com\u00edamos lo que nos daban.. en lo personal aprend\u00ed a darle valor a las cosas en especial a la comida<\/em>.<\/p>\n<div id=\"attachment_141\" style=\"width: 416px\" class=\"wp-caption aligncenter\"><img loading=\"lazy\" decoding=\"async\" aria-describedby=\"caption-attachment-141\" class=\"size-full wp-image-141\" src=\"http:\/\/blog.espol.edu.ec\/jlortega\/files\/2009\/11\/uee-fae-nc2ba3-taura_0030.jpg\" alt=\"Con mi body..!!\" width=\"406\" height=\"286\" srcset=\"https:\/\/blog.espol.edu.ec\/jlortega\/files\/2009\/11\/uee-fae-nc2ba3-taura_0030-300x212.jpg 300w, https:\/\/blog.espol.edu.ec\/jlortega\/files\/2009\/11\/uee-fae-nc2ba3-taura_0030-1024x725.jpg 1024w\" sizes=\"auto, (max-width: 406px) 100vw, 406px\" \/><p id=\"caption-attachment-141\" class=\"wp-caption-text\">Con mi body..!!<\/p><\/div>\n<p><em>LLeg\u00f3 la hora de comer, todos com\u00edamos con gusto, a nadie le importaba lo que era.. lo \u00fanico que importaba era comer..\u00a0 y cada quien ten\u00eda que andar con su body, as\u00ed que no ten\u00eda opci\u00f3n que andar con Luis Saguay que me toc\u00f3 como body.. ji ji..<\/em><\/p>\n<div id=\"attachment_143\" style=\"width: 399px\" class=\"wp-caption aligncenter\"><img loading=\"lazy\" decoding=\"async\" aria-describedby=\"caption-attachment-143\" class=\"size-full wp-image-143\" src=\"http:\/\/blog.espol.edu.ec\/jlortega\/files\/2009\/11\/uee-fae-nc2ba3-taura_0031.jpg\" alt=\"De caminata..!!\" width=\"389\" height=\"274\" \/><p id=\"caption-attachment-143\" class=\"wp-caption-text\">De caminata..!!<\/p><\/div>\n<p><em>La caminata nocturna es parte de lo que estaba planificado ejecutar en la semana negra o fase de terreno, caminamos varios kil\u00f3metros, ten\u00edamos mucho sue\u00f1o, en las pocas paradas que hicimos la aprovech\u00e1vamos para dormir, un minuto de ciesta equival\u00eda para nosotros un par de horas..<\/em><\/p>\n<p><em><\/em><\/p>\n<div id=\"attachment_145\" style=\"width: 407px\" class=\"wp-caption aligncenter\"><em><em><img loading=\"lazy\" decoding=\"async\" aria-describedby=\"caption-attachment-145\" class=\"size-full wp-image-145\" src=\"http:\/\/blog.espol.edu.ec\/jlortega\/files\/2009\/11\/uee-fae-nc2ba3-taura_0033.jpg\" alt=\"Pista de instrucci\u00f3n individual de combate.\" width=\"397\" height=\"280\" srcset=\"https:\/\/blog.espol.edu.ec\/jlortega\/files\/2009\/11\/uee-fae-nc2ba3-taura_0033-300x212.jpg 300w, https:\/\/blog.espol.edu.ec\/jlortega\/files\/2009\/11\/uee-fae-nc2ba3-taura_0033-1024x726.jpg 1024w\" sizes=\"auto, (max-width: 397px) 100vw, 397px\" \/><\/em><\/em><p id=\"caption-attachment-145\" class=\"wp-caption-text\">Pista de intrucci\u00f3n individual de combate..<\/p><\/div>\n<p><em><\/em><em>Lleg\u00f3 el d\u00eda de cruzar varias pistas como la de instrucci\u00f3n individual de combate, esta foto me la tomaron cuando estava llegando al punto de encuentro final.. con esto terinava mde cruzar toda la pista.<\/em><\/p>\n<div id=\"attachment_147\" style=\"width: 420px\" class=\"wp-caption aligncenter\"><img loading=\"lazy\" decoding=\"async\" aria-describedby=\"caption-attachment-147\" class=\"size-full wp-image-147\" src=\"http:\/\/blog.espol.edu.ec\/jlortega\/files\/2009\/11\/uee-fae-nc2ba3-taura_0034.jpg\" alt=\"uee-fae-nc2ba3-taura_0034\" width=\"410\" height=\"301\" \/><p id=\"caption-attachment-147\" class=\"wp-caption-text\">Buseo con caballito blanco..!<\/p><\/div>\n<p><em>Otra de las pistas que ten\u00edamos que cruzar era la de reacci\u00f3n, el cual consist\u00eda en llevar un mensaje a un determinado instructor, no ten\u00edamos que decirle a nadie que no sea el sargento Hugo Quelal quien era a quien ten\u00edamos que llevarle el mensaje, los dem\u00e1s instructores\u00a0 eran enemigos que ten\u00edan que sacarnos la informaci\u00f3n. En esta foto el sargento Hidalgo a quien apodamos \"caballito blanco\" porque era el encargado del gas lacrim\u00f3geno trat\u00f3 de sacarme la informaci\u00f3n.. pero fracaso con su misi\u00f3n.<\/em><\/p>\n<div id=\"attachment_149\" style=\"width: 422px\" class=\"wp-caption aligncenter\"><img loading=\"lazy\" decoding=\"async\" aria-describedby=\"caption-attachment-149\" class=\"size-full wp-image-149\" src=\"http:\/\/blog.espol.edu.ec\/jlortega\/files\/2009\/11\/uee-fae-nc2ba3-taura_0035.jpg\" alt=\"uee-fae-nc2ba3-taura_0035\" width=\"412\" height=\"288\" \/><p id=\"caption-attachment-149\" class=\"wp-caption-text\">Patrulla Leones<\/p><\/div>\n<p><em>En esta foto estoy con mi patrulla, aquel d\u00eda era el comandante de la patrulla leones, ya hab\u00edamos cruzado todas las pistas con exito.<\/em><\/p>\n<div id=\"attachment_150\" style=\"width: 419px\" class=\"wp-caption aligncenter\"><img loading=\"lazy\" decoding=\"async\" aria-describedby=\"caption-attachment-150\" class=\"size-full wp-image-150\" src=\"http:\/\/blog.espol.edu.ec\/jlortega\/files\/2009\/11\/uee-fae-nc2ba3-taura_0032.jpg\" alt=\"uee-fae-nc2ba3-taura_0032\" width=\"409\" height=\"286\" \/><p id=\"caption-attachment-150\" class=\"wp-caption-text\">Supervivencia..!!<\/p><\/div>\n<p><em>Pasaban las horas volando y ya estamos a la mitad de la semana negra. Ese d\u00eda era s\u00f3lo de supervivencia, ten\u00edamos que rescatar la comida e ingeniarnosla para prepararla, ese d\u00eda segu\u00eda siendo el comandante y me toc\u00f3 seleccionar unos compa\u00f1eros para formar mi equipo de rescate.. los seleccionados fueron: Julio Quito, Marlon Mero y Walter Jim\u00e9nez; fu\u00e9 la mejor desici\u00f3n porque cumplimos con \u00e9xito la misi\u00f3n.<\/em><\/p>\n<div id=\"attachment_151\" style=\"width: 429px\" class=\"wp-caption aligncenter\"><img loading=\"lazy\" decoding=\"async\" aria-describedby=\"caption-attachment-151\" class=\"size-full wp-image-151\" src=\"http:\/\/blog.espol.edu.ec\/jlortega\/files\/2009\/11\/uee-fae-nc2ba3-taura_0036.jpg\" alt=\"uee-fae-nc2ba3-taura_0036\" width=\"419\" height=\"292\" \/><p id=\"caption-attachment-151\" class=\"wp-caption-text\">Graduaci\u00f3n militar..!!<\/p><\/div>\n<p><em>Bueno.. pasar\u00f3n los dias volando y cuando nos dimos cuenta ya ten\u00edamos que regresar a la base de taura donde queda el colegio, s\u00f3lo el primer d\u00eda se hizo largo, el resto pasaron r\u00e1pido. En esta foto estamos interpretando una oracion para terminar con la semana negra.. fu\u00e9 una experiencia maravillosa..<\/em><\/p>\n<p><em><div id=\"polls-4\" class=\"wp-polls\">\n\t<form id=\"polls_form_4\" class=\"wp-polls-form\" action=\"\/index.php\" method=\"post\">\n\t\t<p style=\"display: none;\"><input type=\"hidden\" id=\"poll_4_nonce\" name=\"wp-polls-nonce\" value=\"42b448238d\" \/><\/p>\n\t\t<p style=\"display: none;\"><input type=\"hidden\" name=\"poll_id\" value=\"4\" \/><\/p>\n\t\t<p style=\"text-align: center;\"><strong>Te pareci\u00f3 interesante la fase de terreno que realic\u00e9..?<\/strong><\/p><div id=\"polls-4-ans\" class=\"wp-polls-ans\"><ul class=\"wp-polls-ul\">\n\t\t<li><input type=\"radio\" id=\"poll-answer-12\" name=\"poll_4\" value=\"12\" \/> <label for=\"poll-answer-12\">Si<\/label><\/li>\n\t\t<li><input type=\"radio\" id=\"poll-answer-13\" name=\"poll_4\" value=\"13\" \/> <label for=\"poll-answer-13\">No<\/label><\/li>\n\t\t<li><input type=\"radio\" id=\"poll-answer-14\" name=\"poll_4\" value=\"14\" \/> <label for=\"poll-answer-14\">5mentarios<\/label><\/li>\n\t\t<\/ul><p style=\"text-align: center;\"><input type=\"button\" name=\"vote\" value=\"   Vote   \" class=\"Buttons\" onclick=\"poll_vote(4);\" onkeypress=\"poll_result(4);\" \/><\/p><p style=\"text-align: center;\"><a href=\"#ViewPollResults\" onclick=\"poll_result(4); return false;\" onkeypress=\"poll_result(4); return false;\" title=\"View Results Of This Poll\">View Results<\/a><\/p><\/div>\n\t<\/form>\n<\/div>\n<div id=\"polls-4-loading\" class=\"wp-polls-loading\"><img loading=\"lazy\" decoding=\"async\" src=\"https:\/\/blog.espol.edu.ec\/jlortega\/wp-content\/plugins\/wp-polls\/images\/loading.gif\" width=\"16\" height=\"16\" alt=\"Cargando ...\" title=\"Cargando ...\" class=\"wp-polls-image\" \/>&nbsp;Cargando ...<\/div>\n<br \/>\n<\/em><\/p>\n<p style=\"text-align: center\">\n<p style=\"text-align: center\">\n<p style=\"text-align: center\">\n","protected":false},"excerpt":{"rendered":"<p>La fase de terreno es la aplicaci\u00f3n de todo lo aprendido en los tres a\u00f1os que recibimos intrucci\u00f3n militar, es lo \u00faltimo que pasamos antes de graduarnos como subtenientes de reserva de la Rep\u00fablica del Ecuador, una dolorosa pero excelente experiencia. En esta foto estoy con mi padre antes de formarnos para dar el parte [&hellip;]<\/p>\n","protected":false},"author":3063,"featured_media":0,"parent":0,"menu_order":0,"comment_status":"open","ping_status":"open","template":"","meta":{"footnotes":""},"class_list":["post-122","page","type-page","status-publish","hentry"],"_links":{"self":[{"href":"https:\/\/blog.espol.edu.ec\/jlortega\/wp-json\/wp\/v2\/pages\/122","targetHints":{"allow":["GET"]}}],"collection":[{"href":"https:\/\/blog.espol.edu.ec\/jlortega\/wp-json\/wp\/v2\/pages"}],"about":[{"href":"https:\/\/blog.espol.edu.ec\/jlortega\/wp-json\/wp\/v2\/types\/page"}],"author":[{"embeddable":true,"href":"https:\/\/blog.espol.edu.ec\/jlortega\/wp-json\/wp\/v2\/users\/3063"}],"replies":[{"embeddable":true,"href":"https:\/\/blog.espol.edu.ec\/jlortega\/wp-json\/wp\/v2\/comments?post=122"}],"version-history":[{"count":17,"href":"https:\/\/blog.espol.edu.ec\/jlortega\/wp-json\/wp\/v2\/pages\/122\/revisions"}],"predecessor-version":[{"id":135,"href":"https:\/\/blog.espol.edu.ec\/jlortega\/wp-json\/wp\/v2\/pages\/122\/revisions\/135"}],"wp:attachment":[{"href":"https:\/\/blog.espol.edu.ec\/jlortega\/wp-json\/wp\/v2\/media?parent=122"}],"curies":[{"name":"wp","href":"https:\/\/api.w.org\/{rel}","templated":true}]}}