{"id":94,"date":"2009-11-20T18:07:33","date_gmt":"2009-11-20T23:07:33","guid":{"rendered":"http:\/\/blog.espol.edu.ec\/jlortega\/?page_id=94"},"modified":"2009-11-23T16:58:04","modified_gmt":"2009-11-23T21:58:04","slug":"juramento-de-la-bandera","status":"publish","type":"page","link":"https:\/\/blog.espol.edu.ec\/jlortega\/juramento-de-la-bandera\/","title":{"rendered":"Juramento de la Bandera"},"content":{"rendered":"<div id=\"attachment_98\" style=\"width: 221px\" class=\"wp-caption aligncenter\"><img loading=\"lazy\" decoding=\"async\" aria-describedby=\"caption-attachment-98\" class=\"size-medium wp-image-98\" src=\"http:\/\/blog.espol.edu.ec\/jlortega\/files\/2009\/11\/uee-fae-nc2ba3-taura_00181-211x300.jpg\" alt=\"Mi padre entregandome el fusil\" width=\"211\" height=\"300\" srcset=\"https:\/\/blog.espol.edu.ec\/jlortega\/files\/2009\/11\/uee-fae-nc2ba3-taura_00181-211x300.jpg 211w, https:\/\/blog.espol.edu.ec\/jlortega\/files\/2009\/11\/uee-fae-nc2ba3-taura_00181-722x1024.jpg 722w, https:\/\/blog.espol.edu.ec\/jlortega\/files\/2009\/11\/uee-fae-nc2ba3-taura_00181.jpg 1497w\" sizes=\"auto, (max-width: 211px) 100vw, 211px\" \/><p id=\"caption-attachment-98\" class=\"wp-caption-text\">Mi padre entreg\u00e1ndome el fusil<\/p><\/div>\n<p><em>En las UEE FAE acostumbran en el d\u00eda del juramento de la bandera realizar tres ceremonias en una,\u00a0 primero el cambio de abanderado, segundo la entrega de armas y tercero el juramento de la bandera.. en esta foto Luis Alberto, mi progenitor, me est\u00e1 entregando el arma, impuntual como siempre, casi no llega a la primera ceremonia. je je..<\/em><\/p>\n<p><em><\/em><\/p>\n<div id=\"attachment_111\" style=\"width: 222px\" class=\"wp-caption aligncenter\"><img loading=\"lazy\" decoding=\"async\" aria-describedby=\"caption-attachment-111\" class=\"size-medium wp-image-111\" src=\"http:\/\/blog.espol.edu.ec\/jlortega\/files\/2009\/11\/uee-fae-nc2ba3-taura_00193-212x300.jpg\" alt=\"A jurar se a dicho..!!\" width=\"212\" height=\"300\" srcset=\"https:\/\/blog.espol.edu.ec\/jlortega\/files\/2009\/11\/uee-fae-nc2ba3-taura_00193-212x300.jpg 212w, https:\/\/blog.espol.edu.ec\/jlortega\/files\/2009\/11\/uee-fae-nc2ba3-taura_00193-727x1024.jpg 727w, https:\/\/blog.espol.edu.ec\/jlortega\/files\/2009\/11\/uee-fae-nc2ba3-taura_00193.jpg 1508w\" sizes=\"auto, (max-width: 212px) 100vw, 212px\" \/><p id=\"caption-attachment-111\" class=\"wp-caption-text\">A jurar se a dicho..!!<\/p><\/div>\n<p><em>Luego de la entregas de armas y el cambio de abanderados nos toc\u00f3 jurar la bandera.. aqu\u00ed estoy yendo hacia la bandera.. todo es sincronizado, no podiamos darnos el lujo de equivocarnos, para eso ten\u00edamos un tenor que nos marcaba el paso, por medio de el nos orient\u00e1bamos.<\/em><\/p>\n<div id=\"attachment_112\" style=\"width: 224px\" class=\"wp-caption aligncenter\"><img loading=\"lazy\" decoding=\"async\" aria-describedby=\"caption-attachment-112\" class=\"size-medium wp-image-112\" src=\"http:\/\/blog.espol.edu.ec\/jlortega\/files\/2009\/11\/uee-fae-nc2ba3-taura_0020-214x300.jpg\" alt=\"La hora cero..!\" width=\"214\" height=\"300\" srcset=\"https:\/\/blog.espol.edu.ec\/jlortega\/files\/2009\/11\/uee-fae-nc2ba3-taura_0020-214x300.jpg 214w, https:\/\/blog.espol.edu.ec\/jlortega\/files\/2009\/11\/uee-fae-nc2ba3-taura_0020-732x1024.jpg 732w, https:\/\/blog.espol.edu.ec\/jlortega\/files\/2009\/11\/uee-fae-nc2ba3-taura_0020.jpg 1517w\" sizes=\"auto, (max-width: 214px) 100vw, 214px\" \/><p id=\"caption-attachment-112\" class=\"wp-caption-text\">La hora cero..!<\/p><\/div>\n<p><em>Despu\u00e9s de tanta espera lleg\u00f3 el momento de tan ansiado.. lleg\u00f3 la hora decir \"s\u00ed juro\".. fu\u00e9 un momento inexplicables de patriotismo..<\/em><\/p>\n<div id=\"attachment_113\" style=\"width: 221px\" class=\"wp-caption aligncenter\"><img loading=\"lazy\" decoding=\"async\" aria-describedby=\"caption-attachment-113\" class=\"size-medium wp-image-113\" src=\"http:\/\/blog.espol.edu.ec\/jlortega\/files\/2009\/11\/uee-fae-nc2ba3-taura_0023-211x300.jpg\" alt=\"Junto a mi padre y 2da madre\" width=\"211\" height=\"300\" srcset=\"https:\/\/blog.espol.edu.ec\/jlortega\/files\/2009\/11\/uee-fae-nc2ba3-taura_0023-211x300.jpg 211w, https:\/\/blog.espol.edu.ec\/jlortega\/files\/2009\/11\/uee-fae-nc2ba3-taura_0023-721x1024.jpg 721w, https:\/\/blog.espol.edu.ec\/jlortega\/files\/2009\/11\/uee-fae-nc2ba3-taura_0023.jpg 1497w\" sizes=\"auto, (max-width: 211px) 100vw, 211px\" \/><p id=\"caption-attachment-113\" class=\"wp-caption-text\">Junto a mi padre y 2da madre<\/p><\/div>\n<p><em>Cuando terminamos toda la ceremonia nos tenian preparado unos <a title=\"Bocaditos\" href=\"http:\/\/bocaditosyreposteria.wordpress.com\/\" target=\"_blank\">bocaditos<\/a> y <a title=\"Bebidas\" href=\"http:\/\/bebidasycocteles.com\/\">bebidas<\/a>.. en esa reuni\u00f3n compartimos con nuestros padres y docentes de una tarde muy agradable.. tambien aprovechamos para tomarnos fotos y tener un\u00a0recuerdo de aquella \u00e9poca que la he catalogado como <a title=\"Mi vida en la secundaria\" href=\"http:\/\/blog.espol.edu.ec\/jlortega\" target=\"_blank\">la mejor etapa de mi vida<\/a>.<\/em><\/p>\n<div id=\"attachment_115\" style=\"width: 310px\" class=\"wp-caption aligncenter\"><img loading=\"lazy\" decoding=\"async\" aria-describedby=\"caption-attachment-115\" class=\"size-medium wp-image-115\" src=\"http:\/\/blog.espol.edu.ec\/jlortega\/files\/2009\/11\/uee-fae-nc2ba3-taura_00221-300x211.jpg\" alt=\"Con mi instructor militar y compa\u00f1eros.\" width=\"300\" height=\"211\" srcset=\"https:\/\/blog.espol.edu.ec\/jlortega\/files\/2009\/11\/uee-fae-nc2ba3-taura_00221-300x211.jpg 300w, https:\/\/blog.espol.edu.ec\/jlortega\/files\/2009\/11\/uee-fae-nc2ba3-taura_00221-1024x721.jpg 1024w\" sizes=\"auto, (max-width: 300px) 100vw, 300px\" \/><p id=\"caption-attachment-115\" class=\"wp-caption-text\">Con mi instructor militar y compa\u00f1eros.<\/p><\/div>\n<p><em>Ya se hab\u00eda terminado la reuni\u00f3n con nuestros padres, autoridades\u00a0y profesores del colegio.. cada quien se iba por su lado, pero, no queriamos irnos sin tomarnos una foto con el capitan Edis\u00f3n Moreno, quien ser\u00eda nuestro verdugo en la <a title=\"JLOrtega\" href=\"http:\/\/blog.espol.edu.ec\/jlortega\/fase-de-terreno\/\" target=\"_blank\">fase de terreno<\/a>.<\/em><\/p>\n<div id=\"attachment_116\" style=\"width: 310px\" class=\"wp-caption aligncenter\"><img loading=\"lazy\" decoding=\"async\" aria-describedby=\"caption-attachment-116\" class=\"size-medium wp-image-116\" src=\"http:\/\/blog.espol.edu.ec\/jlortega\/files\/2009\/11\/uee-fae-nc2ba3-taura_0021-300x211.jpg\" alt=\"8va Promoci\u00f3n\" width=\"300\" height=\"211\" srcset=\"https:\/\/blog.espol.edu.ec\/jlortega\/files\/2009\/11\/uee-fae-nc2ba3-taura_0021-300x211.jpg 300w, https:\/\/blog.espol.edu.ec\/jlortega\/files\/2009\/11\/uee-fae-nc2ba3-taura_0021-1024x723.jpg 1024w\" sizes=\"auto, (max-width: 300px) 100vw, 300px\" \/><p id=\"caption-attachment-116\" class=\"wp-caption-text\">8va Promoci\u00f3n<\/p><\/div>\n<p><strong>Esta fu\u00e9 la \u00faltima foto que nos tomamos aquel d\u00eda.. esta es la 8va promoci\u00f3n de cadetes de la Unidad Educativa FAE N\u00ba3..<\/strong><\/p>\n<p><strong><\/strong><\/p>\n<div id=\"attachment_120\" style=\"width: 366px\" class=\"wp-caption aligncenter\"><strong><strong><img loading=\"lazy\" decoding=\"async\" aria-describedby=\"caption-attachment-120\" class=\"size-full wp-image-120\" src=\"http:\/\/blog.espol.edu.ec\/jlortega\/files\/2009\/11\/8va-promo.jpg\" alt=\"La mejor..!\" width=\"356\" height=\"409\" \/><\/strong><\/strong><p id=\"caption-attachment-120\" class=\"wp-caption-text\">La mejor..!<\/p><\/div>\n<div id=\"polls-3\" class=\"wp-polls\">\n\t<form id=\"polls_form_3\" class=\"wp-polls-form\" action=\"\/index.php\" method=\"post\">\n\t\t<p style=\"display: none;\"><input type=\"hidden\" id=\"poll_3_nonce\" name=\"wp-polls-nonce\" value=\"537edf2bf7\" \/><\/p>\n\t\t<p style=\"display: none;\"><input type=\"hidden\" name=\"poll_id\" value=\"3\" \/><\/p>\n\t\t<p style=\"text-align: center;\"><strong>Te gust\u00f3 la peque\u00f1a historia respecto a mi juramento de la bandera..?<\/strong><\/p><div id=\"polls-3-ans\" class=\"wp-polls-ans\"><ul class=\"wp-polls-ul\">\n\t\t<li><input type=\"radio\" id=\"poll-answer-9\" name=\"poll_3\" value=\"9\" \/> <label for=\"poll-answer-9\">Si<\/label><\/li>\n\t\t<li><input type=\"radio\" id=\"poll-answer-10\" name=\"poll_3\" value=\"10\" \/> <label for=\"poll-answer-10\">No<\/label><\/li>\n\t\t<li><input type=\"radio\" id=\"poll-answer-11\" name=\"poll_3\" value=\"11\" \/> <label for=\"poll-answer-11\">5mentarios<\/label><\/li>\n\t\t<\/ul><p style=\"text-align: center;\"><input type=\"button\" name=\"vote\" value=\"   Vote   \" class=\"Buttons\" onclick=\"poll_vote(3);\" onkeypress=\"poll_result(3);\" \/><\/p><p style=\"text-align: center;\"><a href=\"#ViewPollResults\" onclick=\"poll_result(3); return false;\" onkeypress=\"poll_result(3); return false;\" title=\"View Results Of This Poll\">View Results<\/a><\/p><\/div>\n\t<\/form>\n<\/div>\n<div id=\"polls-3-loading\" class=\"wp-polls-loading\"><img loading=\"lazy\" decoding=\"async\" src=\"https:\/\/blog.espol.edu.ec\/jlortega\/wp-content\/plugins\/wp-polls\/images\/loading.gif\" width=\"16\" height=\"16\" alt=\"Cargando ...\" title=\"Cargando ...\" class=\"wp-polls-image\" \/>&nbsp;Cargando ...<\/div>\n\n<p><strong><\/strong><\/p>\n","protected":false},"excerpt":{"rendered":"<p>En las UEE FAE acostumbran en el d\u00eda del juramento de la bandera realizar tres ceremonias en una,\u00a0 primero el cambio de abanderado, segundo la entrega de armas y tercero el juramento de la bandera.. en esta foto Luis Alberto, mi progenitor, me est\u00e1 entregando el arma, impuntual como siempre, casi no llega a la [&hellip;]<\/p>\n","protected":false},"author":3063,"featured_media":0,"parent":0,"menu_order":0,"comment_status":"open","ping_status":"open","template":"","meta":{"footnotes":""},"class_list":["post-94","page","type-page","status-publish","hentry"],"_links":{"self":[{"href":"https:\/\/blog.espol.edu.ec\/jlortega\/wp-json\/wp\/v2\/pages\/94","targetHints":{"allow":["GET"]}}],"collection":[{"href":"https:\/\/blog.espol.edu.ec\/jlortega\/wp-json\/wp\/v2\/pages"}],"about":[{"href":"https:\/\/blog.espol.edu.ec\/jlortega\/wp-json\/wp\/v2\/types\/page"}],"author":[{"embeddable":true,"href":"https:\/\/blog.espol.edu.ec\/jlortega\/wp-json\/wp\/v2\/users\/3063"}],"replies":[{"embeddable":true,"href":"https:\/\/blog.espol.edu.ec\/jlortega\/wp-json\/wp\/v2\/comments?post=94"}],"version-history":[{"count":10,"href":"https:\/\/blog.espol.edu.ec\/jlortega\/wp-json\/wp\/v2\/pages\/94\/revisions"}],"predecessor-version":[{"id":155,"href":"https:\/\/blog.espol.edu.ec\/jlortega\/wp-json\/wp\/v2\/pages\/94\/revisions\/155"}],"wp:attachment":[{"href":"https:\/\/blog.espol.edu.ec\/jlortega\/wp-json\/wp\/v2\/media?parent=94"}],"curies":[{"name":"wp","href":"https:\/\/api.w.org\/{rel}","templated":true}]}}