{"id":15,"date":"2014-11-05T03:55:10","date_gmt":"2014-11-05T03:55:10","guid":{"rendered":"http:\/\/blog.espol.edu.ec\/jmarmol\/?page_id=15"},"modified":"2014-11-05T03:55:10","modified_gmt":"2014-11-05T03:55:10","slug":"obturador-y-diafragma","status":"publish","type":"page","link":"https:\/\/blog.espol.edu.ec\/jmarmol\/obturador-y-diafragma\/","title":{"rendered":"Obturador y diafragma"},"content":{"rendered":"<p><span class=\"ff2 fc3 fs10 \">En una c\u00e1mara, el mecanismo que controla el tiempo de exposici\u00f3n es el <\/span><span class=\"ff2 fc4 fs10 fb \">OBTURADOR<\/span><span class=\"ff2 fc3 fs10 \"> y el que regula la intensidad de la luz se denomina <\/span><span class=\"ff2 fc4 fs10 fb \">DIAFRAGMA<\/span><span class=\"ff2 fc3 fs10 \">, que act\u00faa estrechando el cono de luz que penetra por el objetivo.<\/span><\/p>\n<p>&nbsp;<\/p>\n<p><strong>Diafragma<\/strong><\/p>\n<p>El diafragma de una c\u00e1mara es un componente compuesto por varias laminillas met\u00e1licas ubicadas en el interior del objetivo. Estas, forman un orificio regular que determina el di\u00e1metro del haz luminoso y por tanto la intensidad de luz que tendr\u00e1 el plano focal.<\/p>\n<p>La principal funci\u00f3n del diafragma es controlar\u00a0la cantidad de luz que va a atravesar\u00a0el objetivo y tambi\u00e9n determinar la extensi\u00f3n de la profundidad del campo.<\/p>\n<p class=\"imAlign_justify\"><span class=\"ff2 fc3 fs10 \">Si intentamos estandarizar una serie de aberturas hemos de recordar que, seg\u00fan la ley del cuadrado inverso, si cerramos la abertura del diafragma a la mitad, la luminosidad se reduce, no a la mitad, sino a la cuarta parte. Una serie as\u00ed, que redujese cada paso el di\u00e1metro a la mitad, podr\u00eda ser:<br \/>\n<\/span><\/p>\n<p class=\"imAlign_center\"><span class=\"ff2 fc5 fs12 fb \">f\/1 - f\/2 - f\/4 - f\/8 - f\/16 - f\/32 ....<\/span><\/p>\n<p class=\"imAlign_center\">En el presente, hay una escala general o est\u00e1ndar de valores de luminosidad para cada una de las posiciones en las que puede cerrarse el diafragma.<\/p>\n<p class=\"imAlign_center\"><span class=\"ff2 fc4 fs12 fb \">f\/1 - f\/1,4 - f\/2 - f\/2,8 - f\/4 - f\/5,6 - f\/8 - f\/11 - f\/16 - f\/22 - f\/32 ....<\/span><\/p>\n<p class=\"imAlign_center\">Algunas combinaciones de abertura y velocidad dan lugar a una exposici\u00f3n equivalente: en muchas ocasiones la imagen o pel\u00edcula se encontrar\u00e1 expuesta a la misma cantidad de luz. Un diafragma muy abierto y una velocidad de obturaci\u00f3n elevada nos dar\u00e1n una profundidad de campo escasa y una abertura m\u00e1s peque\u00f1a y una velocidad de obturaci\u00f3n m\u00e1s lenta nos dar\u00e1n un profundidad de campo mayor.<\/p>\n<p class=\"imAlign_center\">\n<p class=\"imAlign_center\">\n<p class=\"imAlign_center\">\n<p class=\"imAlign_center\"><img loading=\"lazy\" decoding=\"async\" class=\"alignnone\" src=\"http:\/\/www.albertoclaveriafoto.com.ar\/blog\/img\/Elnmerof_A102\/profcampo.jpg\" alt=\"\" width=\"471\" height=\"365\" \/><\/p>\n<p class=\"imAlign_center\">\n<p class=\"imAlign_center\"><strong>Obturador<\/strong><\/p>\n<p class=\"imAlign_center\">As\u00ed como la intensidad lum\u00ednica de la exposici\u00f3n del proceso fotogr\u00e1fico es controlada por el diafragma, el tiempo de esta exposici\u00f3n es controlada por el obturador.<\/p>\n<p class=\"imAlign_center\">Hay una escala est\u00e1ndar as\u00ed como con el diafragma en la cual aparece al principio la opci\u00f3n Bulb (bulbo), que se refiere a que en proceso de exposici\u00f3n, el obturador permanecer\u00e1 abierto tanto tiempo como el fot\u00f3grafo quiera dejarlo hasta apretar el bot\u00f3n.<\/p>\n<p class=\"imAlign_justify\"><span class=\"ff2 fc3 fs10 \">Una de las velocidades de obturaci\u00f3n ( entre 1\/60 y 1\/250 ) suele figurar acompa\u00f1ada de la letra <\/span><span class=\"ff2 fc4 fs10 fb \">X<\/span><span class=\"ff2 fc3 fs10 \">, esto indica que esa velocidad es la m\u00e1xima velocidad de sincronizaci\u00f3n con el flash, a partir de ah\u00ed si lo utilizamos, s\u00f3lo aparecer\u00e1 en la foto una banda de la escena.<\/p>\n<p>El resto de la escala de velocidades est\u00e1 formado por una serie de tiempos que se suceden duplic\u00e1ndose, con algunas aproximaciones, y es la siguiente:<\/p>\n<p><\/span><\/p>\n<p class=\"imAlign_center\"><span class=\"ff2 fc4 fs10 fb \">.... 1\", 1\/2, 1\/4, 1\/8, 1\/15, 1\/30, 1\/60, 1\/125, 1\/250, 1\/500, 1\/1000, ...<\/span><\/p>\n<p>Cuando el tiempo de obturaci\u00f3n aumenta o disminuye, el tiempo de exposici\u00f3n de la pel\u00edcula de imagen aumenta o disminuye de forma similar al ajuste del diafragma, que deja penetrar dos veces m\u00e1s o menos luz con cada graduaci\u00f3n.<\/p>\n<p>Para captar con nitidez motivos en movimiento hay que recurrir a una velocidad alta de obturaci\u00f3n, que depender\u00e1 de factores como la velocidad del objeto y la distancia a la que nos encontremos...<\/p>\n<p>Si el motivo viene hacia nosotros o se aleja, necesitaremos una velocidad m\u00e1s lenta que se cruza el encuadre. Debemos situarnos de forma que todos estos factores nos favorezcan. Sin embargo el factor que m\u00e1s nos condicionar\u00e1 a la hora de escoger la velocidad de obturaci\u00f3n ser\u00e1 la luz. En condiciones de luz escasa podemos aprovechar las pausas naturales de los objetos en acci\u00f3n.<\/p>\n<p class=\"imAlign_center\">\n<p class=\"imAlign_center\"><img loading=\"lazy\" decoding=\"async\" class=\"alignnone\" src=\"http:\/\/www.fotonostra.com\/fotografia\/fotos\/diafragma1.jpg\" alt=\"\" width=\"400\" height=\"239\" \/><img loading=\"lazy\" decoding=\"async\" class=\"alignright\" src=\"http:\/\/4.bp.blogspot.com\/-qA_XSVKppKE\/UWqET6gPy_I\/AAAAAAAAAI0\/BH_VjYBDAlA\/s1600\/RELACION+OBTURADOR-+DIAFRAGMA.jpg\" alt=\"\" width=\"400\" height=\"381\" \/><\/p>\n<p class=\"imAlign_center\">\n<p class=\"imAlign_center\">Una vez sabiendo esto, es muy importante ir practicando, encontrando una buena relaci\u00f3n entre el obturador y el diafragma, conocer y acomodar su c\u00e1mara, esto har\u00e1 que vayamos adquiriendo experiencia para tomar cada vez mejores fotos.<\/p>\n<p class=\"imAlign_center\">\n<p class=\"imAlign_center\">\n<p class=\"imAlign_center\">\n<p class=\"imAlign_center\">\n<p class=\"imAlign_center\">\n<p class=\"imAlign_center\">\n<p class=\"imAlign_center\">\n<p class=\"imAlign_center\">\n<p class=\"imAlign_center\">\n","protected":false},"excerpt":{"rendered":"<p>En una c\u00e1mara, el mecanismo que controla el tiempo de exposici\u00f3n es el OBTURADOR y el que regula la intensidad de la luz se denomina DIAFRAGMA, que act\u00faa estrechando el cono de luz que penetra por el objetivo. &nbsp; Diafragma El diafragma de una c\u00e1mara es un componente compuesto por varias laminillas met\u00e1licas ubicadas en &hellip; <\/p>\n<p><a class=\"more-link btn\" href=\"https:\/\/blog.espol.edu.ec\/jmarmol\/obturador-y-diafragma\/\">Seguir leyendo<\/a><\/p>\n","protected":false},"author":9270,"featured_media":0,"parent":0,"menu_order":0,"comment_status":"open","ping_status":"open","template":"","meta":{"footnotes":""},"class_list":["post-15","page","type-page","status-publish","hentry","nodate","item-wrap"],"_links":{"self":[{"href":"https:\/\/blog.espol.edu.ec\/jmarmol\/wp-json\/wp\/v2\/pages\/15","targetHints":{"allow":["GET"]}}],"collection":[{"href":"https:\/\/blog.espol.edu.ec\/jmarmol\/wp-json\/wp\/v2\/pages"}],"about":[{"href":"https:\/\/blog.espol.edu.ec\/jmarmol\/wp-json\/wp\/v2\/types\/page"}],"author":[{"embeddable":true,"href":"https:\/\/blog.espol.edu.ec\/jmarmol\/wp-json\/wp\/v2\/users\/9270"}],"replies":[{"embeddable":true,"href":"https:\/\/blog.espol.edu.ec\/jmarmol\/wp-json\/wp\/v2\/comments?post=15"}],"version-history":[{"count":1,"href":"https:\/\/blog.espol.edu.ec\/jmarmol\/wp-json\/wp\/v2\/pages\/15\/revisions"}],"predecessor-version":[{"id":16,"href":"https:\/\/blog.espol.edu.ec\/jmarmol\/wp-json\/wp\/v2\/pages\/15\/revisions\/16"}],"wp:attachment":[{"href":"https:\/\/blog.espol.edu.ec\/jmarmol\/wp-json\/wp\/v2\/media?parent=15"}],"curies":[{"name":"wp","href":"https:\/\/api.w.org\/{rel}","templated":true}]}}