{"id":209,"date":"2012-11-03T02:54:30","date_gmt":"2012-11-03T02:54:30","guid":{"rendered":"http:\/\/blog.espol.edu.ec\/jmblacio\/?page_id=209"},"modified":"2012-12-12T14:34:18","modified_gmt":"2012-12-12T14:34:18","slug":"tradiciones","status":"publish","type":"page","link":"https:\/\/blog.espol.edu.ec\/jmblacio\/tradiciones\/","title":{"rendered":"Tradiciones"},"content":{"rendered":"<h1>Cultura:<\/h1>\n<p style=\"text-align: center\"><a href=\"http:\/\/blog.espol.edu.ec\/jmblacio\/files\/2012\/11\/ColiseoZar.jpg\"><img loading=\"lazy\" decoding=\"async\" class=\"aligncenter size-thumbnail wp-image-218\" src=\"http:\/\/blog.espol.edu.ec\/jmblacio\/files\/2012\/11\/ColiseoZar-150x150.jpg\" alt=\"\" width=\"150\" height=\"150\" \/><\/a><a href=\"http:\/\/blog.espol.edu.ec\/jmblacio\/files\/2012\/11\/12Febre1943Parq.jpg\"><img loading=\"lazy\" decoding=\"async\" class=\"aligncenter size-thumbnail wp-image-219\" src=\"http:\/\/blog.espol.edu.ec\/jmblacio\/files\/2012\/11\/12Febre1943Parq-150x150.jpg\" alt=\"\" width=\"150\" height=\"150\" \/><\/a><a href=\"http:\/\/blog.espol.edu.ec\/jmblacio\/files\/2012\/11\/cultura_zaruma-sporting-club-1927.jpg\"><br \/>\n<\/a><\/p>\n<h3>El largo camino recorrido en la historia ha convertido a los zarume\u00f1os\u00a0 en herederos\u00a0 de\u00a0 un apreciado patrimonio cultural. Cada \u00e9poca hist\u00f3rica dej\u00f3 rasgos distintivos: una lengua espa\u00f1ola acrecentada con el quichua, viviendas, artesan\u00edas, costumbres, creencias, conocimientos, que dieron como resultado una identidad cultural mestiza acrisolada. Son estos los elementos de la cultura de Zaruma, su riqueza tangible e intangible, grabada con un sello particular. A trav\u00e9s del tiempo, Zaruma fue integrando estos bienes a su patrimonio, interioriz\u00e1ndolos e incorpor\u00e1ndolos a su cultura, hasta hacer de ellos un factor de orgullo.<\/h3>\n<h3 align=\"justify\">Las familias espa\u00f1olas y de otros or\u00edgenes, asentadas en Zaruma a partir de la Colonia, constituyen los ancestros de las familias zarume\u00f1as\u00a0 y ecuatorianas actuales; no es de extra\u00f1ar entonces que muchos turistas ecuatorianos vienen atra\u00eddos por la apasionante ciencia geneal\u00f3gica que permite explicar \u201cde d\u00f3nde venimos, qui\u00e9nes somos y a d\u00f3nde vamos\u201d.<\/h3>\n<h3 align=\"justify\">De esa ascendencia deviene el acervo espiritual\u00a0 expresado en las fiestas y rituales religiosos locales, mezclados con la cosmovisi\u00f3n andina, como las tradicionales festividades en honor a Nuestra Se\u00f1ora del Carmen, patrona de la ciudad, y a la Virgen del Cisne, cuyos cultos se remontan a la \u00e9poca colonial. Adem\u00e1s, la ex\u00f3tica gastronom\u00eda, las tradiciones y leyendas propias de un pueblo minero. El habla, que ha sido calificada como \u201crefugio de la lengua espa\u00f1ola en el Ecuador\u201d.\u00a0 Son importantes tambi\u00e9n los usos y comportamientos sociales, los valores humanos que regulan la convivencia social,\u00a0 entre los que se destacan la reciprocidad, solidaridad, honestidad, la habilidad manual y la\u00a0 superaci\u00f3n personal.<\/h3>\n<h3 align=\"justify\">Por ello, el visitante y el turista que tiene la oportunidad de recorrer las estrechas calles de Zaruma y de conocer a sus moradores, percibe de inmediato la presencia de gente culta\u00a0 y amable con un estilo de vida diferente y sin prisa. Los portales de las viejas casonas son espacios de vida social de adolescentes y adultos. Por tradici\u00f3n, cualquier espacio es \u00fatil para platicar y embromar con los amigos.<\/h3>\n<h3 align=\"justify\">En las casas y restaurantes no falta el arom\u00e1tico caf\u00e9 y los t\u00edpicos platos que distinguen a la cocina zarume\u00f1a con una variedad de dulces artesanales.<\/h3>\n<h3 align=\"justify\">Las personas mayores son depositarias del recuerdo colectivo. Tejen viejas historias: rememoran el duro trabajo de los socavones, los ef\u00edmeros tiempos de bonanza y la honestidad y responsabilidad demostrada como empleados de empresas mineras o de la administraci\u00f3n p\u00fablica.<\/h3>\n<h3><\/h3>\n<h3 align=\"justify\">La Gente Zarume\u00f1a<\/h3>\n<h3><a href=\"http:\/\/blog.espol.edu.ec\/jmblacio\/files\/2012\/11\/cultura_zaruma-sporting-club-1927.jpg\"><img loading=\"lazy\" decoding=\"async\" class=\"aligncenter\" src=\"http:\/\/blog.espol.edu.ec\/jmblacio\/files\/2012\/11\/cultura_zaruma-sporting-club-1927-150x150.jpg\" alt=\"\" width=\"150\" height=\"150\" \/><\/a><a href=\"http:\/\/blog.espol.edu.ec\/jmblacio\/files\/2012\/11\/9deOctubreAnt.jpg\"><br \/>\n<\/a><a href=\"http:\/\/blog.espol.edu.ec\/jmblacio\/files\/2012\/11\/140920122309.jpg\"><br \/>\n<\/a><\/h3>\n<h3>Quienes visitan\u00a0 Zaruma reconocen en la calidad de su gente un tesoro\u00a0 m\u00e1s preciado\u00a0 que el oro. Se trata de una comunidad con una convivencia pl\u00e1cida y tranquila, apegada a sanas costumbres, que no se distribuye por calles ni barrios exclusivos. La mayor\u00eda se conocen, se saludan diariamente, se ayudan s\u00ed es necesario y se relaciona en un ambiente de vecindad que ha llevado a que los pobladores y las familias se traten por sus apodos en vez de sus nombres y apellidos, una manera de estrechar lazos de amistad\u00a0 con chispas de buen humor. Asimismo, los zarume\u00f1os y zarume\u00f1as tienen en alto grado el cumplimiento de la palabra empe\u00f1ada, la honestidad, generosidad y reciprocidad. Por ello el turista recibe, como reciprocidad a su visita, un trato amable con demostraciones de simpat\u00eda que se manifiestan en ese deseo de dar lo mejor de su terru\u00f1o y de si mismo.<\/h3>\n<h3><\/h3>\n<h3>COSTUMBRES:<\/h3>\n<h3>Zaruma guarda celosamente varias costumbres que las ponemos a vuestra consideraci\u00f3n, como una pr\u00e1ctica cultural que se resiste a perderse bajo la influencia\u00a0 voraz de la globalizaci\u00f3n.<\/h3>\n<ul>\n<li>\n<h3>Los Zarume\u00f1os identifican de mejor manera a las personas y a familias enteras con el apodo.<\/h3>\n<\/li>\n<li>\n<h3>La mujer Zarume\u00f1a es muy fina y elegante, siempre esta vistiendo sus mejores trajes, a\u00fan para los acontecimientos m\u00e1s cotidianos.<\/h3>\n<\/li>\n<\/ul>\n<ul>\n<li>\n<h3>Los eventos de cualquier \u00edndole que fuese, siempre revisten mucha solemnidad, y altura<\/h3>\n<\/li>\n<li>\n<h3>La tradici\u00f3n de tomar el entred\u00eda, que es una comida a media tarde, es\u00a0 una pr\u00e1ctica que a\u00fan perdura en muchas familias, y a\u00fan en las instituciones, entre sus empleados, generalmente se toma con empanadas, tigrillo,\u00a0 semas con queso, o arroz mote con carne asada de cerdo, obviamente acompa\u00f1ada de una buena tasa de caf\u00e9 Zaruma.<\/h3>\n<\/li>\n<li>\n<h3>La tradici\u00f3n de los paseos familiares al r\u00edo o a las finas cercanas.<\/h3>\n<\/li>\n<li>\n<h3>Celebrar las fiestas con bailes y licor, especialmente las de Carnaval, en donde a\u00fan se festeja con agua y harina entre grupos familiares, o de amigos, pero respetando siempre al turista o visitante que se divierte mucho observando esta pr\u00e1ctica.<\/h3>\n<\/li>\n<\/ul>\n<h3><\/h3>\n<p>&nbsp;<\/p>\n","protected":false},"excerpt":{"rendered":"<p>Cultura: El largo camino recorrido en la historia ha convertido a los zarume\u00f1os\u00a0 en herederos\u00a0 de\u00a0 un apreciado patrimonio cultural. Cada \u00e9poca hist\u00f3rica dej\u00f3 rasgos distintivos: una lengua espa\u00f1ola acrecentada con el quichua, viviendas, artesan\u00edas, costumbres, creencias, conocimientos, que dieron como resultado una identidad cultural mestiza acrisolada. Son estos los elementos de la cultura de [&hellip;]<\/p>\n","protected":false},"author":8122,"featured_media":0,"parent":0,"menu_order":0,"comment_status":"open","ping_status":"open","template":"","meta":{"footnotes":""},"class_list":["post-209","page","type-page","status-publish","hentry"],"_links":{"self":[{"href":"https:\/\/blog.espol.edu.ec\/jmblacio\/wp-json\/wp\/v2\/pages\/209","targetHints":{"allow":["GET"]}}],"collection":[{"href":"https:\/\/blog.espol.edu.ec\/jmblacio\/wp-json\/wp\/v2\/pages"}],"about":[{"href":"https:\/\/blog.espol.edu.ec\/jmblacio\/wp-json\/wp\/v2\/types\/page"}],"author":[{"embeddable":true,"href":"https:\/\/blog.espol.edu.ec\/jmblacio\/wp-json\/wp\/v2\/users\/8122"}],"replies":[{"embeddable":true,"href":"https:\/\/blog.espol.edu.ec\/jmblacio\/wp-json\/wp\/v2\/comments?post=209"}],"version-history":[{"count":6,"href":"https:\/\/blog.espol.edu.ec\/jmblacio\/wp-json\/wp\/v2\/pages\/209\/revisions"}],"predecessor-version":[{"id":246,"href":"https:\/\/blog.espol.edu.ec\/jmblacio\/wp-json\/wp\/v2\/pages\/209\/revisions\/246"}],"wp:attachment":[{"href":"https:\/\/blog.espol.edu.ec\/jmblacio\/wp-json\/wp\/v2\/media?parent=209"}],"curies":[{"name":"wp","href":"https:\/\/api.w.org\/{rel}","templated":true}]}}