{"id":1,"date":"2008-10-20T11:03:35","date_gmt":"2008-10-20T15:03:35","guid":{"rendered":""},"modified":"2008-11-05T22:22:04","modified_gmt":"2008-11-05T17:22:04","slug":"about","status":"publish","type":"page","link":"https:\/\/blog.espol.edu.ec\/jmejia\/about\/","title":{"rendered":".Inicio TI"},"content":{"rendered":"<div class=\"textwidget\">Este es un lugar donde se habla de Tecnolog\u00edas de Informaci\u00f3n. Es una experiencia similar a encontrarse con un grupo de colegas y amigos que trabajan en TI a departir un rato.\u00a0<\/div>\n<p>Los llamados GEEKS usualmente hablamos de todo tipo de temas, a veces de alg\u00fan art\u00edculo o libro interesante, de m\u00fasica, pel\u00edculas, de un programa de TV, de Gadgets y por supuesto de Tecnolog\u00eda pura y dura que es el pan nuestro de cada d\u00eda.\u00a0<\/p>\n<p>Por lo tanto, este blogs es para todo aquel que quiera compartir sus propias experiencias y debatir sobre estos fascinantes temas.\u00a0<\/p>\n<p>Los invito entonces a participar en el BLOG de TECNOLOGIA! Saludos!<\/p>\n<p>Jacqueline Mej\u00eda Luna<\/p>\n","protected":false},"excerpt":{"rendered":"<p>Este es un lugar donde se habla de Tecnolog\u00edas de Informaci\u00f3n. Es una experiencia similar a encontrarse con un grupo de colegas y amigos que trabajan en TI a departir un rato.\u00a0 Los llamados GEEKS usualmente hablamos de todo tipo de temas, a veces de alg\u00fan art\u00edculo o libro interesante, de m\u00fasica, pel\u00edculas, de un [&hellip;]<\/p>\n","protected":false},"author":125,"featured_media":0,"parent":0,"menu_order":0,"comment_status":"open","ping_status":"open","template":"","meta":{"footnotes":""},"class_list":["post-1","page","type-page","status-publish","hentry"],"_links":{"self":[{"href":"https:\/\/blog.espol.edu.ec\/jmejia\/wp-json\/wp\/v2\/pages\/1","targetHints":{"allow":["GET"]}}],"collection":[{"href":"https:\/\/blog.espol.edu.ec\/jmejia\/wp-json\/wp\/v2\/pages"}],"about":[{"href":"https:\/\/blog.espol.edu.ec\/jmejia\/wp-json\/wp\/v2\/types\/page"}],"author":[{"embeddable":true,"href":"https:\/\/blog.espol.edu.ec\/jmejia\/wp-json\/wp\/v2\/users\/125"}],"replies":[{"embeddable":true,"href":"https:\/\/blog.espol.edu.ec\/jmejia\/wp-json\/wp\/v2\/comments?post=1"}],"version-history":[{"count":9,"href":"https:\/\/blog.espol.edu.ec\/jmejia\/wp-json\/wp\/v2\/pages\/1\/revisions"}],"predecessor-version":[{"id":2,"href":"https:\/\/blog.espol.edu.ec\/jmejia\/wp-json\/wp\/v2\/pages\/1\/revisions\/2"}],"wp:attachment":[{"href":"https:\/\/blog.espol.edu.ec\/jmejia\/wp-json\/wp\/v2\/media?parent=1"}],"curies":[{"name":"wp","href":"https:\/\/api.w.org\/{rel}","templated":true}]}}