{"id":141,"date":"2008-12-05T06:56:16","date_gmt":"2008-12-05T01:56:16","guid":{"rendered":"http:\/\/blog.espol.edu.ec\/jmejia\/?page_id=141"},"modified":"2008-12-05T23:31:49","modified_gmt":"2008-12-05T18:31:49","slug":"tecnologia-gps-accesorios-navegadores-localizacion-cartografia-mapas","status":"publish","type":"page","link":"https:\/\/blog.espol.edu.ec\/jmejia\/tecnologia-gps-accesorios-navegadores-localizacion-cartografia-mapas\/","title":{"rendered":"GPS"},"content":{"rendered":"<p>El sistema GPS (Global Positioning System) o Sistema de Posicionamiento Global es un sistema compuesto por una red de sat\u00e9lites situados en una \u00f3rbita a unos 20.200 km. de la Tierra, y unos receptores GPS, que permiten determinar nuestra posici\u00f3n en cualquier lugar del planeta.<\/p>\n<p>El n\u00famero de aplicaciones del GPS en cartograf\u00eda navegaci\u00f3n y localizaci\u00f3n aumenta cada d\u00eda.<\/p>\n<p>En esta p\u00e1gina pretendemos recoger las novedades y curiosidades de la geotecnolog\u00eda como ciencia y como entretenimiento,\u00a0 accesorios, navegadores, localizaci\u00f3n, cartograf\u00eda, mapas.<\/p>\n<p>Jacqueline Mej\u00eda Luna<\/p>\n","protected":false},"excerpt":{"rendered":"<p>El sistema GPS (Global Positioning System) o Sistema de Posicionamiento Global es un sistema compuesto por una red de sat\u00e9lites situados en una \u00f3rbita a unos 20.200 km. de la Tierra, y unos receptores GPS, que permiten determinar nuestra posici\u00f3n en cualquier lugar del planeta. El n\u00famero de aplicaciones del GPS en cartograf\u00eda navegaci\u00f3n y [&hellip;]<\/p>\n","protected":false},"author":125,"featured_media":0,"parent":0,"menu_order":0,"comment_status":"open","ping_status":"open","template":"","meta":{"footnotes":""},"class_list":["post-141","page","type-page","status-publish","hentry"],"_links":{"self":[{"href":"https:\/\/blog.espol.edu.ec\/jmejia\/wp-json\/wp\/v2\/pages\/141","targetHints":{"allow":["GET"]}}],"collection":[{"href":"https:\/\/blog.espol.edu.ec\/jmejia\/wp-json\/wp\/v2\/pages"}],"about":[{"href":"https:\/\/blog.espol.edu.ec\/jmejia\/wp-json\/wp\/v2\/types\/page"}],"author":[{"embeddable":true,"href":"https:\/\/blog.espol.edu.ec\/jmejia\/wp-json\/wp\/v2\/users\/125"}],"replies":[{"embeddable":true,"href":"https:\/\/blog.espol.edu.ec\/jmejia\/wp-json\/wp\/v2\/comments?post=141"}],"version-history":[{"count":4,"href":"https:\/\/blog.espol.edu.ec\/jmejia\/wp-json\/wp\/v2\/pages\/141\/revisions"}],"predecessor-version":[{"id":143,"href":"https:\/\/blog.espol.edu.ec\/jmejia\/wp-json\/wp\/v2\/pages\/141\/revisions\/143"}],"wp:attachment":[{"href":"https:\/\/blog.espol.edu.ec\/jmejia\/wp-json\/wp\/v2\/media?parent=141"}],"curies":[{"name":"wp","href":"https:\/\/api.w.org\/{rel}","templated":true}]}}