{"id":227,"date":"2009-10-13T20:18:23","date_gmt":"2009-10-13T15:18:23","guid":{"rendered":"http:\/\/blog.espol.edu.ec\/jmejia\/?page_id=227"},"modified":"2009-10-13T20:18:23","modified_gmt":"2009-10-13T15:18:23","slug":"nuevas-tecnologias","status":"publish","type":"page","link":"https:\/\/blog.espol.edu.ec\/jmejia\/about\/nuevas-tecnologias\/","title":{"rendered":"Nuevas Tecnolog\u00edas"},"content":{"rendered":"<p>\u00a0Holas mis estimados amigos, colaboradores y estudiantes<\/p>\n<p>Producto de un trabajo esforzado de mis estudiantes de Tecnolog\u00eda de Informaci\u00f3n, ellos colocaran anexo a este Post las cinco nuevas tecnolog\u00edas que se ofrecen a las empresas, tanto a nivel de harware, software, comunicaciones y otros m\u00e1s, que cada uno de ellos ha encontrado. Espero que este espacio sea\u00a0de su completo inter\u00e9s.<\/p>\n<p>Jacqueline Mej\u00eda Luna<\/p>\n","protected":false},"excerpt":{"rendered":"<p>\u00a0Holas mis estimados amigos, colaboradores y estudiantes Producto de un trabajo esforzado de mis estudiantes de Tecnolog\u00eda de Informaci\u00f3n, ellos colocaran anexo a este Post las cinco nuevas tecnolog\u00edas que se ofrecen a las empresas, tanto a nivel de harware, software, comunicaciones y otros m\u00e1s, que cada uno de ellos ha encontrado. Espero que este [&hellip;]<\/p>\n","protected":false},"author":125,"featured_media":0,"parent":1,"menu_order":1,"comment_status":"open","ping_status":"open","template":"","meta":{"footnotes":""},"class_list":["post-227","page","type-page","status-publish","hentry"],"_links":{"self":[{"href":"https:\/\/blog.espol.edu.ec\/jmejia\/wp-json\/wp\/v2\/pages\/227","targetHints":{"allow":["GET"]}}],"collection":[{"href":"https:\/\/blog.espol.edu.ec\/jmejia\/wp-json\/wp\/v2\/pages"}],"about":[{"href":"https:\/\/blog.espol.edu.ec\/jmejia\/wp-json\/wp\/v2\/types\/page"}],"author":[{"embeddable":true,"href":"https:\/\/blog.espol.edu.ec\/jmejia\/wp-json\/wp\/v2\/users\/125"}],"replies":[{"embeddable":true,"href":"https:\/\/blog.espol.edu.ec\/jmejia\/wp-json\/wp\/v2\/comments?post=227"}],"version-history":[{"count":1,"href":"https:\/\/blog.espol.edu.ec\/jmejia\/wp-json\/wp\/v2\/pages\/227\/revisions"}],"predecessor-version":[{"id":228,"href":"https:\/\/blog.espol.edu.ec\/jmejia\/wp-json\/wp\/v2\/pages\/227\/revisions\/228"}],"up":[{"embeddable":true,"href":"https:\/\/blog.espol.edu.ec\/jmejia\/wp-json\/wp\/v2\/pages\/1"}],"wp:attachment":[{"href":"https:\/\/blog.espol.edu.ec\/jmejia\/wp-json\/wp\/v2\/media?parent=227"}],"curies":[{"name":"wp","href":"https:\/\/api.w.org\/{rel}","templated":true}]}}