{"id":27,"date":"2008-11-05T22:02:18","date_gmt":"2008-11-05T17:02:18","guid":{"rendered":"http:\/\/blog.espol.edu.ec\/jmejia\/?page_id=27"},"modified":"2008-11-05T22:22:47","modified_gmt":"2008-11-05T17:22:47","slug":"dispositivos","status":"publish","type":"page","link":"https:\/\/blog.espol.edu.ec\/jmejia\/dispositivos\/","title":{"rendered":"Dispositivos"},"content":{"rendered":"<p class=\"MsoNormal\" style=\"margin: 0cm 0cm 0pt\"><span style=\"font-size: small;font-family: Times New Roman\">En computaci\u00f3n, <strong>entrada\/salida<\/strong>, tambi\u00e9n abreviado <em>E\/S<\/em> o <em>I\/O<\/em> (del original en ingl\u00e9s <em>input\/output<\/em>), es la colecci\u00f3n de interfaces que usan las distintas unidades funcionales (subsistemas) de un sistema de procesamiento de informaci\u00f3n para comunicarse unas con otras, o las se\u00f1ales (informaci\u00f3n) enviadas a trav\u00e9s de esas interfaces. <\/span><\/p>\n<p class=\"MsoNormal\" style=\"margin: 0cm 0cm 0pt\"><span style=\"font-size: small;font-family: Times New Roman\">\u00a0<\/span><\/p>\n<p class=\"MsoNormal\" style=\"margin: 0cm 0cm 0pt\"><span style=\"font-size: small;font-family: Times New Roman\">Los dispositivos de E\/S los usa una persona u otro sistema para comunicarse con una computadora. De hecho, a los teclados y ratones se los considera dispositivos de entrada de una computadora, mientras que los monitores e impresoras son vistos como dispositivos de salida de una computadora.<\/span><\/p>\n<p class=\"MsoNormal\" style=\"margin: 0cm 0cm 0pt\"><span style=\"font-size: small;font-family: Times New Roman\">\u00a0<\/span><\/p>\n<p class=\"MsoNormal\" style=\"margin: 0cm 0cm 0pt\"><span style=\"font-size: small;font-family: Times New Roman\">En este aparte realizaremos encuentros con la Tecnolog\u00eda en relaci\u00f3n directa a los las novedades exixtentes de diversos DISPOSITIVOS\u00a0<\/span><span style=\"font-size: small;font-family: Times New Roman\">\u00a0de I\/O.<\/span><\/p>\n<p class=\"MsoNormal\" style=\"margin: 0cm 0cm 0pt\">\u00a0<\/p>\n<p class=\"MsoNormal\" style=\"margin: 0cm 0cm 0pt\"><span style=\"font-size: small;font-family: Times New Roman\">Jacqueline<\/span><\/p>\n<p class=\"MsoNormal\" style=\"margin: 0cm 0cm 0pt\">\u00a0<\/p>\n<p class=\"MsoNormal\" style=\"margin: 0cm 0cm 0pt\">\u00a0<\/p>\n","protected":false},"excerpt":{"rendered":"<p>En computaci\u00f3n, entrada\/salida, tambi\u00e9n abreviado E\/S o I\/O (del original en ingl\u00e9s input\/output), es la colecci\u00f3n de interfaces que usan las distintas unidades funcionales (subsistemas) de un sistema de procesamiento de informaci\u00f3n para comunicarse unas con otras, o las se\u00f1ales (informaci\u00f3n) enviadas a trav\u00e9s de esas interfaces. \u00a0 Los dispositivos de E\/S los usa una [&hellip;]<\/p>\n","protected":false},"author":125,"featured_media":0,"parent":0,"menu_order":1,"comment_status":"open","ping_status":"open","template":"links.php","meta":{"footnotes":""},"class_list":["post-27","page","type-page","status-publish","hentry"],"_links":{"self":[{"href":"https:\/\/blog.espol.edu.ec\/jmejia\/wp-json\/wp\/v2\/pages\/27","targetHints":{"allow":["GET"]}}],"collection":[{"href":"https:\/\/blog.espol.edu.ec\/jmejia\/wp-json\/wp\/v2\/pages"}],"about":[{"href":"https:\/\/blog.espol.edu.ec\/jmejia\/wp-json\/wp\/v2\/types\/page"}],"author":[{"embeddable":true,"href":"https:\/\/blog.espol.edu.ec\/jmejia\/wp-json\/wp\/v2\/users\/125"}],"replies":[{"embeddable":true,"href":"https:\/\/blog.espol.edu.ec\/jmejia\/wp-json\/wp\/v2\/comments?post=27"}],"version-history":[{"count":3,"href":"https:\/\/blog.espol.edu.ec\/jmejia\/wp-json\/wp\/v2\/pages\/27\/revisions"}],"predecessor-version":[{"id":33,"href":"https:\/\/blog.espol.edu.ec\/jmejia\/wp-json\/wp\/v2\/pages\/27\/revisions\/33"}],"wp:attachment":[{"href":"https:\/\/blog.espol.edu.ec\/jmejia\/wp-json\/wp\/v2\/media?parent=27"}],"curies":[{"name":"wp","href":"https:\/\/api.w.org\/{rel}","templated":true}]}}