{"id":43,"date":"2008-11-05T22:53:05","date_gmt":"2008-11-05T17:53:05","guid":{"rendered":"http:\/\/blog.espol.edu.ec\/jmejia\/?page_id=43"},"modified":"2008-11-05T22:53:05","modified_gmt":"2008-11-05T17:53:05","slug":"si-integrado","status":"publish","type":"page","link":"https:\/\/blog.espol.edu.ec\/jmejia\/si-integrado\/","title":{"rendered":"SI Integrado"},"content":{"rendered":"<p>Discusi\u00f3n sobre software integrado en las organizaciones como:<\/p>\n<ul>\n<li>ERP \u2013 Enterprise Resource Planning System<\/li>\n<li>SCM \u2013 Supply Chain Management System<\/li>\n<li>CRM \u2013 Customer Relation Management System<\/li>\n<li>KWS \u2013 Knowledge Management System<\/li>\n<li>RMS \u2013 Retail Management System<\/li>\n<\/ul>\n<p>\u00a0<\/p>\n<p>E investigaciones realizadas por estudiantes de la materia Tecnolog\u00eda de Informaci\u00f3n del Instituto de Ciencias matem\u00e1ticas, ICM\u00a0de ESPOL<\/p>\n<p>Jacqueline Mej\u00eda<\/p>\n","protected":false},"excerpt":{"rendered":"<p>Discusi\u00f3n sobre software integrado en las organizaciones como: ERP \u2013 Enterprise Resource Planning System SCM \u2013 Supply Chain Management System CRM \u2013 Customer Relation Management System KWS \u2013 Knowledge Management System RMS \u2013 Retail Management System \u00a0 E investigaciones realizadas por estudiantes de la materia Tecnolog\u00eda de Informaci\u00f3n del Instituto de Ciencias matem\u00e1ticas, ICM\u00a0de ESPOL [&hellip;]<\/p>\n","protected":false},"author":125,"featured_media":0,"parent":0,"menu_order":0,"comment_status":"open","ping_status":"open","template":"","meta":{"footnotes":""},"class_list":["post-43","page","type-page","status-publish","hentry"],"_links":{"self":[{"href":"https:\/\/blog.espol.edu.ec\/jmejia\/wp-json\/wp\/v2\/pages\/43","targetHints":{"allow":["GET"]}}],"collection":[{"href":"https:\/\/blog.espol.edu.ec\/jmejia\/wp-json\/wp\/v2\/pages"}],"about":[{"href":"https:\/\/blog.espol.edu.ec\/jmejia\/wp-json\/wp\/v2\/types\/page"}],"author":[{"embeddable":true,"href":"https:\/\/blog.espol.edu.ec\/jmejia\/wp-json\/wp\/v2\/users\/125"}],"replies":[{"embeddable":true,"href":"https:\/\/blog.espol.edu.ec\/jmejia\/wp-json\/wp\/v2\/comments?post=43"}],"version-history":[{"count":2,"href":"https:\/\/blog.espol.edu.ec\/jmejia\/wp-json\/wp\/v2\/pages\/43\/revisions"}],"predecessor-version":[{"id":45,"href":"https:\/\/blog.espol.edu.ec\/jmejia\/wp-json\/wp\/v2\/pages\/43\/revisions\/45"}],"wp:attachment":[{"href":"https:\/\/blog.espol.edu.ec\/jmejia\/wp-json\/wp\/v2\/media?parent=43"}],"curies":[{"name":"wp","href":"https:\/\/api.w.org\/{rel}","templated":true}]}}