{"id":49,"date":"2008-11-27T03:18:50","date_gmt":"2008-11-26T22:18:50","guid":{"rendered":"http:\/\/blog.espol.edu.ec\/jmejia\/?page_id=49"},"modified":"2008-12-05T23:28:43","modified_gmt":"2008-12-05T18:28:43","slug":"historia-de-algunas-tecnologias","status":"publish","type":"page","link":"https:\/\/blog.espol.edu.ec\/jmejia\/historia-de-algunas-tecnologias\/","title":{"rendered":"Historia"},"content":{"rendered":"<p>Los pa\u00edses ricos son los que cuentan con la industria, los adelantos tecnol\u00f3gicos y el desarrollo, dejando como sus subordinados a los piases en v\u00edas de desarrollo, y esta subordinaci\u00f3n es muy dif\u00edcil de superar ya que existe una dependencia desde los cimientos, es decir dependemos de la producci\u00f3n de los pa\u00edses desarrollados para que nosotros podamos generar tambi\u00e9n producci\u00f3n.<\/p>\n<p>Compartiremos en esta secci\u00f3n la historia de algunos inventos tecnol\u00f3gicos<\/p>\n<p>Jacqueline<\/p>\n","protected":false},"excerpt":{"rendered":"<p>Los pa\u00edses ricos son los que cuentan con la industria, los adelantos tecnol\u00f3gicos y el desarrollo, dejando como sus subordinados a los piases en v\u00edas de desarrollo, y esta subordinaci\u00f3n es muy dif\u00edcil de superar ya que existe una dependencia desde los cimientos, es decir dependemos de la producci\u00f3n de los pa\u00edses desarrollados para que [&hellip;]<\/p>\n","protected":false},"author":125,"featured_media":0,"parent":0,"menu_order":0,"comment_status":"open","ping_status":"open","template":"","meta":{"footnotes":""},"class_list":["post-49","page","type-page","status-publish","hentry"],"_links":{"self":[{"href":"https:\/\/blog.espol.edu.ec\/jmejia\/wp-json\/wp\/v2\/pages\/49","targetHints":{"allow":["GET"]}}],"collection":[{"href":"https:\/\/blog.espol.edu.ec\/jmejia\/wp-json\/wp\/v2\/pages"}],"about":[{"href":"https:\/\/blog.espol.edu.ec\/jmejia\/wp-json\/wp\/v2\/types\/page"}],"author":[{"embeddable":true,"href":"https:\/\/blog.espol.edu.ec\/jmejia\/wp-json\/wp\/v2\/users\/125"}],"replies":[{"embeddable":true,"href":"https:\/\/blog.espol.edu.ec\/jmejia\/wp-json\/wp\/v2\/comments?post=49"}],"version-history":[{"count":5,"href":"https:\/\/blog.espol.edu.ec\/jmejia\/wp-json\/wp\/v2\/pages\/49\/revisions"}],"predecessor-version":[{"id":209,"href":"https:\/\/blog.espol.edu.ec\/jmejia\/wp-json\/wp\/v2\/pages\/49\/revisions\/209"}],"wp:attachment":[{"href":"https:\/\/blog.espol.edu.ec\/jmejia\/wp-json\/wp\/v2\/media?parent=49"}],"curies":[{"name":"wp","href":"https:\/\/api.w.org\/{rel}","templated":true}]}}