{"id":352,"date":"2015-06-27T14:32:54","date_gmt":"2015-06-27T14:32:54","guid":{"rendered":"http:\/\/blog.espol.edu.ec\/jmherrer\/?page_id=352"},"modified":"2015-06-27T14:38:57","modified_gmt":"2015-06-27T14:38:57","slug":"miguel-alvear","status":"publish","type":"page","link":"https:\/\/blog.espol.edu.ec\/jmherrer\/directores-de-cine\/miguel-alvear\/","title":{"rendered":"MIGUEL ALVEAR"},"content":{"rendered":"<p>El trabajo de Miguel Alvear abarca el cine, el arte contempor\u00e1neo y las artes esc\u00e9nicas, donde trabaja indistintamente como director del proyecto, productor, comisario, coordinador de la investigaci\u00f3n, y VJ.<br \/>\n Enfoque creativo de Alvear exige un an\u00e1lisis transversal que pretende dar forma a un tipo diferente de la l\u00f3gica de trabajo del caos aparente, lo que lleva a una profunda reflexi\u00f3n, en curso sobre los profundos dilemas culturales presentes en la sociedad ecuatoriana.<br \/>\nSus proyectos tambi\u00e9n abordan los dilemas sociales, culturales y econ\u00f3micos que surgen cuando la promesa de enfrentamientos modernidad -y coexists-- con las desigualdades del colonialismo. Centr\u00e1ndose tanto su lente y su atenci\u00f3n en la etnia y la raza, clase y g\u00e9nero, Alvear ha demostrado que el dilema que rodea la identidad est\u00e1 vivo y bien en las sociedades marcadas por el colonialismo, y que impregna contempor\u00e1neos de teor\u00eda, pr\u00e1cticas e instituciones.<br \/>\n<a href=\"http:\/\/blog.espol.edu.ec\/jmherrer\/files\/2015\/06\/\u00edndice.jpg\"><img loading=\"lazy\" decoding=\"async\" src=\"http:\/\/blog.espol.edu.ec\/jmherrer\/files\/2015\/06\/\u00edndice.jpg\" alt=\"\" width=\"183\" height=\"275\" class=\"aligncenter size-full wp-image-353\" \/><\/a><\/p>\n<form id=\"vozme_form_053857945b161d127c2a33b562b0fac5\" method=\"post\" name=\"vozme_form_053857945b161d127c2a33b562b0fac5\" target=\"053857945b161d127c2a33b562b0fac5\" action=\"http:\/\/vozme.com\/text2voice.php\"><input name=\"text\" type=\"hidden\" value=\"MIGUEL ALVEAR. El trabajo de Miguel Alvear abarca el cine, el arte contempor\u00e1neo y las artes esc\u00e9nicas, donde trabaja indistintamente como director del proyecto, productor, comisario, coordinador de la investigaci\u00f3n, y VJ.\n Enfoque creativo de Alvear exige un an\u00e1lisis transversal que pretende dar forma a un tipo diferente de la l\u00f3gica de trabajo del caos aparente, lo que lleva a una profunda reflexi\u00f3n, en curso sobre los profundos dilemas culturales presentes en la sociedad ecuatoriana.\nSus proyectos tambi\u00e9n abordan los dilemas sociales, culturales y econ\u00f3micos que surgen cuando la promesa de enfrentamientos modernidad -y coexists-- con las desigualdades del colonialismo. Centr\u00e1ndose tanto su lente y su atenci\u00f3n en la etnia y la raza, clase y g\u00e9nero, Alvear ha demostrado que el dilema que rodea la identidad est\u00e1 vivo y bien en las sociedades marcadas por el colonialismo, y que impregna contempor\u00e1neos de teor\u00eda, pr\u00e1cticas e instituciones.\n\n\" \/><input name=\"lang\" type=\"hidden\" value=\"en\" \/><input name=\"gn\" type=\"hidden\" value=\"ml\" \/><input type=\"hidden\" id=\"interface\" name=\"interface\" value=\"full\" \/>\n\t\t\t<div style=\"margin-left:40%;\">\n\t\t\t\n\t\t\t\t<input style=\"float:left;\" type=\"image\" width=\"40\" height=\"40\" src=\"http:\/\/blog.espol.edu.ec\/jmherrer\/wp-content\/plugins\/vozme\/img\/megaphone40x40w.gif\" alt=\"Hear this post\" onclick=\"window.open('', '053857945b161d127c2a33b562b0fac5', 'width=600,height=370,scrollbars=yes,location=yes,menubar=yes,resizable=yes,status=yes,toolbar=yes');\">\n\t\t\t\t<div style=\"margin-left:48px; text-align:left;\"><a style=\"font-size:12px;\" href=\"javascript:void(0);\" onclick=\"window.open('', '053857945b161d127c2a33b562b0fac5', 'width=600,height=370,scrollbars=yes,location=yes,menubar=yes,resizable=yes,status=yes,toolbar=yes'); document.getElementById('vozme_form_053857945b161d127c2a33b562b0fac5').submit();\">Hear<br\/>this post<\/a><\/div>\n\t\t\t<\/div><\/form>","protected":false},"excerpt":{"rendered":"<p>El trabajo de Miguel Alvear abarca el cine, el arte contempor\u00e1neo y las artes esc\u00e9nicas, donde trabaja indistintamente como director del proyecto, productor, comisario, coordinador de la investigaci\u00f3n, y VJ. Enfoque creativo de Alvear exige un an\u00e1lisis transversal que pretende &hellip; <a href=\"https:\/\/blog.espol.edu.ec\/jmherrer\/directores-de-cine\/miguel-alvear\/\">Sigue leyendo <span class=\"meta-nav\">&rarr;<\/span><\/a><\/p>\n","protected":false},"author":9273,"featured_media":0,"parent":329,"menu_order":0,"comment_status":"closed","ping_status":"closed","template":"onecolumn-page.php","meta":{"_monsterinsights_skip_tracking":false,"_monsterinsights_sitenote_active":false,"_monsterinsights_sitenote_note":"","_monsterinsights_sitenote_category":0,"footnotes":""},"class_list":["post-352","page","type-page","status-publish","hentry"],"aioseo_notices":[],"_links":{"self":[{"href":"https:\/\/blog.espol.edu.ec\/jmherrer\/wp-json\/wp\/v2\/pages\/352","targetHints":{"allow":["GET"]}}],"collection":[{"href":"https:\/\/blog.espol.edu.ec\/jmherrer\/wp-json\/wp\/v2\/pages"}],"about":[{"href":"https:\/\/blog.espol.edu.ec\/jmherrer\/wp-json\/wp\/v2\/types\/page"}],"author":[{"embeddable":true,"href":"https:\/\/blog.espol.edu.ec\/jmherrer\/wp-json\/wp\/v2\/users\/9273"}],"replies":[{"embeddable":true,"href":"https:\/\/blog.espol.edu.ec\/jmherrer\/wp-json\/wp\/v2\/comments?post=352"}],"version-history":[{"count":1,"href":"https:\/\/blog.espol.edu.ec\/jmherrer\/wp-json\/wp\/v2\/pages\/352\/revisions"}],"predecessor-version":[{"id":354,"href":"https:\/\/blog.espol.edu.ec\/jmherrer\/wp-json\/wp\/v2\/pages\/352\/revisions\/354"}],"up":[{"embeddable":true,"href":"https:\/\/blog.espol.edu.ec\/jmherrer\/wp-json\/wp\/v2\/pages\/329"}],"wp:attachment":[{"href":"https:\/\/blog.espol.edu.ec\/jmherrer\/wp-json\/wp\/v2\/media?parent=352"}],"curies":[{"name":"wp","href":"https:\/\/api.w.org\/{rel}","templated":true}]}}