{"id":366,"date":"2015-06-27T14:47:37","date_gmt":"2015-06-27T14:47:37","guid":{"rendered":"http:\/\/blog.espol.edu.ec\/jmherrer\/?page_id=366"},"modified":"2015-06-27T14:47:37","modified_gmt":"2015-06-27T14:47:37","slug":"sebastian-cordero","status":"publish","type":"page","link":"https:\/\/blog.espol.edu.ec\/jmherrer\/directores-de-cine\/sebastian-cordero\/","title":{"rendered":"SEBASTIAN CORDERO"},"content":{"rendered":"<p>Director de cine ecuatoriano, quien ha trabajado tambi\u00e9n como escritor y editor, mayormente reconocido por su trabajo en Ratas, ratones, rateros, en su debut como director, en el cual retrata la vida de un delincuente que comete varios cr\u00edmenes en el bajo mundo. Y junto a el otros ladrones de menor peso. Sus pel\u00edculas han sido exhibidas en un sinn\u00famero de prestigiosos festivales tales como el Festival de Cine de Sundance y el Festival de Cannes entre otros.<br \/>\nNaci\u00f3 en la ciudad de Quito, Ecuador, en el a\u00f1o de 1972. Se interes\u00f3 por primera vez en el cine al ver \"Los cazadores del arca perdida\" cuando ten\u00eda s\u00f3lo 9 a\u00f1os. A los 18 a\u00f1os empez\u00f3 sus estudios de cine y gui\u00f3n en la \"University of Southern California\". Inmediatamente despu\u00e9s de su graduaci\u00f3n regresa al Ecuador con la idea de hacer cine en un pa\u00eds que pr\u00e1cticamente carece de esta industria, ya que es m\u00ednima la producci\u00f3n de pel\u00edculas al a\u00f1o.<br \/>\nPELICULAS REALIZADAS:<br \/>\n    Ratas, ratones, rateros. Protagonizada por Carlos Valencia, apareci\u00f3 por primera vez en el festival  de cine de Venecia 1999<br \/>\n    Cr\u00f3nicas. Protagonizada por John Leguizamo, apareci\u00f3 por primera vez en 2004.<br \/>\n    Rabia. Producida por Guillermo del Toro (2009)<br \/>\n    Pescador. Protagonizada por Andr\u00e9s Crespo (2012)<br \/>\n    Europa Report (2013). Protagonizada por Sharlto Copley (District 9)<br \/>\n    Sin muertos no hay carnaval (2016). Protagonizada por Andr\u00e9s Crespo<br \/>\n<a href=\"http:\/\/blog.espol.edu.ec\/jmherrer\/files\/2015\/06\/SEBASTIAN.jpg\"><img loading=\"lazy\" decoding=\"async\" src=\"http:\/\/blog.espol.edu.ec\/jmherrer\/files\/2015\/06\/SEBASTIAN.jpg\" alt=\"SEBASTIAN\" width=\"275\" height=\"183\" class=\"aligncenter size-full wp-image-367\" \/><\/a><\/p>\n<form id=\"vozme_form_553e1f9e792798aaa6f36f305b5c87cd\" method=\"post\" name=\"vozme_form_553e1f9e792798aaa6f36f305b5c87cd\" target=\"553e1f9e792798aaa6f36f305b5c87cd\" action=\"http:\/\/vozme.com\/text2voice.php\"><input name=\"text\" type=\"hidden\" value=\"SEBASTIAN CORDERO. Director de cine ecuatoriano, quien ha trabajado tambi\u00e9n como escritor y editor, mayormente reconocido por su trabajo en Ratas, ratones, rateros, en su debut como director, en el cual retrata la vida de un delincuente que comete varios cr\u00edmenes en el bajo mundo. Y junto a el otros ladrones de menor peso. Sus pel\u00edculas han sido exhibidas en un sinn\u00famero de prestigiosos festivales tales como el Festival de Cine de Sundance y el Festival de Cannes entre otros.\nNaci\u00f3 en la ciudad de Quito, Ecuador, en el a\u00f1o de 1972. Se interes\u00f3 por primera vez en el cine al ver &quot;Los cazadores del arca perdida&quot; cuando ten\u00eda s\u00f3lo 9 a\u00f1os. A los 18 a\u00f1os empez\u00f3 sus estudios de cine y gui\u00f3n en la &quot;University of Southern California&quot;. Inmediatamente despu\u00e9s de su graduaci\u00f3n regresa al Ecuador con la idea de hacer cine en un pa\u00eds que pr\u00e1cticamente carece de esta industria, ya que es m\u00ednima la producci\u00f3n de pel\u00edculas al a\u00f1o.\nPELICULAS REALIZADAS:\n    Ratas, ratones, rateros. Protagonizada por Carlos Valencia, apareci\u00f3 por primera vez en el festival  de cine de Venecia 1999\n    Cr\u00f3nicas. Protagonizada por John Leguizamo, apareci\u00f3 por primera vez en 2004.\n    Rabia. Producida por Guillermo del Toro (2009)\n    Pescador. Protagonizada por Andr\u00e9s Crespo (2012)\n    Europa Report (2013). Protagonizada por Sharlto Copley (District 9)\n    Sin muertos no hay carnaval (2016). Protagonizada por Andr\u00e9s Crespo\n\n\" \/><input name=\"lang\" type=\"hidden\" value=\"en\" \/><input name=\"gn\" type=\"hidden\" value=\"ml\" \/><input type=\"hidden\" id=\"interface\" name=\"interface\" value=\"full\" \/>\n\t\t\t<div style=\"margin-left:40%;\">\n\t\t\t\n\t\t\t\t<input style=\"float:left;\" type=\"image\" width=\"40\" height=\"40\" src=\"http:\/\/blog.espol.edu.ec\/jmherrer\/wp-content\/plugins\/vozme\/img\/megaphone40x40w.gif\" alt=\"Hear this post\" onclick=\"window.open('', '553e1f9e792798aaa6f36f305b5c87cd', 'width=600,height=370,scrollbars=yes,location=yes,menubar=yes,resizable=yes,status=yes,toolbar=yes');\">\n\t\t\t\t<div style=\"margin-left:48px; text-align:left;\"><a style=\"font-size:12px;\" href=\"javascript:void(0);\" onclick=\"window.open('', '553e1f9e792798aaa6f36f305b5c87cd', 'width=600,height=370,scrollbars=yes,location=yes,menubar=yes,resizable=yes,status=yes,toolbar=yes'); document.getElementById('vozme_form_553e1f9e792798aaa6f36f305b5c87cd').submit();\">Hear<br\/>this post<\/a><\/div>\n\t\t\t<\/div><\/form>","protected":false},"excerpt":{"rendered":"<p>Director de cine ecuatoriano, quien ha trabajado tambi\u00e9n como escritor y editor, mayormente reconocido por su trabajo en Ratas, ratones, rateros, en su debut como director, en el cual retrata la vida de un delincuente que comete varios cr\u00edmenes en &hellip; <a href=\"https:\/\/blog.espol.edu.ec\/jmherrer\/directores-de-cine\/sebastian-cordero\/\">Sigue leyendo <span class=\"meta-nav\">&rarr;<\/span><\/a><\/p>\n","protected":false},"author":9273,"featured_media":0,"parent":329,"menu_order":0,"comment_status":"open","ping_status":"open","template":"","meta":{"_monsterinsights_skip_tracking":false,"_monsterinsights_sitenote_active":false,"_monsterinsights_sitenote_note":"","_monsterinsights_sitenote_category":0,"footnotes":""},"class_list":["post-366","page","type-page","status-publish","hentry"],"aioseo_notices":[],"_links":{"self":[{"href":"https:\/\/blog.espol.edu.ec\/jmherrer\/wp-json\/wp\/v2\/pages\/366","targetHints":{"allow":["GET"]}}],"collection":[{"href":"https:\/\/blog.espol.edu.ec\/jmherrer\/wp-json\/wp\/v2\/pages"}],"about":[{"href":"https:\/\/blog.espol.edu.ec\/jmherrer\/wp-json\/wp\/v2\/types\/page"}],"author":[{"embeddable":true,"href":"https:\/\/blog.espol.edu.ec\/jmherrer\/wp-json\/wp\/v2\/users\/9273"}],"replies":[{"embeddable":true,"href":"https:\/\/blog.espol.edu.ec\/jmherrer\/wp-json\/wp\/v2\/comments?post=366"}],"version-history":[{"count":2,"href":"https:\/\/blog.espol.edu.ec\/jmherrer\/wp-json\/wp\/v2\/pages\/366\/revisions"}],"predecessor-version":[{"id":369,"href":"https:\/\/blog.espol.edu.ec\/jmherrer\/wp-json\/wp\/v2\/pages\/366\/revisions\/369"}],"up":[{"embeddable":true,"href":"https:\/\/blog.espol.edu.ec\/jmherrer\/wp-json\/wp\/v2\/pages\/329"}],"wp:attachment":[{"href":"https:\/\/blog.espol.edu.ec\/jmherrer\/wp-json\/wp\/v2\/media?parent=366"}],"curies":[{"name":"wp","href":"https:\/\/api.w.org\/{rel}","templated":true}]}}