{"id":370,"date":"2015-06-27T14:52:06","date_gmt":"2015-06-27T14:52:06","guid":{"rendered":"http:\/\/blog.espol.edu.ec\/jmherrer\/?page_id=370"},"modified":"2015-06-27T14:52:06","modified_gmt":"2015-06-27T14:52:06","slug":"viviana-cordero","status":"publish","type":"page","link":"https:\/\/blog.espol.edu.ec\/jmherrer\/directores-de-cine\/viviana-cordero\/","title":{"rendered":"VIVIANA CORDERO"},"content":{"rendered":"<p>La escritora y cineasta naci\u00f3 en 1964.  Estudi\u00f3 Letras Modernas en La Sorbona de Par\u00eds. En 1990, junto con su hermano Juan Esteban, dirige la pel\u00edcula Sensaciones. Publica su primera novela, El Para\u00edso de Ariana, en 1994.<\/p>\n<p>Es ganadora del Sol de Oro en el tercer festival de Cine y V\u00eddeo Demetrio Aguilera Malta, de 1995, con el mediometraje El Gran Retorno, del cual se desprendi\u00f3 la teleserie de 24 cap\u00edtulos del mismo nombre, que tambi\u00e9n ha sido galardonada con la estatuilla Ernesto Alb\u00e1n Mosquera como el mejor logro audiovisual.<\/p>\n<p>En 1998 trabaj\u00f3 como asistente de direcci\u00f3n de la pel\u00edcula Ratas, Ratones y Rateros, de Sebasti\u00e1n Cordero. En marzo del a\u00f1o 2000 publica su segunda novela, El Teatro de los Monstruos, publicada por el sello Baez-Oquendo. Su primera obra teatral fue Mano a Mano, terminada como una propuesta m\u00e1s de vida, arte y oficio en el mes de enero de 2000 y luego del gran \u00e9xito alcanzado a nivel nacional nace Tres, una obra concebida para una sola actriz pero con un tema que ha obsesionado siempre a la autora, la migraci\u00f3n.<br \/>\nSus \u00faltimas proucci\u00f3n fue \"No rabar\u00e1s, a menos que sea necesario\"<br \/>\n<a href=\"http:\/\/blog.espol.edu.ec\/jmherrer\/files\/2015\/06\/viviana-cordero-un-homenaje-al-punk-2013052104135-5dcede5692ad003f4761cf7d9685e7b3.jpg\"><img loading=\"lazy\" decoding=\"async\" src=\"http:\/\/blog.espol.edu.ec\/jmherrer\/files\/2015\/06\/viviana-cordero-un-homenaje-al-punk-2013052104135-5dcede5692ad003f4761cf7d9685e7b3.jpg\" alt=\"\" width=\"290\" height=\"286\" class=\"aligncenter size-full wp-image-371\" \/><\/a><\/p>\n<form id=\"vozme_form_6bdc46ea60d1d28284e61f2c44512732\" method=\"post\" name=\"vozme_form_6bdc46ea60d1d28284e61f2c44512732\" target=\"6bdc46ea60d1d28284e61f2c44512732\" action=\"http:\/\/vozme.com\/text2voice.php\"><input name=\"text\" type=\"hidden\" value=\"VIVIANA CORDERO. La escritora y cineasta naci\u00f3 en 1964.  Estudi\u00f3 Letras Modernas en La Sorbona de Par\u00eds. En 1990, junto con su hermano Juan Esteban, dirige la pel\u00edcula Sensaciones. Publica su primera novela, El Para\u00edso de Ariana, en 1994.\nEs ganadora del Sol de Oro en el tercer festival de Cine y V\u00eddeo Demetrio Aguilera Malta, de 1995, con el mediometraje El Gran Retorno, del cual se desprendi\u00f3 la teleserie de 24 cap\u00edtulos del mismo nombre, que tambi\u00e9n ha sido galardonada con la estatuilla Ernesto Alb\u00e1n Mosquera como el mejor logro audiovisual.\nEn 1998 trabaj\u00f3 como asistente de direcci\u00f3n de la pel\u00edcula Ratas, Ratones y Rateros, de Sebasti\u00e1n Cordero. En marzo del a\u00f1o 2000 publica su segunda novela, El Teatro de los Monstruos, publicada por el sello Baez-Oquendo. Su primera obra teatral fue Mano a Mano, terminada como una propuesta m\u00e1s de vida, arte y oficio en el mes de enero de 2000 y luego del gran \u00e9xito alcanzado a nivel nacional nace Tres, una obra concebida para una sola actriz pero con un tema que ha obsesionado siempre a la autora, la migraci\u00f3n.\nSus \u00faltimas proucci\u00f3n fue &quot;No rabar\u00e1s, a menos que sea necesario&quot;\n\n\" \/><input name=\"lang\" type=\"hidden\" value=\"en\" \/><input name=\"gn\" type=\"hidden\" value=\"ml\" \/><input type=\"hidden\" id=\"interface\" name=\"interface\" value=\"full\" \/>\n\t\t\t<div style=\"margin-left:40%;\">\n\t\t\t\n\t\t\t\t<input style=\"float:left;\" type=\"image\" width=\"40\" height=\"40\" src=\"http:\/\/blog.espol.edu.ec\/jmherrer\/wp-content\/plugins\/vozme\/img\/megaphone40x40w.gif\" alt=\"Hear this post\" onclick=\"window.open('', '6bdc46ea60d1d28284e61f2c44512732', 'width=600,height=370,scrollbars=yes,location=yes,menubar=yes,resizable=yes,status=yes,toolbar=yes');\">\n\t\t\t\t<div style=\"margin-left:48px; text-align:left;\"><a style=\"font-size:12px;\" href=\"javascript:void(0);\" onclick=\"window.open('', '6bdc46ea60d1d28284e61f2c44512732', 'width=600,height=370,scrollbars=yes,location=yes,menubar=yes,resizable=yes,status=yes,toolbar=yes'); document.getElementById('vozme_form_6bdc46ea60d1d28284e61f2c44512732').submit();\">Hear<br\/>this post<\/a><\/div>\n\t\t\t<\/div><\/form>","protected":false},"excerpt":{"rendered":"<p>La escritora y cineasta naci\u00f3 en 1964. Estudi\u00f3 Letras Modernas en La Sorbona de Par\u00eds. En 1990, junto con su hermano Juan Esteban, dirige la pel\u00edcula Sensaciones. Publica su primera novela, El Para\u00edso de Ariana, en 1994. Es ganadora del &hellip; <a href=\"https:\/\/blog.espol.edu.ec\/jmherrer\/directores-de-cine\/viviana-cordero\/\">Sigue leyendo <span class=\"meta-nav\">&rarr;<\/span><\/a><\/p>\n","protected":false},"author":9273,"featured_media":0,"parent":329,"menu_order":0,"comment_status":"open","ping_status":"open","template":"","meta":{"_monsterinsights_skip_tracking":false,"_monsterinsights_sitenote_active":false,"_monsterinsights_sitenote_note":"","_monsterinsights_sitenote_category":0,"footnotes":""},"class_list":["post-370","page","type-page","status-publish","hentry"],"aioseo_notices":[],"_links":{"self":[{"href":"https:\/\/blog.espol.edu.ec\/jmherrer\/wp-json\/wp\/v2\/pages\/370","targetHints":{"allow":["GET"]}}],"collection":[{"href":"https:\/\/blog.espol.edu.ec\/jmherrer\/wp-json\/wp\/v2\/pages"}],"about":[{"href":"https:\/\/blog.espol.edu.ec\/jmherrer\/wp-json\/wp\/v2\/types\/page"}],"author":[{"embeddable":true,"href":"https:\/\/blog.espol.edu.ec\/jmherrer\/wp-json\/wp\/v2\/users\/9273"}],"replies":[{"embeddable":true,"href":"https:\/\/blog.espol.edu.ec\/jmherrer\/wp-json\/wp\/v2\/comments?post=370"}],"version-history":[{"count":1,"href":"https:\/\/blog.espol.edu.ec\/jmherrer\/wp-json\/wp\/v2\/pages\/370\/revisions"}],"predecessor-version":[{"id":372,"href":"https:\/\/blog.espol.edu.ec\/jmherrer\/wp-json\/wp\/v2\/pages\/370\/revisions\/372"}],"up":[{"embeddable":true,"href":"https:\/\/blog.espol.edu.ec\/jmherrer\/wp-json\/wp\/v2\/pages\/329"}],"wp:attachment":[{"href":"https:\/\/blog.espol.edu.ec\/jmherrer\/wp-json\/wp\/v2\/media?parent=370"}],"curies":[{"name":"wp","href":"https:\/\/api.w.org\/{rel}","templated":true}]}}