{"id":373,"date":"2015-06-27T14:59:44","date_gmt":"2015-06-27T14:59:44","guid":{"rendered":"http:\/\/blog.espol.edu.ec\/jmherrer\/?page_id=373"},"modified":"2015-06-27T14:59:44","modified_gmt":"2015-06-27T14:59:44","slug":"maria-fernanda-restrepo","status":"publish","type":"page","link":"https:\/\/blog.espol.edu.ec\/jmherrer\/directores-de-cine\/maria-fernanda-restrepo\/","title":{"rendered":"MARIA FERNANDA RESTREPO"},"content":{"rendered":"<p>Nacida en Quito en 1978, es una cineasta que produjo y dirigi\u00f3 el largometraje, en formato de documental, Con mi coraz\u00f3n en Yambo, cinta que trata sobre la desaparici\u00f3n de sus hermanos Santiago y Andr\u00e9s Restrepo en 1988, durante el gobierno del Ingeniero Le\u00f3n Febres Cordero.<\/p>\n<p>El caso fue declarado crimen de Estado por la justicia ecuatoriana. Los autores, miembros de la Polic\u00eda Nacional, fueron condenados a cumplir penas de prisi\u00f3n.<\/p>\n<p>El film, producido en 2011,  contiene material nunca antes visto sobre este caso. Gan\u00f3 el premio Augusto San Miguel, otorgado por el Ministerio de Educaci\u00f3n de Ecuador, en la categor\u00eda Documental. Ha ganado varios premios a nivel mundial en varios festivales: Film de Femmes, Francia (Premio del Jurado y Premio del P\u00fablico), Havanna Film Festival (Mejor documental)., Premio Dirk Vandersypen, B\u00e9lgica (mejor documental), FIDOCS, Chile, (Premio del p\u00fablico).<\/p>\n<p>Importa considerar que Mar\u00eda Fernanda Restrepo es hermana menor de los adolescentes desaparecidos. Ella ha sido parte de una larga y denodada lucha de su familia para descubrir la verdad del caso, lo que los ha convertido en \u00edconos en la defensa de los derechos humanos en el pa\u00eds.<\/p>\n<p>Mar\u00eda Fernanda Restrepo ha sido postulada por DIARIO EL COMERCIO al Premio AEDEP a las Libertades \u00abJuan Montalvo\u00bb.<br \/>\n<a href=\"http:\/\/blog.espol.edu.ec\/jmherrer\/files\/2015\/06\/PERFIL_3944_20110816063442.jpg\"><img loading=\"lazy\" decoding=\"async\" src=\"http:\/\/blog.espol.edu.ec\/jmherrer\/files\/2015\/06\/PERFIL_3944_20110816063442-300x204.jpg\" alt=\"\" width=\"300\" height=\"204\" class=\"aligncenter size-medium wp-image-374\" srcset=\"https:\/\/blog.espol.edu.ec\/jmherrer\/files\/2015\/06\/PERFIL_3944_20110816063442-300x204.jpg 300w, https:\/\/blog.espol.edu.ec\/jmherrer\/files\/2015\/06\/PERFIL_3944_20110816063442.jpg 640w\" sizes=\"auto, (max-width: 300px) 100vw, 300px\" \/><\/a><\/p>\n<form id=\"vozme_form_77be513faaad689fd96536aef261195a\" method=\"post\" name=\"vozme_form_77be513faaad689fd96536aef261195a\" target=\"77be513faaad689fd96536aef261195a\" action=\"http:\/\/vozme.com\/text2voice.php\"><input name=\"text\" type=\"hidden\" value=\"MARIA FERNANDA RESTREPO. Nacida en Quito en 1978, es una cineasta que produjo y dirigi\u00f3 el largometraje, en formato de documental, Con mi coraz\u00f3n en Yambo, cinta que trata sobre la desaparici\u00f3n de sus hermanos Santiago y Andr\u00e9s Restrepo en 1988, durante el gobierno del Ingeniero Le\u00f3n Febres Cordero.\nEl caso fue declarado crimen de Estado por la justicia ecuatoriana. Los autores, miembros de la Polic\u00eda Nacional, fueron condenados a cumplir penas de prisi\u00f3n.\nEl film, producido en 2011,  contiene material nunca antes visto sobre este caso. Gan\u00f3 el premio Augusto San Miguel, otorgado por el Ministerio de Educaci\u00f3n de Ecuador, en la categor\u00eda Documental. Ha ganado varios premios a nivel mundial en varios festivales: Film de Femmes, Francia (Premio del Jurado y Premio del P\u00fablico), Havanna Film Festival (Mejor documental)., Premio Dirk Vandersypen, B\u00e9lgica (mejor documental), FIDOCS, Chile, (Premio del p\u00fablico).\nImporta considerar que Mar\u00eda Fernanda Restrepo es hermana menor de los adolescentes desaparecidos. Ella ha sido parte de una larga y denodada lucha de su familia para descubrir la verdad del caso, lo que los ha convertido en \u00edconos en la defensa de los derechos humanos en el pa\u00eds.\nMar\u00eda Fernanda Restrepo ha sido postulada por DIARIO EL COMERCIO al Premio AEDEP a las Libertades \u00abJuan Montalvo\u00bb.\n\n\" \/><input name=\"lang\" type=\"hidden\" value=\"en\" \/><input name=\"gn\" type=\"hidden\" value=\"ml\" \/><input type=\"hidden\" id=\"interface\" name=\"interface\" value=\"full\" \/>\n\t\t\t<div style=\"margin-left:40%;\">\n\t\t\t\n\t\t\t\t<input style=\"float:left;\" type=\"image\" width=\"40\" height=\"40\" src=\"http:\/\/blog.espol.edu.ec\/jmherrer\/wp-content\/plugins\/vozme\/img\/megaphone40x40w.gif\" alt=\"Hear this post\" onclick=\"window.open('', '77be513faaad689fd96536aef261195a', 'width=600,height=370,scrollbars=yes,location=yes,menubar=yes,resizable=yes,status=yes,toolbar=yes');\">\n\t\t\t\t<div style=\"margin-left:48px; text-align:left;\"><a style=\"font-size:12px;\" href=\"javascript:void(0);\" onclick=\"window.open('', '77be513faaad689fd96536aef261195a', 'width=600,height=370,scrollbars=yes,location=yes,menubar=yes,resizable=yes,status=yes,toolbar=yes'); document.getElementById('vozme_form_77be513faaad689fd96536aef261195a').submit();\">Hear<br\/>this post<\/a><\/div>\n\t\t\t<\/div><\/form>","protected":false},"excerpt":{"rendered":"<p>Nacida en Quito en 1978, es una cineasta que produjo y dirigi\u00f3 el largometraje, en formato de documental, Con mi coraz\u00f3n en Yambo, cinta que trata sobre la desaparici\u00f3n de sus hermanos Santiago y Andr\u00e9s Restrepo en 1988, durante el &hellip; <a href=\"https:\/\/blog.espol.edu.ec\/jmherrer\/directores-de-cine\/maria-fernanda-restrepo\/\">Sigue leyendo <span class=\"meta-nav\">&rarr;<\/span><\/a><\/p>\n","protected":false},"author":9273,"featured_media":0,"parent":329,"menu_order":0,"comment_status":"open","ping_status":"open","template":"","meta":{"_monsterinsights_skip_tracking":false,"_monsterinsights_sitenote_active":false,"_monsterinsights_sitenote_note":"","_monsterinsights_sitenote_category":0,"footnotes":""},"class_list":["post-373","page","type-page","status-publish","hentry"],"aioseo_notices":[],"_links":{"self":[{"href":"https:\/\/blog.espol.edu.ec\/jmherrer\/wp-json\/wp\/v2\/pages\/373","targetHints":{"allow":["GET"]}}],"collection":[{"href":"https:\/\/blog.espol.edu.ec\/jmherrer\/wp-json\/wp\/v2\/pages"}],"about":[{"href":"https:\/\/blog.espol.edu.ec\/jmherrer\/wp-json\/wp\/v2\/types\/page"}],"author":[{"embeddable":true,"href":"https:\/\/blog.espol.edu.ec\/jmherrer\/wp-json\/wp\/v2\/users\/9273"}],"replies":[{"embeddable":true,"href":"https:\/\/blog.espol.edu.ec\/jmherrer\/wp-json\/wp\/v2\/comments?post=373"}],"version-history":[{"count":1,"href":"https:\/\/blog.espol.edu.ec\/jmherrer\/wp-json\/wp\/v2\/pages\/373\/revisions"}],"predecessor-version":[{"id":375,"href":"https:\/\/blog.espol.edu.ec\/jmherrer\/wp-json\/wp\/v2\/pages\/373\/revisions\/375"}],"up":[{"embeddable":true,"href":"https:\/\/blog.espol.edu.ec\/jmherrer\/wp-json\/wp\/v2\/pages\/329"}],"wp:attachment":[{"href":"https:\/\/blog.espol.edu.ec\/jmherrer\/wp-json\/wp\/v2\/media?parent=373"}],"curies":[{"name":"wp","href":"https:\/\/api.w.org\/{rel}","templated":true}]}}