{"id":376,"date":"2015-06-27T15:04:21","date_gmt":"2015-06-27T15:04:21","guid":{"rendered":"http:\/\/blog.espol.edu.ec\/jmherrer\/?page_id=376"},"modified":"2015-06-27T15:04:21","modified_gmt":"2015-06-27T15:04:21","slug":"andres-crespo","status":"publish","type":"page","link":"https:\/\/blog.espol.edu.ec\/jmherrer\/directores-de-cine\/andres-crespo\/","title":{"rendered":"ANDRES CRESPO"},"content":{"rendered":"<p> Es un actor, director de cortos, escritor y locutor ecuatoriano.1 Es conocido por tener varios papeles en diversas pel\u00edculas ecuatorianas, siendo Pescador, pel\u00edcula de Sebasti\u00e1n Cordero, la que lleg\u00f3 a darle mayor reconocimiento, ganando como mejor actor en festivales internacionales con su personaje de Blanquito. Actualmente es parte de la pel\u00edcula Sin muertos no hay carnaval, la cual \u00e9l escribi\u00f3 y es dirigida por Cordero.<br \/>\nEn 1998 realiz\u00f3 un cortometraje llamado Ni\u00f1o Danny. En 2000 realiz\u00f3 un documental de 14 minutos llamado Sonnya y con el cual obtuvo un premio en el Festival de Octaedro, en Quito. Luego realiz\u00f3 un cortometraje titulado Filo de tocador, el cual present\u00f3 en el Festival Internacional de Cine de Cuenca.<\/p>\n<p>En 2004 actu\u00f3 como preso en la pel\u00edcula Cr\u00f3nicas.3 Tuvo el papel de \u00c1ngel en la pel\u00edcula de 2009, Prometeo deportado. En 2010 realiz\u00f3 un documental titulado M\u00e1s All\u00e1 Del Mall. En 2011 interpret\u00f3 el papel del Juez Neira en la pel\u00edcula Sin oto\u00f1o, sin primavera, tambi\u00e9n tuvo un papel protag\u00f3nico en la pel\u00edcula de Sebasti\u00e1n Cordero, Pescador, como Blanquito. Manej\u00f3 la post-producci\u00f3n de la pel\u00edcula Mejor no hablar de ciertas cosas e interpret\u00f3 a Lagarto. Tambi\u00e9n manej\u00f3 la post-producci\u00f3n de la pel\u00edcula Tres en 2012 e interpret\u00f3 al pap\u00e1 de Juan.<\/p>\n<p>Escribi\u00f3 el gui\u00f3n de la pel\u00edcula Sin muertos no hay carnaval, la cual es dirigida por Sebasti\u00e1n Cordero, e inici\u00f3 su rodaje en 2015. All\u00ed interpreta a Ter\u00e1n.<br \/>\n<a href=\"http:\/\/blog.espol.edu.ec\/jmherrer\/files\/2015\/06\/pescador.jpg\"><img loading=\"lazy\" decoding=\"async\" src=\"http:\/\/blog.espol.edu.ec\/jmherrer\/files\/2015\/06\/pescador-214x300.jpg\" alt=\"\" width=\"214\" height=\"300\" class=\"aligncenter size-medium wp-image-377\" srcset=\"https:\/\/blog.espol.edu.ec\/jmherrer\/files\/2015\/06\/pescador-214x300.jpg 214w, https:\/\/blog.espol.edu.ec\/jmherrer\/files\/2015\/06\/pescador.jpg 500w\" sizes=\"auto, (max-width: 214px) 100vw, 214px\" \/><\/a><\/p>\n<form id=\"vozme_form_9ed7e559cef6e8debbd40c51e7a8a76b\" method=\"post\" name=\"vozme_form_9ed7e559cef6e8debbd40c51e7a8a76b\" target=\"9ed7e559cef6e8debbd40c51e7a8a76b\" action=\"http:\/\/vozme.com\/text2voice.php\"><input name=\"text\" type=\"hidden\" value=\"ANDRES CRESPO.  Es un actor, director de cortos, escritor y locutor ecuatoriano.1 Es conocido por tener varios papeles en diversas pel\u00edculas ecuatorianas, siendo Pescador, pel\u00edcula de Sebasti\u00e1n Cordero, la que lleg\u00f3 a darle mayor reconocimiento, ganando como mejor actor en festivales internacionales con su personaje de Blanquito. Actualmente es parte de la pel\u00edcula Sin muertos no hay carnaval, la cual \u00e9l escribi\u00f3 y es dirigida por Cordero.\nEn 1998 realiz\u00f3 un cortometraje llamado Ni\u00f1o Danny. En 2000 realiz\u00f3 un documental de 14 minutos llamado Sonnya y con el cual obtuvo un premio en el Festival de Octaedro, en Quito. Luego realiz\u00f3 un cortometraje titulado Filo de tocador, el cual present\u00f3 en el Festival Internacional de Cine de Cuenca.\nEn 2004 actu\u00f3 como preso en la pel\u00edcula Cr\u00f3nicas.3 Tuvo el papel de \u00c1ngel en la pel\u00edcula de 2009, Prometeo deportado. En 2010 realiz\u00f3 un documental titulado M\u00e1s All\u00e1 Del Mall. En 2011 interpret\u00f3 el papel del Juez Neira en la pel\u00edcula Sin oto\u00f1o, sin primavera, tambi\u00e9n tuvo un papel protag\u00f3nico en la pel\u00edcula de Sebasti\u00e1n Cordero, Pescador, como Blanquito. Manej\u00f3 la post-producci\u00f3n de la pel\u00edcula Mejor no hablar de ciertas cosas e interpret\u00f3 a Lagarto. Tambi\u00e9n manej\u00f3 la post-producci\u00f3n de la pel\u00edcula Tres en 2012 e interpret\u00f3 al pap\u00e1 de Juan.\nEscribi\u00f3 el gui\u00f3n de la pel\u00edcula Sin muertos no hay carnaval, la cual es dirigida por Sebasti\u00e1n Cordero, e inici\u00f3 su rodaje en 2015. All\u00ed interpreta a Ter\u00e1n.\n\n\" \/><input name=\"lang\" type=\"hidden\" value=\"en\" \/><input name=\"gn\" type=\"hidden\" value=\"ml\" \/><input type=\"hidden\" id=\"interface\" name=\"interface\" value=\"full\" \/>\n\t\t\t<div style=\"margin-left:40%;\">\n\t\t\t\n\t\t\t\t<input style=\"float:left;\" type=\"image\" width=\"40\" height=\"40\" src=\"http:\/\/blog.espol.edu.ec\/jmherrer\/wp-content\/plugins\/vozme\/img\/megaphone40x40w.gif\" alt=\"Hear this post\" onclick=\"window.open('', '9ed7e559cef6e8debbd40c51e7a8a76b', 'width=600,height=370,scrollbars=yes,location=yes,menubar=yes,resizable=yes,status=yes,toolbar=yes');\">\n\t\t\t\t<div style=\"margin-left:48px; text-align:left;\"><a style=\"font-size:12px;\" href=\"javascript:void(0);\" onclick=\"window.open('', '9ed7e559cef6e8debbd40c51e7a8a76b', 'width=600,height=370,scrollbars=yes,location=yes,menubar=yes,resizable=yes,status=yes,toolbar=yes'); document.getElementById('vozme_form_9ed7e559cef6e8debbd40c51e7a8a76b').submit();\">Hear<br\/>this post<\/a><\/div>\n\t\t\t<\/div><\/form>","protected":false},"excerpt":{"rendered":"<p>Es un actor, director de cortos, escritor y locutor ecuatoriano.1 Es conocido por tener varios papeles en diversas pel\u00edculas ecuatorianas, siendo Pescador, pel\u00edcula de Sebasti\u00e1n Cordero, la que lleg\u00f3 a darle mayor reconocimiento, ganando como mejor actor en festivales internacionales &hellip; <a href=\"https:\/\/blog.espol.edu.ec\/jmherrer\/directores-de-cine\/andres-crespo\/\">Sigue leyendo <span class=\"meta-nav\">&rarr;<\/span><\/a><\/p>\n","protected":false},"author":9273,"featured_media":0,"parent":329,"menu_order":0,"comment_status":"open","ping_status":"open","template":"","meta":{"_monsterinsights_skip_tracking":false,"_monsterinsights_sitenote_active":false,"_monsterinsights_sitenote_note":"","_monsterinsights_sitenote_category":0,"footnotes":""},"class_list":["post-376","page","type-page","status-publish","hentry"],"aioseo_notices":[],"_links":{"self":[{"href":"https:\/\/blog.espol.edu.ec\/jmherrer\/wp-json\/wp\/v2\/pages\/376","targetHints":{"allow":["GET"]}}],"collection":[{"href":"https:\/\/blog.espol.edu.ec\/jmherrer\/wp-json\/wp\/v2\/pages"}],"about":[{"href":"https:\/\/blog.espol.edu.ec\/jmherrer\/wp-json\/wp\/v2\/types\/page"}],"author":[{"embeddable":true,"href":"https:\/\/blog.espol.edu.ec\/jmherrer\/wp-json\/wp\/v2\/users\/9273"}],"replies":[{"embeddable":true,"href":"https:\/\/blog.espol.edu.ec\/jmherrer\/wp-json\/wp\/v2\/comments?post=376"}],"version-history":[{"count":1,"href":"https:\/\/blog.espol.edu.ec\/jmherrer\/wp-json\/wp\/v2\/pages\/376\/revisions"}],"predecessor-version":[{"id":378,"href":"https:\/\/blog.espol.edu.ec\/jmherrer\/wp-json\/wp\/v2\/pages\/376\/revisions\/378"}],"up":[{"embeddable":true,"href":"https:\/\/blog.espol.edu.ec\/jmherrer\/wp-json\/wp\/v2\/pages\/329"}],"wp:attachment":[{"href":"https:\/\/blog.espol.edu.ec\/jmherrer\/wp-json\/wp\/v2\/media?parent=376"}],"curies":[{"name":"wp","href":"https:\/\/api.w.org\/{rel}","templated":true}]}}