{"id":382,"date":"2015-06-27T15:11:38","date_gmt":"2015-06-27T15:11:38","guid":{"rendered":"http:\/\/blog.espol.edu.ec\/jmherrer\/?page_id=382"},"modified":"2015-06-27T15:11:38","modified_gmt":"2015-06-27T15:11:38","slug":"javier-andrade","status":"publish","type":"page","link":"https:\/\/blog.espol.edu.ec\/jmherrer\/directores-de-cine\/javier-andrade\/","title":{"rendered":"JAVIER ANDRADE"},"content":{"rendered":"<p>Nacido en Portoviejo, Ecuador en 1978.  Se gradu\u00f3 de la Universidad San Francisco de Quito en el 2000 con una Licenciatura en Administraci\u00f3n de Empresas con una sub-especializaci\u00f3n en Cine.<\/p>\n<p>En el 2002, Javier se mud\u00f3 a la ciudad de Nueva York para hacer una Maestr\u00eda en Direcci\u00f3n de Cine en la Escuela de artes de la Universidad de Columbia. Desde all\u00ed ha realizado varios cortometrajes y videos musicales.<\/p>\n<p>En el 2004, su cortometraje \u201cP\u00eda\u201d gan\u00f3 premio de P\u00fablico al mejor cortometraje en el Festival de Cine Cero Latitud en Quito, Ecuador. En el 2006 \u201cP\u00eda\u201d fue seleccionado para ser parte  del prestigioso festival New Director, organizado por The Film Society of Lincoln Center and the Museum of Modern Art.<\/p>\n<p>\u201cMejor no hablar (de ciertas cosas)\u201d su primer gui\u00f3n de largometraje, gan\u00f3 el premio de Producci\u00f3n y post producci\u00f3n del Consejo Nacional de Cine del Ecuador y fue invitado al Taller de escritura de la Fundaci\u00f3n Toscano. En Diciembre del 2011 gan\u00f3 el premio de post producci\u00f3n del Alba Cultural: Nuestra Am\u00e9rica Primera Copia.<\/p>\n<p>El \u00faltimo proyecto  de Javier titulado \u201cLa casa del ritmo\u201d, largometraje documental  sobre la banda venezolana \u201cLos amigos invisibles\u201d se estrenar\u00e1 en los pr\u00f3ximos meses.<\/p>\n<p><a href=\"http:\/\/blog.espol.edu.ec\/jmherrer\/files\/2015\/06\/JAVIER.jpg\"><img loading=\"lazy\" decoding=\"async\" src=\"http:\/\/blog.espol.edu.ec\/jmherrer\/files\/2015\/06\/JAVIER-300x211.jpg\" alt=\"\" width=\"300\" height=\"211\" class=\"aligncenter size-medium wp-image-383\" srcset=\"https:\/\/blog.espol.edu.ec\/jmherrer\/files\/2015\/06\/JAVIER-300x211.jpg 300w, https:\/\/blog.espol.edu.ec\/jmherrer\/files\/2015\/06\/JAVIER.jpg 680w\" sizes=\"auto, (max-width: 300px) 100vw, 300px\" \/><\/a><\/p>\n<form id=\"vozme_form_99fd247c16071f3b0eec3a0f2853b87f\" method=\"post\" name=\"vozme_form_99fd247c16071f3b0eec3a0f2853b87f\" target=\"99fd247c16071f3b0eec3a0f2853b87f\" action=\"http:\/\/vozme.com\/text2voice.php\"><input name=\"text\" type=\"hidden\" value=\"JAVIER ANDRADE. Nacido en Portoviejo, Ecuador en 1978.  Se gradu\u00f3 de la Universidad San Francisco de Quito en el 2000 con una Licenciatura en Administraci\u00f3n de Empresas con una sub-especializaci\u00f3n en Cine.\nEn el 2002, Javier se mud\u00f3 a la ciudad de Nueva York para hacer una Maestr\u00eda en Direcci\u00f3n de Cine en la Escuela de artes de la Universidad de Columbia. Desde all\u00ed ha realizado varios cortometrajes y videos musicales.\nEn el 2004, su cortometraje \u201cP\u00eda\u201d gan\u00f3 premio de P\u00fablico al mejor cortometraje en el Festival de Cine Cero Latitud en Quito, Ecuador. En el 2006 \u201cP\u00eda\u201d fue seleccionado para ser parte  del prestigioso festival New Director, organizado por The Film Society of Lincoln Center and the Museum of Modern Art.\n\u201cMejor no hablar (de ciertas cosas)\u201d su primer gui\u00f3n de largometraje, gan\u00f3 el premio de Producci\u00f3n y post producci\u00f3n del Consejo Nacional de Cine del Ecuador y fue invitado al Taller de escritura de la Fundaci\u00f3n Toscano. En Diciembre del 2011 gan\u00f3 el premio de post producci\u00f3n del Alba Cultural: Nuestra Am\u00e9rica Primera Copia.\nEl \u00faltimo proyecto  de Javier titulado \u201cLa casa del ritmo\u201d, largometraje documental  sobre la banda venezolana \u201cLos amigos invisibles\u201d se estrenar\u00e1 en los pr\u00f3ximos meses.\n\n\" \/><input name=\"lang\" type=\"hidden\" value=\"en\" \/><input name=\"gn\" type=\"hidden\" value=\"ml\" \/><input type=\"hidden\" id=\"interface\" name=\"interface\" value=\"full\" \/>\n\t\t\t<div style=\"margin-left:40%;\">\n\t\t\t\n\t\t\t\t<input style=\"float:left;\" type=\"image\" width=\"40\" height=\"40\" src=\"http:\/\/blog.espol.edu.ec\/jmherrer\/wp-content\/plugins\/vozme\/img\/megaphone40x40w.gif\" alt=\"Hear this post\" onclick=\"window.open('', '99fd247c16071f3b0eec3a0f2853b87f', 'width=600,height=370,scrollbars=yes,location=yes,menubar=yes,resizable=yes,status=yes,toolbar=yes');\">\n\t\t\t\t<div style=\"margin-left:48px; text-align:left;\"><a style=\"font-size:12px;\" href=\"javascript:void(0);\" onclick=\"window.open('', '99fd247c16071f3b0eec3a0f2853b87f', 'width=600,height=370,scrollbars=yes,location=yes,menubar=yes,resizable=yes,status=yes,toolbar=yes'); document.getElementById('vozme_form_99fd247c16071f3b0eec3a0f2853b87f').submit();\">Hear<br\/>this post<\/a><\/div>\n\t\t\t<\/div><\/form>","protected":false},"excerpt":{"rendered":"<p>Nacido en Portoviejo, Ecuador en 1978. Se gradu\u00f3 de la Universidad San Francisco de Quito en el 2000 con una Licenciatura en Administraci\u00f3n de Empresas con una sub-especializaci\u00f3n en Cine. En el 2002, Javier se mud\u00f3 a la ciudad de &hellip; <a href=\"https:\/\/blog.espol.edu.ec\/jmherrer\/directores-de-cine\/javier-andrade\/\">Sigue leyendo <span class=\"meta-nav\">&rarr;<\/span><\/a><\/p>\n","protected":false},"author":9273,"featured_media":0,"parent":329,"menu_order":0,"comment_status":"open","ping_status":"open","template":"","meta":{"_monsterinsights_skip_tracking":false,"_monsterinsights_sitenote_active":false,"_monsterinsights_sitenote_note":"","_monsterinsights_sitenote_category":0,"footnotes":""},"class_list":["post-382","page","type-page","status-publish","hentry"],"aioseo_notices":[],"_links":{"self":[{"href":"https:\/\/blog.espol.edu.ec\/jmherrer\/wp-json\/wp\/v2\/pages\/382","targetHints":{"allow":["GET"]}}],"collection":[{"href":"https:\/\/blog.espol.edu.ec\/jmherrer\/wp-json\/wp\/v2\/pages"}],"about":[{"href":"https:\/\/blog.espol.edu.ec\/jmherrer\/wp-json\/wp\/v2\/types\/page"}],"author":[{"embeddable":true,"href":"https:\/\/blog.espol.edu.ec\/jmherrer\/wp-json\/wp\/v2\/users\/9273"}],"replies":[{"embeddable":true,"href":"https:\/\/blog.espol.edu.ec\/jmherrer\/wp-json\/wp\/v2\/comments?post=382"}],"version-history":[{"count":1,"href":"https:\/\/blog.espol.edu.ec\/jmherrer\/wp-json\/wp\/v2\/pages\/382\/revisions"}],"predecessor-version":[{"id":384,"href":"https:\/\/blog.espol.edu.ec\/jmherrer\/wp-json\/wp\/v2\/pages\/382\/revisions\/384"}],"up":[{"embeddable":true,"href":"https:\/\/blog.espol.edu.ec\/jmherrer\/wp-json\/wp\/v2\/pages\/329"}],"wp:attachment":[{"href":"https:\/\/blog.espol.edu.ec\/jmherrer\/wp-json\/wp\/v2\/media?parent=382"}],"curies":[{"name":"wp","href":"https:\/\/api.w.org\/{rel}","templated":true}]}}