{"id":2,"date":"2015-11-12T21:35:15","date_gmt":"2015-11-12T21:35:15","guid":{"rendered":"http:\/\/blog.espol.edu.ec\/jmmolina\/?page_id=2"},"modified":"2015-11-24T20:46:55","modified_gmt":"2015-11-24T20:46:55","slug":"introduccion-a-los-arboles","status":"publish","type":"page","link":"https:\/\/blog.espol.edu.ec\/jmmolina\/introduccion-a-los-arboles\/","title":{"rendered":"bienvenido amante de las ficus"},"content":{"rendered":"<p>hoy les doy la bienvenida a mi blog en donde les voy a hablar de los arboles, de diversos tipos, tales como las ficus, los cedros , los ceibos y los secuoyas<\/p>\n<p>&nbsp;<\/p>\n<p><a href=\"http:\/\/blog.espol.edu.ec\/jmmolina\/files\/2015\/11\/arbor-day-hug-ftr.jpg\"><img loading=\"lazy\" decoding=\"async\" class=\"alignnone size-medium wp-image-24\" src=\"http:\/\/blog.espol.edu.ec\/jmmolina\/files\/2015\/11\/arbor-day-hug-ftr-300x188.jpg\" alt=\"arbor-day-hug-ftr\" width=\"300\" height=\"188\" srcset=\"https:\/\/blog.espol.edu.ec\/jmmolina\/files\/2015\/11\/arbor-day-hug-ftr-300x188.jpg 300w, https:\/\/blog.espol.edu.ec\/jmmolina\/files\/2015\/11\/arbor-day-hug-ftr.jpg 728w\" sizes=\"auto, (max-width: 300px) 100vw, 300px\" \/><\/a><\/p>\n<p>&nbsp;<\/p>\n<p>e acuerdo a diversos estudios citados en el libro, los ni\u00f1os muestran efectos fisiol\u00f3gicos y sicol\u00f3gicos extremos en t\u00e9rminos de \u201c<strong>mejora de la salud\u201d y \u201cbienestar\u201d<\/strong> cuando interact\u00faan con las plantas. Se registr\u00f3 que los ni\u00f1os funcionan mejor cognitiva y emocionalmente en entornos verdes y tienen una mayor creatividad en \u00e1reas verdes.<\/p>\n<p>Un extenso informe de salud p\u00fablica que estudiaba la asociaci\u00f3n entre las \u00e1reas verdes y la salud mental tambi\u00e9n evidenci\u00f3 que \u201cel acceso a la naturaleza puede contribuir significativamente a nuestra capacidad mental y bienestar\u201d.<\/p>\n<p>\u00bfQu\u00e9 hace la naturaleza para causar tal alivio de nuestros s\u00edntomas? Muchos pueden pensar que son los espacios abiertos los que contribuyen a este efecto, pero Silverstone nos muestra que hay algo m\u00e1s que esta teor\u00eda.<\/p>\n","protected":false},"excerpt":{"rendered":"<p>hoy les doy la bienvenida a mi blog en donde les voy a hablar de los arboles, de diversos tipos, tales como las ficus, los cedros , los ceibos y los secuoyas &nbsp; &nbsp; e acuerdo a diversos estudios citados en el libro, los ni\u00f1os muestran efectos fisiol\u00f3gicos y sicol\u00f3gicos extremos en t\u00e9rminos de \u201cmejora de la salud\u201d y \u201cbienestar\u201d<br \/><span class=\"read_more\"><a href=\"https:\/\/blog.espol.edu.ec\/jmmolina\/introduccion-a-los-arboles\/\">Read more...<\/a><\/span><\/p>\n","protected":false},"author":10100,"featured_media":0,"parent":0,"menu_order":0,"comment_status":"closed","ping_status":"open","template":"","meta":{"footnotes":""},"class_list":["post-2","page","type-page","status-publish","hentry"],"_links":{"self":[{"href":"https:\/\/blog.espol.edu.ec\/jmmolina\/wp-json\/wp\/v2\/pages\/2","targetHints":{"allow":["GET"]}}],"collection":[{"href":"https:\/\/blog.espol.edu.ec\/jmmolina\/wp-json\/wp\/v2\/pages"}],"about":[{"href":"https:\/\/blog.espol.edu.ec\/jmmolina\/wp-json\/wp\/v2\/types\/page"}],"author":[{"embeddable":true,"href":"https:\/\/blog.espol.edu.ec\/jmmolina\/wp-json\/wp\/v2\/users\/10100"}],"replies":[{"embeddable":true,"href":"https:\/\/blog.espol.edu.ec\/jmmolina\/wp-json\/wp\/v2\/comments?post=2"}],"version-history":[{"count":3,"href":"https:\/\/blog.espol.edu.ec\/jmmolina\/wp-json\/wp\/v2\/pages\/2\/revisions"}],"predecessor-version":[{"id":26,"href":"https:\/\/blog.espol.edu.ec\/jmmolina\/wp-json\/wp\/v2\/pages\/2\/revisions\/26"}],"wp:attachment":[{"href":"https:\/\/blog.espol.edu.ec\/jmmolina\/wp-json\/wp\/v2\/media?parent=2"}],"curies":[{"name":"wp","href":"https:\/\/api.w.org\/{rel}","templated":true}]}}