{"id":2,"date":"2016-05-24T21:00:00","date_gmt":"2016-05-24T21:00:00","guid":{"rendered":"http:\/\/blog.espol.edu.ec\/jmoscol\/?page_id=2"},"modified":"2016-05-31T21:24:41","modified_gmt":"2016-05-31T21:24:41","slug":"pagina-ejemplo","status":"publish","type":"page","link":"https:\/\/blog.espol.edu.ec\/jmoscol\/pagina-ejemplo\/","title":{"rendered":"SOBRE QU\u00c9 TRATA"},"content":{"rendered":"<p><span style=\"font-family: georgia, 'times new roman', serif;font-size: x-large\">\u00a0<a href=\"http:\/\/diarium.usal.es\/rgb1707\/files\/2012\/11\/collage-series.jpg\"><img decoding=\"async\" src=\"https:\/\/images-blogger-opensocial.googleusercontent.com\/gadgets\/proxy?url=http%3A%2F%2Fdiarium.usal.es%2Frgb1707%2Ffiles%2F2012%2F11%2Fcollage-series.jpg&amp;container=blogger&amp;gadget=a&amp;rewriteMime=image%2F*\" alt=\"\" border=\"0\" \/><\/a><\/span><\/p>\n<p><span style=\"font-family: georgia, 'times new roman', serif;font-size: x-large\">Aqu\u00ed se podr\u00e1 comentar y opinar sobre los personajes, las tramas, episodios espec\u00edficos, todo lo que t\u00fa quieras sobre tus series preferidas.<\/span><\/p>\n<p><span style=\"font-family: georgia, 'times new roman', serif;font-size: x-large\"><br \/>\n<\/span><span style=\"font-family: georgia, 'times new roman', serif;font-size: x-large\">ENJOY IT!!<\/span><\/p>\n<form id=\"vozme_form_272a02d80c7c81ef5995c2a6c248ea48\" method=\"post\" name=\"vozme_form_272a02d80c7c81ef5995c2a6c248ea48\" target=\"272a02d80c7c81ef5995c2a6c248ea48\" action=\"http:\/\/vozme.com\/text2voice.php\"><input name=\"text\" type=\"hidden\" value=\"SOBRE QU\u00c9 TRATA. \u00a0\nAqu\u00ed se podr\u00e1 comentar y opinar sobre los personajes, las tramas, episodios espec\u00edficos, todo lo que t\u00fa quieras sobre tus series preferidas.\n\nENJOY IT!!\n\" \/><input name=\"lang\" type=\"hidden\" value=\"en\" \/><input name=\"gn\" type=\"hidden\" value=\"ml\" \/><input type=\"hidden\" id=\"interface\" name=\"interface\" value=\"full\" \/>\n\t\t\t<div style=\"margin-left:40%;\">\n\t\t\t\n\t\t\t\t<input style=\"float:left;\" type=\"image\" width=\"40\" height=\"40\" src=\"http:\/\/blog.espol.edu.ec\/jmoscol\/wp-content\/plugins\/vozme\/img\/megaphone40x40w.gif\" alt=\"Hear this post\" onclick=\"window.open('', '272a02d80c7c81ef5995c2a6c248ea48', 'width=600,height=370,scrollbars=yes,location=yes,menubar=yes,resizable=yes,status=yes,toolbar=yes');\">\n\t\t\t\t<div style=\"margin-left:48px; text-align:left;\"><a style=\"font-size:12px;\" href=\"javascript:void(0);\" onclick=\"window.open('', '272a02d80c7c81ef5995c2a6c248ea48', 'width=600,height=370,scrollbars=yes,location=yes,menubar=yes,resizable=yes,status=yes,toolbar=yes'); document.getElementById('vozme_form_272a02d80c7c81ef5995c2a6c248ea48').submit();\">Hear<br\/>this post<\/a><\/div>\n\t\t\t<\/div><\/form>","protected":false},"excerpt":{"rendered":"<p>\u00a0 Aqu\u00ed se podr\u00e1 comentar y opinar sobre los personajes, las tramas, episodios espec\u00edficos, todo lo que t\u00fa quieras sobre tus series preferidas. ENJOY IT!! Hearthis post<\/p>\n","protected":false},"author":10396,"featured_media":0,"parent":0,"menu_order":0,"comment_status":"closed","ping_status":"open","template":"","meta":{"_monsterinsights_skip_tracking":false,"_monsterinsights_sitenote_active":false,"_monsterinsights_sitenote_note":"","_monsterinsights_sitenote_category":0,"footnotes":""},"class_list":["post-2","page","type-page","status-publish","hentry"],"aioseo_notices":[],"_links":{"self":[{"href":"https:\/\/blog.espol.edu.ec\/jmoscol\/wp-json\/wp\/v2\/pages\/2","targetHints":{"allow":["GET"]}}],"collection":[{"href":"https:\/\/blog.espol.edu.ec\/jmoscol\/wp-json\/wp\/v2\/pages"}],"about":[{"href":"https:\/\/blog.espol.edu.ec\/jmoscol\/wp-json\/wp\/v2\/types\/page"}],"author":[{"embeddable":true,"href":"https:\/\/blog.espol.edu.ec\/jmoscol\/wp-json\/wp\/v2\/users\/10396"}],"replies":[{"embeddable":true,"href":"https:\/\/blog.espol.edu.ec\/jmoscol\/wp-json\/wp\/v2\/comments?post=2"}],"version-history":[{"count":3,"href":"https:\/\/blog.espol.edu.ec\/jmoscol\/wp-json\/wp\/v2\/pages\/2\/revisions"}],"predecessor-version":[{"id":15,"href":"https:\/\/blog.espol.edu.ec\/jmoscol\/wp-json\/wp\/v2\/pages\/2\/revisions\/15"}],"wp:attachment":[{"href":"https:\/\/blog.espol.edu.ec\/jmoscol\/wp-json\/wp\/v2\/media?parent=2"}],"curies":[{"name":"wp","href":"https:\/\/api.w.org\/{rel}","templated":true}]}}