{"id":26,"date":"2016-05-31T21:43:22","date_gmt":"2016-05-31T21:43:22","guid":{"rendered":"http:\/\/blog.espol.edu.ec\/jmoscol\/?page_id=26"},"modified":"2016-05-31T21:43:22","modified_gmt":"2016-05-31T21:43:22","slug":"tv-series-theme-medley","status":"publish","type":"page","link":"https:\/\/blog.espol.edu.ec\/jmoscol\/tv-series-theme-medley\/","title":{"rendered":"TV series theme medley!!"},"content":{"rendered":"<p>Un entretenido video que muestra las canciones de las series m\u00e1s famosas de los \u00faltimos a\u00f1os!!<\/p>\n<p><iframe loading=\"lazy\" title=\"The TV Theme Medley (FreddeGredde)\" width=\"500\" height=\"281\" src=\"https:\/\/www.youtube.com\/embed\/8i7u3fl-hP8?feature=oembed\" frameborder=\"0\" allow=\"accelerometer; autoplay; clipboard-write; encrypted-media; gyroscope; picture-in-picture; web-share\" referrerpolicy=\"strict-origin-when-cross-origin\" allowfullscreen><\/iframe><\/p>\n<form id=\"vozme_form_0f62cf4a5320bf9dfa1f2b53a75cb4a6\" method=\"post\" name=\"vozme_form_0f62cf4a5320bf9dfa1f2b53a75cb4a6\" target=\"0f62cf4a5320bf9dfa1f2b53a75cb4a6\" action=\"http:\/\/vozme.com\/text2voice.php\"><input name=\"text\" type=\"hidden\" value=\"TV series theme medley!!. Un entretenido video que muestra las canciones de las series m\u00e1s famosas de los \u00faltimos a\u00f1os!!\n\n\" \/><input name=\"lang\" type=\"hidden\" value=\"en\" \/><input name=\"gn\" type=\"hidden\" value=\"ml\" \/><input type=\"hidden\" id=\"interface\" name=\"interface\" value=\"full\" \/>\n\t\t\t<div style=\"margin-left:40%;\">\n\t\t\t\n\t\t\t\t<input style=\"float:left;\" type=\"image\" width=\"40\" height=\"40\" src=\"http:\/\/blog.espol.edu.ec\/jmoscol\/wp-content\/plugins\/vozme\/img\/megaphone40x40w.gif\" alt=\"Hear this post\" onclick=\"window.open('', '0f62cf4a5320bf9dfa1f2b53a75cb4a6', 'width=600,height=370,scrollbars=yes,location=yes,menubar=yes,resizable=yes,status=yes,toolbar=yes');\">\n\t\t\t\t<div style=\"margin-left:48px; text-align:left;\"><a style=\"font-size:12px;\" href=\"javascript:void(0);\" onclick=\"window.open('', '0f62cf4a5320bf9dfa1f2b53a75cb4a6', 'width=600,height=370,scrollbars=yes,location=yes,menubar=yes,resizable=yes,status=yes,toolbar=yes'); document.getElementById('vozme_form_0f62cf4a5320bf9dfa1f2b53a75cb4a6').submit();\">Hear<br\/>this post<\/a><\/div>\n\t\t\t<\/div><\/form>","protected":false},"excerpt":{"rendered":"<p>Un entretenido video que muestra las canciones de las series m\u00e1s famosas de los \u00faltimos a\u00f1os!! Hearthis post<\/p>\n","protected":false},"author":10396,"featured_media":0,"parent":0,"menu_order":0,"comment_status":"closed","ping_status":"closed","template":"","meta":{"_monsterinsights_skip_tracking":false,"_monsterinsights_sitenote_active":false,"_monsterinsights_sitenote_note":"","_monsterinsights_sitenote_category":0,"footnotes":""},"class_list":["post-26","page","type-page","status-publish","hentry"],"aioseo_notices":[],"_links":{"self":[{"href":"https:\/\/blog.espol.edu.ec\/jmoscol\/wp-json\/wp\/v2\/pages\/26","targetHints":{"allow":["GET"]}}],"collection":[{"href":"https:\/\/blog.espol.edu.ec\/jmoscol\/wp-json\/wp\/v2\/pages"}],"about":[{"href":"https:\/\/blog.espol.edu.ec\/jmoscol\/wp-json\/wp\/v2\/types\/page"}],"author":[{"embeddable":true,"href":"https:\/\/blog.espol.edu.ec\/jmoscol\/wp-json\/wp\/v2\/users\/10396"}],"replies":[{"embeddable":true,"href":"https:\/\/blog.espol.edu.ec\/jmoscol\/wp-json\/wp\/v2\/comments?post=26"}],"version-history":[{"count":1,"href":"https:\/\/blog.espol.edu.ec\/jmoscol\/wp-json\/wp\/v2\/pages\/26\/revisions"}],"predecessor-version":[{"id":28,"href":"https:\/\/blog.espol.edu.ec\/jmoscol\/wp-json\/wp\/v2\/pages\/26\/revisions\/28"}],"wp:attachment":[{"href":"https:\/\/blog.espol.edu.ec\/jmoscol\/wp-json\/wp\/v2\/media?parent=26"}],"curies":[{"name":"wp","href":"https:\/\/api.w.org\/{rel}","templated":true}]}}