{"id":30,"date":"2016-05-31T21:46:27","date_gmt":"2016-05-31T21:46:27","guid":{"rendered":"http:\/\/blog.espol.edu.ec\/jmoscol\/?page_id=30"},"modified":"2016-05-31T21:46:27","modified_gmt":"2016-05-31T21:46:27","slug":"criticas","status":"publish","type":"page","link":"https:\/\/blog.espol.edu.ec\/jmoscol\/criticas\/","title":{"rendered":"Cr\u00edticas"},"content":{"rendered":"<p>Para poder ver una opci\u00f3n de cr\u00edticas a algunas series de las que se hablan aqu\u00ed, entra a este link:\u00a0<a href=\"http:\/\/elblogdelasseriesamericanas.blogspot.com\/\">http:\/\/elblogdelasseriesamericanas.blogspot.com\/<\/a><\/p>\n<form id=\"vozme_form_e1cc377845b0664fb83beed5b7474489\" method=\"post\" name=\"vozme_form_e1cc377845b0664fb83beed5b7474489\" target=\"e1cc377845b0664fb83beed5b7474489\" action=\"http:\/\/vozme.com\/text2voice.php\"><input name=\"text\" type=\"hidden\" value=\"Cr\u00edticas. Para poder ver una opci\u00f3n de cr\u00edticas a algunas series de las que se hablan aqu\u00ed, entra a este link:\u00a0http:\/\/elblogdelasseriesamericanas.blogspot.com\/\n\" \/><input name=\"lang\" type=\"hidden\" value=\"en\" \/><input name=\"gn\" type=\"hidden\" value=\"ml\" \/><input type=\"hidden\" id=\"interface\" name=\"interface\" value=\"full\" \/>\n\t\t\t<div style=\"margin-left:40%;\">\n\t\t\t\n\t\t\t\t<input style=\"float:left;\" type=\"image\" width=\"40\" height=\"40\" src=\"http:\/\/blog.espol.edu.ec\/jmoscol\/wp-content\/plugins\/vozme\/img\/megaphone40x40w.gif\" alt=\"Hear this post\" onclick=\"window.open('', 'e1cc377845b0664fb83beed5b7474489', 'width=600,height=370,scrollbars=yes,location=yes,menubar=yes,resizable=yes,status=yes,toolbar=yes');\">\n\t\t\t\t<div style=\"margin-left:48px; text-align:left;\"><a style=\"font-size:12px;\" href=\"javascript:void(0);\" onclick=\"window.open('', 'e1cc377845b0664fb83beed5b7474489', 'width=600,height=370,scrollbars=yes,location=yes,menubar=yes,resizable=yes,status=yes,toolbar=yes'); document.getElementById('vozme_form_e1cc377845b0664fb83beed5b7474489').submit();\">Hear<br\/>this post<\/a><\/div>\n\t\t\t<\/div><\/form>","protected":false},"excerpt":{"rendered":"<p>Para poder ver una opci\u00f3n de cr\u00edticas a algunas series de las que se hablan aqu\u00ed, entra a este link:\u00a0http:\/\/elblogdelasseriesamericanas.blogspot.com\/ Hearthis post<\/p>\n","protected":false},"author":10396,"featured_media":0,"parent":0,"menu_order":0,"comment_status":"closed","ping_status":"closed","template":"","meta":{"_monsterinsights_skip_tracking":false,"_monsterinsights_sitenote_active":false,"_monsterinsights_sitenote_note":"","_monsterinsights_sitenote_category":0,"footnotes":""},"class_list":["post-30","page","type-page","status-publish","hentry"],"aioseo_notices":[],"_links":{"self":[{"href":"https:\/\/blog.espol.edu.ec\/jmoscol\/wp-json\/wp\/v2\/pages\/30","targetHints":{"allow":["GET"]}}],"collection":[{"href":"https:\/\/blog.espol.edu.ec\/jmoscol\/wp-json\/wp\/v2\/pages"}],"about":[{"href":"https:\/\/blog.espol.edu.ec\/jmoscol\/wp-json\/wp\/v2\/types\/page"}],"author":[{"embeddable":true,"href":"https:\/\/blog.espol.edu.ec\/jmoscol\/wp-json\/wp\/v2\/users\/10396"}],"replies":[{"embeddable":true,"href":"https:\/\/blog.espol.edu.ec\/jmoscol\/wp-json\/wp\/v2\/comments?post=30"}],"version-history":[{"count":1,"href":"https:\/\/blog.espol.edu.ec\/jmoscol\/wp-json\/wp\/v2\/pages\/30\/revisions"}],"predecessor-version":[{"id":33,"href":"https:\/\/blog.espol.edu.ec\/jmoscol\/wp-json\/wp\/v2\/pages\/30\/revisions\/33"}],"wp:attachment":[{"href":"https:\/\/blog.espol.edu.ec\/jmoscol\/wp-json\/wp\/v2\/media?parent=30"}],"curies":[{"name":"wp","href":"https:\/\/api.w.org\/{rel}","templated":true}]}}