{"id":108,"date":"2016-11-12T17:44:01","date_gmt":"2016-11-12T17:44:01","guid":{"rendered":"http:\/\/blog.espol.edu.ec\/jmponce\/?page_id=108"},"modified":"2016-11-13T19:32:18","modified_gmt":"2016-11-13T19:32:18","slug":"hola-mundo","status":"publish","type":"page","link":"https:\/\/blog.espol.edu.ec\/jmponce\/","title":{"rendered":"Hola Mundo!"},"content":{"rendered":"<h2 style=\"text-align: center\">\u00a0<img loading=\"lazy\" decoding=\"async\" class=\"alignnone \" src=\"http:\/\/www.thegifcollector.com.ar\/NombresAnimados\/names\/10\/TgC_Names_G9704165.gif\" alt=\"\" width=\"758\" height=\"168\" \/><\/h2>\n<h2 style=\"text-align: center\"><strong><span style=\"color: #ff00ff\">-AMANTES DEL BAILE\u00a0\u2665-<\/span><br \/>\n<\/strong><!--more--><\/h2>\n<p style=\"text-align: center\"><img loading=\"lazy\" decoding=\"async\" class=\"alignnone wp-image-43\" src=\"http:\/\/blog.espol.edu.ec\/jmponce\/files\/2016\/10\/11355033_436443333147628_339978322_n-640x478.jpg\" alt=\"11355033_436443333147628_339978322_n\" width=\"548\" height=\"409\" \/><\/p>\n<p style=\"text-align: center\"><em>Un cordial saludo a todas las personas que est\u00e9n visitando mi blog, si lo hacen es porque disfrutan de est\u00e1 maravillosa arte denominada baile, disfruten de la variedad de contenidos y v\u00eddeos de bailes espectaculares alrededor del mundo, los distintos bailes que han surgido desde \u00e9pocas antiguas hasta la actualidad.\u00a0<\/em><\/p>\n<p style=\"text-align: center\"><em>\"Las expresiones m\u00e1s aut\u00e9nticas de la gente est\u00e1n en su baile y en su m\u00fasica\"\u00a0<strong>Agnes de Mille.<\/strong><\/em><\/p>\n<p style=\"text-align: center\"><img loading=\"lazy\" decoding=\"async\" class=\"\" src=\"http:\/\/66.media.tumblr.com\/ef88ddde5d4070d4b88eebd21af1745d\/tumblr_mqjtczRF091s2yd1xo1_400.gif\" width=\"436\" height=\"234\" \/><\/p>\n<p style=\"text-align: center\">\"La danza es la lengua oculta del alma\"\u00a0<strong>Martha Graham.<\/strong><\/p>\n<p style=\"text-align: center\"><img decoding=\"async\" src=\"https:\/\/66.media.tumblr.com\/ab7eade887bda6a4aa38b3d0a9136607\/tumblr_mktgfjffW81s7kwjso1_500.gif\" \/><\/p>\n<p style=\"text-align: center\">\u201cEl alma del fil\u00f3sofo habita en su cabeza; el alma del poeta, en su coraz\u00f3n; el alma del cantante reside en su garganta. Pero el alma de la bailarina, tiene su morada en todo su cuerpo\u201d\u00a0<strong>Gibran Khalil Gibran<\/strong><\/p>\n<p style=\"text-align: center\"><img decoding=\"async\" src=\"https:\/\/66.media.tumblr.com\/83c12e5d1f9bfe692dbb137dd1171553\/tumblr_myw4diSHJA1tnwzhro1_500.gif\" \/><\/p>\n","protected":false},"excerpt":{"rendered":"<p>\u00a0 -AMANTES DEL BAILE\u00a0\u2665-<\/p>\n","protected":false},"author":10659,"featured_media":0,"parent":0,"menu_order":0,"comment_status":"closed","ping_status":"closed","template":"","meta":{"footnotes":""},"class_list":["post-108","page","type-page","status-publish","hentry"],"_links":{"self":[{"href":"https:\/\/blog.espol.edu.ec\/jmponce\/wp-json\/wp\/v2\/pages\/108","targetHints":{"allow":["GET"]}}],"collection":[{"href":"https:\/\/blog.espol.edu.ec\/jmponce\/wp-json\/wp\/v2\/pages"}],"about":[{"href":"https:\/\/blog.espol.edu.ec\/jmponce\/wp-json\/wp\/v2\/types\/page"}],"author":[{"embeddable":true,"href":"https:\/\/blog.espol.edu.ec\/jmponce\/wp-json\/wp\/v2\/users\/10659"}],"replies":[{"embeddable":true,"href":"https:\/\/blog.espol.edu.ec\/jmponce\/wp-json\/wp\/v2\/comments?post=108"}],"version-history":[{"count":4,"href":"https:\/\/blog.espol.edu.ec\/jmponce\/wp-json\/wp\/v2\/pages\/108\/revisions"}],"predecessor-version":[{"id":164,"href":"https:\/\/blog.espol.edu.ec\/jmponce\/wp-json\/wp\/v2\/pages\/108\/revisions\/164"}],"wp:attachment":[{"href":"https:\/\/blog.espol.edu.ec\/jmponce\/wp-json\/wp\/v2\/media?parent=108"}],"curies":[{"name":"wp","href":"https:\/\/api.w.org\/{rel}","templated":true}]}}