{"id":111,"date":"2016-11-12T18:57:29","date_gmt":"2016-11-12T18:57:29","guid":{"rendered":"http:\/\/blog.espol.edu.ec\/jmponce\/?page_id=111"},"modified":"2016-11-12T20:49:12","modified_gmt":"2016-11-12T20:49:12","slug":"grandes-bailarines","status":"publish","type":"page","link":"https:\/\/blog.espol.edu.ec\/jmponce\/grandes-bailarines\/","title":{"rendered":"GRANDES BAILARINES"},"content":{"rendered":"<h2 class=\"posttitle\" style=\"text-align: center\"><img loading=\"lazy\" decoding=\"async\" class=\"alignnone \" src=\"https:\/\/67.media.tumblr.com\/85aa9be1b6b2142dcf090e3cab24c363\/tumblr_nnmxvgt2RN1qikcuzo1_500.gif\" alt=\"\" width=\"535\" height=\"197\" \/><\/h2>\n<h3 class=\"posttitle\" style=\"text-align: center\"><span style=\"color: #cc99ff\"><em>\u201cLos grandes bailarines no son geniales por su t\u00e9cnica. Son geniales por su pasi\u00f3n.\u201d\u00a0<\/em><\/span><span style=\"color: #993366\"><em><strong>Martha Graham<\/strong><\/em><\/span><\/h3>\n<p><!--more--><\/p>\n<p style=\"text-align: center\"><span style=\"color: #000000\"><em><strong>Michael Jackson<\/strong>:<\/em> Con sus pasos de baile, Michael Jackson se convirti\u00f3 en todo un icono de la cultura popular. Centr\u00e1ndonos en sus habilidades para la danza, es innegable que ha marcado estilo y es una referencia constante a la hora de ejecutar coreograf\u00edas modernas.<\/span><\/p>\n<p style=\"text-align: center\"><img loading=\"lazy\" decoding=\"async\" class=\"alignnone \" src=\"http:\/\/66.media.tumblr.com\/f85647fb31f30b65be2f693319afe0dd\/tumblr_odi81jzY6O1ukadcbo1_500.gif\" alt=\"\" width=\"244\" height=\"243\" \/><\/p>\n<hr \/>\n<p style=\"text-align: center\"><span style=\"color: #000000\"><em><strong>Olga Smirnova<\/strong>:<\/em> Dedicada al ballet nada m\u00e1s nacer, Olga Smirnova gan\u00f3 el premio Benois como la mejor bailarina del mundo a sus 23 a\u00f1os de edad. Adem\u00e1s es la actual solista del Ballet Bolshoi. Habiendo conseguido tanto en tan poco tiempo.<\/span><\/p>\n<p style=\"text-align: center\"><img loading=\"lazy\" decoding=\"async\" class=\"wp-image-114 aligncenter\" src=\"http:\/\/blog.espol.edu.ec\/jmponce\/files\/2016\/11\/src_Diamonds_Olga_Smirnova_Photo__Marc_Haegeman_0-650x478.jpg\" alt=\"src_diamonds_olga_smirnova_photo__marc_haegeman_0\" width=\"304\" height=\"223\" \/><\/p>\n<p>&nbsp;<\/p>\n<hr \/>\n<p style=\"text-align: center\"><span style=\"color: #000000\"><em><strong>Antonio Gades<\/strong>:<\/em> No pod\u00eda faltar una representaci\u00f3n patria en esta lista. Antonio Gades ha sido uno de los mejores bailaores de la historia. Reconocido internacionalmente, llev\u00f3 su espect\u00e1culo flamenco a Italia, Jap\u00f3n, Argentina y Estados Unidos.<\/span><\/p>\n<p><img loading=\"lazy\" decoding=\"async\" class=\"wp-image-115 aligncenter\" src=\"http:\/\/blog.espol.edu.ec\/jmponce\/files\/2016\/11\/249157_full-790x478.jpg\" alt=\"BLOOD WEDDING, (aka BODAS DE SANGRE), Antonio Gades, 1981. \u00a9Libra Films\" width=\"297\" height=\"180\" \/><\/p>\n<hr \/>\n<p style=\"text-align: center\"><span style=\"color: #000000\"><em><strong>Gene Kelly:<\/strong><\/em>\u00a0Aunque proven\u00eda de familia humilde, la madre de Gene fue la que le inculc\u00f3 el amor por el mundo de la danza. Comenz\u00f3 su carrera en Broadway, pero es en el cine donde destac\u00f3 su faceta de actor, bailar\u00edn, y core\u00f3grafo.\u00a0Gene Kelly es uno de los bailarines m\u00e1s influyentes de todos los tiempos.<\/span><\/p>\n<p style=\"text-align: center\"><img loading=\"lazy\" decoding=\"async\" class=\"aligncenter\" src=\"http:\/\/love2d.com\/wp-content\/uploads\/2009\/03\/bio-3.jpg\" alt=\"\" width=\"196\" height=\"261\" \/><\/p>\n<hr \/>\n<p style=\"text-align: center\"><span style=\"color: #000000\"><strong><em>Anna Pavlova:<\/em>\u00a0<\/strong>Pavlova es la m\u00e1s famosa bailarina de finales del siglo 19 y 20. Viaj\u00f3 por todo el mundo para compartir su amor por el ballet, la danza y la firma de Pavlova estaba muriendo Swan. Ella jug\u00f3 un papel decisivo en el cambio de las zapatillas de punta de su tiempo en el estilo utilizado por los bailarines de hoy.<\/span><\/p>\n<p style=\"text-align: center\"><img loading=\"lazy\" decoding=\"async\" class=\"alignnone wp-image-117\" src=\"http:\/\/blog.espol.edu.ec\/jmponce\/files\/2016\/11\/pavlova.jpg\" alt=\"pavlova\" width=\"231\" height=\"224\" \/><\/p>\n<hr \/>\n<p style=\"text-align: center\"><span style=\"color: #000000\"><em><strong>Fred Astaire:<\/strong><\/em>\u00a0Este actor, cantante y bailar\u00edn de teatro y cine, con una de las carreras m\u00e1s longevas de Hollywood, bien merece aparecer en este listado. Particip\u00f3 en 31 pel\u00edculas musicales y es recordado como uno de los bailarines m\u00e1s influyentes de los musicales.<\/span><\/p>\n<p style=\"text-align: center\"><img loading=\"lazy\" decoding=\"async\" class=\"alignnone \" src=\"http:\/\/www.doctormacro.com\/Images\/Astaire,%20Fred\/Annex\/Annex%20-%20Astaire,%20Fred_09.jpg\" alt=\"\" width=\"201\" height=\"251\" \/><\/p>\n<hr \/>\n<p style=\"text-align: center\"><span style=\"color: #000000\"><em><strong>Rudolf Nur\u00e9yev<\/strong>:<\/em> Es considerado por muchos cr\u00edticos como el mejor bailar\u00edn cl\u00e1sico del siglo XX. Pese a su car\u00e1cter impulsivo y temperamental, este ruso consigui\u00f3 huir de la opresi\u00f3n de la Uni\u00f3n Sovi\u00e9tica y triunf\u00f3 por toda Europa.<\/span><\/p>\n<p style=\"text-align: center\"><img loading=\"lazy\" decoding=\"async\" class=\"alignnone \" src=\"http:\/\/huntertraveler.es\/wp-content\/uploads\/2016\/05\/Look1.jpg\" alt=\"\" width=\"204\" height=\"271\" \/><\/p>\n<hr \/>\n<p style=\"text-align: center\"><span style=\"color: #000000\"><em><strong>Martha Graham:<\/strong><\/em>\u00a0es considerada la bailarina m\u00e1s importante del siglo XX. Su contribuci\u00f3n danc\u00edstica ha tenido una influencia tan grande en la danza moderna como la de Picasso en el arte moderno. Por eso, la llaman la Picasso de la danza.\u00a0<\/span><span style=\"color: #000000\">Graham es una principales pioneras de la danza moderna americana. Como bailarina, core\u00f3grafa y maestra de danza, Graham desarroll\u00f3 un lenguaje danc\u00edstico que expresa las emociones humanas, muy diferente al ballet cl\u00e1sico.<\/span><\/p>\n<p style=\"text-align: center\"><img loading=\"lazy\" decoding=\"async\" class=\"alignnone \" src=\"http:\/\/artaligned.com\/wp-content\/uploads\/2011\/04\/Martha_Graham_by_Barbara_Morgan_1940.jpg\" alt=\"\" width=\"262\" height=\"206\" \/><\/p>\n<hr \/>\n<p style=\"text-align: center\"><span style=\"color: #000000\"><em><strong>Katherine Dunham:<\/strong><\/em> Bailarina, core\u00f3grafa, autora, educadora, antrop\u00f3loga y activista social, Katherine Dunham es conocida como la \u201cMatriarcha y Reina Madre de la Danza Negra\u201d. Es pionera de la danza moderna africano-americana.\u00a0Dunham originalmente era bailarina de ballet. En su t\u00e9cnica de danza, la T\u00e9cnica Dunham, Dunham integr\u00f3 los movimientos africanos y caribe\u00f1os a las t\u00e9cnicas de ballet y danza moderna.<\/span><\/p>\n<p style=\"text-align: center\"><img loading=\"lazy\" decoding=\"async\" class=\"alignnone \" src=\"http:\/\/www.danceheritage.org\/treasures\/dunham572.jpg\" alt=\"\" width=\"213\" height=\"304\" \/><\/p>\n<hr \/>\n<p style=\"text-align: center\"><span style=\"color: #000000\"><em><strong>Juan de la Torre:<\/strong><\/em> Nombre por el que casi nadie conoce a Xak, compagina su trabajo en un bufete de abogados de Lucena (C\u00f3rdoba) con su aut\u00e9ntica pasi\u00f3n, el <em>breakdance<\/em>. Coraje y constancia son algunas de las claves que le han permitido triunfar en pa\u00edses como Jap\u00f3n, Italia o Portugal, pero no como letrado, sino como bailar\u00edn.\u00a0El abogado, de 29 a\u00f1os, achaca a la perseverancia el logro de haberse convertido en uno de los <em>B-boys<\/em> m\u00e1s importantes del mundo. <\/span><\/p>\n<p style=\"text-align: center\"><img loading=\"lazy\" decoding=\"async\" class=\"alignnone wp-image-118\" src=\"http:\/\/blog.espol.edu.ec\/jmponce\/files\/2016\/11\/bboy-xak-644x362.jpg\" alt=\"bboy-xak-644x362\" width=\"368\" height=\"207\" srcset=\"https:\/\/blog.espol.edu.ec\/jmponce\/files\/2016\/11\/bboy-xak-644x362.jpg 644w, https:\/\/blog.espol.edu.ec\/jmponce\/files\/2016\/11\/bboy-xak-644x362-250x141.jpg 250w\" sizes=\"auto, (max-width: 368px) 100vw, 368px\" \/><\/p>\n<hr \/>\n<p style=\"text-align: center\">\n<span style=\"color: #cc99ff\"><strong><em>\"Bailar no es un deporte, ni un comercio, es un arte. No es saber los mejores pasos, es saber usar lo que tienes. No es para impresionar, es para expresar\"<\/em><\/strong><\/span><\/p>\n<p style=\"text-align: center\"><img loading=\"lazy\" decoding=\"async\" class=\"alignnone \" src=\"https:\/\/66.media.tumblr.com\/6c630e08af1696b8243e1d1c393860ca\/tumblr_nb87juKmvg1t5c6u6o1_500.gif\" alt=\"\" width=\"481\" height=\"206\" \/><\/p>\n<p style=\"text-align: center\"><img loading=\"lazy\" decoding=\"async\" class=\"alignnone \" src=\"https:\/\/67.media.tumblr.com\/f9582557e0f71b8c424772b6175a7f54\/tumblr_inline_o1su50X12k1sch2pv_500.gif\" alt=\"\" width=\"436\" height=\"331\" \/><\/p>\n","protected":false},"excerpt":{"rendered":"<p>\u201cLos grandes bailarines no son geniales por su t\u00e9cnica. Son geniales por su pasi\u00f3n.\u201d\u00a0Martha Graham<\/p>\n","protected":false},"author":10659,"featured_media":0,"parent":0,"menu_order":0,"comment_status":"closed","ping_status":"closed","template":"","meta":{"footnotes":""},"class_list":["post-111","page","type-page","status-publish","hentry"],"_links":{"self":[{"href":"https:\/\/blog.espol.edu.ec\/jmponce\/wp-json\/wp\/v2\/pages\/111","targetHints":{"allow":["GET"]}}],"collection":[{"href":"https:\/\/blog.espol.edu.ec\/jmponce\/wp-json\/wp\/v2\/pages"}],"about":[{"href":"https:\/\/blog.espol.edu.ec\/jmponce\/wp-json\/wp\/v2\/types\/page"}],"author":[{"embeddable":true,"href":"https:\/\/blog.espol.edu.ec\/jmponce\/wp-json\/wp\/v2\/users\/10659"}],"replies":[{"embeddable":true,"href":"https:\/\/blog.espol.edu.ec\/jmponce\/wp-json\/wp\/v2\/comments?post=111"}],"version-history":[{"count":4,"href":"https:\/\/blog.espol.edu.ec\/jmponce\/wp-json\/wp\/v2\/pages\/111\/revisions"}],"predecessor-version":[{"id":131,"href":"https:\/\/blog.espol.edu.ec\/jmponce\/wp-json\/wp\/v2\/pages\/111\/revisions\/131"}],"wp:attachment":[{"href":"https:\/\/blog.espol.edu.ec\/jmponce\/wp-json\/wp\/v2\/media?parent=111"}],"curies":[{"name":"wp","href":"https:\/\/api.w.org\/{rel}","templated":true}]}}