{"id":16,"date":"2016-11-09T00:31:41","date_gmt":"2016-11-09T00:31:41","guid":{"rendered":"http:\/\/blog.espol.edu.ec\/jmponce\/?page_id=16"},"modified":"2016-11-12T22:01:00","modified_gmt":"2016-11-12T22:01:00","slug":"baile-o-danza","status":"publish","type":"page","link":"https:\/\/blog.espol.edu.ec\/jmponce\/baile-o-danza\/","title":{"rendered":"EL BAILE O DANZA \u00b6"},"content":{"rendered":"<p style=\"text-align: center\"><img loading=\"lazy\" decoding=\"async\" class=\"\" src=\"http:\/\/img.webme.com\/pic\/u\/uepaparoni\/resena.gif\" width=\"509\" height=\"150\" \/><\/p>\n<p style=\"text-align: center\"><!--more--><\/p>\n<p><img loading=\"lazy\" decoding=\"async\" class=\"aligncenter\" src=\"http:\/\/4.bp.blogspot.com\/-_BzdNulM2B0\/UWroitfH4EI\/AAAAAAAAAOE\/rLsGSLpylK0\/s1600\/cmc+tipos+de+baile.jpg\" width=\"590\" height=\"332\" \/><\/p>\n<p style=\"text-align: center\"><em>La danza es la expresi\u00f3n m\u00e1s bellas del hombre y una de las m\u00e1s sensibles dentro de las disciplinas del arte, surge desde los inicios del ser humano como elemento de sus rituales y ceremonias divinas, as\u00ed entendemos un medio en que \u00e9ste se expresa tanto en sus sentimientos como necesidades de decir algo y una b\u00fasqueda. Primeramente como ofrenda a sus dioses y celebraci\u00f3n de sucesos en la vida primitiva, la danza ha estado siempre reflejando lo que al hombre le ocurre como un ser dentro de un espacio, sea tribu, pueblo , ciudad, pa\u00eds,continente, era, etc, de sus costumbres dentro de un conjunto de personas es decir la danza es cultura de grupos de personas. Pero tambi\u00e9n es a la vez una disciplina del arte, el reflejo y espejo de lo que le sucede al mundo interior y espiritual de cada ser humano. Expresando y liberando los sentimientos de cada ser con los movimientos del cuerpo.<\/em><\/p>\n<p style=\"text-align: center\"><img loading=\"lazy\" decoding=\"async\" class=\" aligncenter\" src=\"http:\/\/img.fiesta101.com.s3.amazonaws.com\/wp-content\/uploads\/2011\/09\/bailando1.jpg\" alt=\"\" width=\"361\" height=\"331\" \/><\/p>\n<p style=\"text-align: center\"><em>Los primeros registros existentes de la historia de la danza datan de hace m\u00e1s de 10,000 a\u00f1os de antig\u00fcedad. En las sociedades primitivas, una buena cosecha, el nacimiento de un hijo o la cura de una enfermedad, generaban tal excitaci\u00f3n que deb\u00eda ser desahogada por el movimiento corporal. De esta manera se establec\u00eda un ritual cada vez que se daba alguno de estos sucesos.<\/em><\/p>\n<p style=\"text-align: center\"><em>La danza esta siempre en todas las \u00e9pocas de la evoluci\u00f3n de la historia del hombre, desde la \u00e9poca primitiva como hemos mencionado, \u00e9poca antigua, \u00e9poca media, \u00e9poca contempor\u00e1nea hasta hoy , viviendo ala par con los cambios del hombre \u00e9sta la danza junto a \u00e9l y claro teniendo tambi\u00e9n diversos cambios en ella misma. Ya con los griegos aparecen los primeros signos de danza como un disfrute y goze para observar ,a las primeras bailarinas por decirlo de alg\u00fan modo, a finales de Edad media con el rey Luis XV se pone en el lugar m\u00e1s alto de todo el Ballet cl\u00e1sico ( que nace en el Renacimiento en Italia) con este hecho se deja un trono para el ballet cl\u00e1sico cmo la danza m\u00e1s hermosa e imperante por unos siglos, lugar que fue cambiando con el tiempo ,pero que hasta ahora y las dem\u00e1s danzas reconocen al ballet como la base de todas las danzas, as\u00ed naci\u00f3 como respuesta a tanta belleza en la \u00e9poca contempor\u00e1nea y como un aforma m\u00e1s cercana y real de lo que le ocurre al hombre la danza contempor\u00e1na y expresano la m\u00e1s la realidad de la vida que la que ofrece el ballet cl\u00e1sico.<\/em><\/p>\n<p style=\"text-align: center\"><img loading=\"lazy\" decoding=\"async\" class=\"\" src=\"http:\/\/www.gifsanimados.org\/data\/media\/107\/baile-imagen-animada-0420.gif\" width=\"453\" height=\"197\" \/><\/p>\n","protected":false},"excerpt":{"rendered":"","protected":false},"author":10659,"featured_media":0,"parent":0,"menu_order":1,"comment_status":"closed","ping_status":"closed","template":"","meta":{"footnotes":""},"class_list":["post-16","page","type-page","status-publish","hentry"],"_links":{"self":[{"href":"https:\/\/blog.espol.edu.ec\/jmponce\/wp-json\/wp\/v2\/pages\/16","targetHints":{"allow":["GET"]}}],"collection":[{"href":"https:\/\/blog.espol.edu.ec\/jmponce\/wp-json\/wp\/v2\/pages"}],"about":[{"href":"https:\/\/blog.espol.edu.ec\/jmponce\/wp-json\/wp\/v2\/types\/page"}],"author":[{"embeddable":true,"href":"https:\/\/blog.espol.edu.ec\/jmponce\/wp-json\/wp\/v2\/users\/10659"}],"replies":[{"embeddable":true,"href":"https:\/\/blog.espol.edu.ec\/jmponce\/wp-json\/wp\/v2\/comments?post=16"}],"version-history":[{"count":11,"href":"https:\/\/blog.espol.edu.ec\/jmponce\/wp-json\/wp\/v2\/pages\/16\/revisions"}],"predecessor-version":[{"id":159,"href":"https:\/\/blog.espol.edu.ec\/jmponce\/wp-json\/wp\/v2\/pages\/16\/revisions\/159"}],"wp:attachment":[{"href":"https:\/\/blog.espol.edu.ec\/jmponce\/wp-json\/wp\/v2\/media?parent=16"}],"curies":[{"name":"wp","href":"https:\/\/api.w.org\/{rel}","templated":true}]}}