{"id":12,"date":"2014-10-28T19:58:42","date_gmt":"2014-10-28T19:58:42","guid":{"rendered":"http:\/\/blog.espol.edu.ec\/joalbast\/?page_id=12"},"modified":"2014-11-11T04:01:19","modified_gmt":"2014-11-11T04:01:19","slug":"mi-primera-pagina","status":"publish","type":"page","link":"https:\/\/blog.espol.edu.ec\/joalbast\/mi-primera-pagina\/","title":{"rendered":"Quienes somos"},"content":{"rendered":"<p>Es grato presentarle a <strong>DELFOR SECURITY C. LTDA<\/strong>., empresa que inicio sus actividades en febrero 28 del 2008, dedicada a la prestaci\u00f3n de Servicios Complementarios de Vigilancia y Seguridad Privada, dirigida por personal con 30 a\u00f1os de experiencia.<\/p>\n<p>Esta empresa est\u00e1 legalmente constituida bajo las leyes de formaci\u00f3n de organizaciones de seguridad privada, con las respectivas autorizaciones del <a title=\"MINISTERIO\" href=\"http:\/\/www.relacioneslaborales.gob.ec\/\" target=\"_blank\">Ministerio de Relaciones Laborales<\/a>. Asimismo tenemos contratada las p\u00f3lizas de Responsabilidad Civil, P\u00f3liza de Vida y de Accidentes, seg\u00fan demanda la <a href=\"http:\/\/www.relacioneslaborales.gob.ec\/wp-content\/uploads\/downloads\/2012\/08\/Mandato-Constituyente-No.-8.pdf\" target=\"_blank\">Ley del Mandato No.08 del C\u00f3digo de Trabajo.<\/a><\/p>\n<p><img loading=\"lazy\" decoding=\"async\" class=\"size-full wp-image-31 aligncenter\" src=\"http:\/\/blog.espol.edu.ec\/joalbast\/files\/2014\/10\/Casa.jpg\" alt=\"Casa\" width=\"336\" height=\"392\" srcset=\"https:\/\/blog.espol.edu.ec\/joalbast\/files\/2014\/10\/Casa.jpg 336w, https:\/\/blog.espol.edu.ec\/joalbast\/files\/2014\/10\/Casa-257x300.jpg 257w\" sizes=\"auto, (max-width: 336px) 100vw, 336px\" \/><\/p>\n","protected":false},"excerpt":{"rendered":"<p>Es grato presentarle a DELFOR SECURITY C. LTDA., empresa que inicio sus actividades en febrero 28 del 2008, dedicada a la prestaci\u00f3n de Servicios Complementarios de Vigilancia y Seguridad Privada, dirigida por personal con 30 a\u00f1os de experiencia. Esta empresa est\u00e1 legalmente constituida bajo las leyes de formaci\u00f3n de organizaciones de seguridad privada, con las &hellip; <\/p>\n<p><a class=\"more-link btn\" href=\"https:\/\/blog.espol.edu.ec\/joalbast\/mi-primera-pagina\/\">Seguir leyendo<\/a><\/p>\n","protected":false},"author":9403,"featured_media":0,"parent":0,"menu_order":0,"comment_status":"open","ping_status":"open","template":"","meta":{"footnotes":""},"class_list":["post-12","page","type-page","status-publish","hentry","nodate","item-wrap"],"_links":{"self":[{"href":"https:\/\/blog.espol.edu.ec\/joalbast\/wp-json\/wp\/v2\/pages\/12","targetHints":{"allow":["GET"]}}],"collection":[{"href":"https:\/\/blog.espol.edu.ec\/joalbast\/wp-json\/wp\/v2\/pages"}],"about":[{"href":"https:\/\/blog.espol.edu.ec\/joalbast\/wp-json\/wp\/v2\/types\/page"}],"author":[{"embeddable":true,"href":"https:\/\/blog.espol.edu.ec\/joalbast\/wp-json\/wp\/v2\/users\/9403"}],"replies":[{"embeddable":true,"href":"https:\/\/blog.espol.edu.ec\/joalbast\/wp-json\/wp\/v2\/comments?post=12"}],"version-history":[{"count":8,"href":"https:\/\/blog.espol.edu.ec\/joalbast\/wp-json\/wp\/v2\/pages\/12\/revisions"}],"predecessor-version":[{"id":112,"href":"https:\/\/blog.espol.edu.ec\/joalbast\/wp-json\/wp\/v2\/pages\/12\/revisions\/112"}],"wp:attachment":[{"href":"https:\/\/blog.espol.edu.ec\/joalbast\/wp-json\/wp\/v2\/media?parent=12"}],"curies":[{"name":"wp","href":"https:\/\/api.w.org\/{rel}","templated":true}]}}