{"id":120,"date":"2014-11-11T05:20:44","date_gmt":"2014-11-11T05:20:44","guid":{"rendered":"http:\/\/blog.espol.edu.ec\/joalbast\/?page_id=120"},"modified":"2014-11-11T05:20:44","modified_gmt":"2014-11-11T05:20:44","slug":"mision-y-vision","status":"publish","type":"page","link":"https:\/\/blog.espol.edu.ec\/joalbast\/mision-y-vision\/","title":{"rendered":"Mision y Vision"},"content":{"rendered":"<ul>\n<li><strong>Misi\u00f3n<\/strong><br \/>\nNuestra misi\u00f3n es brindar nuestros <em><strong>Servicios de Vigilancia Fija, Seguridad Privada y Servicio de Custodia M\u00f3vil de mercader\u00eda, protecci\u00f3n VIP a Ejecutivos<\/strong><\/em>, desarrollarnos como empresa seria, responsable y transparente con su personal interno, tanto en la parte laboral como legal; y, por otra parte, brindar a nuestros clientes excelencia en la calidad del servicio, tratando de ofrecer sugerencias y soluciones inmediatas en materia de seguridad integral.<\/li>\n<li><strong>Visi\u00f3n<\/strong><br \/>\nNuestra visi\u00f3n, ser competidores y reconocidos en el mercado nacional en la actividad de seguridad.<\/li>\n<\/ul>\n<p><a href=\"http:\/\/blog.espol.edu.ec\/joalbast\/files\/2014\/11\/Screenshot_2.jpg\"><img loading=\"lazy\" decoding=\"async\" class=\"size-medium wp-image-121 aligncenter\" src=\"http:\/\/blog.espol.edu.ec\/joalbast\/files\/2014\/11\/Screenshot_2-263x300.jpg\" alt=\"Screenshot_2\" width=\"263\" height=\"300\" srcset=\"https:\/\/blog.espol.edu.ec\/joalbast\/files\/2014\/11\/Screenshot_2-263x300.jpg 263w, https:\/\/blog.espol.edu.ec\/joalbast\/files\/2014\/11\/Screenshot_2.jpg 334w\" sizes=\"auto, (max-width: 263px) 100vw, 263px\" \/><\/a><\/p>\n","protected":false},"excerpt":{"rendered":"<p>Misi\u00f3n Nuestra misi\u00f3n es brindar nuestros Servicios de Vigilancia Fija, Seguridad Privada y Servicio de Custodia M\u00f3vil de mercader\u00eda, protecci\u00f3n VIP a Ejecutivos, desarrollarnos como empresa seria, responsable y transparente con su personal interno, tanto en la parte laboral como legal; y, por otra parte, brindar a nuestros clientes excelencia en la calidad del servicio, &hellip; <\/p>\n<p><a class=\"more-link btn\" href=\"https:\/\/blog.espol.edu.ec\/joalbast\/mision-y-vision\/\">Seguir leyendo<\/a><\/p>\n","protected":false},"author":9403,"featured_media":0,"parent":0,"menu_order":0,"comment_status":"open","ping_status":"open","template":"","meta":{"footnotes":""},"class_list":["post-120","page","type-page","status-publish","hentry","nodate","item-wrap"],"_links":{"self":[{"href":"https:\/\/blog.espol.edu.ec\/joalbast\/wp-json\/wp\/v2\/pages\/120","targetHints":{"allow":["GET"]}}],"collection":[{"href":"https:\/\/blog.espol.edu.ec\/joalbast\/wp-json\/wp\/v2\/pages"}],"about":[{"href":"https:\/\/blog.espol.edu.ec\/joalbast\/wp-json\/wp\/v2\/types\/page"}],"author":[{"embeddable":true,"href":"https:\/\/blog.espol.edu.ec\/joalbast\/wp-json\/wp\/v2\/users\/9403"}],"replies":[{"embeddable":true,"href":"https:\/\/blog.espol.edu.ec\/joalbast\/wp-json\/wp\/v2\/comments?post=120"}],"version-history":[{"count":1,"href":"https:\/\/blog.espol.edu.ec\/joalbast\/wp-json\/wp\/v2\/pages\/120\/revisions"}],"predecessor-version":[{"id":122,"href":"https:\/\/blog.espol.edu.ec\/joalbast\/wp-json\/wp\/v2\/pages\/120\/revisions\/122"}],"wp:attachment":[{"href":"https:\/\/blog.espol.edu.ec\/joalbast\/wp-json\/wp\/v2\/media?parent=120"}],"curies":[{"name":"wp","href":"https:\/\/api.w.org\/{rel}","templated":true}]}}