{"id":81,"date":"2014-11-11T02:09:53","date_gmt":"2014-11-11T02:09:53","guid":{"rendered":"http:\/\/blog.espol.edu.ec\/joalbast\/?page_id=81"},"modified":"2014-11-11T03:15:20","modified_gmt":"2014-11-11T03:15:20","slug":"vigilancia-fija","status":"publish","type":"page","link":"https:\/\/blog.espol.edu.ec\/joalbast\/vigilancia-fija\/","title":{"rendered":"Vigilancia Fija"},"content":{"rendered":"<p>Protecci\u00f3n que se brinda a personas o a bienes muebles o inmuebles en un lugar determinado. Se trata de puestos fijos. Los <strong>agentes de seguridad<\/strong> no pueden alejarse de sus puestos, sino en peque\u00f1os recorridos, para no perder de vista el objeto protegido.<\/p>\n<p>Los <strong>agentes de seguridad<\/strong> pueden desplazarse dentro del bien inmueble o en un per\u00edmetro que no cobije m\u00e1s de un kil\u00f3metro, provistos de armas, radios de comunicaciones, o medios previamente autorizados por las autoridades competentes, para la prestaci\u00f3n del servicio en la modalidad de<strong> Vigilancia Fija.<\/strong><\/p>\n<p style=\"text-align: center\"><a href=\"http:\/\/blog.espol.edu.ec\/joalbast\/files\/2014\/11\/Screenshot_6.jpg\"><img loading=\"lazy\" decoding=\"async\" class=\"alignnone size-medium wp-image-82\" src=\"http:\/\/blog.espol.edu.ec\/joalbast\/files\/2014\/11\/Screenshot_6-261x300.jpg\" alt=\"Screenshot_6\" width=\"261\" height=\"300\" srcset=\"https:\/\/blog.espol.edu.ec\/joalbast\/files\/2014\/11\/Screenshot_6-261x300.jpg 261w, https:\/\/blog.espol.edu.ec\/joalbast\/files\/2014\/11\/Screenshot_6.jpg 336w\" sizes=\"auto, (max-width: 261px) 100vw, 261px\" \/><\/a><\/p>\n","protected":false},"excerpt":{"rendered":"<p>Protecci\u00f3n que se brinda a personas o a bienes muebles o inmuebles en un lugar determinado. Se trata de puestos fijos. Los agentes de seguridad no pueden alejarse de sus puestos, sino en peque\u00f1os recorridos, para no perder de vista el objeto protegido. Los agentes de seguridad pueden desplazarse dentro del bien inmueble o en &hellip; <\/p>\n<p><a class=\"more-link btn\" href=\"https:\/\/blog.espol.edu.ec\/joalbast\/vigilancia-fija\/\">Seguir leyendo<\/a><\/p>\n","protected":false},"author":9403,"featured_media":0,"parent":0,"menu_order":0,"comment_status":"open","ping_status":"open","template":"","meta":{"footnotes":""},"class_list":["post-81","page","type-page","status-publish","hentry","nodate","item-wrap"],"_links":{"self":[{"href":"https:\/\/blog.espol.edu.ec\/joalbast\/wp-json\/wp\/v2\/pages\/81","targetHints":{"allow":["GET"]}}],"collection":[{"href":"https:\/\/blog.espol.edu.ec\/joalbast\/wp-json\/wp\/v2\/pages"}],"about":[{"href":"https:\/\/blog.espol.edu.ec\/joalbast\/wp-json\/wp\/v2\/types\/page"}],"author":[{"embeddable":true,"href":"https:\/\/blog.espol.edu.ec\/joalbast\/wp-json\/wp\/v2\/users\/9403"}],"replies":[{"embeddable":true,"href":"https:\/\/blog.espol.edu.ec\/joalbast\/wp-json\/wp\/v2\/comments?post=81"}],"version-history":[{"count":2,"href":"https:\/\/blog.espol.edu.ec\/joalbast\/wp-json\/wp\/v2\/pages\/81\/revisions"}],"predecessor-version":[{"id":108,"href":"https:\/\/blog.espol.edu.ec\/joalbast\/wp-json\/wp\/v2\/pages\/81\/revisions\/108"}],"wp:attachment":[{"href":"https:\/\/blog.espol.edu.ec\/joalbast\/wp-json\/wp\/v2\/media?parent=81"}],"curies":[{"name":"wp","href":"https:\/\/api.w.org\/{rel}","templated":true}]}}