{"id":89,"date":"2014-11-11T02:15:22","date_gmt":"2014-11-11T02:15:22","guid":{"rendered":"http:\/\/blog.espol.edu.ec\/joalbast\/?page_id=89"},"modified":"2014-11-11T02:15:22","modified_gmt":"2014-11-11T02:15:22","slug":"vigilancia-movil-interna","status":"publish","type":"page","link":"https:\/\/blog.espol.edu.ec\/joalbast\/vigilancia-movil-interna\/","title":{"rendered":"Vigilancia M\u00f3vil Interna"},"content":{"rendered":"<p>Se refiere a un \u00e1rea determinada, donde desarrolla algunas actividades la persona jur\u00eddica o natural solicitante del cubrimiento de vigilancia o la autorizada dentro del \u00e1rea de asentamiento de una comunidad.<\/p>\n<p>El desplazamiento puede superar el kil\u00f3metro, ya que se trata de \u00e1reas perfectamente delimitadas. Los vigilantes con modalidad m\u00f3vil pueden hacer patrullajes en las \u00e1reas delimitadas a trav\u00e9s de motos o veh\u00edculos de vigilancia.<\/p>\n<p style=\"text-align: center\"><a href=\"http:\/\/blog.espol.edu.ec\/joalbast\/files\/2014\/11\/Screenshot_7.jpg\"><img loading=\"lazy\" decoding=\"async\" class=\"alignnone size-medium wp-image-83\" src=\"http:\/\/blog.espol.edu.ec\/joalbast\/files\/2014\/11\/Screenshot_7-260x300.jpg\" alt=\"Screenshot_7\" width=\"260\" height=\"300\" srcset=\"https:\/\/blog.espol.edu.ec\/joalbast\/files\/2014\/11\/Screenshot_7-260x300.jpg 260w, https:\/\/blog.espol.edu.ec\/joalbast\/files\/2014\/11\/Screenshot_7.jpg 333w\" sizes=\"auto, (max-width: 260px) 100vw, 260px\" \/><\/a><\/p>\n","protected":false},"excerpt":{"rendered":"<p>Se refiere a un \u00e1rea determinada, donde desarrolla algunas actividades la persona jur\u00eddica o natural solicitante del cubrimiento de vigilancia o la autorizada dentro del \u00e1rea de asentamiento de una comunidad. El desplazamiento puede superar el kil\u00f3metro, ya que se trata de \u00e1reas perfectamente delimitadas. Los vigilantes con modalidad m\u00f3vil pueden hacer patrullajes en las &hellip; <\/p>\n<p><a class=\"more-link btn\" href=\"https:\/\/blog.espol.edu.ec\/joalbast\/vigilancia-movil-interna\/\">Seguir leyendo<\/a><\/p>\n","protected":false},"author":9403,"featured_media":0,"parent":0,"menu_order":0,"comment_status":"open","ping_status":"open","template":"","meta":{"footnotes":""},"class_list":["post-89","page","type-page","status-publish","hentry","nodate","item-wrap"],"_links":{"self":[{"href":"https:\/\/blog.espol.edu.ec\/joalbast\/wp-json\/wp\/v2\/pages\/89","targetHints":{"allow":["GET"]}}],"collection":[{"href":"https:\/\/blog.espol.edu.ec\/joalbast\/wp-json\/wp\/v2\/pages"}],"about":[{"href":"https:\/\/blog.espol.edu.ec\/joalbast\/wp-json\/wp\/v2\/types\/page"}],"author":[{"embeddable":true,"href":"https:\/\/blog.espol.edu.ec\/joalbast\/wp-json\/wp\/v2\/users\/9403"}],"replies":[{"embeddable":true,"href":"https:\/\/blog.espol.edu.ec\/joalbast\/wp-json\/wp\/v2\/comments?post=89"}],"version-history":[{"count":1,"href":"https:\/\/blog.espol.edu.ec\/joalbast\/wp-json\/wp\/v2\/pages\/89\/revisions"}],"predecessor-version":[{"id":90,"href":"https:\/\/blog.espol.edu.ec\/joalbast\/wp-json\/wp\/v2\/pages\/89\/revisions\/90"}],"wp:attachment":[{"href":"https:\/\/blog.espol.edu.ec\/joalbast\/wp-json\/wp\/v2\/media?parent=89"}],"curies":[{"name":"wp","href":"https:\/\/api.w.org\/{rel}","templated":true}]}}